{"id":4147,"date":"2021-01-07T14:11:52","date_gmt":"2021-01-07T13:11:52","guid":{"rendered":"http:\/\/wayy.pl\/sklep\/?page_id=4147"},"modified":"2021-12-08T17:08:47","modified_gmt":"2021-12-08T16:08:47","slug":"polityka-prywatnosci","status":"publish","type":"page","link":"https:\/\/wayy.pl\/sklep\/polityka-prywatnosci\/","title":{"rendered":"Polityka prywatno\u015bci"},"content":{"rendered":"<p>Maj\u0105c na uwadze bezpiecze\u0144stwo i poufno\u015b\u0107 Pa\u0144stwa danych osobowych przekazujemy Pa\u0144stwu informacje o celach, zakresie i kategoriach przetwarzania danych osobowych oraz o przys\u0142uguj\u0105cych Pa\u0144stwu prawach zgodnie z obowi\u0105zuj\u0105cym od 25 maja 2018 r. Rozporz\u0105dzeniem Parlamentu Europejskiego i Rady (UE) 2016\/679 z dnia 27 kwietnia 2016 r. w sprawie ochrony os\u00f3b fizycznych, w zwi\u0105zku z przetwarzaniem danych osobowych i w sprawie swobodnego przep\u0142ywu takich danych oraz uchylenia dyrektywy 95\/46\/WE (RODO).<\/p>\n<p><strong>Postanowienia og\u00f3lne<\/strong><\/p>\n<ol>\n<li>Administratorem danych osobowych jest KLIMAT SOLEC Sp. z o.o. z siedzib\u0105 w Solcu Kujawskim przy ulicy Nadbornej 2a, zwany dalej Administratorem.<\/li>\n<li>Administrator prowadzi operacje przetwarzania danych osobowych.<\/li>\n<li>W sprawach zwi\u0105zanych z danymi osobowymi prosimy o kontakt poprzez e-mail: <a href=\"mailto:iod@klimat-solec.pl\">iod@klimat-solec.pl<\/a>.<\/li>\n<li>Dane osobowe przetwarzane b\u0119d\u0105:\n<ol>\n<li>w celu zawarcia i realizacji Umowy,<\/li>\n<li>w celu rejestracji konta Klienta,<\/li>\n<li>w prawnie uzasadnionym interesie realizowanym przez Administratora lub przez stron\u0119 trzeci\u0105,<\/li>\n<li>w celu wype\u0142nienia obowi\u0105zku prawnego ci\u0105\u017c\u0105cego na Sprzedawcy, w tym przepis\u00f3w o rachunkowo\u015bci oraz obowi\u0105zk\u00f3w podatkowych,<\/li>\n<li>w celu wyboru preferowanej formy przekazywania informacji marketingowych,<\/li>\n<li>w celu zautomatyzowanego przetwarzania danych osobowych, kt\u00f3re ma celu przygotowanie oferty uwzgl\u0119dniaj\u0105cej specjalne rabaty i promocje; kontaktu \u2013 udzielenia informacji, gdzie uzasadnionym interesem jest opieka nad Klientem oraz udzielenie odpowiedzi na zadane pytania.<\/li>\n<\/ol>\n<\/li>\n<li>Dane mog\u0105 zosta\u0107 udost\u0119pnione podmiotom wsp\u00f3\u0142pracuj\u0105cym z Administratorem w celu realizacji zawartej umowy, m.in.: podmiotom \u015bwiadcz\u0105cym us\u0142ugi kurierskie, us\u0142ugi pocztowe lub udost\u0119pnione podmiotom uprawnionym do uzyskania danych osobowych na podstawie przepis\u00f3w prawa.<\/li>\n<li>Podstaw\u0105 przetwarzania danych osobowych jest czynno\u015b\u0107 niezb\u0119dna do zawarcia lub wykonania umowy, prawnie uzasadniony interes Administratora, lub te\u017c obowi\u0105zek wynikaj\u0105cy z przepis\u00f3w prawa.<\/li>\n<li>Posiadaj\u0105 Pa\u0144stwo prawo do:\n<ol>\n<li>\u017c\u0105dania od Administratora dost\u0119pu do swoich danych osobowych, ich sprostowania, usuni\u0119cia lub ograniczenia przetwarzania danych osobowych,<\/li>\n<li>wniesienia sprzeciwu wobec takiego przetwarzania,<\/li>\n<li>przenoszenia danych,<\/li>\n<li>wniesienia skargi do organu nadzorczego.<\/li>\n<\/ol>\n<\/li>\n<li>Dane nie podlegaj\u0105 zautomatyzowanemu podejmowaniu decyzji, w tym profilowaniu.<\/li>\n<li>Dane osobowe b\u0119d\u0105 przechowywane przez okres wymagany przez obowi\u0105zuj\u0105ce przepisy prawa, w oparciu o uzasadniony interes realizowany przez Administratora nie kr\u00f3cej ni\u017c przez czas trwania umowy i wyga\u015bni\u0119cia ewentualnych roszcze\u0144.<\/li>\n<\/ol>\n<p><strong>Strony internetowe<\/strong><\/p>\n<ol>\n<li>W\u0142a\u015bcicielem stron klimat-solec.pl, www.klimat-pro.pl, www.wayy.pl, zwanych dalej Serwisem, jest KLIMAT SOLEC Sp. z o.o. z siedzib\u0105 w Solcu Kujawskim, 86-050, ul. Nadborna 2a.<\/li>\n<li>Administratorem danych osobowych zbieranych za po\u015brednictwem Serwisu jest KLIMAT SOLEC z o.o. z siedzib\u0105 w Solcu Kujawskim, 86-050, ul. Nadborna 2a. Wszelkie pytania dotycz\u0105ce polityki prywatno\u015bci, danych osobowych oraz ich wykorzystania nale\u017cy kierowa\u0107 do Inspektora Ochrony Danych \u2013 <a href=\"mailto:iod@klimat-solec.pl\">iod@klimat-solec.pl<\/a>.<\/li>\n<li>Dane osobowe Klienta s\u0105 przetwarzane zgodnie z Rozporz\u0105dzeniem Parlamentu Europejskiego i Rady (UE) 2016\/679 z dnia 27 kwietnia 2016 r. w sprawie ochrony os\u00f3b fizycznych, w zwi\u0105zku z przetwarzaniem danych osobowych i w sprawie swobodnego przep\u0142ywu takich danych oraz uchylenia dyrektywy 95\/46\/WE (Dz.Urz.UE.L Nr 119) oraz innymi aktualnie obowi\u0105zuj\u0105cymi, tj. przez ca\u0142y okres przetwarzania okre\u015blonych danych, przepisami prawa o ochronie danych osobowych.<\/li>\n<li>Tre\u015bci zawarte w Serwisie maj\u0105 charakter informacyjny w zakresie us\u0142ug oferowanych przez KLIMAT SOLEC Sp. z o.o. oraz produkt\u00f3w marek KLIMAT PRO i Wayy.<\/li>\n<li>Korzystanie z Serwisu nie wymaga podawania danych osobowych, za wyj\u0105tkiem korzystania z formularza zapytania (<a href=\"http:\/\/www.klimat-solec.pl\">klimat-solec.pl<\/a>, www.klimat-pro.pl, www.wayy.pl). W tej sytuacji niezb\u0119dne jest podanie adresu email oraz opcjonalnie \u2013 imienia i nazwiska (<a href=\"http:\/\/www.klimat-solec.pl\">www.klimat-solec.pl<\/a>), adresu email oraz opcjonalnie \u2013 numeru telefonu oraz nazwy firmy (www.klimat-pro.pl) lub imienia i nazwiska oraz adresu email (www.wayy.pl). Dane te s\u0105 wykorzystywane wy\u0142\u0105cznie do opracowania zapytania.<\/li>\n<li>Korzystanie ze sklepu internetowego wayy.pl wymaga podania danych niezb\u0119dnych do celu realizacji zam\u00f3wienia oraz wysy\u0142ki, w tym dane dotycz\u0105ce p\u0142atno\u015bci.<\/li>\n<li>Podczas korzystania przez U\u017cytkownika z Serwisu automatycznie zbierane s\u0105 dane dotycz\u0105ce U\u017cytkownika. Administrator wykorzystuje informacje zawarte w logach systemowych wynikaj\u0105ce z og\u00f3lnych zasad po\u0142\u0105cze\u0144 realizowanych w Internecie. Do tych danych zalicza si\u0119 m.in.: adres IP, nazwa domeny, typ przegl\u0105darki, typ systemu operacyjnego. Dane te mog\u0105 by\u0107 zbierane przez pliki cookies, us\u0142ug\u0119 Google Analytics oraz serwis spo\u0142eczno\u015bciowy Google+. Informacje te wykorzystywane s\u0105 w celach technicznych zwi\u0105zanych z administracj\u0105 serwer\u00f3w Administratora. Poza tym, adresy IP s\u0105 wykorzystywane do zbierania og\u00f3lnych, statystycznych informacji demograficznych.<\/li>\n<li>W przypadku kontaktu U\u017cytkownika poprzez formularz kontaktowy, Administrator przetwarza dane osobowe U\u017cytkownika na podstawie prawnie uzasadnionego interesu Administratora, kt\u00f3rym jest obs\u0142uga zapytania.<\/li>\n<li>Administrator przechowuje Pa\u0144stwa dane osobowe do czasu opracowania zapytania, z uwzgl\u0119dnieniem czasu przechowywania danych osobowych okre\u015blonych w odr\u0119bnych przepisach.<\/li>\n<li>U\u017cytkownik ma prawo wgl\u0105du do swoich danych, ich aktualizacji oraz usuni\u0119cia. W tym celu nale\u017cy wys\u0142a\u0107 odpowiedni\u0105 pro\u015bb\u0119 na adres iod@klimat-solec.pl.<\/li>\n<li>\u017badne dane osobowe U\u017cytkownik\u00f3w Serwisu nie s\u0105 przekazywane jakiejkolwiek osobie trzeciej.<\/li>\n<li>W Serwisie mog\u0105 znajdowa\u0107 si\u0119 linki przenosz\u0105ce do innych stron www. Klikaj\u0105c w taki link i przenosz\u0105c si\u0119 automatycznie do innego serwisu, nale\u017cy mie\u0107 \u015bwiadomo\u015b\u0107 \u017ce&nbsp;w\u0142a\u015bciciel Serwisu&nbsp;nie ponosi odpowiedzialno\u015bci za polityk\u0119 prywatno\u015bci innego serwisu oraz nie odpowiada za bezpiecze\u0144stwo prywatnych danych po przej\u015bciu do innego serwisu. W\u0142a\u015bciciel Serwisu nie ponosi odpowiedzialno\u015bci za wykorzystanie danych osobowych przez osoby trzecie, za wszelkie dzia\u0142ania zewn\u0119trzne naruszaj\u0105ce prawo i inne niezale\u017cne od niego okoliczno\u015bci.<\/li>\n<li>Serwis u\u017cywa plik\u00f3w cookies.<\/li>\n<li>Pliki cookies to niewielkie pliki danych wysy\u0142ane przez serwery i zapisywane w pami\u0119ci komputera. Zapisywane s\u0105 w nich dane techniczne i statystyczne, dzi\u0119ki kt\u00f3rym podczas kolejnych wizyt w Serwisie wy\u015bwietlanie poszczeg\u00f3lnych stron na komputerze b\u0119dzie trwa\u0142o kr\u00f3cej. Pliki cookies nie s\u0105 szkodliwe dla komputera U\u017cytkownika i&nbsp;jego danych. Ka\u017cdy U\u017cytkownik mo\u017ce je wy\u0142\u0105czy\u0107 w&nbsp;ustawieniach w\u0142asnej przegl\u0105darki.<\/li>\n<\/ol>\n<p>Po co stosowane s\u0105 pliki cookies:<\/p>\n<ul>\n<li>zapewnienie bezpiecze\u0144stwa podczas korzystania z Serwisu,<\/li>\n<li>ulepszenie \u015bwiadczonych us\u0142ug poprzez wykorzystanie danych w celach analitycznych i statystycznych.<\/li>\n<\/ul>\n","protected":false},"excerpt":{"rendered":"<p>Maj\u0105c na uwadze bezpiecze\u0144stwo i poufno\u015b\u0107 Pa\u0144stwa danych osobowych przekazujemy Pa\u0144stwu informacje o celach, zakresie i kategoriach przetwarzania danych osobowych oraz o przys\u0142uguj\u0105cych Pa\u0144stwu prawach zgodnie z obowi\u0105zuj\u0105cym od 25 maja 2018 r. Rozporz\u0105dzeniem Parlamentu Europejskiego i Rady (UE) 2016\/679 z dnia 27 kwietnia 2016 r. w sprawie ochrony os\u00f3b fizycznych, w zwi\u0105zku z przetwarzaniem [&hellip;]<\/p>\n","protected":false},"author":2,"featured_media":0,"parent":0,"menu_order":0,"comment_status":"closed","ping_status":"closed","template":"","meta":{"site-sidebar-layout":"default","site-content-layout":"default","ast-site-content-layout":"","site-content-style":"default","site-sidebar-style":"default","ast-global-header-display":"","ast-banner-title-visibility":"","ast-main-header-display":"","ast-hfb-above-header-display":"","ast-hfb-below-header-display":"","ast-hfb-mobile-header-display":"","site-post-title":"","ast-breadcrumbs-content":"","ast-featured-img":"","footer-sml-layout":"","theme-transparent-header-meta":"default","adv-header-id-meta":"","stick-header-meta":"default","header-above-stick-meta":"","header-main-stick-meta":"","header-below-stick-meta":"","astra-migrate-meta-layouts":"default","ast-page-background-enabled":"default","ast-page-background-meta":{"desktop":{"background-color":"","background-image":"","background-repeat":"repeat","background-position":"center center","background-size":"auto","background-attachment":"scroll","background-type":"","background-media":"","overlay-type":"","overlay-color":"","overlay-opacity":"","overlay-gradient":""},"tablet":{"background-color":"","background-image":"","background-repeat":"repeat","background-position":"center center","background-size":"auto","background-attachment":"scroll","background-type":"","background-media":"","overlay-type":"","overlay-color":"","overlay-opacity":"","overlay-gradient":""},"mobile":{"background-color":"","background-image":"","background-repeat":"repeat","background-position":"center center","background-size":"auto","background-attachment":"scroll","background-type":"","background-media":"","overlay-type":"","overlay-color":"","overlay-opacity":"","overlay-gradient":""}},"ast-content-background-meta":{"desktop":{"background-color":"var(--ast-global-color-5)","background-image":"","background-repeat":"repeat","background-position":"center center","background-size":"auto","background-attachment":"scroll","background-type":"","background-media":"","overlay-type":"","overlay-color":"","overlay-opacity":"","overlay-gradient":""},"tablet":{"background-color":"var(--ast-global-color-5)","background-image":"","background-repeat":"repeat","background-position":"center center","background-size":"auto","background-attachment":"scroll","background-type":"","background-media":"","overlay-type":"","overlay-color":"","overlay-opacity":"","overlay-gradient":""},"mobile":{"background-color":"var(--ast-global-color-5)","background-image":"","background-repeat":"repeat","background-position":"center center","background-size":"auto","background-attachment":"scroll","background-type":"","background-media":"","overlay-type":"","overlay-color":"","overlay-opacity":"","overlay-gradient":""}},"footnotes":""},"class_list":["post-4147","page","type-page","status-publish","hentry"],"yoast_head":"<!-- This site is optimized with the Yoast SEO plugin v23.3 - https:\/\/yoast.com\/wordpress\/plugins\/seo\/ -->\n<title>Polityka prywatno\u015bci - Automatyka Przemys\u0142owa w Sklep Wayy<\/title>\n<meta name=\"description\" content=\"Wayy.pl \u27a4 Tw\u00f3j sklep z automatyk\u0105 przemys\u0142ow\u0105 \u2714\ufe0f Polityka prywatno\u015bci \u2714\ufe0f Pe\u0142ne wsparcie techniczne i 6 lat gwarancji \u2714\ufe0f Zapraszamy!\" \/>\n<meta name=\"robots\" content=\"noindex, follow\" \/>\n<meta property=\"og:locale\" content=\"pl_PL\" \/>\n<meta property=\"og:type\" content=\"article\" \/>\n<meta property=\"og:title\" content=\"Polityka prywatno\u015bci - Automatyka Przemys\u0142owa w Sklep Wayy\" \/>\n<meta property=\"og:description\" content=\"Wayy.pl \u27a4 Tw\u00f3j sklep z automatyk\u0105 przemys\u0142ow\u0105 \u2714\ufe0f Polityka prywatno\u015bci \u2714\ufe0f Pe\u0142ne wsparcie techniczne i 6 lat gwarancji \u2714\ufe0f Zapraszamy!\" \/>\n<meta property=\"og:url\" content=\"https:\/\/wayy.pl\/sklep\/polityka-prywatnosci\/\" \/>\n<meta property=\"og:site_name\" content=\"Sklep Wayy\" \/>\n<meta property=\"article:modified_time\" content=\"2021-12-08T16:08:47+00:00\" \/>\n<meta name=\"twitter:card\" content=\"summary_large_image\" \/>\n<meta name=\"twitter:label1\" content=\"Szacowany czas czytania\" \/>\n\t<meta name=\"twitter:data1\" content=\"4 minuty\" \/>\n<script type=\"application\/ld+json\" class=\"yoast-schema-graph\">{\"@context\":\"https:\/\/schema.org\",\"@graph\":[{\"@type\":\"WebPage\",\"@id\":\"https:\/\/wayy.pl\/sklep\/polityka-prywatnosci\/\",\"url\":\"https:\/\/wayy.pl\/sklep\/polityka-prywatnosci\/\",\"name\":\"Polityka prywatno\u015bci - Automatyka Przemys\u0142owa w Sklep Wayy\",\"isPartOf\":{\"@id\":\"https:\/\/wayy.pl\/sklep\/#website\"},\"datePublished\":\"2021-01-07T13:11:52+00:00\",\"dateModified\":\"2021-12-08T16:08:47+00:00\",\"description\":\"Wayy.pl \u27a4 Tw\u00f3j sklep z automatyk\u0105 przemys\u0142ow\u0105 \u2714\ufe0f Polityka prywatno\u015bci \u2714\ufe0f Pe\u0142ne wsparcie techniczne i 6 lat gwarancji \u2714\ufe0f Zapraszamy!\",\"breadcrumb\":{\"@id\":\"https:\/\/wayy.pl\/sklep\/polityka-prywatnosci\/#breadcrumb\"},\"inLanguage\":\"pl-PL\",\"potentialAction\":[{\"@type\":\"ReadAction\",\"target\":[\"https:\/\/wayy.pl\/sklep\/polityka-prywatnosci\/\"]}]},{\"@type\":\"BreadcrumbList\",\"@id\":\"https:\/\/wayy.pl\/sklep\/polityka-prywatnosci\/#breadcrumb\",\"itemListElement\":[{\"@type\":\"ListItem\",\"position\":1,\"name\":\"Automatyka przemys\u0142owa\",\"item\":\"https:\/\/wayy.pl\/sklep\/\"},{\"@type\":\"ListItem\",\"position\":2,\"name\":\"Polityka prywatno\u015bci\"}]},{\"@type\":\"WebSite\",\"@id\":\"https:\/\/wayy.pl\/sklep\/#website\",\"url\":\"https:\/\/wayy.pl\/sklep\/\",\"name\":\"Sklep Wayy\",\"description\":\"Automatyka przemys\u0142owa. 6 lat gwarancji.\",\"publisher\":{\"@id\":\"https:\/\/wayy.pl\/sklep\/#organization\"},\"potentialAction\":[{\"@type\":\"SearchAction\",\"target\":{\"@type\":\"EntryPoint\",\"urlTemplate\":\"https:\/\/wayy.pl\/sklep\/?s={search_term_string}\"},\"query-input\":\"required name=search_term_string\"}],\"inLanguage\":\"pl-PL\"},{\"@type\":\"Organization\",\"@id\":\"https:\/\/wayy.pl\/sklep\/#organization\",\"name\":\"Wayy - automatyka przemys\u0142owa\",\"url\":\"https:\/\/wayy.pl\/sklep\/\",\"logo\":{\"@type\":\"ImageObject\",\"inLanguage\":\"pl-PL\",\"@id\":\"https:\/\/wayy.pl\/sklep\/#\/schema\/logo\/image\/\",\"url\":\"https:\/\/wayy.pl\/sklep\/wp-content\/uploads\/sites\/17\/2021\/03\/wayy.png\",\"contentUrl\":\"https:\/\/wayy.pl\/sklep\/wp-content\/uploads\/sites\/17\/2021\/03\/wayy.png\",\"width\":1001,\"height\":352,\"caption\":\"Wayy - automatyka przemys\u0142owa\"},\"image\":{\"@id\":\"https:\/\/wayy.pl\/sklep\/#\/schema\/logo\/image\/\"},\"sameAs\":[\"https:\/\/www.linkedin.com\/company\/klimat-solec\",\"https:\/\/www.youtube.com\/user\/KlimatSolec\"]}]}<\/script>\n<!-- \/ Yoast SEO plugin. -->","yoast_head_json":{"title":"Polityka prywatno\u015bci - Automatyka Przemys\u0142owa w Sklep Wayy","description":"Wayy.pl \u27a4 Tw\u00f3j sklep z automatyk\u0105 przemys\u0142ow\u0105 \u2714\ufe0f Polityka prywatno\u015bci \u2714\ufe0f Pe\u0142ne wsparcie techniczne i 6 lat gwarancji \u2714\ufe0f Zapraszamy!","robots":{"index":"noindex","follow":"follow"},"og_locale":"pl_PL","og_type":"article","og_title":"Polityka prywatno\u015bci - Automatyka Przemys\u0142owa w Sklep Wayy","og_description":"Wayy.pl \u27a4 Tw\u00f3j sklep z automatyk\u0105 przemys\u0142ow\u0105 \u2714\ufe0f Polityka prywatno\u015bci \u2714\ufe0f Pe\u0142ne wsparcie techniczne i 6 lat gwarancji \u2714\ufe0f Zapraszamy!","og_url":"https:\/\/wayy.pl\/sklep\/polityka-prywatnosci\/","og_site_name":"Sklep Wayy","article_modified_time":"2021-12-08T16:08:47+00:00","twitter_card":"summary_large_image","twitter_misc":{"Szacowany czas czytania":"4 minuty"},"schema":{"@context":"https:\/\/schema.org","@graph":[{"@type":"WebPage","@id":"https:\/\/wayy.pl\/sklep\/polityka-prywatnosci\/","url":"https:\/\/wayy.pl\/sklep\/polityka-prywatnosci\/","name":"Polityka prywatno\u015bci - Automatyka Przemys\u0142owa w Sklep Wayy","isPartOf":{"@id":"https:\/\/wayy.pl\/sklep\/#website"},"datePublished":"2021-01-07T13:11:52+00:00","dateModified":"2021-12-08T16:08:47+00:00","description":"Wayy.pl \u27a4 Tw\u00f3j sklep z automatyk\u0105 przemys\u0142ow\u0105 \u2714\ufe0f Polityka prywatno\u015bci \u2714\ufe0f Pe\u0142ne wsparcie techniczne i 6 lat gwarancji \u2714\ufe0f Zapraszamy!","breadcrumb":{"@id":"https:\/\/wayy.pl\/sklep\/polityka-prywatnosci\/#breadcrumb"},"inLanguage":"pl-PL","potentialAction":[{"@type":"ReadAction","target":["https:\/\/wayy.pl\/sklep\/polityka-prywatnosci\/"]}]},{"@type":"BreadcrumbList","@id":"https:\/\/wayy.pl\/sklep\/polityka-prywatnosci\/#breadcrumb","itemListElement":[{"@type":"ListItem","position":1,"name":"Automatyka przemys\u0142owa","item":"https:\/\/wayy.pl\/sklep\/"},{"@type":"ListItem","position":2,"name":"Polityka prywatno\u015bci"}]},{"@type":"WebSite","@id":"https:\/\/wayy.pl\/sklep\/#website","url":"https:\/\/wayy.pl\/sklep\/","name":"Sklep Wayy","description":"Automatyka przemys\u0142owa. 6 lat gwarancji.","publisher":{"@id":"https:\/\/wayy.pl\/sklep\/#organization"},"potentialAction":[{"@type":"SearchAction","target":{"@type":"EntryPoint","urlTemplate":"https:\/\/wayy.pl\/sklep\/?s={search_term_string}"},"query-input":"required name=search_term_string"}],"inLanguage":"pl-PL"},{"@type":"Organization","@id":"https:\/\/wayy.pl\/sklep\/#organization","name":"Wayy - automatyka przemys\u0142owa","url":"https:\/\/wayy.pl\/sklep\/","logo":{"@type":"ImageObject","inLanguage":"pl-PL","@id":"https:\/\/wayy.pl\/sklep\/#\/schema\/logo\/image\/","url":"https:\/\/wayy.pl\/sklep\/wp-content\/uploads\/sites\/17\/2021\/03\/wayy.png","contentUrl":"https:\/\/wayy.pl\/sklep\/wp-content\/uploads\/sites\/17\/2021\/03\/wayy.png","width":1001,"height":352,"caption":"Wayy - automatyka przemys\u0142owa"},"image":{"@id":"https:\/\/wayy.pl\/sklep\/#\/schema\/logo\/image\/"},"sameAs":["https:\/\/www.linkedin.com\/company\/klimat-solec","https:\/\/www.youtube.com\/user\/KlimatSolec"]}]}},"_links":{"self":[{"href":"https:\/\/wayy.pl\/sklep\/wp-json\/wp\/v2\/pages\/4147"}],"collection":[{"href":"https:\/\/wayy.pl\/sklep\/wp-json\/wp\/v2\/pages"}],"about":[{"href":"https:\/\/wayy.pl\/sklep\/wp-json\/wp\/v2\/types\/page"}],"author":[{"embeddable":true,"href":"https:\/\/wayy.pl\/sklep\/wp-json\/wp\/v2\/users\/2"}],"replies":[{"embeddable":true,"href":"https:\/\/wayy.pl\/sklep\/wp-json\/wp\/v2\/comments?post=4147"}],"version-history":[{"count":5,"href":"https:\/\/wayy.pl\/sklep\/wp-json\/wp\/v2\/pages\/4147\/revisions"}],"predecessor-version":[{"id":7123,"href":"https:\/\/wayy.pl\/sklep\/wp-json\/wp\/v2\/pages\/4147\/revisions\/7123"}],"wp:attachment":[{"href":"https:\/\/wayy.pl\/sklep\/wp-json\/wp\/v2\/media?parent=4147"}],"curies":[{"name":"wp","href":"https:\/\/api.w.org\/{rel}","templated":true}]}}