{"id":8531,"date":"2022-08-30T08:50:34","date_gmt":"2022-08-30T06:50:34","guid":{"rendered":"https:\/\/wayy.pl\/sklep\/?page_id=8531"},"modified":"2022-08-30T11:59:00","modified_gmt":"2022-08-30T09:59:00","slug":"centrala-nawiewna","status":"publish","type":"page","link":"https:\/\/wayy.pl\/sklep\/gotowe-programy\/centrala-nawiewna\/","title":{"rendered":"Centrala nawiewna"},"content":{"rendered":"\t\t<div data-elementor-type=\"wp-page\" data-elementor-id=\"8531\" class=\"elementor elementor-8531\">\n\t\t\t\t\t\t<section class=\"elementor-section elementor-top-section elementor-element elementor-element-344d88b elementor-section-boxed elementor-section-height-default elementor-section-height-default\" data-id=\"344d88b\" data-element_type=\"section\">\n\t\t\t\t\t\t<div class=\"elementor-container elementor-column-gap-default\">\n\t\t\t\t\t<div class=\"elementor-column elementor-col-50 elementor-top-column elementor-element elementor-element-7190176\" data-id=\"7190176\" data-element_type=\"column\">\n\t\t\t<div class=\"elementor-widget-wrap elementor-element-populated\">\n\t\t\t\t\t\t<div class=\"elementor-element elementor-element-4f4fc84 elementor-widget elementor-widget-image\" data-id=\"4f4fc84\" data-element_type=\"widget\" data-widget_type=\"image.default\">\n\t\t\t\t<div class=\"elementor-widget-container\">\n\t\t\t\t\t\t\t\t\t\t\t\t\t\t\t<img fetchpriority=\"high\" decoding=\"async\" width=\"443\" height=\"395\" src=\"https:\/\/wayy.pl\/sklep\/wp-content\/uploads\/sites\/17\/2020\/12\/ikona_ki.png\" class=\"attachment-large size-large wp-image-4037\" alt=\"\" \/>\t\t\t\t\t\t\t\t\t\t\t\t\t\t\t<\/div>\n\t\t\t\t<\/div>\n\t\t\t\t\t<\/div>\n\t\t<\/div>\n\t\t\t\t<div class=\"elementor-column elementor-col-50 elementor-top-column elementor-element elementor-element-e5e8d59\" data-id=\"e5e8d59\" data-element_type=\"column\">\n\t\t\t<div class=\"elementor-widget-wrap elementor-element-populated\">\n\t\t\t\t\t\t<div class=\"elementor-element elementor-element-fbf2d0b elementor-widget elementor-widget-heading\" data-id=\"fbf2d0b\" data-element_type=\"widget\" data-widget_type=\"heading.default\">\n\t\t\t\t<div class=\"elementor-widget-container\">\n\t\t\t\t\t<h4 class=\"elementor-heading-title elementor-size-default\">Program - Sterowanie central\u0105 nawiewn\u0105<\/h4>\t\t\t\t<\/div>\n\t\t\t\t<\/div>\n\t\t\t\t<div class=\"elementor-element elementor-element-f9763f0 elementor-widget elementor-widget-text-editor\" data-id=\"f9763f0\" data-element_type=\"widget\" data-widget_type=\"text-editor.default\">\n\t\t\t\t<div class=\"elementor-widget-container\">\n\t\t\t\t\t\t\t\t\t<p>Urz\u0105dzenia wayy, z kt\u00f3rych korzysta program:<\/p><p><a href=\"https:\/\/wayy.pl\/sklep\/produkt\/sterownik-swobodnie-programowalny-w-plc\/\">Sterownik wPLC101,<\/a><br \/><a href=\"https:\/\/wayy.pl\/sklep\/produkt\/panel-dotykowy-w-hmi\/\">wHMI.102.28,<\/a><br \/><a href=\"https:\/\/wayy.pl\/sklep\/produkt\/wddm-601\/\">wDDM601,<\/a><br \/><a href=\"https:\/\/wayy.pl\/sklep\/produkt\/zasilacz-impulsowy-hdr-30-24\/\">Zasilacz impulsowy HDR,<\/a><br \/><a href=\"https:\/\/wayy.pl\/sklep\/produkt\/przewod-zasilajaco-transmisyjny-bit-liycy-uv-2x2x05mm2-2\/\">Przew\u00f3d zasilaj\u0105co-transmisyjny BiT LiYCY UV 2x2x0,5mm2,<\/a><br \/><a href=\"https:\/\/wayy.pl\/sklep\/produkt\/konwerter-usb-rs485-ch340-modbus-profibus-plc\/\">Konwerter USB RS485 CH340 Modbus Profibus PLC<\/a> &#8211; opcjonalnie do konfiuracji modu\u0142\u00f3w.<\/p>\t\t\t\t\t\t\t\t<\/div>\n\t\t\t\t<\/div>\n\t\t\t\t<div class=\"elementor-element elementor-element-691e637 elementor-widget elementor-widget-image\" data-id=\"691e637\" data-element_type=\"widget\" data-widget_type=\"image.default\">\n\t\t\t\t<div class=\"elementor-widget-container\">\n\t\t\t\t\t\t\t\t\t\t\t\t\t\t\t\t<a href=\"https:\/\/wayy.pl\/sklep\/wp-content\/uploads\/sites\/17\/2022\/08\/Program-Centrala-Nawiewna.zip\">\n\t\t\t\t\t\t\t<img decoding=\"async\" width=\"336\" height=\"54\" src=\"https:\/\/wayy.pl\/sklep\/wp-content\/uploads\/sites\/17\/2022\/06\/nowe_pobierz-program.png\" class=\"attachment-large size-large wp-image-7983\" alt=\"\" \/>\t\t\t\t\t\t\t\t<\/a>\n\t\t\t\t\t\t\t\t\t\t\t\t\t\t\t<\/div>\n\t\t\t\t<\/div>\n\t\t\t\t\t<\/div>\n\t\t<\/div>\n\t\t\t\t\t<\/div>\n\t\t<\/section>\n\t\t\t\t<section class=\"elementor-section elementor-top-section elementor-element elementor-element-8a40935 elementor-section-boxed elementor-section-height-default elementor-section-height-default\" data-id=\"8a40935\" data-element_type=\"section\">\n\t\t\t\t\t\t<div class=\"elementor-container elementor-column-gap-default\">\n\t\t\t\t\t<div class=\"elementor-column elementor-col-100 elementor-top-column elementor-element elementor-element-ef13ea6\" data-id=\"ef13ea6\" data-element_type=\"column\">\n\t\t\t<div class=\"elementor-widget-wrap elementor-element-populated\">\n\t\t\t\t\t\t<div class=\"elementor-element elementor-element-5a6cae9 elementor-tabs-view-horizontal elementor-widget elementor-widget-tabs\" data-id=\"5a6cae9\" data-element_type=\"widget\" data-widget_type=\"tabs.default\">\n\t\t\t\t<div class=\"elementor-widget-container\">\n\t\t\t\t\t\t\t<div class=\"elementor-tabs\">\n\t\t\t<div class=\"elementor-tabs-wrapper\" role=\"tablist\" >\n\t\t\t\t\t\t\t\t\t<div id=\"elementor-tab-title-9481\" class=\"elementor-tab-title elementor-tab-desktop-title\" aria-selected=\"true\" data-tab=\"1\" role=\"tab\" tabindex=\"0\" aria-controls=\"elementor-tab-content-9481\" aria-expanded=\"false\">Opis<\/div>\n\t\t\t\t\t\t\t\t\t<div id=\"elementor-tab-title-9482\" class=\"elementor-tab-title elementor-tab-desktop-title\" aria-selected=\"false\" data-tab=\"2\" role=\"tab\" tabindex=\"-1\" aria-controls=\"elementor-tab-content-9482\" aria-expanded=\"false\">Oprogramowanie<\/div>\n\t\t\t\t\t\t\t<\/div>\n\t\t\t<div class=\"elementor-tabs-content-wrapper\" role=\"tablist\" aria-orientation=\"vertical\">\n\t\t\t\t\t\t\t\t\t<div class=\"elementor-tab-title elementor-tab-mobile-title\" aria-selected=\"true\" data-tab=\"1\" role=\"tab\" tabindex=\"0\" aria-controls=\"elementor-tab-content-9481\" aria-expanded=\"false\">Opis<\/div>\n\t\t\t\t\t<div id=\"elementor-tab-content-9481\" class=\"elementor-tab-content elementor-clearfix\" data-tab=\"1\" role=\"tabpanel\" aria-labelledby=\"elementor-tab-title-9481\" tabindex=\"0\" hidden=\"false\"><p><strong>Centrala Nawiewna<\/strong><\/p><p>Program realizuje sterowanie central\u0105 nawiewn\u0105. W sk\u0142ad centrali wchodzi wentylator, nagrzewnica elektryczna, <br \/>przepustnica nawiewu, filtr powietrza, przyciski oraz lampki sygnalizacyjne. Celem algorytmu sterowania jest utrzymanie zadanej temperatury nawiewu.<\/p><p>Urz\u0105dzenia wayy, z kt\u00f3rych program korzysta:<br \/>Sterownik wPLC101.<br \/>wHMI.102.28.<br \/>wDDM601.<br \/>Zasilacz impulsowy HDR. <br \/>Przew\u00f3d zasilaj\u0105co-transmisyjny BiT LiYCY UV 2x2x0,5mm2.<br \/>Konwerter USB RS485 CH340 Modbus Profibus PLC &#8211; opcjonalnie do konfiuracji modu\u0142\u00f3w.<\/p><\/div>\n\t\t\t\t\t\t\t\t\t<div class=\"elementor-tab-title elementor-tab-mobile-title\" aria-selected=\"false\" data-tab=\"2\" role=\"tab\" tabindex=\"-1\" aria-controls=\"elementor-tab-content-9482\" aria-expanded=\"false\">Oprogramowanie<\/div>\n\t\t\t\t\t<div id=\"elementor-tab-content-9482\" class=\"elementor-tab-content elementor-clearfix\" data-tab=\"2\" role=\"tabpanel\" aria-labelledby=\"elementor-tab-title-9482\" tabindex=\"0\" hidden=\"hidden\"><p>Oprogramowanie jest potrzebne tylko w przypadku, gdy u\u017cytkownik chcia\u0142by rozszerzy\u0107 podstawow\u0105 funkcjonalno\u015b\u0107 aplikacji urz\u0105dzenia.<\/p><p>KIDE \u2013 narz\u0119dzie programistyczne bazuj\u0105ce na j\u0119zyku strukturalnym FDB (Funtion Block Diagram), s\u0142u\u017c\u0105ce do programowania sterownik\u00f3w PLC i paneli HMI marki Wayy.<\/p><p>Parametry:<\/p><p>\u2013 zintegrowany edytor graficzny umo\u017cliwiaj\u0105cy pisanie aplikacji,<br \/>\u2013 wbudowana biblioteka ponad 100 blok\u00f3w funkcyjnych (HVAC, bitowych, matematycznych, relacji, logicznych i innych),<br \/>\u2013 konfigurowanie panela HMI z poziomu programu,<br \/>\u2013 wbudowany kompilator, symulator i narz\u0119dzie od cyklicznego odczytywania zdefiniowanych wcze\u015bniej w programie parametr\u00f3w Modbus TCP\/IP,<br \/>\u2013 wbudowana lista szablon\u00f3w parametr\u00f3w dla urz\u0105dze\u0144 marki Wayy,<br \/>\u2013 mo\u017cliwo\u015b\u0107 indywidualnego definiowania dw\u00f3ch tryb\u00f3w pracy wyj\u015b\u0107 Modbus RTU, pierwszy obs\u0142uga wyj\u015b\u0107 w trybie ci\u0105g\u0142ym (cykliczny zapis) lub drugi tryb pojedyncza transmisja po wykryciu zmiany warto\u015bci (Send-On-Change).<\/p><p><a href=\"https:\/\/wayy.pl\/kide\/setup.exe\"><img decoding=\"async\" class=\"alignnone size-full wp-image-4644\" src=\"https:\/\/wayy.pl\/sklep\/wp-content\/uploads\/sites\/17\/2021\/01\/btn_btn-kide.png\" alt=\"\" width=\"336\" height=\"54\" srcset=\"https:\/\/wayy.pl\/sklep\/wp-content\/uploads\/sites\/17\/2021\/01\/btn_btn-kide.png 336w, https:\/\/wayy.pl\/sklep\/wp-content\/uploads\/sites\/17\/2021\/01\/btn_btn-kide-300x48.png 300w\" sizes=\"(max-width: 336px) 100vw, 336px\" \/><\/a><a href=\"https:\/\/wayy.pl\/manuals\/kide\/\"><img loading=\"lazy\" decoding=\"async\" class=\"alignnone size-full wp-image-4645\" src=\"https:\/\/wayy.pl\/sklep\/wp-content\/uploads\/sites\/17\/2021\/01\/btn_btn-kide-instr.png\" alt=\"\" width=\"336\" height=\"54\" srcset=\"https:\/\/wayy.pl\/sklep\/wp-content\/uploads\/sites\/17\/2021\/01\/btn_btn-kide-instr.png 336w, https:\/\/wayy.pl\/sklep\/wp-content\/uploads\/sites\/17\/2021\/01\/btn_btn-kide-instr-300x48.png 300w\" sizes=\"(max-width: 336px) 100vw, 336px\" \/><\/a><\/p><\/div>\n\t\t\t\t\t\t\t<\/div>\n\t\t<\/div>\n\t\t\t\t\t\t<\/div>\n\t\t\t\t<\/div>\n\t\t\t\t\t<\/div>\n\t\t<\/div>\n\t\t\t\t\t<\/div>\n\t\t<\/section>\n\t\t\t\t<\/div>\n\t\t","protected":false},"excerpt":{"rendered":"<p>Program &#8211; Sterowanie central\u0105 nawiewn\u0105 Urz\u0105dzenia wayy, z kt\u00f3rych korzysta program: Sterownik wPLC101,wHMI.102.28,wDDM601,Zasilacz impulsowy HDR,Przew\u00f3d zasilaj\u0105co-transmisyjny BiT LiYCY UV 2x2x0,5mm2,Konwerter USB RS485 CH340 Modbus Profibus PLC &#8211; opcjonalnie do konfiuracji modu\u0142\u00f3w. Opis Oprogramowanie Opis Centrala Nawiewna Program realizuje sterowanie central\u0105 nawiewn\u0105. W sk\u0142ad centrali wchodzi wentylator, nagrzewnica elektryczna, przepustnica nawiewu, filtr powietrza, przyciski oraz lampki [&hellip;]<\/p>\n","protected":false},"author":36,"featured_media":0,"parent":7760,"menu_order":0,"comment_status":"closed","ping_status":"closed","template":"","meta":{"site-sidebar-layout":"no-sidebar","site-content-layout":"page-builder","ast-site-content-layout":"","site-content-style":"default","site-sidebar-style":"default","ast-global-header-display":"","ast-banner-title-visibility":"","ast-main-header-display":"","ast-hfb-above-header-display":"","ast-hfb-below-header-display":"","ast-hfb-mobile-header-display":"","site-post-title":"disabled","ast-breadcrumbs-content":"","ast-featured-img":"disabled","footer-sml-layout":"","theme-transparent-header-meta":"","adv-header-id-meta":"","stick-header-meta":"","header-above-stick-meta":"","header-main-stick-meta":"","header-below-stick-meta":"","astra-migrate-meta-layouts":"default","ast-page-background-enabled":"default","ast-page-background-meta":{"desktop":{"background-color":"","background-image":"","background-repeat":"repeat","background-position":"center center","background-size":"auto","background-attachment":"scroll","background-type":"","background-media":"","overlay-type":"","overlay-color":"","overlay-opacity":"","overlay-gradient":""},"tablet":{"background-color":"","background-image":"","background-repeat":"repeat","background-position":"center center","background-size":"auto","background-attachment":"scroll","background-type":"","background-media":"","overlay-type":"","overlay-color":"","overlay-opacity":"","overlay-gradient":""},"mobile":{"background-color":"","background-image":"","background-repeat":"repeat","background-position":"center center","background-size":"auto","background-attachment":"scroll","background-type":"","background-media":"","overlay-type":"","overlay-color":"","overlay-opacity":"","overlay-gradient":""}},"ast-content-background-meta":{"desktop":{"background-color":"var(--ast-global-color-5)","background-image":"","background-repeat":"repeat","background-position":"center center","background-size":"auto","background-attachment":"scroll","background-type":"","background-media":"","overlay-type":"","overlay-color":"","overlay-opacity":"","overlay-gradient":""},"tablet":{"background-color":"var(--ast-global-color-5)","background-image":"","background-repeat":"repeat","background-position":"center center","background-size":"auto","background-attachment":"scroll","background-type":"","background-media":"","overlay-type":"","overlay-color":"","overlay-opacity":"","overlay-gradient":""},"mobile":{"background-color":"var(--ast-global-color-5)","background-image":"","background-repeat":"repeat","background-position":"center center","background-size":"auto","background-attachment":"scroll","background-type":"","background-media":"","overlay-type":"","overlay-color":"","overlay-opacity":"","overlay-gradient":""}},"footnotes":""},"class_list":["post-8531","page","type-page","status-publish","hentry"],"yoast_head":"<!-- This site is optimized with the Yoast SEO plugin v23.3 - https:\/\/yoast.com\/wordpress\/plugins\/seo\/ -->\n<title>Centrala nawiewna - Automatyka Przemys\u0142owa w Sklep Wayy<\/title>\n<meta name=\"description\" content=\"Wayy.pl \u27a4 Tw\u00f3j sklep z automatyk\u0105 przemys\u0142ow\u0105 \u2714\ufe0f Centrala nawiewna \u2714\ufe0f Pe\u0142ne wsparcie techniczne i 6 lat gwarancji \u2714\ufe0f Zapraszamy!\" \/>\n<meta name=\"robots\" content=\"noindex, follow\" \/>\n<meta property=\"og:locale\" content=\"pl_PL\" \/>\n<meta property=\"og:type\" content=\"article\" \/>\n<meta property=\"og:title\" content=\"Centrala nawiewna - Automatyka Przemys\u0142owa w Sklep Wayy\" \/>\n<meta property=\"og:description\" content=\"Wayy.pl \u27a4 Tw\u00f3j sklep z automatyk\u0105 przemys\u0142ow\u0105 \u2714\ufe0f Centrala nawiewna \u2714\ufe0f Pe\u0142ne wsparcie techniczne i 6 lat gwarancji \u2714\ufe0f Zapraszamy!\" \/>\n<meta property=\"og:url\" content=\"https:\/\/wayy.pl\/sklep\/gotowe-programy\/centrala-nawiewna\/\" \/>\n<meta property=\"og:site_name\" content=\"Sklep Wayy\" \/>\n<meta property=\"article:modified_time\" content=\"2022-08-30T09:59:00+00:00\" \/>\n<meta property=\"og:image\" content=\"https:\/\/wayy.pl\/sklep\/wp-content\/uploads\/sites\/17\/2020\/12\/ikona_ki.png\" \/>\n<meta name=\"twitter:card\" content=\"summary_large_image\" \/>\n<meta name=\"twitter:label1\" content=\"Szacowany czas czytania\" \/>\n\t<meta name=\"twitter:data1\" content=\"3 minuty\" \/>\n<script type=\"application\/ld+json\" class=\"yoast-schema-graph\">{\"@context\":\"https:\/\/schema.org\",\"@graph\":[{\"@type\":\"WebPage\",\"@id\":\"https:\/\/wayy.pl\/sklep\/gotowe-programy\/centrala-nawiewna\/\",\"url\":\"https:\/\/wayy.pl\/sklep\/gotowe-programy\/centrala-nawiewna\/\",\"name\":\"Centrala nawiewna - Automatyka Przemys\u0142owa w Sklep Wayy\",\"isPartOf\":{\"@id\":\"https:\/\/wayy.pl\/sklep\/#website\"},\"primaryImageOfPage\":{\"@id\":\"https:\/\/wayy.pl\/sklep\/gotowe-programy\/centrala-nawiewna\/#primaryimage\"},\"image\":{\"@id\":\"https:\/\/wayy.pl\/sklep\/gotowe-programy\/centrala-nawiewna\/#primaryimage\"},\"thumbnailUrl\":\"https:\/\/wayy.pl\/sklep\/wp-content\/uploads\/sites\/17\/2020\/12\/ikona_ki.png\",\"datePublished\":\"2022-08-30T06:50:34+00:00\",\"dateModified\":\"2022-08-30T09:59:00+00:00\",\"description\":\"Wayy.pl \u27a4 Tw\u00f3j sklep z automatyk\u0105 przemys\u0142ow\u0105 \u2714\ufe0f Centrala nawiewna \u2714\ufe0f Pe\u0142ne wsparcie techniczne i 6 lat gwarancji \u2714\ufe0f Zapraszamy!\",\"breadcrumb\":{\"@id\":\"https:\/\/wayy.pl\/sklep\/gotowe-programy\/centrala-nawiewna\/#breadcrumb\"},\"inLanguage\":\"pl-PL\",\"potentialAction\":[{\"@type\":\"ReadAction\",\"target\":[\"https:\/\/wayy.pl\/sklep\/gotowe-programy\/centrala-nawiewna\/\"]}]},{\"@type\":\"ImageObject\",\"inLanguage\":\"pl-PL\",\"@id\":\"https:\/\/wayy.pl\/sklep\/gotowe-programy\/centrala-nawiewna\/#primaryimage\",\"url\":\"https:\/\/wayy.pl\/sklep\/wp-content\/uploads\/sites\/17\/2020\/12\/ikona_ki.png\",\"contentUrl\":\"https:\/\/wayy.pl\/sklep\/wp-content\/uploads\/sites\/17\/2020\/12\/ikona_ki.png\",\"width\":443,\"height\":395},{\"@type\":\"BreadcrumbList\",\"@id\":\"https:\/\/wayy.pl\/sklep\/gotowe-programy\/centrala-nawiewna\/#breadcrumb\",\"itemListElement\":[{\"@type\":\"ListItem\",\"position\":1,\"name\":\"Automatyka przemys\u0142owa\",\"item\":\"https:\/\/wayy.pl\/sklep\/\"},{\"@type\":\"ListItem\",\"position\":2,\"name\":\"Gotowe Programy\",\"item\":\"https:\/\/wayy.pl\/sklep\/gotowe-programy\/\"},{\"@type\":\"ListItem\",\"position\":3,\"name\":\"Centrala nawiewna\"}]},{\"@type\":\"WebSite\",\"@id\":\"https:\/\/wayy.pl\/sklep\/#website\",\"url\":\"https:\/\/wayy.pl\/sklep\/\",\"name\":\"Sklep Wayy\",\"description\":\"Automatyka przemys\u0142owa. 6 lat gwarancji.\",\"publisher\":{\"@id\":\"https:\/\/wayy.pl\/sklep\/#organization\"},\"potentialAction\":[{\"@type\":\"SearchAction\",\"target\":{\"@type\":\"EntryPoint\",\"urlTemplate\":\"https:\/\/wayy.pl\/sklep\/?s={search_term_string}\"},\"query-input\":\"required name=search_term_string\"}],\"inLanguage\":\"pl-PL\"},{\"@type\":\"Organization\",\"@id\":\"https:\/\/wayy.pl\/sklep\/#organization\",\"name\":\"Wayy - automatyka przemys\u0142owa\",\"url\":\"https:\/\/wayy.pl\/sklep\/\",\"logo\":{\"@type\":\"ImageObject\",\"inLanguage\":\"pl-PL\",\"@id\":\"https:\/\/wayy.pl\/sklep\/#\/schema\/logo\/image\/\",\"url\":\"https:\/\/wayy.pl\/sklep\/wp-content\/uploads\/sites\/17\/2021\/03\/wayy.png\",\"contentUrl\":\"https:\/\/wayy.pl\/sklep\/wp-content\/uploads\/sites\/17\/2021\/03\/wayy.png\",\"width\":1001,\"height\":352,\"caption\":\"Wayy - automatyka przemys\u0142owa\"},\"image\":{\"@id\":\"https:\/\/wayy.pl\/sklep\/#\/schema\/logo\/image\/\"},\"sameAs\":[\"https:\/\/www.linkedin.com\/company\/klimat-solec\",\"https:\/\/www.youtube.com\/user\/KlimatSolec\"]}]}<\/script>\n<!-- \/ Yoast SEO plugin. -->","yoast_head_json":{"title":"Centrala nawiewna - Automatyka Przemys\u0142owa w Sklep Wayy","description":"Wayy.pl \u27a4 Tw\u00f3j sklep z automatyk\u0105 przemys\u0142ow\u0105 \u2714\ufe0f Centrala nawiewna \u2714\ufe0f Pe\u0142ne wsparcie techniczne i 6 lat gwarancji \u2714\ufe0f Zapraszamy!","robots":{"index":"noindex","follow":"follow"},"og_locale":"pl_PL","og_type":"article","og_title":"Centrala nawiewna - Automatyka Przemys\u0142owa w Sklep Wayy","og_description":"Wayy.pl \u27a4 Tw\u00f3j sklep z automatyk\u0105 przemys\u0142ow\u0105 \u2714\ufe0f Centrala nawiewna \u2714\ufe0f Pe\u0142ne wsparcie techniczne i 6 lat gwarancji \u2714\ufe0f Zapraszamy!","og_url":"https:\/\/wayy.pl\/sklep\/gotowe-programy\/centrala-nawiewna\/","og_site_name":"Sklep Wayy","article_modified_time":"2022-08-30T09:59:00+00:00","og_image":[{"url":"https:\/\/wayy.pl\/sklep\/wp-content\/uploads\/sites\/17\/2020\/12\/ikona_ki.png"}],"twitter_card":"summary_large_image","twitter_misc":{"Szacowany czas czytania":"3 minuty"},"schema":{"@context":"https:\/\/schema.org","@graph":[{"@type":"WebPage","@id":"https:\/\/wayy.pl\/sklep\/gotowe-programy\/centrala-nawiewna\/","url":"https:\/\/wayy.pl\/sklep\/gotowe-programy\/centrala-nawiewna\/","name":"Centrala nawiewna - Automatyka Przemys\u0142owa w Sklep Wayy","isPartOf":{"@id":"https:\/\/wayy.pl\/sklep\/#website"},"primaryImageOfPage":{"@id":"https:\/\/wayy.pl\/sklep\/gotowe-programy\/centrala-nawiewna\/#primaryimage"},"image":{"@id":"https:\/\/wayy.pl\/sklep\/gotowe-programy\/centrala-nawiewna\/#primaryimage"},"thumbnailUrl":"https:\/\/wayy.pl\/sklep\/wp-content\/uploads\/sites\/17\/2020\/12\/ikona_ki.png","datePublished":"2022-08-30T06:50:34+00:00","dateModified":"2022-08-30T09:59:00+00:00","description":"Wayy.pl \u27a4 Tw\u00f3j sklep z automatyk\u0105 przemys\u0142ow\u0105 \u2714\ufe0f Centrala nawiewna \u2714\ufe0f Pe\u0142ne wsparcie techniczne i 6 lat gwarancji \u2714\ufe0f Zapraszamy!","breadcrumb":{"@id":"https:\/\/wayy.pl\/sklep\/gotowe-programy\/centrala-nawiewna\/#breadcrumb"},"inLanguage":"pl-PL","potentialAction":[{"@type":"ReadAction","target":["https:\/\/wayy.pl\/sklep\/gotowe-programy\/centrala-nawiewna\/"]}]},{"@type":"ImageObject","inLanguage":"pl-PL","@id":"https:\/\/wayy.pl\/sklep\/gotowe-programy\/centrala-nawiewna\/#primaryimage","url":"https:\/\/wayy.pl\/sklep\/wp-content\/uploads\/sites\/17\/2020\/12\/ikona_ki.png","contentUrl":"https:\/\/wayy.pl\/sklep\/wp-content\/uploads\/sites\/17\/2020\/12\/ikona_ki.png","width":443,"height":395},{"@type":"BreadcrumbList","@id":"https:\/\/wayy.pl\/sklep\/gotowe-programy\/centrala-nawiewna\/#breadcrumb","itemListElement":[{"@type":"ListItem","position":1,"name":"Automatyka przemys\u0142owa","item":"https:\/\/wayy.pl\/sklep\/"},{"@type":"ListItem","position":2,"name":"Gotowe Programy","item":"https:\/\/wayy.pl\/sklep\/gotowe-programy\/"},{"@type":"ListItem","position":3,"name":"Centrala nawiewna"}]},{"@type":"WebSite","@id":"https:\/\/wayy.pl\/sklep\/#website","url":"https:\/\/wayy.pl\/sklep\/","name":"Sklep Wayy","description":"Automatyka przemys\u0142owa. 6 lat gwarancji.","publisher":{"@id":"https:\/\/wayy.pl\/sklep\/#organization"},"potentialAction":[{"@type":"SearchAction","target":{"@type":"EntryPoint","urlTemplate":"https:\/\/wayy.pl\/sklep\/?s={search_term_string}"},"query-input":"required name=search_term_string"}],"inLanguage":"pl-PL"},{"@type":"Organization","@id":"https:\/\/wayy.pl\/sklep\/#organization","name":"Wayy - automatyka przemys\u0142owa","url":"https:\/\/wayy.pl\/sklep\/","logo":{"@type":"ImageObject","inLanguage":"pl-PL","@id":"https:\/\/wayy.pl\/sklep\/#\/schema\/logo\/image\/","url":"https:\/\/wayy.pl\/sklep\/wp-content\/uploads\/sites\/17\/2021\/03\/wayy.png","contentUrl":"https:\/\/wayy.pl\/sklep\/wp-content\/uploads\/sites\/17\/2021\/03\/wayy.png","width":1001,"height":352,"caption":"Wayy - automatyka przemys\u0142owa"},"image":{"@id":"https:\/\/wayy.pl\/sklep\/#\/schema\/logo\/image\/"},"sameAs":["https:\/\/www.linkedin.com\/company\/klimat-solec","https:\/\/www.youtube.com\/user\/KlimatSolec"]}]}},"_links":{"self":[{"href":"https:\/\/wayy.pl\/sklep\/wp-json\/wp\/v2\/pages\/8531"}],"collection":[{"href":"https:\/\/wayy.pl\/sklep\/wp-json\/wp\/v2\/pages"}],"about":[{"href":"https:\/\/wayy.pl\/sklep\/wp-json\/wp\/v2\/types\/page"}],"author":[{"embeddable":true,"href":"https:\/\/wayy.pl\/sklep\/wp-json\/wp\/v2\/users\/36"}],"replies":[{"embeddable":true,"href":"https:\/\/wayy.pl\/sklep\/wp-json\/wp\/v2\/comments?post=8531"}],"version-history":[{"count":23,"href":"https:\/\/wayy.pl\/sklep\/wp-json\/wp\/v2\/pages\/8531\/revisions"}],"predecessor-version":[{"id":8564,"href":"https:\/\/wayy.pl\/sklep\/wp-json\/wp\/v2\/pages\/8531\/revisions\/8564"}],"up":[{"embeddable":true,"href":"https:\/\/wayy.pl\/sklep\/wp-json\/wp\/v2\/pages\/7760"}],"wp:attachment":[{"href":"https:\/\/wayy.pl\/sklep\/wp-json\/wp\/v2\/media?parent=8531"}],"curies":[{"name":"wp","href":"https:\/\/api.w.org\/{rel}","templated":true}]}}