{"id":11335,"date":"2025-04-03T23:46:06","date_gmt":"2025-04-03T21:46:06","guid":{"rendered":"https:\/\/wayy.pl\/sklep\/?post_type=product&#038;p=11335"},"modified":"2026-03-03T10:32:17","modified_gmt":"2026-03-03T09:32:17","slug":"panel-hmi-dotykowy-whmi-203-28-kopia","status":"publish","type":"product","link":"https:\/\/wayy.pl\/sklep\/produkt\/panel-hmi-dotykowy-whmi-203-28-kopia\/","title":{"rendered":"Panel HMI dotykowy wHMI.203.28"},"content":{"rendered":"<div class=\"elementor-column elementor-col-100 elementor-inner-column elementor-element elementor-element-12ba3232\" data-id=\"12ba3232\">\n<div class=\"elementor-column-wrap elementor-element-populated\">\n<div class=\"elementor-widget-wrap\">\n<div class=\"elementor-element elementor-element-401a6f0a elementor-widget elementor-widget-text-editor\" data-id=\"401a6f0a\">\n<div class=\"elementor-widget-container optml-bg-lazyloaded\">\n<div class=\"elementor-text-editor elementor-clearfix\" style=\"color: #000\">\n<p><strong>Panel HMI s\u0142u\u017cy w automatyce do komunikacji mi\u0119dzy cz\u0142owiekiem a urz\u0105dzeniem<\/strong>. Odnosi si\u0119 to zar\u00f3wno do element\u00f3w urz\u0105dze\u0144 informuj\u0105cych o stanie procesu technologicznego, jak i do system\u00f3w sterowania, pozwalaj\u0105cych w dany proces interweniowa\u0107. Panel operatorski dotykowy wspiera u\u017cytkownik\u00f3w danej instalacji, podnosz\u0105c intuicyjno\u015b\u0107 jej obs\u0142ugi.<\/p>\n<h2>Panel dotykowy wHMI.28 &#8211; obs\u0142uga i dzia\u0142anie<\/h2>\n<p><strong>Obs\u0142uga panelu wHMI odbywa si\u0119 poprzez ekran dotykowy<\/strong>, kt\u00f3ry umo\u017cliwia sterowanie poszczeg\u00f3lnymi parametrami pod\u0142\u0105czonego urz\u0105dzenia, a tak\u017ce zapewnia dost\u0119p do niezb\u0119dnych informacji. Wszystko wy\u015bwietlane jest na czytelnym i intuicyjnym interfejsie. Jego pierwszy ekran prezentuje dane zbiorcze w skondensowany spos\u00f3b, wy\u015bwietlaj\u0105c:<\/p>\n<ul>\n<li>dat\u0119 i godzin\u0119,<\/li>\n<li>wskazane uprzednio parametry,<\/li>\n<li>ikony informuj\u0105ce czy podczas dzia\u0142ania nie wyst\u0105pi\u0142y jakie\u015b problemy oraz, czy dzia\u0142a zgodnie z ustalonym wcze\u015bniej programem.<\/li>\n<\/ul>\n<p><strong>Na kolejnym, b\u0119d\u0105cym centrum aplikacji ekranie panelu HMI, znajduje si\u0119 wygodne w u\u017cytkowaniu menu, podzielone na nast\u0119puj\u0105ce pozycje<\/strong>:<\/p>\n<ul>\n<li>pomieszczenia \u2014 obs\u0142ugiwane przez urz\u0105dzenie wraz z odczytem parametru g\u0142\u00f3wnego,<\/li>\n<li>urz\u0105dzenia we wszystkich pomieszczeniach,<\/li>\n<li>program \u2014 daj\u0105cy mo\u017cliwo\u015b\u0107 w\u0142\u0105czenia ustalonych parametr\u00f3w pracy dla urz\u0105dze\u0144 w cyklu tygodniowym,<\/li>\n<li>zdarzenia \u2014 dost\u0119p do powiadomie\u0144 zarejestrowanych podczas pracy panelu,<\/li>\n<li>ustawienia \u2014 daj\u0105ce mo\u017cliwo\u015b\u0107 dostosowania panelu do w\u0142asnych preferencji,<\/li>\n<li>tryby \u2014 przyporz\u0105dkowanie uprawnie\u0144 wybranym u\u017cytkownikom.<\/li>\n<\/ul>\n<p><strong>Panel dotykowy wHMI.102.28 wyposa\u017cony jest w oprogramowanie z interfejsem graficznym<\/strong> i s\u0142u\u017cy do zarz\u0105dzania systemami instalacji grzewczych, wentylacyjnych i klimatyzacyjnych przez ich u\u017cytkownika. Prosty, czytelny i intuicyjny interfejs zapewnia u\u017cytkownikowi dost\u0119p do wielu parametr\u00f3w systemu. Poprzez ich zmian\u0119, u\u017cytkownik ma mo\u017cliwo\u015b\u0107 skutecznego zarz\u0105dzania prac\u0105 ca\u0142ego uk\u0142adu. Dotykowy panel operatorski wsp\u00f3\u0142pracuje ze wszystkimi systemami i urz\u0105dzeniami wyposa\u017conymi w interfejs Ethernet 10\/100 Mbit\/s i obs\u0142uguj\u0105cymi protok\u00f3\u0142 Modbus RTU.<\/p>\n<p>W sk\u0142ad naszej oferty wchodz\u0105:<\/p>\n<ul>\n<li>panel dotykowy wHMI,<\/li>\n<li>zintegrowany kolorowy wy\u015bwietlacz 2.8\u2033 z panelem dotykowym,<\/li>\n<li>napi\u0119cie zasilania 12..60V DC.<\/li>\n<li>Modbus RTU Master.<\/li>\n<\/ul>\n<p>Opr\u00f3cz <a href=\"\/sklep\/\/kategoria-produktu\/panele\/\">paneli HMI operatorskich<\/a> w naszym sklepie dost\u0119pny jest te\u017c <a href=\"\/sklep\/\/produkt\/panel-dotykowy-klimakonwektora-wfci-28\/\">panel dotykowy klimakonwektora<\/a> i inne <a href=\"\/sklep\/kategoria-produktu\/moduly-2\/\">modu\u0142y steruj\u0105ce<\/a> do urz\u0105dze\u0144 <a href=\"\/sklep\">automatyki przemys\u0142owej<\/a>. Zapraszamy!<\/p>\n<\/div>\n<p><img fetchpriority=\"high\" decoding=\"async\" class=\"alignnone wp-image-10156 size-full\" src=\"https:\/\/wayy.pl\/sklep\/wp-content\/uploads\/sites\/17\/2023\/05\/baner.jpg\" alt=\"\" width=\"1200\" height=\"300\" \/><\/p>\n<p>&nbsp;<\/p>\n<div class=\"elementor-text-editor elementor-clearfix\">\n<hr \/>\n<p><span style=\"color: #000000\"><strong>Tego potrzebujesz do konfiguracji panelu<\/strong><\/span><\/p>\n<p><a href=\"http:\/\/wayy.pl\/sklep\/produkt\/zasilacz\/\"><img decoding=\"async\" class=\"alignnone size-full wp-image-5688 hvr-grow\" src=\"https:\/\/wayy.pl\/sklep\/wp-content\/uploads\/sites\/17\/2021\/03\/150px-zasilacz.jpg\" alt=\"\" width=\"150\" height=\"150\" srcset=\"https:\/\/wayy.pl\/sklep\/wp-content\/uploads\/sites\/17\/2021\/03\/150px-zasilacz.jpg 150w, https:\/\/wayy.pl\/sklep\/wp-content\/uploads\/sites\/17\/2021\/03\/150px-zasilacz-100x100.jpg 100w\" sizes=\"(max-width: 150px) 100vw, 150px\" \/><\/a> <a href=\"http:\/\/wayy.pl\/sklep\/produkt\/przewod-sterowniczy-bitsensor-3g-pvc-frost-2-x-034mm2\/\"><img decoding=\"async\" class=\"alignnone size-full wp-image-5694 hvr-grow\" src=\"https:\/\/wayy.pl\/sklep\/wp-content\/uploads\/sites\/17\/2021\/03\/150px-przewod-sterowniczy.jpg\" alt=\"\" width=\"150\" height=\"150\" srcset=\"https:\/\/wayy.pl\/sklep\/wp-content\/uploads\/sites\/17\/2021\/03\/150px-przewod-sterowniczy.jpg 150w, https:\/\/wayy.pl\/sklep\/wp-content\/uploads\/sites\/17\/2021\/03\/150px-przewod-sterowniczy-100x100.jpg 100w\" sizes=\"(max-width: 150px) 100vw, 150px\" \/><\/a> <a href=\"http:\/\/wayy.pl\/sklep\/produkt\/wtyk-rj-45\/\"><img loading=\"lazy\" decoding=\"async\" class=\"alignnone size-full wp-image-5908 hvr-grow\" src=\"https:\/\/wayy.pl\/sklep\/wp-content\/uploads\/sites\/17\/2020\/11\/wtyk-rj-45-150x150-1.png\" alt=\"\" width=\"150\" height=\"150\" srcset=\"https:\/\/wayy.pl\/sklep\/wp-content\/uploads\/sites\/17\/2020\/11\/wtyk-rj-45-150x150-1.png 150w, https:\/\/wayy.pl\/sklep\/wp-content\/uploads\/sites\/17\/2020\/11\/wtyk-rj-45-150x150-1-100x100.png 100w\" sizes=\"(max-width: 150px) 100vw, 150px\" \/><\/a> <a href=\"http:\/\/wayy.pl\/sklep\/produkt\/oprogramowanie_kide\/\"><img loading=\"lazy\" decoding=\"async\" class=\"alignnone size-full wp-image-5907 hvr-grow\" src=\"https:\/\/wayy.pl\/sklep\/wp-content\/uploads\/sites\/17\/2020\/11\/kide-150x150-1.png\" alt=\"\" width=\"150\" height=\"150\" srcset=\"https:\/\/wayy.pl\/sklep\/wp-content\/uploads\/sites\/17\/2020\/11\/kide-150x150-1.png 150w, https:\/\/wayy.pl\/sklep\/wp-content\/uploads\/sites\/17\/2020\/11\/kide-150x150-1-100x100.png 100w\" sizes=\"(max-width: 150px) 100vw, 150px\" \/><\/a> <a href=\"http:\/\/wayy.pl\/sklep\/produkt\/przewod-ethernet\/\"><img loading=\"lazy\" decoding=\"async\" class=\"alignnone size-full wp-image-5906 hvr-grow\" src=\"https:\/\/wayy.pl\/sklep\/wp-content\/uploads\/sites\/17\/2020\/11\/ethernet-150x150-1.png\" alt=\"\" width=\"150\" height=\"150\" srcset=\"https:\/\/wayy.pl\/sklep\/wp-content\/uploads\/sites\/17\/2020\/11\/ethernet-150x150-1.png 150w, https:\/\/wayy.pl\/sklep\/wp-content\/uploads\/sites\/17\/2020\/11\/ethernet-150x150-1-100x100.png 100w\" sizes=\"(max-width: 150px) 100vw, 150px\" \/><\/a><\/p>\n<\/div>\n<\/div>\n<\/div>\n<\/div>\n<\/div>\n<\/div>\n","protected":false},"excerpt":{"rendered":"<ul>\n<li><strong>cena przy ilo\u015bci: 2+\u00a0 \u00a0 \u00a0442 PLN <\/strong>+ 23% VAT \/ szt.<\/li>\n<li><strong>cena przy ilo\u015bci: 6+\u00a0 \u00a0 \u00a0428 PLN <\/strong>+ 23% VAT \/ szt.<\/li>\n<li><strong>cena przy ilo\u015bci: 11+\u00a0 \u00a0 414 PLN <\/strong>+ 23% VAT \/ szt.<\/li>\n<li><strong>cena przy ilo\u015bci: 21+\u00a0 \u00a0400 PLN <\/strong>+ 23% VAT \/ szt.<\/li>\n<\/ul>\n<p><img decoding=\"async\" class=\"alignnone size-full wp-image-5782\" src=\"https:\/\/wayy.pl\/sklep\/wp-content\/uploads\/sites\/17\/2020\/11\/btn_ico-mniej-niz-minuta-1.svg\" alt=\"\" \/><a href=\"https:\/\/wayy.pl\/sklep\/edukacja\/\"><img decoding=\"async\" class=\"alignnone size-full wp-image-6515 hvr-grow\" src=\"https:\/\/wayy.pl\/sklep\/wp-content\/uploads\/sites\/17\/2020\/11\/stronka_bn-wsparcie.svg\" alt=\"\" \/><\/a><\/p>\n<ul>\n<li><span style=\"color: #000000\">Panel wHMI zarz\u0105dzaj\u0105cy instalacjami grzewczymi, wentylacyjnymi i klimatyzacyjnymi <\/span><\/li>\n<li><span style=\"color: #000000\">Zintegrowany kolorowy wy\u015bwietlacz 2.8&#8243; z panelem dotykowym<\/span><\/li>\n<li><span style=\"color: #000000\">Napi\u0119cie zasilania 12..60V DC<\/span><\/li>\n<li><span style=\"color: #000000\">Modbus RTU Master<\/span><\/li>\n<li><span style=\"color: #000000\">2 lata gwarancji\u00a0<\/span><\/li>\n<\/ul>\n","protected":false},"featured_media":11366,"template":"","meta":{"site-sidebar-layout":"default","site-content-layout":"default","ast-site-content-layout":"default","site-content-style":"default","site-sidebar-style":"default","ast-global-header-display":"","ast-banner-title-visibility":"","ast-main-header-display":"","ast-hfb-above-header-display":"","ast-hfb-below-header-display":"","ast-hfb-mobile-header-display":"","site-post-title":"","ast-breadcrumbs-content":"","ast-featured-img":"","footer-sml-layout":"","theme-transparent-header-meta":"default","adv-header-id-meta":"","stick-header-meta":"default","header-above-stick-meta":"","header-main-stick-meta":"","header-below-stick-meta":"","astra-migrate-meta-layouts":"set","ast-page-background-enabled":"default","ast-page-background-meta":{"desktop":{"background-color":"","background-image":"","background-repeat":"repeat","background-position":"center center","background-size":"auto","background-attachment":"scroll","background-type":"","background-media":"","overlay-type":"","overlay-color":"","overlay-opacity":"","overlay-gradient":""},"tablet":{"background-color":"","background-image":"","background-repeat":"repeat","background-position":"center center","background-size":"auto","background-attachment":"scroll","background-type":"","background-media":"","overlay-type":"","overlay-color":"","overlay-opacity":"","overlay-gradient":""},"mobile":{"background-color":"","background-image":"","background-repeat":"repeat","background-position":"center center","background-size":"auto","background-attachment":"scroll","background-type":"","background-media":"","overlay-type":"","overlay-color":"","overlay-opacity":"","overlay-gradient":""}},"ast-content-background-meta":{"desktop":{"background-color":"var(--ast-global-color-5)","background-image":"","background-repeat":"repeat","background-position":"center center","background-size":"auto","background-attachment":"scroll","background-type":"","background-media":"","overlay-type":"","overlay-color":"","overlay-opacity":"","overlay-gradient":""},"tablet":{"background-color":"var(--ast-global-color-5)","background-image":"","background-repeat":"repeat","background-position":"center center","background-size":"auto","background-attachment":"scroll","background-type":"","background-media":"","overlay-type":"","overlay-color":"","overlay-opacity":"","overlay-gradient":""},"mobile":{"background-color":"var(--ast-global-color-5)","background-image":"","background-repeat":"repeat","background-position":"center center","background-size":"auto","background-attachment":"scroll","background-type":"","background-media":"","overlay-type":"","overlay-color":"","overlay-opacity":"","overlay-gradient":""}}},"product_cat":[32],"product_tag":[43,79,78],"woo-feed-brand":[],"class_list":{"0":"post-11335","1":"product","2":"type-product","3":"status-publish","4":"has-post-thumbnail","6":"product_cat-panele","7":"product_tag-automatyka","8":"product_tag-hmi","9":"product_tag-panel-dotykowy","10":"product_shipping_class-torba_papierowa_mala","11":"desktop-align-left","12":"tablet-align-left","13":"mobile-align-left","14":"ast-product-gallery-layout-horizontal","15":"ast-magnify-disabled","16":"ast-product-tabs-layout-horizontal","18":"first","19":"outofstock","20":"featured","21":"taxable","22":"shipping-taxable","23":"purchasable","24":"product-type-simple"},"yoast_head":"<!-- This site is optimized with the Yoast SEO plugin v23.3 - https:\/\/yoast.com\/wordpress\/plugins\/seo\/ -->\n<title>Panel HMI Operatorski Dotykowy wHMI.102.28 - Najlepsza Cena w Sklep Wayy<\/title>\n<meta name=\"description\" content=\"Wayy.pl \u27a4 Dotykowy Panel HMI do instalacji grzewczych, wentylacyjnych i klimatyzacyjnych \u2714\ufe0f Pe\u0142ne wsparcie techniczne i 2 lata gwarancji \u2714\ufe0f Zapraszamy!\" \/>\n<meta name=\"robots\" content=\"index, follow, max-snippet:-1, max-image-preview:large, max-video-preview:-1\" \/>\n<link rel=\"canonical\" href=\"https:\/\/wayy.pl\/sklep\/produkt\/panel-hmi-dotykowy-whmi-203-28-kopia\/\" \/>\n<meta property=\"og:locale\" content=\"pl_PL\" \/>\n<meta property=\"og:type\" content=\"article\" \/>\n<meta property=\"og:title\" content=\"Panel HMI Operatorski Dotykowy wHMI.102.28 - Najlepsza Cena w Sklep Wayy\" \/>\n<meta property=\"og:description\" content=\"Wayy.pl \u27a4 Dotykowy Panel HMI do instalacji grzewczych, wentylacyjnych i klimatyzacyjnych \u2714\ufe0f Pe\u0142ne wsparcie techniczne i 2 lata gwarancji \u2714\ufe0f Zapraszamy!\" \/>\n<meta property=\"og:url\" content=\"https:\/\/wayy.pl\/sklep\/produkt\/panel-hmi-dotykowy-whmi-203-28-kopia\/\" \/>\n<meta property=\"og:site_name\" content=\"Sklep Wayy\" \/>\n<meta property=\"article:modified_time\" content=\"2026-03-03T09:32:17+00:00\" \/>\n<meta property=\"og:image\" content=\"https:\/\/wayy.pl\/sklep\/wp-content\/uploads\/sites\/17\/2025\/04\/whmi-nowy6.jpg\" \/>\n\t<meta property=\"og:image:width\" content=\"1193\" \/>\n\t<meta property=\"og:image:height\" content=\"1175\" \/>\n\t<meta property=\"og:image:type\" content=\"image\/jpeg\" \/>\n<meta name=\"twitter:card\" content=\"summary_large_image\" \/>\n<meta name=\"twitter:label1\" content=\"Szacowany czas czytania\" \/>\n\t<meta name=\"twitter:data1\" content=\"2 minuty\" \/>\n<script type=\"application\/ld+json\" class=\"yoast-schema-graph\">{\"@context\":\"https:\/\/schema.org\",\"@graph\":[{\"@type\":\"WebPage\",\"@id\":\"https:\/\/wayy.pl\/sklep\/produkt\/panel-hmi-dotykowy-whmi-203-28-kopia\/\",\"url\":\"https:\/\/wayy.pl\/sklep\/produkt\/panel-hmi-dotykowy-whmi-203-28-kopia\/\",\"name\":\"Panel HMI Operatorski Dotykowy wHMI.102.28 - Najlepsza Cena w Sklep Wayy\",\"isPartOf\":{\"@id\":\"https:\/\/wayy.pl\/sklep\/#website\"},\"primaryImageOfPage\":{\"@id\":\"https:\/\/wayy.pl\/sklep\/produkt\/panel-hmi-dotykowy-whmi-203-28-kopia\/#primaryimage\"},\"image\":{\"@id\":\"https:\/\/wayy.pl\/sklep\/produkt\/panel-hmi-dotykowy-whmi-203-28-kopia\/#primaryimage\"},\"thumbnailUrl\":\"https:\/\/wayy.pl\/sklep\/wp-content\/uploads\/sites\/17\/2025\/04\/whmi-nowy6.jpg\",\"datePublished\":\"2025-04-03T21:46:06+00:00\",\"dateModified\":\"2026-03-03T09:32:17+00:00\",\"description\":\"Wayy.pl \u27a4 Dotykowy Panel HMI do instalacji grzewczych, wentylacyjnych i klimatyzacyjnych \u2714\ufe0f Pe\u0142ne wsparcie techniczne i 2 lata gwarancji \u2714\ufe0f Zapraszamy!\",\"breadcrumb\":{\"@id\":\"https:\/\/wayy.pl\/sklep\/produkt\/panel-hmi-dotykowy-whmi-203-28-kopia\/#breadcrumb\"},\"inLanguage\":\"pl-PL\",\"potentialAction\":[{\"@type\":\"ReadAction\",\"target\":[\"https:\/\/wayy.pl\/sklep\/produkt\/panel-hmi-dotykowy-whmi-203-28-kopia\/\"]}]},{\"@type\":\"ImageObject\",\"inLanguage\":\"pl-PL\",\"@id\":\"https:\/\/wayy.pl\/sklep\/produkt\/panel-hmi-dotykowy-whmi-203-28-kopia\/#primaryimage\",\"url\":\"https:\/\/wayy.pl\/sklep\/wp-content\/uploads\/sites\/17\/2025\/04\/whmi-nowy6.jpg\",\"contentUrl\":\"https:\/\/wayy.pl\/sklep\/wp-content\/uploads\/sites\/17\/2025\/04\/whmi-nowy6.jpg\",\"width\":1193,\"height\":1175},{\"@type\":\"BreadcrumbList\",\"@id\":\"https:\/\/wayy.pl\/sklep\/produkt\/panel-hmi-dotykowy-whmi-203-28-kopia\/#breadcrumb\",\"itemListElement\":[{\"@type\":\"ListItem\",\"position\":1,\"name\":\"Automatyka przemys\u0142owa\",\"item\":\"https:\/\/wayy.pl\/sklep\/\"},{\"@type\":\"ListItem\",\"position\":2,\"name\":\"Produkty\",\"item\":\"https:\/\/wayy.pl\/sklep\/shop\/\"},{\"@type\":\"ListItem\",\"position\":3,\"name\":\"Panele dotykowe\",\"item\":\"https:\/\/wayy.pl\/sklep\/kategoria-produktu\/panele\/\"},{\"@type\":\"ListItem\",\"position\":4,\"name\":\"Panel HMI dotykowy wHMI.203.28\"}]},{\"@type\":\"WebSite\",\"@id\":\"https:\/\/wayy.pl\/sklep\/#website\",\"url\":\"https:\/\/wayy.pl\/sklep\/\",\"name\":\"Sklep Wayy\",\"description\":\"Automatyka przemys\u0142owa. 6 lat gwarancji.\",\"publisher\":{\"@id\":\"https:\/\/wayy.pl\/sklep\/#organization\"},\"potentialAction\":[{\"@type\":\"SearchAction\",\"target\":{\"@type\":\"EntryPoint\",\"urlTemplate\":\"https:\/\/wayy.pl\/sklep\/?s={search_term_string}\"},\"query-input\":\"required name=search_term_string\"}],\"inLanguage\":\"pl-PL\"},{\"@type\":\"Organization\",\"@id\":\"https:\/\/wayy.pl\/sklep\/#organization\",\"name\":\"Wayy - automatyka przemys\u0142owa\",\"url\":\"https:\/\/wayy.pl\/sklep\/\",\"logo\":{\"@type\":\"ImageObject\",\"inLanguage\":\"pl-PL\",\"@id\":\"https:\/\/wayy.pl\/sklep\/#\/schema\/logo\/image\/\",\"url\":\"https:\/\/wayy.pl\/sklep\/wp-content\/uploads\/sites\/17\/2021\/03\/wayy.png\",\"contentUrl\":\"https:\/\/wayy.pl\/sklep\/wp-content\/uploads\/sites\/17\/2021\/03\/wayy.png\",\"width\":1001,\"height\":352,\"caption\":\"Wayy - automatyka przemys\u0142owa\"},\"image\":{\"@id\":\"https:\/\/wayy.pl\/sklep\/#\/schema\/logo\/image\/\"},\"sameAs\":[\"https:\/\/www.linkedin.com\/company\/klimat-solec\",\"https:\/\/www.youtube.com\/user\/KlimatSolec\"]}]}<\/script>\n<!-- \/ Yoast SEO plugin. -->","yoast_head_json":{"title":"Panel HMI Operatorski Dotykowy wHMI.102.28 - Najlepsza Cena w Sklep Wayy","description":"Wayy.pl \u27a4 Dotykowy Panel HMI do instalacji grzewczych, wentylacyjnych i klimatyzacyjnych \u2714\ufe0f Pe\u0142ne wsparcie techniczne i 2 lata gwarancji \u2714\ufe0f Zapraszamy!","robots":{"index":"index","follow":"follow","max-snippet":"max-snippet:-1","max-image-preview":"max-image-preview:large","max-video-preview":"max-video-preview:-1"},"canonical":"https:\/\/wayy.pl\/sklep\/produkt\/panel-hmi-dotykowy-whmi-203-28-kopia\/","og_locale":"pl_PL","og_type":"article","og_title":"Panel HMI Operatorski Dotykowy wHMI.102.28 - Najlepsza Cena w Sklep Wayy","og_description":"Wayy.pl \u27a4 Dotykowy Panel HMI do instalacji grzewczych, wentylacyjnych i klimatyzacyjnych \u2714\ufe0f Pe\u0142ne wsparcie techniczne i 2 lata gwarancji \u2714\ufe0f Zapraszamy!","og_url":"https:\/\/wayy.pl\/sklep\/produkt\/panel-hmi-dotykowy-whmi-203-28-kopia\/","og_site_name":"Sklep Wayy","article_modified_time":"2026-03-03T09:32:17+00:00","og_image":[{"width":1193,"height":1175,"url":"https:\/\/wayy.pl\/sklep\/wp-content\/uploads\/sites\/17\/2025\/04\/whmi-nowy6.jpg","type":"image\/jpeg"}],"twitter_card":"summary_large_image","twitter_misc":{"Szacowany czas czytania":"2 minuty"},"schema":{"@context":"https:\/\/schema.org","@graph":[{"@type":"WebPage","@id":"https:\/\/wayy.pl\/sklep\/produkt\/panel-hmi-dotykowy-whmi-203-28-kopia\/","url":"https:\/\/wayy.pl\/sklep\/produkt\/panel-hmi-dotykowy-whmi-203-28-kopia\/","name":"Panel HMI Operatorski Dotykowy wHMI.102.28 - Najlepsza Cena w Sklep Wayy","isPartOf":{"@id":"https:\/\/wayy.pl\/sklep\/#website"},"primaryImageOfPage":{"@id":"https:\/\/wayy.pl\/sklep\/produkt\/panel-hmi-dotykowy-whmi-203-28-kopia\/#primaryimage"},"image":{"@id":"https:\/\/wayy.pl\/sklep\/produkt\/panel-hmi-dotykowy-whmi-203-28-kopia\/#primaryimage"},"thumbnailUrl":"https:\/\/wayy.pl\/sklep\/wp-content\/uploads\/sites\/17\/2025\/04\/whmi-nowy6.jpg","datePublished":"2025-04-03T21:46:06+00:00","dateModified":"2026-03-03T09:32:17+00:00","description":"Wayy.pl \u27a4 Dotykowy Panel HMI do instalacji grzewczych, wentylacyjnych i klimatyzacyjnych \u2714\ufe0f Pe\u0142ne wsparcie techniczne i 2 lata gwarancji \u2714\ufe0f Zapraszamy!","breadcrumb":{"@id":"https:\/\/wayy.pl\/sklep\/produkt\/panel-hmi-dotykowy-whmi-203-28-kopia\/#breadcrumb"},"inLanguage":"pl-PL","potentialAction":[{"@type":"ReadAction","target":["https:\/\/wayy.pl\/sklep\/produkt\/panel-hmi-dotykowy-whmi-203-28-kopia\/"]}]},{"@type":"ImageObject","inLanguage":"pl-PL","@id":"https:\/\/wayy.pl\/sklep\/produkt\/panel-hmi-dotykowy-whmi-203-28-kopia\/#primaryimage","url":"https:\/\/wayy.pl\/sklep\/wp-content\/uploads\/sites\/17\/2025\/04\/whmi-nowy6.jpg","contentUrl":"https:\/\/wayy.pl\/sklep\/wp-content\/uploads\/sites\/17\/2025\/04\/whmi-nowy6.jpg","width":1193,"height":1175},{"@type":"BreadcrumbList","@id":"https:\/\/wayy.pl\/sklep\/produkt\/panel-hmi-dotykowy-whmi-203-28-kopia\/#breadcrumb","itemListElement":[{"@type":"ListItem","position":1,"name":"Automatyka przemys\u0142owa","item":"https:\/\/wayy.pl\/sklep\/"},{"@type":"ListItem","position":2,"name":"Produkty","item":"https:\/\/wayy.pl\/sklep\/shop\/"},{"@type":"ListItem","position":3,"name":"Panele dotykowe","item":"https:\/\/wayy.pl\/sklep\/kategoria-produktu\/panele\/"},{"@type":"ListItem","position":4,"name":"Panel HMI dotykowy wHMI.203.28"}]},{"@type":"WebSite","@id":"https:\/\/wayy.pl\/sklep\/#website","url":"https:\/\/wayy.pl\/sklep\/","name":"Sklep Wayy","description":"Automatyka przemys\u0142owa. 6 lat gwarancji.","publisher":{"@id":"https:\/\/wayy.pl\/sklep\/#organization"},"potentialAction":[{"@type":"SearchAction","target":{"@type":"EntryPoint","urlTemplate":"https:\/\/wayy.pl\/sklep\/?s={search_term_string}"},"query-input":"required name=search_term_string"}],"inLanguage":"pl-PL"},{"@type":"Organization","@id":"https:\/\/wayy.pl\/sklep\/#organization","name":"Wayy - automatyka przemys\u0142owa","url":"https:\/\/wayy.pl\/sklep\/","logo":{"@type":"ImageObject","inLanguage":"pl-PL","@id":"https:\/\/wayy.pl\/sklep\/#\/schema\/logo\/image\/","url":"https:\/\/wayy.pl\/sklep\/wp-content\/uploads\/sites\/17\/2021\/03\/wayy.png","contentUrl":"https:\/\/wayy.pl\/sklep\/wp-content\/uploads\/sites\/17\/2021\/03\/wayy.png","width":1001,"height":352,"caption":"Wayy - automatyka przemys\u0142owa"},"image":{"@id":"https:\/\/wayy.pl\/sklep\/#\/schema\/logo\/image\/"},"sameAs":["https:\/\/www.linkedin.com\/company\/klimat-solec","https:\/\/www.youtube.com\/user\/KlimatSolec"]}]}},"tiered_pricing_type":"fixed","tiered_pricing_fixed_rules":[],"tiered_pricing_product_settings":{"layout":"default","base_unit_name":{"singular":null,"plural":null},"default_variation":null},"tiered_pricing_minimum_quantity":1,"tiered_pricing_roles_data":[],"tiered_pricing_percentage_rules":[],"_links":{"self":[{"href":"https:\/\/wayy.pl\/sklep\/wp-json\/wp\/v2\/product\/11335"}],"collection":[{"href":"https:\/\/wayy.pl\/sklep\/wp-json\/wp\/v2\/product"}],"about":[{"href":"https:\/\/wayy.pl\/sklep\/wp-json\/wp\/v2\/types\/product"}],"wp:featuredmedia":[{"embeddable":true,"href":"https:\/\/wayy.pl\/sklep\/wp-json\/wp\/v2\/media\/11366"}],"wp:attachment":[{"href":"https:\/\/wayy.pl\/sklep\/wp-json\/wp\/v2\/media?parent=11335"}],"wp:term":[{"taxonomy":"product_cat","embeddable":true,"href":"https:\/\/wayy.pl\/sklep\/wp-json\/wp\/v2\/product_cat?post=11335"},{"taxonomy":"product_tag","embeddable":true,"href":"https:\/\/wayy.pl\/sklep\/wp-json\/wp\/v2\/product_tag?post=11335"},{"taxonomy":"woo-feed-brand","embeddable":true,"href":"https:\/\/wayy.pl\/sklep\/wp-json\/wp\/v2\/woo-feed-brand?post=11335"}],"curies":[{"name":"wp","href":"https:\/\/api.w.org\/{rel}","templated":true}]}}