{"id":3701,"date":"2020-11-08T19:33:00","date_gmt":"2020-11-08T18:33:00","guid":{"rendered":"http:\/\/wayy.pl\/sklep\/?post_type=product&#038;p=3701"},"modified":"2026-02-09T10:55:54","modified_gmt":"2026-02-09T09:55:54","slug":"sterownik-swobodnie-programowalny-w-plc","status":"publish","type":"product","link":"https:\/\/wayy.pl\/sklep\/produkt\/sterownik-swobodnie-programowalny-w-plc\/","title":{"rendered":"Sterownik swobodnie programowalny wPLC.101 (6xDI, 4xDO). Sterownik PLC"},"content":{"rendered":"<div class=\"elementor-column elementor-col-100 elementor-inner-column elementor-element elementor-element-fb55ef8\" data-id=\"fb55ef8\" data-element_type=\"column\">\n<div class=\"elementor-column-wrap elementor-element-populated\">\n<div class=\"elementor-widget-wrap\">\n<div class=\"elementor-element elementor-element-4ee1714 elementor-widget elementor-widget-text-editor\" data-id=\"4ee1714\" data-element_type=\"widget\" data-widget_type=\"text-editor.default\">\n<div class=\"elementor-widget-container optml-bg-lazyloaded\">\n<div class=\"elementor-text-editor elementor-clearfix\" style=\"color: #000000\">\n<p><strong>Sterowniki swobodnie programowalne PLC s\u0105 doskona\u0142ym narz\u0119dziem umo\u017cliwiaj\u0105cym realizowanie aplikacji o r\u00f3\u017cnym stopniu zaawansowania<\/strong> algorytm\u00f3w sterowania. Zawarty program u\u017cytkowy kontroluje sygna\u0142y wej\u015bciowe i wp\u0142ywa na stany wyj\u015b\u0107. Bogata lista rozkaz\u00f3w, zintegrowane wej\u015bcia i wyj\u015bcia cyfrowe oraz porty komunikacyjne tworz\u0105 z niego elastyczne i skuteczne narz\u0119dzie kontrolno-steruj\u0105ce w r\u00f3\u017cnorodnych aplikacjach. <strong>Sterownik swobodnie programowalny wsp\u00f3\u0142pracuje ze wszystkimi systemami i urz\u0105dzeniami wyposa\u017conymi w<\/strong>: interfejs RS-485 i Ethernet 10\/100 Mbit\/s oraz obs\u0142uguj\u0105cymi protok\u00f3\u0142 Modbus RTU i TCP\/IP.<\/p>\n<h2>Sterowniki swobodnie programowalne \u2014 zasada dzia\u0142ania<\/h2>\n<p>Po wpisaniu programu u\u017cytkownika do <a href=\"\/sklep\/kategoria-produktu\/sterowniki\/\">sterownika PLC<\/a>, rozpoczyna on dzia\u0142anie wg wyznaczonego algorytmu. Odczytuje dane z lokalnych (umieszczonych fizycznie w sterowniku) i zdalnych wej\u015b\u0107, oraz zapisuje warto\u015bci lokalnych i zdalnych wyj\u015bciach. Do lokalnych wej\u015b\u0107 cyfrowych modu\u0142u mo\u017cemy do\u0142\u0105czy\u0107 zewn\u0119trzne \u017ar\u00f3d\u0142a napi\u0119cia w zakresie 0..24V. <strong>Sterownik swobodnie programowalny dokonuje pomiaru sygna\u0142\u00f3w wej\u015bciowych<\/strong>,<strong> a jego stan zostaje zapisany w pami\u0119ci urz\u0105dzenia<\/strong>. Do wyj\u015b\u0107 cyfrowych bezpotencja\u0142owych mo\u017cemy do\u0142\u0105czy\u0107 odbiornik wraz ze \u017ar\u00f3d\u0142em sygna\u0142u napi\u0119cia sta\u0142ego lub zmiennego (max. 30VDC\/250VAC). Aby ustawi\u0107 \u017c\u0105dan\u0105 warto\u015b\u0107 stanu wyj\u015bciowego przeka\u017anika, nale\u017cy dokona\u0107 wpisu pod odpowiedni adres pami\u0119ci urz\u0105dzenia.<\/p>\n<p><strong>Sterownik PLC zawiera<\/strong>:<\/p>\n<ul>\n<li>6 wej\u015b\u0107 cyfrowych,<\/li>\n<li>4 wyj\u015bcia przeka\u017anikowe,<\/li>\n<li>Zintegrowany wy\u015bwietlacz i klawiatur\u0119,<\/li>\n<li>Zasilanie 22\u202626 V DC,<\/li>\n<li>Modbus RTU Master,<\/li>\n<li>Modbus TCP\/IP Slave,<\/li>\n<li>Slot pami\u0119ci karty SD,<\/li>\n<\/ul>\n<p><strong>Dodatkowo w sk\u0142ad oferty wchodzi<\/strong>:<\/p>\n<ul>\n<li>Oprogramowanie KIDE wraz z licencj\u0105,<\/li>\n<li>Pe\u0142ne wparcie techniczne,<\/li>\n<li>6 lat gwarancji,<\/li>\n<\/ul>\n<p>Dost\u0119pne mamy r\u00f3wnie\u017c podobne urz\u0105dzenia <a href=\"\/sklep\">automatyki przemys\u0142owej<\/a> mi\u0119dzy innymi <a href=\"\/sklep\/\/produkt\/sterownik-klimakonwektora-wfc-101-8xdi-8xro-4xti-4xai-4xao\/\">sterownik klimakonwektora<\/a> czy ca\u0142y<a href=\"\/sklep\/\/produkt\/zestaw-do-sterowania-klimakonwektorem-w-fci\/\"> zestaw do sterowania klimakonwektorem<\/a>. Zach\u0119camy do zapoznania si\u0119 z naszymi propozycjami!<\/p>\n<\/div>\n<\/div>\n<\/div>\n<\/div>\n<\/div>\n<\/div>\n<div class=\"elementor-column elementor-col-100 elementor-inner-column elementor-element elementor-element-d08f222\" data-id=\"d08f222\" data-element_type=\"column\">\n<div class=\"elementor-column-wrap elementor-element-populated\">\n<div class=\"elementor-widget-wrap\">\n<div class=\"elementor-element elementor-element-ce7bfe4 elementor-widget elementor-widget-text-editor\" data-id=\"ce7bfe4\" data-element_type=\"widget\" data-widget_type=\"text-editor.default\">\n<div class=\"elementor-widget-container optml-bg-lazyloaded\">\n<div class=\"elementor-text-editor elementor-clearfix\">\n<p>&nbsp;<\/p>\n<p><img fetchpriority=\"high\" decoding=\"async\" class=\"alignnone wp-image-10156 size-full\" src=\"https:\/\/wayy.pl\/sklep\/wp-content\/uploads\/sites\/17\/2023\/05\/baner.jpg\" alt=\"\" width=\"1200\" height=\"300\" \/><\/p>\n<p>&nbsp;<\/p>\n<hr \/>\n<p><span style=\"color: #000000\"><strong>Tego potrzebujesz do konfiguracji sterownika<\/strong><\/span><\/p>\n<p><a href=\"http:\/\/wayy.pl\/sklep\/produkt\/zasilacz\/\"><img decoding=\"async\" class=\"alignnone size-full wp-image-5688 hvr-grow\" src=\"https:\/\/wayy.pl\/sklep\/wp-content\/uploads\/sites\/17\/2021\/03\/150px-zasilacz.jpg\" alt=\"\" width=\"150\" height=\"150\" srcset=\"https:\/\/wayy.pl\/sklep\/wp-content\/uploads\/sites\/17\/2021\/03\/150px-zasilacz.jpg 150w, https:\/\/wayy.pl\/sklep\/wp-content\/uploads\/sites\/17\/2021\/03\/150px-zasilacz-100x100.jpg 100w\" sizes=\"(max-width: 150px) 100vw, 150px\" \/><\/a> <a href=\"http:\/\/wayy.pl\/sklep\/produkt\/wtyk-rj-45\/\"><img decoding=\"async\" class=\"alignnone size-full wp-image-5908 hvr-grow\" src=\"https:\/\/wayy.pl\/sklep\/wp-content\/uploads\/sites\/17\/2020\/11\/wtyk-rj-45-150x150-1.png\" alt=\"\" width=\"150\" height=\"150\" srcset=\"https:\/\/wayy.pl\/sklep\/wp-content\/uploads\/sites\/17\/2020\/11\/wtyk-rj-45-150x150-1.png 150w, https:\/\/wayy.pl\/sklep\/wp-content\/uploads\/sites\/17\/2020\/11\/wtyk-rj-45-150x150-1-100x100.png 100w\" sizes=\"(max-width: 150px) 100vw, 150px\" \/><\/a> <a href=\"http:\/\/wayy.pl\/sklep\/produkt\/oprogramowanie_kide\/\"><img loading=\"lazy\" decoding=\"async\" class=\"alignnone size-full wp-image-5907 hvr-grow\" src=\"https:\/\/wayy.pl\/sklep\/wp-content\/uploads\/sites\/17\/2020\/11\/kide-150x150-1.png\" alt=\"\" width=\"150\" height=\"150\" srcset=\"https:\/\/wayy.pl\/sklep\/wp-content\/uploads\/sites\/17\/2020\/11\/kide-150x150-1.png 150w, https:\/\/wayy.pl\/sklep\/wp-content\/uploads\/sites\/17\/2020\/11\/kide-150x150-1-100x100.png 100w\" sizes=\"(max-width: 150px) 100vw, 150px\" \/><\/a> <a href=\"http:\/\/wayy.pl\/sklep\/produkt\/przewod-ethernet\/\"><img loading=\"lazy\" decoding=\"async\" class=\"alignnone size-full wp-image-5906 hvr-grow\" src=\"https:\/\/wayy.pl\/sklep\/wp-content\/uploads\/sites\/17\/2020\/11\/ethernet-150x150-1.png\" alt=\"\" width=\"150\" height=\"150\" srcset=\"https:\/\/wayy.pl\/sklep\/wp-content\/uploads\/sites\/17\/2020\/11\/ethernet-150x150-1.png 150w, https:\/\/wayy.pl\/sklep\/wp-content\/uploads\/sites\/17\/2020\/11\/ethernet-150x150-1-100x100.png 100w\" sizes=\"(max-width: 150px) 100vw, 150px\" \/><\/a> <a href=\"http:\/\/wayy.pl\/sklep\/produkt\/przewod-zasilajaco-transmisyjny-bit-liycy-uv-2x2x05mm2-2\/\"><img loading=\"lazy\" decoding=\"async\" class=\"alignnone size-full wp-image-5679 hvr-grow\" src=\"https:\/\/wayy.pl\/sklep\/wp-content\/uploads\/sites\/17\/2021\/03\/150px-przewod-zas-trans.jpg\" alt=\"\" width=\"150\" height=\"150\" srcset=\"https:\/\/wayy.pl\/sklep\/wp-content\/uploads\/sites\/17\/2021\/03\/150px-przewod-zas-trans.jpg 150w, https:\/\/wayy.pl\/sklep\/wp-content\/uploads\/sites\/17\/2021\/03\/150px-przewod-zas-trans-100x100.jpg 100w\" sizes=\"(max-width: 150px) 100vw, 150px\" \/><\/a><a href=\"http:\/\/wayy.pl\/sklep\/produkt\/wtyk-rj-45\/\">\u00a0\u00a0\u00a0<\/a><\/p>\n<\/div>\n<\/div>\n<\/div>\n<\/div>\n<\/div>\n<\/div>\n","protected":false},"excerpt":{"rendered":"<p>&nbsp;<\/p>\n<ul>\n<li><strong>cena przy ilo\u015bci: 2+\u00a0 \u00a0 \u00a0673 PLN <\/strong>+ 23% VAT \/ szt.<\/li>\n<li><strong>cena przy ilo\u015bci: 6+\u00a0 \u00a0 \u00a0654 PLN <\/strong>+ 23% VAT \/ szt.<\/li>\n<li><strong>cena przy ilo\u015bci: 11+\u00a0 \u00a0636 PLN <\/strong>+ 23% VAT \/ szt.<\/li>\n<li><strong>cena przy ilo\u015bci: 21+\u00a0 \u00a0618 PLN <\/strong>+ 23% VAT \/ szt.<\/li>\n<\/ul>\n<p><img loading=\"lazy\" decoding=\"async\" class=\"alignnone size-full wp-image-7471\" src=\"https:\/\/wayy.pl\/sklep\/wp-content\/uploads\/sites\/17\/2022\/02\/paypro-banerek.jpg\" alt=\"\" width=\"841\" height=\"86\" \/><\/p>\n<ul>\n<li><span style=\"color: #000000\">6 wej\u015b\u0107 cyfrowych i 4 wyj\u015bcia cyfrowe przeka\u017anikowe<\/span><\/li>\n<li><span style=\"color: #000000\">Zintegrowany wy\u015bwietlacz i klawiatura<\/span><\/li>\n<li><span style=\"color: #000000\">Napi\u0119cie zasilania 22..26V DC<\/span><\/li>\n<li><span style=\"color: #000000\">Modbus RTU Master i TCP\/IP Slave<\/span><\/li>\n<li><span style=\"color: #000000\">Slot karty pami\u0119ci SD\u00a0<\/span><\/li>\n<li><span style=\"color: #000000\">Oprogramowanie KIDE z licencj\u0105 w cenie sterownika <\/span><\/li>\n<li><span style=\"color: #000000\">Pe\u0142ne wsparcie techniczne\u00a0<\/span><\/li>\n<\/ul>\n","protected":false},"featured_media":3705,"template":"","meta":{"site-sidebar-layout":"default","site-content-layout":"default","ast-site-content-layout":"default","site-content-style":"default","site-sidebar-style":"default","ast-global-header-display":"","ast-banner-title-visibility":"","ast-main-header-display":"","ast-hfb-above-header-display":"","ast-hfb-below-header-display":"","ast-hfb-mobile-header-display":"","site-post-title":"","ast-breadcrumbs-content":"","ast-featured-img":"","footer-sml-layout":"","theme-transparent-header-meta":"default","adv-header-id-meta":"","stick-header-meta":"default","header-above-stick-meta":"","header-main-stick-meta":"","header-below-stick-meta":"","astra-migrate-meta-layouts":"set","ast-page-background-enabled":"default","ast-page-background-meta":{"desktop":{"background-color":"","background-image":"","background-repeat":"repeat","background-position":"center center","background-size":"auto","background-attachment":"scroll","background-type":"","background-media":"","overlay-type":"","overlay-color":"","overlay-opacity":"","overlay-gradient":""},"tablet":{"background-color":"","background-image":"","background-repeat":"repeat","background-position":"center center","background-size":"auto","background-attachment":"scroll","background-type":"","background-media":"","overlay-type":"","overlay-color":"","overlay-opacity":"","overlay-gradient":""},"mobile":{"background-color":"","background-image":"","background-repeat":"repeat","background-position":"center center","background-size":"auto","background-attachment":"scroll","background-type":"","background-media":"","overlay-type":"","overlay-color":"","overlay-opacity":"","overlay-gradient":""}},"ast-content-background-meta":{"desktop":{"background-color":"var(--ast-global-color-5)","background-image":"","background-repeat":"repeat","background-position":"center center","background-size":"auto","background-attachment":"scroll","background-type":"","background-media":"","overlay-type":"","overlay-color":"","overlay-opacity":"","overlay-gradient":""},"tablet":{"background-color":"var(--ast-global-color-5)","background-image":"","background-repeat":"repeat","background-position":"center center","background-size":"auto","background-attachment":"scroll","background-type":"","background-media":"","overlay-type":"","overlay-color":"","overlay-opacity":"","overlay-gradient":""},"mobile":{"background-color":"var(--ast-global-color-5)","background-image":"","background-repeat":"repeat","background-position":"center center","background-size":"auto","background-attachment":"scroll","background-type":"","background-media":"","overlay-type":"","overlay-color":"","overlay-opacity":"","overlay-gradient":""}}},"product_cat":[30],"product_tag":[43,84,83],"woo-feed-brand":[],"class_list":{"0":"post-3701","1":"product","2":"type-product","3":"status-publish","4":"has-post-thumbnail","6":"product_cat-sterowniki","7":"product_tag-automatyka","8":"product_tag-plc","9":"product_tag-sterownik-swobodnie-programowalny","10":"product_shipping_class-torba_papierowa_mala","11":"desktop-align-left","12":"tablet-align-left","13":"mobile-align-left","14":"ast-product-gallery-layout-horizontal","15":"ast-product-gallery-with-no-image","16":"ast-magnify-disabled","17":"ast-product-tabs-layout-horizontal","19":"first","20":"instock","21":"featured","22":"taxable","23":"shipping-taxable","24":"purchasable","25":"product-type-simple"},"yoast_head":"<!-- This site is optimized with the Yoast SEO plugin v23.3 - https:\/\/yoast.com\/wordpress\/plugins\/seo\/ -->\n<title>Sterownik Swobodnie Programowalny wPLC.101 (6xDI, 4xDO) - Najlepsza Cena w Sklep Wayy<\/title>\n<meta name=\"description\" content=\"Wayy.pl \u27a4 Tw\u00f3j sklep z automatyk\u0105 przemys\u0142ow\u0105 \u2714\ufe0f Sterownik swobodnie programowalny wPLC.101 \u2714\ufe0f Pe\u0142ne wsparcie techniczne i 2 lata gwarancji \u2714\ufe0f Zapraszamy!\" \/>\n<meta name=\"robots\" content=\"index, follow, max-snippet:-1, max-image-preview:large, max-video-preview:-1\" \/>\n<link rel=\"canonical\" href=\"https:\/\/wayy.pl\/sklep\/produkt\/sterownik-swobodnie-programowalny-w-plc\/\" \/>\n<meta property=\"og:locale\" content=\"pl_PL\" \/>\n<meta property=\"og:type\" content=\"article\" \/>\n<meta property=\"og:title\" content=\"Sterownik Swobodnie Programowalny wPLC.101 (6xDI, 4xDO) - Najlepsza Cena w Sklep Wayy\" \/>\n<meta property=\"og:description\" content=\"Wayy.pl \u27a4 Tw\u00f3j sklep z automatyk\u0105 przemys\u0142ow\u0105 \u2714\ufe0f Sterownik swobodnie programowalny wPLC.101 \u2714\ufe0f Pe\u0142ne wsparcie techniczne i 2 lata gwarancji \u2714\ufe0f Zapraszamy!\" \/>\n<meta property=\"og:url\" content=\"https:\/\/wayy.pl\/sklep\/produkt\/sterownik-swobodnie-programowalny-w-plc\/\" \/>\n<meta property=\"og:site_name\" content=\"Sklep Wayy\" \/>\n<meta property=\"article:modified_time\" content=\"2026-02-09T09:55:54+00:00\" \/>\n<meta property=\"og:image\" content=\"https:\/\/wayy.pl\/sklep\/wp-content\/uploads\/sites\/17\/2020\/11\/Sterownik-W.PLC_.101.jpg\" \/>\n\t<meta property=\"og:image:width\" content=\"1000\" \/>\n\t<meta property=\"og:image:height\" content=\"1000\" \/>\n\t<meta property=\"og:image:type\" content=\"image\/jpeg\" \/>\n<meta name=\"twitter:card\" content=\"summary_large_image\" \/>\n<meta name=\"twitter:label1\" content=\"Szacowany czas czytania\" \/>\n\t<meta name=\"twitter:data1\" content=\"3 minuty\" \/>\n<script type=\"application\/ld+json\" class=\"yoast-schema-graph\">{\"@context\":\"https:\/\/schema.org\",\"@graph\":[{\"@type\":\"WebPage\",\"@id\":\"https:\/\/wayy.pl\/sklep\/produkt\/sterownik-swobodnie-programowalny-w-plc\/\",\"url\":\"https:\/\/wayy.pl\/sklep\/produkt\/sterownik-swobodnie-programowalny-w-plc\/\",\"name\":\"Sterownik Swobodnie Programowalny wPLC.101 (6xDI, 4xDO) - Najlepsza Cena w Sklep Wayy\",\"isPartOf\":{\"@id\":\"https:\/\/wayy.pl\/sklep\/#website\"},\"primaryImageOfPage\":{\"@id\":\"https:\/\/wayy.pl\/sklep\/produkt\/sterownik-swobodnie-programowalny-w-plc\/#primaryimage\"},\"image\":{\"@id\":\"https:\/\/wayy.pl\/sklep\/produkt\/sterownik-swobodnie-programowalny-w-plc\/#primaryimage\"},\"thumbnailUrl\":\"https:\/\/wayy.pl\/sklep\/wp-content\/uploads\/sites\/17\/2020\/11\/Sterownik-W.PLC_.101.jpg\",\"datePublished\":\"2020-11-08T18:33:00+00:00\",\"dateModified\":\"2026-02-09T09:55:54+00:00\",\"description\":\"Wayy.pl \u27a4 Tw\u00f3j sklep z automatyk\u0105 przemys\u0142ow\u0105 \u2714\ufe0f Sterownik swobodnie programowalny wPLC.101 \u2714\ufe0f Pe\u0142ne wsparcie techniczne i 2 lata gwarancji \u2714\ufe0f Zapraszamy!\",\"breadcrumb\":{\"@id\":\"https:\/\/wayy.pl\/sklep\/produkt\/sterownik-swobodnie-programowalny-w-plc\/#breadcrumb\"},\"inLanguage\":\"pl-PL\",\"potentialAction\":[{\"@type\":\"ReadAction\",\"target\":[\"https:\/\/wayy.pl\/sklep\/produkt\/sterownik-swobodnie-programowalny-w-plc\/\"]}]},{\"@type\":\"ImageObject\",\"inLanguage\":\"pl-PL\",\"@id\":\"https:\/\/wayy.pl\/sklep\/produkt\/sterownik-swobodnie-programowalny-w-plc\/#primaryimage\",\"url\":\"https:\/\/wayy.pl\/sklep\/wp-content\/uploads\/sites\/17\/2020\/11\/Sterownik-W.PLC_.101.jpg\",\"contentUrl\":\"https:\/\/wayy.pl\/sklep\/wp-content\/uploads\/sites\/17\/2020\/11\/Sterownik-W.PLC_.101.jpg\",\"width\":1000,\"height\":1000,\"caption\":\"sterownik-swobodnie-programowalny-wplc\"},{\"@type\":\"BreadcrumbList\",\"@id\":\"https:\/\/wayy.pl\/sklep\/produkt\/sterownik-swobodnie-programowalny-w-plc\/#breadcrumb\",\"itemListElement\":[{\"@type\":\"ListItem\",\"position\":1,\"name\":\"Automatyka przemys\u0142owa\",\"item\":\"https:\/\/wayy.pl\/sklep\/\"},{\"@type\":\"ListItem\",\"position\":2,\"name\":\"Produkty\",\"item\":\"https:\/\/wayy.pl\/sklep\/shop\/\"},{\"@type\":\"ListItem\",\"position\":3,\"name\":\"Sterowniki\",\"item\":\"https:\/\/wayy.pl\/sklep\/kategoria-produktu\/sterowniki\/\"},{\"@type\":\"ListItem\",\"position\":4,\"name\":\"Sterownik swobodnie programowalny wPLC.101 (6xDI, 4xDO). Sterownik PLC\"}]},{\"@type\":\"WebSite\",\"@id\":\"https:\/\/wayy.pl\/sklep\/#website\",\"url\":\"https:\/\/wayy.pl\/sklep\/\",\"name\":\"Sklep Wayy\",\"description\":\"Automatyka przemys\u0142owa. 6 lat gwarancji.\",\"publisher\":{\"@id\":\"https:\/\/wayy.pl\/sklep\/#organization\"},\"potentialAction\":[{\"@type\":\"SearchAction\",\"target\":{\"@type\":\"EntryPoint\",\"urlTemplate\":\"https:\/\/wayy.pl\/sklep\/?s={search_term_string}\"},\"query-input\":\"required name=search_term_string\"}],\"inLanguage\":\"pl-PL\"},{\"@type\":\"Organization\",\"@id\":\"https:\/\/wayy.pl\/sklep\/#organization\",\"name\":\"Wayy - automatyka przemys\u0142owa\",\"url\":\"https:\/\/wayy.pl\/sklep\/\",\"logo\":{\"@type\":\"ImageObject\",\"inLanguage\":\"pl-PL\",\"@id\":\"https:\/\/wayy.pl\/sklep\/#\/schema\/logo\/image\/\",\"url\":\"https:\/\/wayy.pl\/sklep\/wp-content\/uploads\/sites\/17\/2021\/03\/wayy.png\",\"contentUrl\":\"https:\/\/wayy.pl\/sklep\/wp-content\/uploads\/sites\/17\/2021\/03\/wayy.png\",\"width\":1001,\"height\":352,\"caption\":\"Wayy - automatyka przemys\u0142owa\"},\"image\":{\"@id\":\"https:\/\/wayy.pl\/sklep\/#\/schema\/logo\/image\/\"},\"sameAs\":[\"https:\/\/www.linkedin.com\/company\/klimat-solec\",\"https:\/\/www.youtube.com\/user\/KlimatSolec\"]}]}<\/script>\n<!-- \/ Yoast SEO plugin. -->","yoast_head_json":{"title":"Sterownik Swobodnie Programowalny wPLC.101 (6xDI, 4xDO) - Najlepsza Cena w Sklep Wayy","description":"Wayy.pl \u27a4 Tw\u00f3j sklep z automatyk\u0105 przemys\u0142ow\u0105 \u2714\ufe0f Sterownik swobodnie programowalny wPLC.101 \u2714\ufe0f Pe\u0142ne wsparcie techniczne i 2 lata gwarancji \u2714\ufe0f Zapraszamy!","robots":{"index":"index","follow":"follow","max-snippet":"max-snippet:-1","max-image-preview":"max-image-preview:large","max-video-preview":"max-video-preview:-1"},"canonical":"https:\/\/wayy.pl\/sklep\/produkt\/sterownik-swobodnie-programowalny-w-plc\/","og_locale":"pl_PL","og_type":"article","og_title":"Sterownik Swobodnie Programowalny wPLC.101 (6xDI, 4xDO) - Najlepsza Cena w Sklep Wayy","og_description":"Wayy.pl \u27a4 Tw\u00f3j sklep z automatyk\u0105 przemys\u0142ow\u0105 \u2714\ufe0f Sterownik swobodnie programowalny wPLC.101 \u2714\ufe0f Pe\u0142ne wsparcie techniczne i 2 lata gwarancji \u2714\ufe0f Zapraszamy!","og_url":"https:\/\/wayy.pl\/sklep\/produkt\/sterownik-swobodnie-programowalny-w-plc\/","og_site_name":"Sklep Wayy","article_modified_time":"2026-02-09T09:55:54+00:00","og_image":[{"width":1000,"height":1000,"url":"https:\/\/wayy.pl\/sklep\/wp-content\/uploads\/sites\/17\/2020\/11\/Sterownik-W.PLC_.101.jpg","type":"image\/jpeg"}],"twitter_card":"summary_large_image","twitter_misc":{"Szacowany czas czytania":"3 minuty"},"schema":{"@context":"https:\/\/schema.org","@graph":[{"@type":"WebPage","@id":"https:\/\/wayy.pl\/sklep\/produkt\/sterownik-swobodnie-programowalny-w-plc\/","url":"https:\/\/wayy.pl\/sklep\/produkt\/sterownik-swobodnie-programowalny-w-plc\/","name":"Sterownik Swobodnie Programowalny wPLC.101 (6xDI, 4xDO) - Najlepsza Cena w Sklep Wayy","isPartOf":{"@id":"https:\/\/wayy.pl\/sklep\/#website"},"primaryImageOfPage":{"@id":"https:\/\/wayy.pl\/sklep\/produkt\/sterownik-swobodnie-programowalny-w-plc\/#primaryimage"},"image":{"@id":"https:\/\/wayy.pl\/sklep\/produkt\/sterownik-swobodnie-programowalny-w-plc\/#primaryimage"},"thumbnailUrl":"https:\/\/wayy.pl\/sklep\/wp-content\/uploads\/sites\/17\/2020\/11\/Sterownik-W.PLC_.101.jpg","datePublished":"2020-11-08T18:33:00+00:00","dateModified":"2026-02-09T09:55:54+00:00","description":"Wayy.pl \u27a4 Tw\u00f3j sklep z automatyk\u0105 przemys\u0142ow\u0105 \u2714\ufe0f Sterownik swobodnie programowalny wPLC.101 \u2714\ufe0f Pe\u0142ne wsparcie techniczne i 2 lata gwarancji \u2714\ufe0f Zapraszamy!","breadcrumb":{"@id":"https:\/\/wayy.pl\/sklep\/produkt\/sterownik-swobodnie-programowalny-w-plc\/#breadcrumb"},"inLanguage":"pl-PL","potentialAction":[{"@type":"ReadAction","target":["https:\/\/wayy.pl\/sklep\/produkt\/sterownik-swobodnie-programowalny-w-plc\/"]}]},{"@type":"ImageObject","inLanguage":"pl-PL","@id":"https:\/\/wayy.pl\/sklep\/produkt\/sterownik-swobodnie-programowalny-w-plc\/#primaryimage","url":"https:\/\/wayy.pl\/sklep\/wp-content\/uploads\/sites\/17\/2020\/11\/Sterownik-W.PLC_.101.jpg","contentUrl":"https:\/\/wayy.pl\/sklep\/wp-content\/uploads\/sites\/17\/2020\/11\/Sterownik-W.PLC_.101.jpg","width":1000,"height":1000,"caption":"sterownik-swobodnie-programowalny-wplc"},{"@type":"BreadcrumbList","@id":"https:\/\/wayy.pl\/sklep\/produkt\/sterownik-swobodnie-programowalny-w-plc\/#breadcrumb","itemListElement":[{"@type":"ListItem","position":1,"name":"Automatyka przemys\u0142owa","item":"https:\/\/wayy.pl\/sklep\/"},{"@type":"ListItem","position":2,"name":"Produkty","item":"https:\/\/wayy.pl\/sklep\/shop\/"},{"@type":"ListItem","position":3,"name":"Sterowniki","item":"https:\/\/wayy.pl\/sklep\/kategoria-produktu\/sterowniki\/"},{"@type":"ListItem","position":4,"name":"Sterownik swobodnie programowalny wPLC.101 (6xDI, 4xDO). Sterownik PLC"}]},{"@type":"WebSite","@id":"https:\/\/wayy.pl\/sklep\/#website","url":"https:\/\/wayy.pl\/sklep\/","name":"Sklep Wayy","description":"Automatyka przemys\u0142owa. 6 lat gwarancji.","publisher":{"@id":"https:\/\/wayy.pl\/sklep\/#organization"},"potentialAction":[{"@type":"SearchAction","target":{"@type":"EntryPoint","urlTemplate":"https:\/\/wayy.pl\/sklep\/?s={search_term_string}"},"query-input":"required name=search_term_string"}],"inLanguage":"pl-PL"},{"@type":"Organization","@id":"https:\/\/wayy.pl\/sklep\/#organization","name":"Wayy - automatyka przemys\u0142owa","url":"https:\/\/wayy.pl\/sklep\/","logo":{"@type":"ImageObject","inLanguage":"pl-PL","@id":"https:\/\/wayy.pl\/sklep\/#\/schema\/logo\/image\/","url":"https:\/\/wayy.pl\/sklep\/wp-content\/uploads\/sites\/17\/2021\/03\/wayy.png","contentUrl":"https:\/\/wayy.pl\/sklep\/wp-content\/uploads\/sites\/17\/2021\/03\/wayy.png","width":1001,"height":352,"caption":"Wayy - automatyka przemys\u0142owa"},"image":{"@id":"https:\/\/wayy.pl\/sklep\/#\/schema\/logo\/image\/"},"sameAs":["https:\/\/www.linkedin.com\/company\/klimat-solec","https:\/\/www.youtube.com\/user\/KlimatSolec"]}]}},"tiered_pricing_type":"fixed","tiered_pricing_fixed_rules":[],"tiered_pricing_product_settings":{"layout":"default","base_unit_name":{"singular":null,"plural":null},"default_variation":null},"tiered_pricing_minimum_quantity":1,"tiered_pricing_roles_data":[],"tiered_pricing_percentage_rules":[],"_links":{"self":[{"href":"https:\/\/wayy.pl\/sklep\/wp-json\/wp\/v2\/product\/3701"}],"collection":[{"href":"https:\/\/wayy.pl\/sklep\/wp-json\/wp\/v2\/product"}],"about":[{"href":"https:\/\/wayy.pl\/sklep\/wp-json\/wp\/v2\/types\/product"}],"wp:featuredmedia":[{"embeddable":true,"href":"https:\/\/wayy.pl\/sklep\/wp-json\/wp\/v2\/media\/3705"}],"wp:attachment":[{"href":"https:\/\/wayy.pl\/sklep\/wp-json\/wp\/v2\/media?parent=3701"}],"wp:term":[{"taxonomy":"product_cat","embeddable":true,"href":"https:\/\/wayy.pl\/sklep\/wp-json\/wp\/v2\/product_cat?post=3701"},{"taxonomy":"product_tag","embeddable":true,"href":"https:\/\/wayy.pl\/sklep\/wp-json\/wp\/v2\/product_tag?post=3701"},{"taxonomy":"woo-feed-brand","embeddable":true,"href":"https:\/\/wayy.pl\/sklep\/wp-json\/wp\/v2\/woo-feed-brand?post=3701"}],"curies":[{"name":"wp","href":"https:\/\/api.w.org\/{rel}","templated":true}]}}