{"id":3726,"date":"2020-11-09T14:16:14","date_gmt":"2020-11-09T13:16:14","guid":{"rendered":"http:\/\/wayy.pl\/sklep\/?post_type=product&#038;p=3726"},"modified":"2026-02-11T11:14:21","modified_gmt":"2026-02-11T10:14:21","slug":"zestaw-do-sterowania-klimakonwektorem-w-fci","status":"publish","type":"product","link":"https:\/\/wayy.pl\/sklep\/produkt\/zestaw-do-sterowania-klimakonwektorem-w-fci\/","title":{"rendered":"Zestaw do sterowania klimakonwektorem wFC.101+wFCI.102.28 (8xDI, 8xDO, 4xTI, 4xAI, 4xAO)"},"content":{"rendered":"<div class=\"elementor-column elementor-col-100 elementor-inner-column elementor-element elementor-element-31c20c01\" data-id=\"31c20c01\" data-element_type=\"column\">\n<div class=\"elementor-column-wrap elementor-element-populated\">\n<div class=\"elementor-widget-wrap\">\n<div class=\"elementor-element elementor-element-476ceb32 elementor-widget elementor-widget-text-editor\" data-id=\"476ceb32\" data-element_type=\"widget\" data-widget_type=\"text-editor.default\">\n<div class=\"elementor-widget-container optml-bg-lazyloaded\">\n<div class=\"elementor-text-editor elementor-clearfix\" style=\"color: #000000\">\n<p><strong>Zestaw do sterowania klimakonwektorem zawiera<\/strong>: sterownik konfigurowalny W.FC.101 oraz panel dotykowy W.FCI.102.28. Klimakonwektor s\u0142u\u017cy do utrzymania zadanej temperatury w pomieszczeniach. Wykorzystywany jest w automatyce budynkowej. <strong>Sterowanie klimakonwektorem za pomoc\u0105 naszego kompletu dotyczy m.in.<\/strong>:<\/p>\n<ul>\n<li>odczytu temperatury poprzez wbudowany lub zewn\u0119trzny czujnik,<\/li>\n<li>ustawienia ogranicze\u0144 temperatury zadanej w zakresach maksymalnym i minimalnym,<\/li>\n<li>automatycznego sterowania klimakonwektorem w trybie ogrzewania i\/lub ch\u0142odzenia.<\/li>\n<li>Mo\u017cliwo\u015b\u0107 pod\u0142\u0105czenia 4 sterownik\u00f3w W.FC.101 do jednego panelu W.FCI.102.28<\/li>\n<\/ul>\n<h2>Zestaw do sterowania klimakonwektorem \u2014 zasada dzia\u0142ania<\/h2>\n<p>Po w\u0142\u0105czeniu zasilania <a href=\"\/sklep\/\/produkt\/sterownik-klimakonwektora-wfc-101-8xdi-8xro-4xti-4xai-4xao\/\">sterownik klimakonwektora<\/a> rozpoczyna swoje dzia\u0142anie wed\u0142ug ustalonego algorytmu. Komunikuje si\u0119 z zainstalowanymi w sieci urz\u0105dzeniem MASTER (W.FCI.102.28), <strong>pomi\u0119dzy urz\u0105dzeniami nast\u0119puje wymiana danych<\/strong>. Wbudowany panel dotykowy (W.FCI.102.28) poprzez intuicyjny interfejs pozwala na dost\u0119p do parametr\u00f3w systemu. Poprzez zmian\u0119 warto\u015bci wybranych parametr\u00f3w u\u017cytkownik mo\u017ce wp\u0142ywa\u0107 na funkcjonowanie systemu.<\/p>\n<p><strong>W sterowniku klimakonwektora znajduje si\u0119 program konfigurowalny<\/strong> oraz mo\u017ce znajdowa\u0107 si\u0119 dodatkowy program swobodnie programowalny. Cz\u0119\u015b\u0107 konfigurowalna zawiera program obs\u0142uguj\u0105cy funkcje klimakonwektora. Program swobodnie programowalny mo\u017ce s\u0142u\u017cy\u0107 do rozwini\u0119cia funkcjonalno\u015bci sterownika. Ustawienia programu konfigurowalnego dost\u0119pne s\u0105 poprzez magistral\u0119 RS485 i protok\u00f3\u0142 Modbus RTU lub ekran dotykowy. Program umieszczony w cz\u0119\u015bci swobodnie programowalnej sterownika W.FC.101 mo\u017ce korzysta\u0107 z wybranych stan\u00f3w parametr\u00f3w programu konfigurowalnego oraz z przypisanych mu wej\u015b\u0107 i wyj\u015b\u0107.<\/p>\n<p><strong>Zestaw do sterowania klimakonwektorem zawiera<\/strong>:<\/p>\n<ul>\n<li>8 wej\u015b\u0107 cyfrowych, w tym 3 wej\u015bcia zdefiniowane i 5 wej\u015b\u0107 swobodnie programowalnych,<\/li>\n<li>8 wyj\u015b\u0107 przeka\u017anikowych w tym 5 wyj\u015b\u0107 zdefiniowanych i 3 swobodnie programowalne,<\/li>\n<li>4 wej\u015bcia temperaturowe NTC 10k w tym 2 wej\u015bcia zdefiniowane i 2 swobodnie programowalne,<\/li>\n<li>4 wej\u015bcia analogowe 0-10V swobodnie programowalne,<\/li>\n<li>4 wyj\u015bcia analogowe 0-10V w tym 2 wej\u015bcia zdefiniowane i 2 swobodnie programowalne,<\/li>\n<li>Zasilanie 22\u202626 V DC,<\/li>\n<li>Dwa porty Modus RTU Slave.<\/li>\n<\/ul>\n<p>Oferujemy te\u017c inne urz\u0105dzenia <a href=\"\/sklep\">automatyki przemys\u0142owej<\/a> np.: <a href=\"\/sklep\/kategoria-produktu\/sterowniki\/\">sterowniki PLC<\/a>, w tym <a href=\"\/sklep\/\/produkt\/sterownik-swobodnie-programowalny-w-plc\/\">sterownik swobodnie programowalny<\/a>. Zapraszamy!<\/p>\n<\/div>\n<\/div>\n<\/div>\n<\/div>\n<\/div>\n<\/div>\n<div class=\"elementor-column elementor-col-100 elementor-inner-column elementor-element elementor-element-2ffeab7e\" data-id=\"2ffeab7e\" data-element_type=\"column\">\n<div class=\"elementor-column-wrap elementor-element-populated\">\n<div class=\"elementor-widget-wrap\">\n<div class=\"elementor-element elementor-element-207fa87b elementor-widget elementor-widget-text-editor\" data-id=\"207fa87b\" data-element_type=\"widget\" data-widget_type=\"text-editor.default\">\n<div class=\"elementor-widget-container optml-bg-lazyloaded\">\n<div class=\"elementor-text-editor elementor-clearfix\"><\/div>\n<p>&nbsp;<\/p>\n<div class=\"elementor-text-editor elementor-clearfix\">\n<hr \/>\n<p><span style=\"color: #000000\"><strong>Tego potrzebujesz do konfiguracji sterownika<\/strong><\/span><\/p>\n<p>&nbsp;<\/p>\n<p><a href=\"http:\/\/wayy.pl\/sklep\/produkt\/konwerter-usb-rs485-ch340-modbus-profibus-plc\/\"><img decoding=\"async\" class=\"alignnone size-full wp-image-5692 hvr-grow\" src=\"https:\/\/wayy.pl\/sklep\/wp-content\/uploads\/sites\/17\/2021\/03\/150px-konwerter-USB.jpg\" alt=\"\" width=\"150\" height=\"150\" srcset=\"https:\/\/wayy.pl\/sklep\/wp-content\/uploads\/sites\/17\/2021\/03\/150px-konwerter-USB.jpg 150w, https:\/\/wayy.pl\/sklep\/wp-content\/uploads\/sites\/17\/2021\/03\/150px-konwerter-USB-100x100.jpg 100w\" sizes=\"(max-width: 150px) 100vw, 150px\" \/><\/a><a href=\"http:\/\/wayy.pl\/sklep\/produkt\/zasilacz\/\"><img decoding=\"async\" class=\"alignnone size-full wp-image-5688 hvr-grow\" src=\"https:\/\/wayy.pl\/sklep\/wp-content\/uploads\/sites\/17\/2021\/03\/150px-zasilacz.jpg\" alt=\"\" width=\"150\" height=\"150\" srcset=\"https:\/\/wayy.pl\/sklep\/wp-content\/uploads\/sites\/17\/2021\/03\/150px-zasilacz.jpg 150w, https:\/\/wayy.pl\/sklep\/wp-content\/uploads\/sites\/17\/2021\/03\/150px-zasilacz-100x100.jpg 100w\" sizes=\"(max-width: 150px) 100vw, 150px\" \/><\/a> <a href=\"https:\/\/wayy.pl\/sklep\/produkt\/przewod-zasilajaco-transmisyjny-bit-liycy-uv-2x2x05mm2-2\/\"><img decoding=\"async\" class=\"alignnone size-full wp-image-5679 hvr-grow\" src=\"https:\/\/wayy.pl\/sklep\/wp-content\/uploads\/sites\/17\/2021\/03\/150px-przewod-zas-trans.jpg\" alt=\"\" width=\"150\" height=\"150\" srcset=\"https:\/\/wayy.pl\/sklep\/wp-content\/uploads\/sites\/17\/2021\/03\/150px-przewod-zas-trans.jpg 150w, https:\/\/wayy.pl\/sklep\/wp-content\/uploads\/sites\/17\/2021\/03\/150px-przewod-zas-trans-100x100.jpg 100w\" sizes=\"(max-width: 150px) 100vw, 150px\" \/><\/a><\/p>\n<\/div>\n<\/div>\n<\/div>\n<\/div>\n<\/div>\n<\/div>\n","protected":false},"excerpt":{"rendered":"<ul>\n<li>cena przy ilo\u015bci: 2+\u00a0 \u00a0 \u00a01082 PLN + 23% VAT \/ szt.<\/li>\n<li>cena przy ilo\u015bci: 6+\u00a0 \u00a0\u00a0 1051 PLN + 23% VAT \/ szt.<\/li>\n<li>cena przy ilo\u015bci: 11+\u00a0 \u00a01021 PLN + 23% VAT \/ szt.<\/li>\n<li>cena przy ilo\u015bci: 21+\u00a0 \u00a0992 PLN + 23% VAT \/ szt.<\/li>\n<\/ul>\n<p>W sk\u0142ad zestawu do sterowania klimakonwektorem wchodzi sterownik konfigurowalny W.FC.101 oraz panel dotykowy W.FCI.102.28.<\/p>\n<p><img loading=\"lazy\" decoding=\"async\" class=\"alignnone size-full wp-image-7471\" src=\"https:\/\/wayy.pl\/sklep\/wp-content\/uploads\/sites\/17\/2022\/02\/paypro-banerek.jpg\" alt=\"\" width=\"841\" height=\"86\" \/><\/p>\n<p>&nbsp;<\/p>\n","protected":false},"featured_media":3727,"template":"","meta":{"site-sidebar-layout":"default","site-content-layout":"default","ast-site-content-layout":"default","site-content-style":"default","site-sidebar-style":"default","ast-global-header-display":"","ast-banner-title-visibility":"","ast-main-header-display":"","ast-hfb-above-header-display":"","ast-hfb-below-header-display":"","ast-hfb-mobile-header-display":"","site-post-title":"","ast-breadcrumbs-content":"","ast-featured-img":"","footer-sml-layout":"","theme-transparent-header-meta":"default","adv-header-id-meta":"","stick-header-meta":"default","header-above-stick-meta":"","header-main-stick-meta":"","header-below-stick-meta":"","astra-migrate-meta-layouts":"set","ast-page-background-enabled":"default","ast-page-background-meta":{"desktop":{"background-color":"","background-image":"","background-repeat":"repeat","background-position":"center center","background-size":"auto","background-attachment":"scroll","background-type":"","background-media":"","overlay-type":"","overlay-color":"","overlay-opacity":"","overlay-gradient":""},"tablet":{"background-color":"","background-image":"","background-repeat":"repeat","background-position":"center center","background-size":"auto","background-attachment":"scroll","background-type":"","background-media":"","overlay-type":"","overlay-color":"","overlay-opacity":"","overlay-gradient":""},"mobile":{"background-color":"","background-image":"","background-repeat":"repeat","background-position":"center center","background-size":"auto","background-attachment":"scroll","background-type":"","background-media":"","overlay-type":"","overlay-color":"","overlay-opacity":"","overlay-gradient":""}},"ast-content-background-meta":{"desktop":{"background-color":"var(--ast-global-color-5)","background-image":"","background-repeat":"repeat","background-position":"center center","background-size":"auto","background-attachment":"scroll","background-type":"","background-media":"","overlay-type":"","overlay-color":"","overlay-opacity":"","overlay-gradient":""},"tablet":{"background-color":"var(--ast-global-color-5)","background-image":"","background-repeat":"repeat","background-position":"center center","background-size":"auto","background-attachment":"scroll","background-type":"","background-media":"","overlay-type":"","overlay-color":"","overlay-opacity":"","overlay-gradient":""},"mobile":{"background-color":"var(--ast-global-color-5)","background-image":"","background-repeat":"repeat","background-position":"center center","background-size":"auto","background-attachment":"scroll","background-type":"","background-media":"","overlay-type":"","overlay-color":"","overlay-opacity":"","overlay-gradient":""}}},"product_cat":[30],"product_tag":[43,62,91,89],"woo-feed-brand":[],"class_list":{"0":"post-3726","1":"product","2":"type-product","3":"status-publish","4":"has-post-thumbnail","6":"product_cat-sterowniki","7":"product_tag-automatyka","8":"product_tag-klimakonwektor","9":"product_tag-sterowanie-klimakonwektorem","10":"product_tag-sterownik","11":"product_shipping_class-torba_papierowa_mala","12":"desktop-align-left","13":"tablet-align-left","14":"mobile-align-left","15":"ast-product-gallery-layout-horizontal","16":"ast-magnify-disabled","17":"ast-product-tabs-layout-horizontal","19":"first","20":"instock","21":"featured","22":"taxable","23":"shipping-taxable","24":"purchasable","25":"product-type-simple"},"yoast_head":"<!-- This site is optimized with the Yoast SEO plugin v23.3 - https:\/\/yoast.com\/wordpress\/plugins\/seo\/ -->\n<title>Zestaw do sterowania klimakonwektorem wFC.101+wFCI.102.28 (8xDI, 8xDO, 4xTI, 4xAI, 4xAO) - Najlepsza Cena w Sklep Wayy<\/title>\n<meta name=\"description\" content=\"Wayy.pl \u27a4 Tw\u00f3j sklep z automatyk\u0105 przemys\u0142ow\u0105 \u2714\ufe0f Zestaw do sterowania klimakonwektorem wFC \u2714\ufe0f Pe\u0142ne wsparcie techniczne i 6 lat gwarancji \u2714\ufe0f Zapraszamy!\" \/>\n<meta name=\"robots\" content=\"index, follow, max-snippet:-1, max-image-preview:large, max-video-preview:-1\" \/>\n<link rel=\"canonical\" href=\"https:\/\/wayy.pl\/sklep\/produkt\/zestaw-do-sterowania-klimakonwektorem-w-fci\/\" \/>\n<meta property=\"og:locale\" content=\"pl_PL\" \/>\n<meta property=\"og:type\" content=\"article\" \/>\n<meta property=\"og:title\" content=\"Zestaw do sterowania klimakonwektorem wFC.101+wFCI.102.28 (8xDI, 8xDO, 4xTI, 4xAI, 4xAO) - Najlepsza Cena w Sklep Wayy\" \/>\n<meta property=\"og:description\" content=\"Wayy.pl \u27a4 Tw\u00f3j sklep z automatyk\u0105 przemys\u0142ow\u0105 \u2714\ufe0f Zestaw do sterowania klimakonwektorem wFC \u2714\ufe0f Pe\u0142ne wsparcie techniczne i 6 lat gwarancji \u2714\ufe0f Zapraszamy!\" \/>\n<meta property=\"og:url\" content=\"https:\/\/wayy.pl\/sklep\/produkt\/zestaw-do-sterowania-klimakonwektorem-w-fci\/\" \/>\n<meta property=\"og:site_name\" content=\"Sklep Wayy\" \/>\n<meta property=\"article:modified_time\" content=\"2026-02-11T10:14:21+00:00\" \/>\n<meta property=\"og:image\" content=\"https:\/\/wayy.pl\/sklep\/wp-content\/uploads\/sites\/17\/2020\/11\/wFC-wFCI.jpg\" \/>\n\t<meta property=\"og:image:width\" content=\"589\" \/>\n\t<meta property=\"og:image:height\" content=\"589\" \/>\n\t<meta property=\"og:image:type\" content=\"image\/jpeg\" \/>\n<meta name=\"twitter:card\" content=\"summary_large_image\" \/>\n<meta name=\"twitter:label1\" content=\"Szacowany czas czytania\" \/>\n\t<meta name=\"twitter:data1\" content=\"2 minuty\" \/>\n<script type=\"application\/ld+json\" class=\"yoast-schema-graph\">{\"@context\":\"https:\/\/schema.org\",\"@graph\":[{\"@type\":\"WebPage\",\"@id\":\"https:\/\/wayy.pl\/sklep\/produkt\/zestaw-do-sterowania-klimakonwektorem-w-fci\/\",\"url\":\"https:\/\/wayy.pl\/sklep\/produkt\/zestaw-do-sterowania-klimakonwektorem-w-fci\/\",\"name\":\"Zestaw do sterowania klimakonwektorem wFC.101+wFCI.102.28 (8xDI, 8xDO, 4xTI, 4xAI, 4xAO) - Najlepsza Cena w Sklep Wayy\",\"isPartOf\":{\"@id\":\"https:\/\/wayy.pl\/sklep\/#website\"},\"primaryImageOfPage\":{\"@id\":\"https:\/\/wayy.pl\/sklep\/produkt\/zestaw-do-sterowania-klimakonwektorem-w-fci\/#primaryimage\"},\"image\":{\"@id\":\"https:\/\/wayy.pl\/sklep\/produkt\/zestaw-do-sterowania-klimakonwektorem-w-fci\/#primaryimage\"},\"thumbnailUrl\":\"https:\/\/wayy.pl\/sklep\/wp-content\/uploads\/sites\/17\/2020\/11\/wFC-wFCI.jpg\",\"datePublished\":\"2020-11-09T13:16:14+00:00\",\"dateModified\":\"2026-02-11T10:14:21+00:00\",\"description\":\"Wayy.pl \u27a4 Tw\u00f3j sklep z automatyk\u0105 przemys\u0142ow\u0105 \u2714\ufe0f Zestaw do sterowania klimakonwektorem wFC \u2714\ufe0f Pe\u0142ne wsparcie techniczne i 6 lat gwarancji \u2714\ufe0f Zapraszamy!\",\"breadcrumb\":{\"@id\":\"https:\/\/wayy.pl\/sklep\/produkt\/zestaw-do-sterowania-klimakonwektorem-w-fci\/#breadcrumb\"},\"inLanguage\":\"pl-PL\",\"potentialAction\":[{\"@type\":\"ReadAction\",\"target\":[\"https:\/\/wayy.pl\/sklep\/produkt\/zestaw-do-sterowania-klimakonwektorem-w-fci\/\"]}]},{\"@type\":\"ImageObject\",\"inLanguage\":\"pl-PL\",\"@id\":\"https:\/\/wayy.pl\/sklep\/produkt\/zestaw-do-sterowania-klimakonwektorem-w-fci\/#primaryimage\",\"url\":\"https:\/\/wayy.pl\/sklep\/wp-content\/uploads\/sites\/17\/2020\/11\/wFC-wFCI.jpg\",\"contentUrl\":\"https:\/\/wayy.pl\/sklep\/wp-content\/uploads\/sites\/17\/2020\/11\/wFC-wFCI.jpg\",\"width\":589,\"height\":589,\"caption\":\"zestaw-do-sterowania-klimakonwektorem\"},{\"@type\":\"BreadcrumbList\",\"@id\":\"https:\/\/wayy.pl\/sklep\/produkt\/zestaw-do-sterowania-klimakonwektorem-w-fci\/#breadcrumb\",\"itemListElement\":[{\"@type\":\"ListItem\",\"position\":1,\"name\":\"Automatyka przemys\u0142owa\",\"item\":\"https:\/\/wayy.pl\/sklep\/\"},{\"@type\":\"ListItem\",\"position\":2,\"name\":\"Produkty\",\"item\":\"https:\/\/wayy.pl\/sklep\/shop\/\"},{\"@type\":\"ListItem\",\"position\":3,\"name\":\"Sterowniki\",\"item\":\"https:\/\/wayy.pl\/sklep\/kategoria-produktu\/sterowniki\/\"},{\"@type\":\"ListItem\",\"position\":4,\"name\":\"Zestaw do sterowania klimakonwektorem wFC.101+wFCI.102.28 (8xDI, 8xDO, 4xTI, 4xAI, 4xAO)\"}]},{\"@type\":\"WebSite\",\"@id\":\"https:\/\/wayy.pl\/sklep\/#website\",\"url\":\"https:\/\/wayy.pl\/sklep\/\",\"name\":\"Sklep Wayy\",\"description\":\"Automatyka przemys\u0142owa. 6 lat gwarancji.\",\"publisher\":{\"@id\":\"https:\/\/wayy.pl\/sklep\/#organization\"},\"potentialAction\":[{\"@type\":\"SearchAction\",\"target\":{\"@type\":\"EntryPoint\",\"urlTemplate\":\"https:\/\/wayy.pl\/sklep\/?s={search_term_string}\"},\"query-input\":\"required name=search_term_string\"}],\"inLanguage\":\"pl-PL\"},{\"@type\":\"Organization\",\"@id\":\"https:\/\/wayy.pl\/sklep\/#organization\",\"name\":\"Wayy - automatyka przemys\u0142owa\",\"url\":\"https:\/\/wayy.pl\/sklep\/\",\"logo\":{\"@type\":\"ImageObject\",\"inLanguage\":\"pl-PL\",\"@id\":\"https:\/\/wayy.pl\/sklep\/#\/schema\/logo\/image\/\",\"url\":\"https:\/\/wayy.pl\/sklep\/wp-content\/uploads\/sites\/17\/2021\/03\/wayy.png\",\"contentUrl\":\"https:\/\/wayy.pl\/sklep\/wp-content\/uploads\/sites\/17\/2021\/03\/wayy.png\",\"width\":1001,\"height\":352,\"caption\":\"Wayy - automatyka przemys\u0142owa\"},\"image\":{\"@id\":\"https:\/\/wayy.pl\/sklep\/#\/schema\/logo\/image\/\"},\"sameAs\":[\"https:\/\/www.linkedin.com\/company\/klimat-solec\",\"https:\/\/www.youtube.com\/user\/KlimatSolec\"]}]}<\/script>\n<!-- \/ Yoast SEO plugin. -->","yoast_head_json":{"title":"Zestaw do sterowania klimakonwektorem wFC.101+wFCI.102.28 (8xDI, 8xDO, 4xTI, 4xAI, 4xAO) - Najlepsza Cena w Sklep Wayy","description":"Wayy.pl \u27a4 Tw\u00f3j sklep z automatyk\u0105 przemys\u0142ow\u0105 \u2714\ufe0f Zestaw do sterowania klimakonwektorem wFC \u2714\ufe0f Pe\u0142ne wsparcie techniczne i 6 lat gwarancji \u2714\ufe0f Zapraszamy!","robots":{"index":"index","follow":"follow","max-snippet":"max-snippet:-1","max-image-preview":"max-image-preview:large","max-video-preview":"max-video-preview:-1"},"canonical":"https:\/\/wayy.pl\/sklep\/produkt\/zestaw-do-sterowania-klimakonwektorem-w-fci\/","og_locale":"pl_PL","og_type":"article","og_title":"Zestaw do sterowania klimakonwektorem wFC.101+wFCI.102.28 (8xDI, 8xDO, 4xTI, 4xAI, 4xAO) - Najlepsza Cena w Sklep Wayy","og_description":"Wayy.pl \u27a4 Tw\u00f3j sklep z automatyk\u0105 przemys\u0142ow\u0105 \u2714\ufe0f Zestaw do sterowania klimakonwektorem wFC \u2714\ufe0f Pe\u0142ne wsparcie techniczne i 6 lat gwarancji \u2714\ufe0f Zapraszamy!","og_url":"https:\/\/wayy.pl\/sklep\/produkt\/zestaw-do-sterowania-klimakonwektorem-w-fci\/","og_site_name":"Sklep Wayy","article_modified_time":"2026-02-11T10:14:21+00:00","og_image":[{"width":589,"height":589,"url":"https:\/\/wayy.pl\/sklep\/wp-content\/uploads\/sites\/17\/2020\/11\/wFC-wFCI.jpg","type":"image\/jpeg"}],"twitter_card":"summary_large_image","twitter_misc":{"Szacowany czas czytania":"2 minuty"},"schema":{"@context":"https:\/\/schema.org","@graph":[{"@type":"WebPage","@id":"https:\/\/wayy.pl\/sklep\/produkt\/zestaw-do-sterowania-klimakonwektorem-w-fci\/","url":"https:\/\/wayy.pl\/sklep\/produkt\/zestaw-do-sterowania-klimakonwektorem-w-fci\/","name":"Zestaw do sterowania klimakonwektorem wFC.101+wFCI.102.28 (8xDI, 8xDO, 4xTI, 4xAI, 4xAO) - Najlepsza Cena w Sklep Wayy","isPartOf":{"@id":"https:\/\/wayy.pl\/sklep\/#website"},"primaryImageOfPage":{"@id":"https:\/\/wayy.pl\/sklep\/produkt\/zestaw-do-sterowania-klimakonwektorem-w-fci\/#primaryimage"},"image":{"@id":"https:\/\/wayy.pl\/sklep\/produkt\/zestaw-do-sterowania-klimakonwektorem-w-fci\/#primaryimage"},"thumbnailUrl":"https:\/\/wayy.pl\/sklep\/wp-content\/uploads\/sites\/17\/2020\/11\/wFC-wFCI.jpg","datePublished":"2020-11-09T13:16:14+00:00","dateModified":"2026-02-11T10:14:21+00:00","description":"Wayy.pl \u27a4 Tw\u00f3j sklep z automatyk\u0105 przemys\u0142ow\u0105 \u2714\ufe0f Zestaw do sterowania klimakonwektorem wFC \u2714\ufe0f Pe\u0142ne wsparcie techniczne i 6 lat gwarancji \u2714\ufe0f Zapraszamy!","breadcrumb":{"@id":"https:\/\/wayy.pl\/sklep\/produkt\/zestaw-do-sterowania-klimakonwektorem-w-fci\/#breadcrumb"},"inLanguage":"pl-PL","potentialAction":[{"@type":"ReadAction","target":["https:\/\/wayy.pl\/sklep\/produkt\/zestaw-do-sterowania-klimakonwektorem-w-fci\/"]}]},{"@type":"ImageObject","inLanguage":"pl-PL","@id":"https:\/\/wayy.pl\/sklep\/produkt\/zestaw-do-sterowania-klimakonwektorem-w-fci\/#primaryimage","url":"https:\/\/wayy.pl\/sklep\/wp-content\/uploads\/sites\/17\/2020\/11\/wFC-wFCI.jpg","contentUrl":"https:\/\/wayy.pl\/sklep\/wp-content\/uploads\/sites\/17\/2020\/11\/wFC-wFCI.jpg","width":589,"height":589,"caption":"zestaw-do-sterowania-klimakonwektorem"},{"@type":"BreadcrumbList","@id":"https:\/\/wayy.pl\/sklep\/produkt\/zestaw-do-sterowania-klimakonwektorem-w-fci\/#breadcrumb","itemListElement":[{"@type":"ListItem","position":1,"name":"Automatyka przemys\u0142owa","item":"https:\/\/wayy.pl\/sklep\/"},{"@type":"ListItem","position":2,"name":"Produkty","item":"https:\/\/wayy.pl\/sklep\/shop\/"},{"@type":"ListItem","position":3,"name":"Sterowniki","item":"https:\/\/wayy.pl\/sklep\/kategoria-produktu\/sterowniki\/"},{"@type":"ListItem","position":4,"name":"Zestaw do sterowania klimakonwektorem wFC.101+wFCI.102.28 (8xDI, 8xDO, 4xTI, 4xAI, 4xAO)"}]},{"@type":"WebSite","@id":"https:\/\/wayy.pl\/sklep\/#website","url":"https:\/\/wayy.pl\/sklep\/","name":"Sklep Wayy","description":"Automatyka przemys\u0142owa. 6 lat gwarancji.","publisher":{"@id":"https:\/\/wayy.pl\/sklep\/#organization"},"potentialAction":[{"@type":"SearchAction","target":{"@type":"EntryPoint","urlTemplate":"https:\/\/wayy.pl\/sklep\/?s={search_term_string}"},"query-input":"required name=search_term_string"}],"inLanguage":"pl-PL"},{"@type":"Organization","@id":"https:\/\/wayy.pl\/sklep\/#organization","name":"Wayy - automatyka przemys\u0142owa","url":"https:\/\/wayy.pl\/sklep\/","logo":{"@type":"ImageObject","inLanguage":"pl-PL","@id":"https:\/\/wayy.pl\/sklep\/#\/schema\/logo\/image\/","url":"https:\/\/wayy.pl\/sklep\/wp-content\/uploads\/sites\/17\/2021\/03\/wayy.png","contentUrl":"https:\/\/wayy.pl\/sklep\/wp-content\/uploads\/sites\/17\/2021\/03\/wayy.png","width":1001,"height":352,"caption":"Wayy - automatyka przemys\u0142owa"},"image":{"@id":"https:\/\/wayy.pl\/sklep\/#\/schema\/logo\/image\/"},"sameAs":["https:\/\/www.linkedin.com\/company\/klimat-solec","https:\/\/www.youtube.com\/user\/KlimatSolec"]}]}},"tiered_pricing_type":"fixed","tiered_pricing_fixed_rules":[],"tiered_pricing_product_settings":{"layout":"default","base_unit_name":{"singular":null,"plural":null},"default_variation":null},"tiered_pricing_minimum_quantity":1,"tiered_pricing_roles_data":[],"tiered_pricing_percentage_rules":[],"_links":{"self":[{"href":"https:\/\/wayy.pl\/sklep\/wp-json\/wp\/v2\/product\/3726"}],"collection":[{"href":"https:\/\/wayy.pl\/sklep\/wp-json\/wp\/v2\/product"}],"about":[{"href":"https:\/\/wayy.pl\/sklep\/wp-json\/wp\/v2\/types\/product"}],"wp:featuredmedia":[{"embeddable":true,"href":"https:\/\/wayy.pl\/sklep\/wp-json\/wp\/v2\/media\/3727"}],"wp:attachment":[{"href":"https:\/\/wayy.pl\/sklep\/wp-json\/wp\/v2\/media?parent=3726"}],"wp:term":[{"taxonomy":"product_cat","embeddable":true,"href":"https:\/\/wayy.pl\/sklep\/wp-json\/wp\/v2\/product_cat?post=3726"},{"taxonomy":"product_tag","embeddable":true,"href":"https:\/\/wayy.pl\/sklep\/wp-json\/wp\/v2\/product_tag?post=3726"},{"taxonomy":"woo-feed-brand","embeddable":true,"href":"https:\/\/wayy.pl\/sklep\/wp-json\/wp\/v2\/woo-feed-brand?post=3726"}],"curies":[{"name":"wp","href":"https:\/\/api.w.org\/{rel}","templated":true}]}}