{"id":3743,"date":"2020-11-09T20:44:41","date_gmt":"2020-11-09T19:44:41","guid":{"rendered":"http:\/\/wayy.pl\/sklep\/?post_type=product&#038;p=3743"},"modified":"2026-04-10T08:17:25","modified_gmt":"2026-04-10T06:17:25","slug":"natynkowy-czujnik-temperatury-powietrza-w-ts-301-r","status":"publish","type":"product","link":"https:\/\/wayy.pl\/sklep\/produkt\/natynkowy-czujnik-temperatury-powietrza-w-ts-301-r\/","title":{"rendered":"Natynkowy czujnik temperatury powietrza wTS.301.R"},"content":{"rendered":"<div class=\"elementor-column elementor-col-100 elementor-inner-column elementor-element elementor-element-507afcce\" data-id=\"507afcce\" data-element_type=\"column\">\n<div class=\"elementor-column-wrap elementor-element-populated\">\n<div class=\"elementor-widget-wrap\">\n<div class=\"elementor-element elementor-element-64ef2aaf elementor-widget elementor-widget-text-editor\" data-id=\"64ef2aaf\" data-element_type=\"widget\" data-widget_type=\"text-editor.default\">\n<div class=\"elementor-widget-container optml-bg-lazyloaded\">\n<div class=\"elementor-text-editor elementor-clearfix\">\n<p><span style=\"color: #000000;\">Pomieszczeniowy, natynkowy czujnik temperatury powietrza przeznaczony jest do wykonywania pomiar\u00f3w wewn\u0105trz zamkni\u0119tych pomieszcze\u0144. Czujnik mo\u017ce s\u0142u\u017cy\u0107 jako wiod\u0105cy lub informacyjny czujnik w regulacji systemu zarz\u0105dzania budynkiem lub systemami HVAC.<\/span><\/p>\n<\/div>\n<\/div>\n<\/div>\n<\/div>\n<\/div>\n<\/div>\n<div class=\"elementor-column elementor-col-100 elementor-inner-column elementor-element elementor-element-3709f2f3\" data-id=\"3709f2f3\" data-element_type=\"column\">\n<div class=\"elementor-column-wrap elementor-element-populated\">\n<div class=\"elementor-widget-wrap\">\n<div class=\"elementor-element elementor-element-48bc9114 elementor-widget elementor-widget-text-editor\" data-id=\"48bc9114\" data-element_type=\"widget\" data-widget_type=\"text-editor.default\">\n<div class=\"elementor-widget-container optml-bg-lazyloaded\">\n<div class=\"elementor-text-editor elementor-clearfix\">\n<ul>\n<li><span style=\"color: #000000;\">Pasywny czujnik do pomiaru temperatury powietrza<\/span><\/li>\n<li><span style=\"color: #000000;\">Wyj\u015bcie termistora NTC 10k<\/span><\/li>\n<li><span style=\"color: #000000;\">Zakres zastosowania 0\u202650 \u00b0C<\/span><\/li>\n<li><span style=\"color: #000000;\">Tolerancja elementu pomiarowego \u00b11%<\/span><\/li>\n<\/ul>\n<p>&nbsp;<\/p>\n<hr \/>\n<p><span style=\"color: #000000;\"><strong>Tego potrzebujesz do uruchomienia czujnika<\/strong><\/span><\/p>\n<p>&nbsp;<\/p>\n<p><a href=\"http:\/\/wayy.pl\/sklep\/produkt\/zasilacz\/\"><img decoding=\"async\" class=\"alignnone size-full wp-image-5688 hvr-grow\" src=\"https:\/\/wayy.pl\/sklep\/wp-content\/uploads\/sites\/17\/2021\/03\/150px-zasilacz.jpg\" alt=\"\" width=\"150\" height=\"150\" srcset=\"https:\/\/wayy.pl\/sklep\/wp-content\/uploads\/sites\/17\/2021\/03\/150px-zasilacz.jpg 150w, https:\/\/wayy.pl\/sklep\/wp-content\/uploads\/sites\/17\/2021\/03\/150px-zasilacz-100x100.jpg 100w\" sizes=\"(max-width: 150px) 100vw, 150px\" \/><\/a> <a href=\"https:\/\/wayy.pl\/sklep\/produkt\/oprogramowanie-deviceconfigurator\/\"><img decoding=\"async\" class=\"alignnone size-full wp-image-5614 hvr-grow\" src=\"https:\/\/wayy.pl\/sklep\/wp-content\/uploads\/sites\/17\/2021\/03\/dc-150px.png\" alt=\"\" width=\"150\" height=\"150\" srcset=\"https:\/\/wayy.pl\/sklep\/wp-content\/uploads\/sites\/17\/2021\/03\/dc-150px.png 150w, https:\/\/wayy.pl\/sklep\/wp-content\/uploads\/sites\/17\/2021\/03\/dc-150px-100x100.png 100w\" sizes=\"(max-width: 150px) 100vw, 150px\" \/><\/a> <a href=\"http:\/\/wayy.pl\/sklep\/produkt\/przewod-sterowniczy-bitsensor-3g-pvc-frost-2-x-034mm2\/\"><img decoding=\"async\" class=\"alignnone size-full wp-image-5694 hvr-grow\" src=\"https:\/\/wayy.pl\/sklep\/wp-content\/uploads\/sites\/17\/2021\/03\/150px-przewod-sterowniczy.jpg\" alt=\"\" width=\"150\" height=\"150\" srcset=\"https:\/\/wayy.pl\/sklep\/wp-content\/uploads\/sites\/17\/2021\/03\/150px-przewod-sterowniczy.jpg 150w, https:\/\/wayy.pl\/sklep\/wp-content\/uploads\/sites\/17\/2021\/03\/150px-przewod-sterowniczy-100x100.jpg 100w\" sizes=\"(max-width: 150px) 100vw, 150px\" \/><\/a> \u00a0<a href=\"http:\/\/wayy.pl\/sklep\/produkt\/przewod-zasilajaco-transmisyjny-bit-liycy-uv-2x2x05mm2\/\"><img loading=\"lazy\" decoding=\"async\" class=\"alignnone size-full wp-image-5679 hvr-grow\" src=\"https:\/\/wayy.pl\/sklep\/wp-content\/uploads\/sites\/17\/2021\/03\/150px-przewod-zas-trans.jpg\" alt=\"\" width=\"150\" height=\"150\" srcset=\"https:\/\/wayy.pl\/sklep\/wp-content\/uploads\/sites\/17\/2021\/03\/150px-przewod-zas-trans.jpg 150w, https:\/\/wayy.pl\/sklep\/wp-content\/uploads\/sites\/17\/2021\/03\/150px-przewod-zas-trans-100x100.jpg 100w\" sizes=\"(max-width: 150px) 100vw, 150px\" \/><\/a><\/p>\n<\/div>\n<\/div>\n<\/div>\n<\/div>\n<\/div>\n<\/div>\n","protected":false},"excerpt":{"rendered":"<ul>\n<li><strong>cena przy ilo\u015bci: 2+\u00a0 \u00a0 \u00a0141 PLN <\/strong>+ 23% VAT \/ szt.<\/li>\n<li><strong>cena przy ilo\u015bci: 6+\u00a0 \u00a0 \u00a0132 PLN <\/strong>+ 23% VAT \/ szt.<\/li>\n<li><strong>cena przy ilo\u015bci: 11+\u00a0 \u00a0123 PLN <\/strong>+ 23% VAT \/ szt.<\/li>\n<li><strong>cena przy ilo\u015bci: 21+\u00a0 \u00a0115 PLN <\/strong>+ 23% VAT \/ szt.<\/li>\n<\/ul>\n<p><img decoding=\"async\" class=\"alignnone size-full wp-image-5782\" src=\"https:\/\/wayy.pl\/sklep\/wp-content\/uploads\/sites\/17\/2020\/11\/btn_ico-mniej-niz-minuta-1.svg\" alt=\"\" \/><img decoding=\"async\" class=\"alignnone size-full wp-image-6515\" src=\"https:\/\/wayy.pl\/sklep\/wp-content\/uploads\/sites\/17\/2020\/11\/stronka_bn-wsparcie.svg\" alt=\"\" \/><\/p>\n<ul>\n<li>Pasywny czujnik do pomiaru temperatury powietrza<\/li>\n<li>Wyj\u015bcie termistora NTC 10k<\/li>\n<li>Zakres zastosowania 0\u202650 <span style=\"color: #000000;\">\u00b0<\/span>C<\/li>\n<li>Tolerancja elementu pomiarowego \u00b11%<\/li>\n<li>Gwarancja 2 lata<\/li>\n<\/ul>\n","protected":false},"featured_media":7626,"template":"","meta":{"site-sidebar-layout":"default","site-content-layout":"default","ast-site-content-layout":"default","site-content-style":"default","site-sidebar-style":"default","ast-global-header-display":"","ast-banner-title-visibility":"","ast-main-header-display":"","ast-hfb-above-header-display":"","ast-hfb-below-header-display":"","ast-hfb-mobile-header-display":"","site-post-title":"","ast-breadcrumbs-content":"","ast-featured-img":"","footer-sml-layout":"","theme-transparent-header-meta":"default","adv-header-id-meta":"","stick-header-meta":"default","header-above-stick-meta":"","header-main-stick-meta":"","header-below-stick-meta":"","astra-migrate-meta-layouts":"set","ast-page-background-enabled":"default","ast-page-background-meta":{"desktop":{"background-color":"","background-image":"","background-repeat":"repeat","background-position":"center center","background-size":"auto","background-attachment":"scroll","background-type":"","background-media":"","overlay-type":"","overlay-color":"","overlay-opacity":"","overlay-gradient":""},"tablet":{"background-color":"","background-image":"","background-repeat":"repeat","background-position":"center center","background-size":"auto","background-attachment":"scroll","background-type":"","background-media":"","overlay-type":"","overlay-color":"","overlay-opacity":"","overlay-gradient":""},"mobile":{"background-color":"","background-image":"","background-repeat":"repeat","background-position":"center center","background-size":"auto","background-attachment":"scroll","background-type":"","background-media":"","overlay-type":"","overlay-color":"","overlay-opacity":"","overlay-gradient":""}},"ast-content-background-meta":{"desktop":{"background-color":"var(--ast-global-color-5)","background-image":"","background-repeat":"repeat","background-position":"center center","background-size":"auto","background-attachment":"scroll","background-type":"","background-media":"","overlay-type":"","overlay-color":"","overlay-opacity":"","overlay-gradient":""},"tablet":{"background-color":"var(--ast-global-color-5)","background-image":"","background-repeat":"repeat","background-position":"center center","background-size":"auto","background-attachment":"scroll","background-type":"","background-media":"","overlay-type":"","overlay-color":"","overlay-opacity":"","overlay-gradient":""},"mobile":{"background-color":"var(--ast-global-color-5)","background-image":"","background-repeat":"repeat","background-position":"center center","background-size":"auto","background-attachment":"scroll","background-type":"","background-media":"","overlay-type":"","overlay-color":"","overlay-opacity":"","overlay-gradient":""}}},"product_cat":[33,93],"product_tag":[43,77],"woo-feed-brand":[],"class_list":{"0":"post-3743","1":"product","2":"type-product","3":"status-publish","4":"has-post-thumbnail","6":"product_cat-czujniki","7":"product_cat-czujniki-temperatury","8":"product_tag-automatyka","9":"product_tag-czujnik-temperatury-powietrza","10":"product_shipping_class-torba_papierowa_mala","11":"desktop-align-left","12":"tablet-align-left","13":"mobile-align-left","14":"ast-product-gallery-layout-horizontal","15":"ast-product-gallery-with-no-image","16":"ast-magnify-disabled","17":"ast-product-tabs-layout-horizontal","19":"first","20":"instock","21":"featured","22":"taxable","23":"shipping-taxable","24":"purchasable","25":"product-type-simple"},"yoast_head":"<!-- This site is optimized with the Yoast SEO plugin v23.3 - https:\/\/yoast.com\/wordpress\/plugins\/seo\/ -->\n<title>Natynkowy czujnik temperatury powietrza wTS.301.R | Najlepsza Cena w Sklep Wayy<\/title>\n<meta name=\"description\" content=\"Wayy.pl \u27a4 Tw\u00f3j sklep z automatyk\u0105 przemys\u0142ow\u0105 \u2714\ufe0f Natynkowy czujnik temperatury powietrza wTS.301.R \u2714\ufe0f Pe\u0142ne wsparcie techniczne i 2 lata gwarancji \u2714\ufe0f Zapraszamy!\" \/>\n<meta name=\"robots\" content=\"index, follow, max-snippet:-1, max-image-preview:large, max-video-preview:-1\" \/>\n<link rel=\"canonical\" href=\"https:\/\/wayy.pl\/sklep\/produkt\/natynkowy-czujnik-temperatury-powietrza-w-ts-301-r\/\" \/>\n<meta property=\"og:locale\" content=\"pl_PL\" \/>\n<meta property=\"og:type\" content=\"article\" \/>\n<meta property=\"og:title\" content=\"Natynkowy czujnik temperatury powietrza wTS.301.R | Najlepsza Cena w Sklep Wayy\" \/>\n<meta property=\"og:description\" content=\"Wayy.pl \u27a4 Tw\u00f3j sklep z automatyk\u0105 przemys\u0142ow\u0105 \u2714\ufe0f Natynkowy czujnik temperatury powietrza wTS.301.R \u2714\ufe0f Pe\u0142ne wsparcie techniczne i 2 lata gwarancji \u2714\ufe0f Zapraszamy!\" \/>\n<meta property=\"og:url\" content=\"https:\/\/wayy.pl\/sklep\/produkt\/natynkowy-czujnik-temperatury-powietrza-w-ts-301-r\/\" \/>\n<meta property=\"og:site_name\" content=\"Sklep Wayy\" \/>\n<meta property=\"article:modified_time\" content=\"2026-04-10T06:17:25+00:00\" \/>\n<meta property=\"og:image\" content=\"https:\/\/wayy.pl\/sklep\/wp-content\/uploads\/sites\/17\/2020\/11\/w_sens-opt.jpg\" \/>\n\t<meta property=\"og:image:width\" content=\"600\" \/>\n\t<meta property=\"og:image:height\" content=\"600\" \/>\n\t<meta property=\"og:image:type\" content=\"image\/jpeg\" \/>\n<meta name=\"twitter:card\" content=\"summary_large_image\" \/>\n<meta name=\"twitter:label1\" content=\"Szacowany czas czytania\" \/>\n\t<meta name=\"twitter:data1\" content=\"2 minuty\" \/>\n<script type=\"application\/ld+json\" class=\"yoast-schema-graph\">{\"@context\":\"https:\/\/schema.org\",\"@graph\":[{\"@type\":\"WebPage\",\"@id\":\"https:\/\/wayy.pl\/sklep\/produkt\/natynkowy-czujnik-temperatury-powietrza-w-ts-301-r\/\",\"url\":\"https:\/\/wayy.pl\/sklep\/produkt\/natynkowy-czujnik-temperatury-powietrza-w-ts-301-r\/\",\"name\":\"Natynkowy czujnik temperatury powietrza wTS.301.R | Najlepsza Cena w Sklep Wayy\",\"isPartOf\":{\"@id\":\"https:\/\/wayy.pl\/sklep\/#website\"},\"primaryImageOfPage\":{\"@id\":\"https:\/\/wayy.pl\/sklep\/produkt\/natynkowy-czujnik-temperatury-powietrza-w-ts-301-r\/#primaryimage\"},\"image\":{\"@id\":\"https:\/\/wayy.pl\/sklep\/produkt\/natynkowy-czujnik-temperatury-powietrza-w-ts-301-r\/#primaryimage\"},\"thumbnailUrl\":\"https:\/\/wayy.pl\/sklep\/wp-content\/uploads\/sites\/17\/2020\/11\/w_sens-opt.jpg\",\"datePublished\":\"2020-11-09T19:44:41+00:00\",\"dateModified\":\"2026-04-10T06:17:25+00:00\",\"description\":\"Wayy.pl \u27a4 Tw\u00f3j sklep z automatyk\u0105 przemys\u0142ow\u0105 \u2714\ufe0f Natynkowy czujnik temperatury powietrza wTS.301.R \u2714\ufe0f Pe\u0142ne wsparcie techniczne i 2 lata gwarancji \u2714\ufe0f Zapraszamy!\",\"breadcrumb\":{\"@id\":\"https:\/\/wayy.pl\/sklep\/produkt\/natynkowy-czujnik-temperatury-powietrza-w-ts-301-r\/#breadcrumb\"},\"inLanguage\":\"pl-PL\",\"potentialAction\":[{\"@type\":\"ReadAction\",\"target\":[\"https:\/\/wayy.pl\/sklep\/produkt\/natynkowy-czujnik-temperatury-powietrza-w-ts-301-r\/\"]}]},{\"@type\":\"ImageObject\",\"inLanguage\":\"pl-PL\",\"@id\":\"https:\/\/wayy.pl\/sklep\/produkt\/natynkowy-czujnik-temperatury-powietrza-w-ts-301-r\/#primaryimage\",\"url\":\"https:\/\/wayy.pl\/sklep\/wp-content\/uploads\/sites\/17\/2020\/11\/w_sens-opt.jpg\",\"contentUrl\":\"https:\/\/wayy.pl\/sklep\/wp-content\/uploads\/sites\/17\/2020\/11\/w_sens-opt.jpg\",\"width\":600,\"height\":600,\"caption\":\"natynkowy_czujnik_temperatury_powietrza\"},{\"@type\":\"BreadcrumbList\",\"@id\":\"https:\/\/wayy.pl\/sklep\/produkt\/natynkowy-czujnik-temperatury-powietrza-w-ts-301-r\/#breadcrumb\",\"itemListElement\":[{\"@type\":\"ListItem\",\"position\":1,\"name\":\"Automatyka przemys\u0142owa\",\"item\":\"https:\/\/wayy.pl\/sklep\/\"},{\"@type\":\"ListItem\",\"position\":2,\"name\":\"Produkty\",\"item\":\"https:\/\/wayy.pl\/sklep\/shop\/\"},{\"@type\":\"ListItem\",\"position\":3,\"name\":\"Czujniki\",\"item\":\"https:\/\/wayy.pl\/sklep\/kategoria-produktu\/czujniki\/\"},{\"@type\":\"ListItem\",\"position\":4,\"name\":\"Natynkowy czujnik temperatury powietrza wTS.301.R\"}]},{\"@type\":\"WebSite\",\"@id\":\"https:\/\/wayy.pl\/sklep\/#website\",\"url\":\"https:\/\/wayy.pl\/sklep\/\",\"name\":\"Sklep Wayy\",\"description\":\"Automatyka przemys\u0142owa. 6 lat gwarancji.\",\"publisher\":{\"@id\":\"https:\/\/wayy.pl\/sklep\/#organization\"},\"potentialAction\":[{\"@type\":\"SearchAction\",\"target\":{\"@type\":\"EntryPoint\",\"urlTemplate\":\"https:\/\/wayy.pl\/sklep\/?s={search_term_string}\"},\"query-input\":\"required name=search_term_string\"}],\"inLanguage\":\"pl-PL\"},{\"@type\":\"Organization\",\"@id\":\"https:\/\/wayy.pl\/sklep\/#organization\",\"name\":\"Wayy - automatyka przemys\u0142owa\",\"url\":\"https:\/\/wayy.pl\/sklep\/\",\"logo\":{\"@type\":\"ImageObject\",\"inLanguage\":\"pl-PL\",\"@id\":\"https:\/\/wayy.pl\/sklep\/#\/schema\/logo\/image\/\",\"url\":\"https:\/\/wayy.pl\/sklep\/wp-content\/uploads\/sites\/17\/2021\/03\/wayy.png\",\"contentUrl\":\"https:\/\/wayy.pl\/sklep\/wp-content\/uploads\/sites\/17\/2021\/03\/wayy.png\",\"width\":1001,\"height\":352,\"caption\":\"Wayy - automatyka przemys\u0142owa\"},\"image\":{\"@id\":\"https:\/\/wayy.pl\/sklep\/#\/schema\/logo\/image\/\"},\"sameAs\":[\"https:\/\/www.linkedin.com\/company\/klimat-solec\",\"https:\/\/www.youtube.com\/user\/KlimatSolec\"]}]}<\/script>\n<!-- \/ Yoast SEO plugin. -->","yoast_head_json":{"title":"Natynkowy czujnik temperatury powietrza wTS.301.R | Najlepsza Cena w Sklep Wayy","description":"Wayy.pl \u27a4 Tw\u00f3j sklep z automatyk\u0105 przemys\u0142ow\u0105 \u2714\ufe0f Natynkowy czujnik temperatury powietrza wTS.301.R \u2714\ufe0f Pe\u0142ne wsparcie techniczne i 2 lata gwarancji \u2714\ufe0f Zapraszamy!","robots":{"index":"index","follow":"follow","max-snippet":"max-snippet:-1","max-image-preview":"max-image-preview:large","max-video-preview":"max-video-preview:-1"},"canonical":"https:\/\/wayy.pl\/sklep\/produkt\/natynkowy-czujnik-temperatury-powietrza-w-ts-301-r\/","og_locale":"pl_PL","og_type":"article","og_title":"Natynkowy czujnik temperatury powietrza wTS.301.R | Najlepsza Cena w Sklep Wayy","og_description":"Wayy.pl \u27a4 Tw\u00f3j sklep z automatyk\u0105 przemys\u0142ow\u0105 \u2714\ufe0f Natynkowy czujnik temperatury powietrza wTS.301.R \u2714\ufe0f Pe\u0142ne wsparcie techniczne i 2 lata gwarancji \u2714\ufe0f Zapraszamy!","og_url":"https:\/\/wayy.pl\/sklep\/produkt\/natynkowy-czujnik-temperatury-powietrza-w-ts-301-r\/","og_site_name":"Sklep Wayy","article_modified_time":"2026-04-10T06:17:25+00:00","og_image":[{"width":600,"height":600,"url":"https:\/\/wayy.pl\/sklep\/wp-content\/uploads\/sites\/17\/2020\/11\/w_sens-opt.jpg","type":"image\/jpeg"}],"twitter_card":"summary_large_image","twitter_misc":{"Szacowany czas czytania":"2 minuty"},"schema":{"@context":"https:\/\/schema.org","@graph":[{"@type":"WebPage","@id":"https:\/\/wayy.pl\/sklep\/produkt\/natynkowy-czujnik-temperatury-powietrza-w-ts-301-r\/","url":"https:\/\/wayy.pl\/sklep\/produkt\/natynkowy-czujnik-temperatury-powietrza-w-ts-301-r\/","name":"Natynkowy czujnik temperatury powietrza wTS.301.R | Najlepsza Cena w Sklep Wayy","isPartOf":{"@id":"https:\/\/wayy.pl\/sklep\/#website"},"primaryImageOfPage":{"@id":"https:\/\/wayy.pl\/sklep\/produkt\/natynkowy-czujnik-temperatury-powietrza-w-ts-301-r\/#primaryimage"},"image":{"@id":"https:\/\/wayy.pl\/sklep\/produkt\/natynkowy-czujnik-temperatury-powietrza-w-ts-301-r\/#primaryimage"},"thumbnailUrl":"https:\/\/wayy.pl\/sklep\/wp-content\/uploads\/sites\/17\/2020\/11\/w_sens-opt.jpg","datePublished":"2020-11-09T19:44:41+00:00","dateModified":"2026-04-10T06:17:25+00:00","description":"Wayy.pl \u27a4 Tw\u00f3j sklep z automatyk\u0105 przemys\u0142ow\u0105 \u2714\ufe0f Natynkowy czujnik temperatury powietrza wTS.301.R \u2714\ufe0f Pe\u0142ne wsparcie techniczne i 2 lata gwarancji \u2714\ufe0f Zapraszamy!","breadcrumb":{"@id":"https:\/\/wayy.pl\/sklep\/produkt\/natynkowy-czujnik-temperatury-powietrza-w-ts-301-r\/#breadcrumb"},"inLanguage":"pl-PL","potentialAction":[{"@type":"ReadAction","target":["https:\/\/wayy.pl\/sklep\/produkt\/natynkowy-czujnik-temperatury-powietrza-w-ts-301-r\/"]}]},{"@type":"ImageObject","inLanguage":"pl-PL","@id":"https:\/\/wayy.pl\/sklep\/produkt\/natynkowy-czujnik-temperatury-powietrza-w-ts-301-r\/#primaryimage","url":"https:\/\/wayy.pl\/sklep\/wp-content\/uploads\/sites\/17\/2020\/11\/w_sens-opt.jpg","contentUrl":"https:\/\/wayy.pl\/sklep\/wp-content\/uploads\/sites\/17\/2020\/11\/w_sens-opt.jpg","width":600,"height":600,"caption":"natynkowy_czujnik_temperatury_powietrza"},{"@type":"BreadcrumbList","@id":"https:\/\/wayy.pl\/sklep\/produkt\/natynkowy-czujnik-temperatury-powietrza-w-ts-301-r\/#breadcrumb","itemListElement":[{"@type":"ListItem","position":1,"name":"Automatyka przemys\u0142owa","item":"https:\/\/wayy.pl\/sklep\/"},{"@type":"ListItem","position":2,"name":"Produkty","item":"https:\/\/wayy.pl\/sklep\/shop\/"},{"@type":"ListItem","position":3,"name":"Czujniki","item":"https:\/\/wayy.pl\/sklep\/kategoria-produktu\/czujniki\/"},{"@type":"ListItem","position":4,"name":"Natynkowy czujnik temperatury powietrza wTS.301.R"}]},{"@type":"WebSite","@id":"https:\/\/wayy.pl\/sklep\/#website","url":"https:\/\/wayy.pl\/sklep\/","name":"Sklep Wayy","description":"Automatyka przemys\u0142owa. 6 lat gwarancji.","publisher":{"@id":"https:\/\/wayy.pl\/sklep\/#organization"},"potentialAction":[{"@type":"SearchAction","target":{"@type":"EntryPoint","urlTemplate":"https:\/\/wayy.pl\/sklep\/?s={search_term_string}"},"query-input":"required name=search_term_string"}],"inLanguage":"pl-PL"},{"@type":"Organization","@id":"https:\/\/wayy.pl\/sklep\/#organization","name":"Wayy - automatyka przemys\u0142owa","url":"https:\/\/wayy.pl\/sklep\/","logo":{"@type":"ImageObject","inLanguage":"pl-PL","@id":"https:\/\/wayy.pl\/sklep\/#\/schema\/logo\/image\/","url":"https:\/\/wayy.pl\/sklep\/wp-content\/uploads\/sites\/17\/2021\/03\/wayy.png","contentUrl":"https:\/\/wayy.pl\/sklep\/wp-content\/uploads\/sites\/17\/2021\/03\/wayy.png","width":1001,"height":352,"caption":"Wayy - automatyka przemys\u0142owa"},"image":{"@id":"https:\/\/wayy.pl\/sklep\/#\/schema\/logo\/image\/"},"sameAs":["https:\/\/www.linkedin.com\/company\/klimat-solec","https:\/\/www.youtube.com\/user\/KlimatSolec"]}]}},"tiered_pricing_type":"fixed","tiered_pricing_fixed_rules":[],"tiered_pricing_product_settings":{"layout":"default","base_unit_name":{"singular":null,"plural":null},"default_variation":null},"tiered_pricing_minimum_quantity":1,"tiered_pricing_roles_data":[],"tiered_pricing_percentage_rules":[],"_links":{"self":[{"href":"https:\/\/wayy.pl\/sklep\/wp-json\/wp\/v2\/product\/3743"}],"collection":[{"href":"https:\/\/wayy.pl\/sklep\/wp-json\/wp\/v2\/product"}],"about":[{"href":"https:\/\/wayy.pl\/sklep\/wp-json\/wp\/v2\/types\/product"}],"wp:featuredmedia":[{"embeddable":true,"href":"https:\/\/wayy.pl\/sklep\/wp-json\/wp\/v2\/media\/7626"}],"wp:attachment":[{"href":"https:\/\/wayy.pl\/sklep\/wp-json\/wp\/v2\/media?parent=3743"}],"wp:term":[{"taxonomy":"product_cat","embeddable":true,"href":"https:\/\/wayy.pl\/sklep\/wp-json\/wp\/v2\/product_cat?post=3743"},{"taxonomy":"product_tag","embeddable":true,"href":"https:\/\/wayy.pl\/sklep\/wp-json\/wp\/v2\/product_tag?post=3743"},{"taxonomy":"woo-feed-brand","embeddable":true,"href":"https:\/\/wayy.pl\/sklep\/wp-json\/wp\/v2\/woo-feed-brand?post=3743"}],"curies":[{"name":"wp","href":"https:\/\/api.w.org\/{rel}","templated":true}]}}