{"id":3750,"date":"2020-11-09T20:56:17","date_gmt":"2020-11-09T19:56:17","guid":{"rendered":"http:\/\/wayy.pl\/sklep\/?post_type=product&#038;p=3750"},"modified":"2025-07-09T02:56:27","modified_gmt":"2025-07-09T00:56:27","slug":"kanalowy-czujnik-temperatury-w-ts-101-du","status":"publish","type":"product","link":"https:\/\/wayy.pl\/sklep\/produkt\/kanalowy-czujnik-temperatury-w-ts-101-du\/","title":{"rendered":"Kana\u0142owy czujnik temperatury wTS.101.DU"},"content":{"rendered":"<p><strong>Kana\u0142owy czujnik temperatury mo\u017ce by\u0107 zastosowany do kana\u0142\u00f3w powietrznych w instalacjach grzewczych, wentylacyjnych i klimatyzacyjnych<\/strong>. Dokonuje on pomiaru temperatury powietrza przy pomocy elementu pomiarowego, kt\u00f3rego rezystancja ulega zmianie pod wp\u0142ywem funkcji temperatury. <strong>Zmiana ta przetwarzana jest na warto\u015b\u0107 temperatury i zapisywana w pami\u0119ci czujnika temperatury kana\u0142owego<\/strong>.<\/p>\n<h2>Kana\u0142owy czujnik temperatury wTS.101.DU \u2014 budowa<\/h2>\n<p>Kana\u0142owy czujnik temperatury sk\u0142ada si\u0119 z dw\u00f3ch cz\u0119\u015bci:<\/p>\n<ul>\n<li>lancy pomiarowej, kt\u00f3ra zawiera element pomiarowy,<\/li>\n<li>modu\u0142u interfejsu.<\/li>\n<\/ul>\n<p>Elementy te po\u0142\u0105czone s\u0105 dwu\u017cy\u0142owym przewodem o d\u0142ugo\u015bci maksymalnej 3 m, zako\u0144czonym szczelnym z\u0142\u0105czem przemys\u0142owym. <strong>Obudowy urz\u0105dze\u0144 czujnika kana\u0142owego, a tak\u017ce izolacja przewod\u00f3w s\u0105 zrobione w odpornych na dzia\u0142anie czynnik\u00f3w atmosferycznych materia\u0142\u00f3w<\/strong>.<\/p>\n<p>Przew\u00f3d dwu\u017cy\u0142owy zamontowany jest na stale do lancy pomiarowej d\u0142awic\u0105 z odgi\u0119tk\u0105. Ruchomy ko\u0142nierz lancy wraz z elementem zawieraj\u0105cym uszczelk\u0119 pozwala na zamocowanie na obudowie kana\u0142u powietrznego oraz regulacj\u0119 zanurzenia wewn\u0105trz kana\u0142u. Cz\u0119\u015b\u0107 zewn\u0119trzna lancy zamontowanej w kanale ma stopie\u0144 ochrony przed czynnikami zewn\u0119trznymi IP 55.<\/p>\n<p><strong>Poni\u017cej przedstawione s\u0105 parametry aktywnego kana\u0142owego czujnika temperatury w kana\u0142ach powietrznych<\/strong>:<\/p>\n<ul>\n<li>Napi\u0119cie zasilania 22..26V DC,<\/li>\n<li>Modbus RTU Slave,<\/li>\n<li>Do 128 urz\u0105dze\u0144 na magistrali,<\/li>\n<li>Odporno\u015b\u0107 na warunki atmosferyczne IP 55.<\/li>\n<li>Zakres pomiarowy: -25,0\u2026+100,0oC,<\/li>\n<li>Rozdzielczo\u015b\u0107 pomiaru: 0,1oC,<\/li>\n<li>Dok\u0142adno\u015b\u0107 pomiaru (z offset = 0,0oC): \u00b10,6oC.<\/li>\n<\/ul>\n<p>Czujnik temperatury kana\u0142owy to nie jedyny <a href=\"\/sklep\/kategoria-produktu\/czujniki\/\">czujnik elektroniczny<\/a> w naszej ofercie. Posiadamy te\u017c <a href=\"\/sklep\/\/produkt\/zanurzeniowy-czujnik-temperatury-w-ts-101-im\/\">zanurzeniowy czujnik temperatury<\/a>, a tak\u017ce <a href=\"\/sklep\">automatyk\u0119 przemys\u0142ow\u0105<\/a> do regulowania pracy urz\u0105dze\u0144, np. <a href=\"\/sklep\/kategoria-produktu\/sterowniki\/\">sterowniki PLC<\/a>. Zapraszamy!<\/p>\n<p>&nbsp;<\/p>\n<hr \/>\n<p><span style=\"color: #000000;\"><strong>Tego potrzebujesz do konfiguracji czujnika<\/strong><\/span><\/p>\n<p>&nbsp;<\/p>\n<p><a href=\"http:\/\/wayy.pl\/sklep\/produkt\/konwerter-usb-rs485-ch340-modbus-profibus-plc\/\"><img decoding=\"async\" class=\"alignnone size-full wp-image-5692 hvr-grow\" src=\"https:\/\/wayy.pl\/sklep\/wp-content\/uploads\/sites\/17\/2021\/03\/150px-konwerter-USB.jpg\" alt=\"\" width=\"150\" height=\"150\" srcset=\"https:\/\/wayy.pl\/sklep\/wp-content\/uploads\/sites\/17\/2021\/03\/150px-konwerter-USB.jpg 150w, https:\/\/wayy.pl\/sklep\/wp-content\/uploads\/sites\/17\/2021\/03\/150px-konwerter-USB-100x100.jpg 100w\" sizes=\"(max-width: 150px) 100vw, 150px\" \/><\/a><a href=\"http:\/\/wayy.pl\/sklep\/produkt\/zasilacz\/\"><img decoding=\"async\" class=\"alignnone size-full wp-image-5688 hvr-grow\" src=\"https:\/\/wayy.pl\/sklep\/wp-content\/uploads\/sites\/17\/2021\/03\/150px-zasilacz.jpg\" alt=\"\" width=\"150\" height=\"150\" srcset=\"https:\/\/wayy.pl\/sklep\/wp-content\/uploads\/sites\/17\/2021\/03\/150px-zasilacz.jpg 150w, https:\/\/wayy.pl\/sklep\/wp-content\/uploads\/sites\/17\/2021\/03\/150px-zasilacz-100x100.jpg 100w\" sizes=\"(max-width: 150px) 100vw, 150px\" \/><\/a> <a href=\"https:\/\/wayy.pl\/sklep\/produkt\/oprogramowanie-deviceconfigurator\/\"><img decoding=\"async\" class=\"alignnone size-full wp-image-5614 hvr-grow\" src=\"https:\/\/wayy.pl\/sklep\/wp-content\/uploads\/sites\/17\/2021\/03\/dc-150px.png\" alt=\"\" width=\"150\" height=\"150\" srcset=\"https:\/\/wayy.pl\/sklep\/wp-content\/uploads\/sites\/17\/2021\/03\/dc-150px.png 150w, https:\/\/wayy.pl\/sklep\/wp-content\/uploads\/sites\/17\/2021\/03\/dc-150px-100x100.png 100w\" sizes=\"(max-width: 150px) 100vw, 150px\" \/><\/a> <a href=\"http:\/\/wayy.pl\/sklep\/produkt\/przewod-zasilajaco-transmisyjny-bit-liycy-uv-2x2x05mm2\/\"><img loading=\"lazy\" decoding=\"async\" class=\"alignnone size-full wp-image-5680 hvr-grow\" src=\"https:\/\/wayy.pl\/sklep\/wp-content\/uploads\/sites\/17\/2021\/03\/150px-przewod-zas-trans-2.jpg\" alt=\"\" width=\"150\" height=\"150\" srcset=\"https:\/\/wayy.pl\/sklep\/wp-content\/uploads\/sites\/17\/2021\/03\/150px-przewod-zas-trans-2.jpg 150w, https:\/\/wayy.pl\/sklep\/wp-content\/uploads\/sites\/17\/2021\/03\/150px-przewod-zas-trans-2-100x100.jpg 100w\" sizes=\"(max-width: 150px) 100vw, 150px\" \/><\/a><\/p>\n","protected":false},"excerpt":{"rendered":"<ul>\n<li><strong>cena przy ilo\u015bci: 2+\u00a0 \u00a0 \u00a0313 PLN <\/strong>+ 23% VAT \/ szt.<\/li>\n<li><strong>cena przy ilo\u015bci: 6+\u00a0 \u00a0 \u00a0296 PLN <\/strong>+ 23% VAT \/ szt.<\/li>\n<li><strong>cena przy ilo\u015bci: 11+\u00a0 \u00a0280 PLN <\/strong>+ 23% VAT \/ szt.<\/li>\n<li><strong>cena przy ilo\u015bci: 21+\u00a0 \u00a0264 PLN <\/strong>+ 23% VAT \/ szt.<\/li>\n<\/ul>\n<p>Cena zawiera czujnik oraz sensor.<\/p>\n<p><img decoding=\"async\" class=\"alignnone size-full wp-image-5782\" src=\"https:\/\/wayy.pl\/sklep\/wp-content\/uploads\/sites\/17\/2020\/11\/btn_ico-mniej-niz-minuta-1.svg\" alt=\"\" \/><a href=\"https:\/\/wayy.pl\/sklep\/prosta-konfiguracja\/\"><img decoding=\"async\" class=\"alignnone size-full wp-image-6071 hvr-grow\" src=\"https:\/\/wayy.pl\/sklep\/wp-content\/uploads\/sites\/17\/2020\/11\/prosta_konfiguracja_bitton.svg\" alt=\"\" \/><\/a><\/p>\n<ul>\n<li><span style=\"color: #000000;\">Aktywny czujnik do pomiaru temperatury w kana\u0142ach powietrznych<\/span><\/li>\n<li><span style=\"color: #000000;\">Napi\u0119cie zasilania 22..26V DC<\/span><\/li>\n<li><span style=\"color: #000000;\">Modbus RTU Slave<\/span><\/li>\n<li><span style=\"color: #000000;\">Do 128 urz\u0105dze\u0144 na magistrali<\/span><\/li>\n<li><span style=\"color: #000000;\">Odporno\u015b\u0107 na warunki atmosferyczne IP 55<\/span><\/li>\n<li><span style=\"color: #000000;\">Gwarancja 6 lat<\/span><\/li>\n<\/ul>\n<p><img loading=\"lazy\" decoding=\"async\" class=\"alignnone wp-image-10156 size-full\" src=\"https:\/\/wayy.pl\/sklep\/wp-content\/uploads\/sites\/17\/2023\/05\/baner.jpg\" alt=\"\" width=\"1200\" height=\"300\" \/><\/p>\n","protected":false},"featured_media":3714,"template":"","meta":{"site-sidebar-layout":"default","site-content-layout":"default","ast-site-content-layout":"default","site-content-style":"default","site-sidebar-style":"default","ast-global-header-display":"","ast-banner-title-visibility":"","ast-main-header-display":"","ast-hfb-above-header-display":"","ast-hfb-below-header-display":"","ast-hfb-mobile-header-display":"","site-post-title":"","ast-breadcrumbs-content":"","ast-featured-img":"","footer-sml-layout":"","theme-transparent-header-meta":"default","adv-header-id-meta":"","stick-header-meta":"default","header-above-stick-meta":"","header-main-stick-meta":"","header-below-stick-meta":"","astra-migrate-meta-layouts":"set","ast-page-background-enabled":"default","ast-page-background-meta":{"desktop":{"background-color":"","background-image":"","background-repeat":"repeat","background-position":"center center","background-size":"auto","background-attachment":"scroll","background-type":"","background-media":"","overlay-type":"","overlay-color":"","overlay-opacity":"","overlay-gradient":""},"tablet":{"background-color":"","background-image":"","background-repeat":"repeat","background-position":"center center","background-size":"auto","background-attachment":"scroll","background-type":"","background-media":"","overlay-type":"","overlay-color":"","overlay-opacity":"","overlay-gradient":""},"mobile":{"background-color":"","background-image":"","background-repeat":"repeat","background-position":"center center","background-size":"auto","background-attachment":"scroll","background-type":"","background-media":"","overlay-type":"","overlay-color":"","overlay-opacity":"","overlay-gradient":""}},"ast-content-background-meta":{"desktop":{"background-color":"var(--ast-global-color-5)","background-image":"","background-repeat":"repeat","background-position":"center center","background-size":"auto","background-attachment":"scroll","background-type":"","background-media":"","overlay-type":"","overlay-color":"","overlay-opacity":"","overlay-gradient":""},"tablet":{"background-color":"var(--ast-global-color-5)","background-image":"","background-repeat":"repeat","background-position":"center center","background-size":"auto","background-attachment":"scroll","background-type":"","background-media":"","overlay-type":"","overlay-color":"","overlay-opacity":"","overlay-gradient":""},"mobile":{"background-color":"var(--ast-global-color-5)","background-image":"","background-repeat":"repeat","background-position":"center center","background-size":"auto","background-attachment":"scroll","background-type":"","background-media":"","overlay-type":"","overlay-color":"","overlay-opacity":"","overlay-gradient":""}}},"product_cat":[33,93],"product_tag":[43,58,46],"woo-feed-brand":[],"class_list":{"0":"post-3750","1":"product","2":"type-product","3":"status-publish","4":"has-post-thumbnail","6":"product_cat-czujniki","7":"product_cat-czujniki-temperatury","8":"product_tag-automatyka","9":"product_tag-czujnik-temperatury","10":"product_tag-modbus","11":"product_shipping_class-torba_papierowa_mala","12":"desktop-align-left","13":"tablet-align-left","14":"mobile-align-left","15":"ast-product-gallery-layout-horizontal","16":"ast-product-gallery-with-no-image","17":"ast-magnify-disabled","18":"ast-product-tabs-layout-horizontal","20":"first","21":"instock","22":"featured","23":"taxable","24":"shipping-taxable","25":"purchasable","26":"product-type-simple"},"yoast_head":"<!-- This site is optimized with the Yoast SEO plugin v23.3 - https:\/\/yoast.com\/wordpress\/plugins\/seo\/ -->\n<title>Kana\u0142owy czujnik temperatury wTS.101.DU - 2 lata gwarancji - Najlepsza Cena w Sklep Wayy<\/title>\n<meta name=\"description\" content=\"Wayy.pl \u27a4 Tw\u00f3j sklep z automatyk\u0105 przemys\u0142ow\u0105 \u2714\ufe0f Kana\u0142owy czujnik temperatury wTS.101.DU \u2714\ufe0f Pe\u0142ne wsparcie techniczne i 2 lata gwarancji \u2714\ufe0f Zapraszamy!\" \/>\n<meta name=\"robots\" content=\"index, follow, max-snippet:-1, max-image-preview:large, max-video-preview:-1\" \/>\n<link rel=\"canonical\" href=\"https:\/\/wayy.pl\/sklep\/produkt\/kanalowy-czujnik-temperatury-w-ts-101-du\/\" \/>\n<meta property=\"og:locale\" content=\"pl_PL\" \/>\n<meta property=\"og:type\" content=\"article\" \/>\n<meta property=\"og:title\" content=\"Kana\u0142owy czujnik temperatury wTS.101.DU - 2 lata gwarancji - Najlepsza Cena w Sklep Wayy\" \/>\n<meta property=\"og:description\" content=\"Wayy.pl \u27a4 Tw\u00f3j sklep z automatyk\u0105 przemys\u0142ow\u0105 \u2714\ufe0f Kana\u0142owy czujnik temperatury wTS.101.DU \u2714\ufe0f Pe\u0142ne wsparcie techniczne i 2 lata gwarancji \u2714\ufe0f Zapraszamy!\" \/>\n<meta property=\"og:url\" content=\"https:\/\/wayy.pl\/sklep\/produkt\/kanalowy-czujnik-temperatury-w-ts-101-du\/\" \/>\n<meta property=\"og:site_name\" content=\"Sklep Wayy\" \/>\n<meta property=\"article:modified_time\" content=\"2025-07-09T00:56:27+00:00\" \/>\n<meta property=\"og:image\" content=\"https:\/\/wayy.pl\/sklep\/wp-content\/uploads\/sites\/17\/2020\/11\/W.TS_.101.DU_.jpg\" \/>\n\t<meta property=\"og:image:width\" content=\"1000\" \/>\n\t<meta property=\"og:image:height\" content=\"1000\" \/>\n\t<meta property=\"og:image:type\" content=\"image\/jpeg\" \/>\n<meta name=\"twitter:card\" content=\"summary_large_image\" \/>\n<meta name=\"twitter:label1\" content=\"Szacowany czas czytania\" \/>\n\t<meta name=\"twitter:data1\" content=\"2 minuty\" \/>\n<script type=\"application\/ld+json\" class=\"yoast-schema-graph\">{\"@context\":\"https:\/\/schema.org\",\"@graph\":[{\"@type\":\"WebPage\",\"@id\":\"https:\/\/wayy.pl\/sklep\/produkt\/kanalowy-czujnik-temperatury-w-ts-101-du\/\",\"url\":\"https:\/\/wayy.pl\/sklep\/produkt\/kanalowy-czujnik-temperatury-w-ts-101-du\/\",\"name\":\"Kana\u0142owy czujnik temperatury wTS.101.DU - 2 lata gwarancji - Najlepsza Cena w Sklep Wayy\",\"isPartOf\":{\"@id\":\"https:\/\/wayy.pl\/sklep\/#website\"},\"primaryImageOfPage\":{\"@id\":\"https:\/\/wayy.pl\/sklep\/produkt\/kanalowy-czujnik-temperatury-w-ts-101-du\/#primaryimage\"},\"image\":{\"@id\":\"https:\/\/wayy.pl\/sklep\/produkt\/kanalowy-czujnik-temperatury-w-ts-101-du\/#primaryimage\"},\"thumbnailUrl\":\"https:\/\/wayy.pl\/sklep\/wp-content\/uploads\/sites\/17\/2020\/11\/W.TS_.101.DU_.jpg\",\"datePublished\":\"2020-11-09T19:56:17+00:00\",\"dateModified\":\"2025-07-09T00:56:27+00:00\",\"description\":\"Wayy.pl \u27a4 Tw\u00f3j sklep z automatyk\u0105 przemys\u0142ow\u0105 \u2714\ufe0f Kana\u0142owy czujnik temperatury wTS.101.DU \u2714\ufe0f Pe\u0142ne wsparcie techniczne i 2 lata gwarancji \u2714\ufe0f Zapraszamy!\",\"breadcrumb\":{\"@id\":\"https:\/\/wayy.pl\/sklep\/produkt\/kanalowy-czujnik-temperatury-w-ts-101-du\/#breadcrumb\"},\"inLanguage\":\"pl-PL\",\"potentialAction\":[{\"@type\":\"ReadAction\",\"target\":[\"https:\/\/wayy.pl\/sklep\/produkt\/kanalowy-czujnik-temperatury-w-ts-101-du\/\"]}]},{\"@type\":\"ImageObject\",\"inLanguage\":\"pl-PL\",\"@id\":\"https:\/\/wayy.pl\/sklep\/produkt\/kanalowy-czujnik-temperatury-w-ts-101-du\/#primaryimage\",\"url\":\"https:\/\/wayy.pl\/sklep\/wp-content\/uploads\/sites\/17\/2020\/11\/W.TS_.101.DU_.jpg\",\"contentUrl\":\"https:\/\/wayy.pl\/sklep\/wp-content\/uploads\/sites\/17\/2020\/11\/W.TS_.101.DU_.jpg\",\"width\":1000,\"height\":1000,\"caption\":\"kanalowy_czujnik-temperatury\"},{\"@type\":\"BreadcrumbList\",\"@id\":\"https:\/\/wayy.pl\/sklep\/produkt\/kanalowy-czujnik-temperatury-w-ts-101-du\/#breadcrumb\",\"itemListElement\":[{\"@type\":\"ListItem\",\"position\":1,\"name\":\"Automatyka przemys\u0142owa\",\"item\":\"https:\/\/wayy.pl\/sklep\/\"},{\"@type\":\"ListItem\",\"position\":2,\"name\":\"Produkty\",\"item\":\"https:\/\/wayy.pl\/sklep\/shop\/\"},{\"@type\":\"ListItem\",\"position\":3,\"name\":\"Czujniki\",\"item\":\"https:\/\/wayy.pl\/sklep\/kategoria-produktu\/czujniki\/\"},{\"@type\":\"ListItem\",\"position\":4,\"name\":\"Kana\u0142owy czujnik temperatury wTS.101.DU\"}]},{\"@type\":\"WebSite\",\"@id\":\"https:\/\/wayy.pl\/sklep\/#website\",\"url\":\"https:\/\/wayy.pl\/sklep\/\",\"name\":\"Sklep Wayy\",\"description\":\"Automatyka przemys\u0142owa. 6 lat gwarancji.\",\"publisher\":{\"@id\":\"https:\/\/wayy.pl\/sklep\/#organization\"},\"potentialAction\":[{\"@type\":\"SearchAction\",\"target\":{\"@type\":\"EntryPoint\",\"urlTemplate\":\"https:\/\/wayy.pl\/sklep\/?s={search_term_string}\"},\"query-input\":\"required name=search_term_string\"}],\"inLanguage\":\"pl-PL\"},{\"@type\":\"Organization\",\"@id\":\"https:\/\/wayy.pl\/sklep\/#organization\",\"name\":\"Wayy - automatyka przemys\u0142owa\",\"url\":\"https:\/\/wayy.pl\/sklep\/\",\"logo\":{\"@type\":\"ImageObject\",\"inLanguage\":\"pl-PL\",\"@id\":\"https:\/\/wayy.pl\/sklep\/#\/schema\/logo\/image\/\",\"url\":\"https:\/\/wayy.pl\/sklep\/wp-content\/uploads\/sites\/17\/2021\/03\/wayy.png\",\"contentUrl\":\"https:\/\/wayy.pl\/sklep\/wp-content\/uploads\/sites\/17\/2021\/03\/wayy.png\",\"width\":1001,\"height\":352,\"caption\":\"Wayy - automatyka przemys\u0142owa\"},\"image\":{\"@id\":\"https:\/\/wayy.pl\/sklep\/#\/schema\/logo\/image\/\"},\"sameAs\":[\"https:\/\/www.linkedin.com\/company\/klimat-solec\",\"https:\/\/www.youtube.com\/user\/KlimatSolec\"]}]}<\/script>\n<!-- \/ Yoast SEO plugin. -->","yoast_head_json":{"title":"Kana\u0142owy czujnik temperatury wTS.101.DU - 2 lata gwarancji - Najlepsza Cena w Sklep Wayy","description":"Wayy.pl \u27a4 Tw\u00f3j sklep z automatyk\u0105 przemys\u0142ow\u0105 \u2714\ufe0f Kana\u0142owy czujnik temperatury wTS.101.DU \u2714\ufe0f Pe\u0142ne wsparcie techniczne i 2 lata gwarancji \u2714\ufe0f Zapraszamy!","robots":{"index":"index","follow":"follow","max-snippet":"max-snippet:-1","max-image-preview":"max-image-preview:large","max-video-preview":"max-video-preview:-1"},"canonical":"https:\/\/wayy.pl\/sklep\/produkt\/kanalowy-czujnik-temperatury-w-ts-101-du\/","og_locale":"pl_PL","og_type":"article","og_title":"Kana\u0142owy czujnik temperatury wTS.101.DU - 2 lata gwarancji - Najlepsza Cena w Sklep Wayy","og_description":"Wayy.pl \u27a4 Tw\u00f3j sklep z automatyk\u0105 przemys\u0142ow\u0105 \u2714\ufe0f Kana\u0142owy czujnik temperatury wTS.101.DU \u2714\ufe0f Pe\u0142ne wsparcie techniczne i 2 lata gwarancji \u2714\ufe0f Zapraszamy!","og_url":"https:\/\/wayy.pl\/sklep\/produkt\/kanalowy-czujnik-temperatury-w-ts-101-du\/","og_site_name":"Sklep Wayy","article_modified_time":"2025-07-09T00:56:27+00:00","og_image":[{"width":1000,"height":1000,"url":"https:\/\/wayy.pl\/sklep\/wp-content\/uploads\/sites\/17\/2020\/11\/W.TS_.101.DU_.jpg","type":"image\/jpeg"}],"twitter_card":"summary_large_image","twitter_misc":{"Szacowany czas czytania":"2 minuty"},"schema":{"@context":"https:\/\/schema.org","@graph":[{"@type":"WebPage","@id":"https:\/\/wayy.pl\/sklep\/produkt\/kanalowy-czujnik-temperatury-w-ts-101-du\/","url":"https:\/\/wayy.pl\/sklep\/produkt\/kanalowy-czujnik-temperatury-w-ts-101-du\/","name":"Kana\u0142owy czujnik temperatury wTS.101.DU - 2 lata gwarancji - Najlepsza Cena w Sklep Wayy","isPartOf":{"@id":"https:\/\/wayy.pl\/sklep\/#website"},"primaryImageOfPage":{"@id":"https:\/\/wayy.pl\/sklep\/produkt\/kanalowy-czujnik-temperatury-w-ts-101-du\/#primaryimage"},"image":{"@id":"https:\/\/wayy.pl\/sklep\/produkt\/kanalowy-czujnik-temperatury-w-ts-101-du\/#primaryimage"},"thumbnailUrl":"https:\/\/wayy.pl\/sklep\/wp-content\/uploads\/sites\/17\/2020\/11\/W.TS_.101.DU_.jpg","datePublished":"2020-11-09T19:56:17+00:00","dateModified":"2025-07-09T00:56:27+00:00","description":"Wayy.pl \u27a4 Tw\u00f3j sklep z automatyk\u0105 przemys\u0142ow\u0105 \u2714\ufe0f Kana\u0142owy czujnik temperatury wTS.101.DU \u2714\ufe0f Pe\u0142ne wsparcie techniczne i 2 lata gwarancji \u2714\ufe0f Zapraszamy!","breadcrumb":{"@id":"https:\/\/wayy.pl\/sklep\/produkt\/kanalowy-czujnik-temperatury-w-ts-101-du\/#breadcrumb"},"inLanguage":"pl-PL","potentialAction":[{"@type":"ReadAction","target":["https:\/\/wayy.pl\/sklep\/produkt\/kanalowy-czujnik-temperatury-w-ts-101-du\/"]}]},{"@type":"ImageObject","inLanguage":"pl-PL","@id":"https:\/\/wayy.pl\/sklep\/produkt\/kanalowy-czujnik-temperatury-w-ts-101-du\/#primaryimage","url":"https:\/\/wayy.pl\/sklep\/wp-content\/uploads\/sites\/17\/2020\/11\/W.TS_.101.DU_.jpg","contentUrl":"https:\/\/wayy.pl\/sklep\/wp-content\/uploads\/sites\/17\/2020\/11\/W.TS_.101.DU_.jpg","width":1000,"height":1000,"caption":"kanalowy_czujnik-temperatury"},{"@type":"BreadcrumbList","@id":"https:\/\/wayy.pl\/sklep\/produkt\/kanalowy-czujnik-temperatury-w-ts-101-du\/#breadcrumb","itemListElement":[{"@type":"ListItem","position":1,"name":"Automatyka przemys\u0142owa","item":"https:\/\/wayy.pl\/sklep\/"},{"@type":"ListItem","position":2,"name":"Produkty","item":"https:\/\/wayy.pl\/sklep\/shop\/"},{"@type":"ListItem","position":3,"name":"Czujniki","item":"https:\/\/wayy.pl\/sklep\/kategoria-produktu\/czujniki\/"},{"@type":"ListItem","position":4,"name":"Kana\u0142owy czujnik temperatury wTS.101.DU"}]},{"@type":"WebSite","@id":"https:\/\/wayy.pl\/sklep\/#website","url":"https:\/\/wayy.pl\/sklep\/","name":"Sklep Wayy","description":"Automatyka przemys\u0142owa. 6 lat gwarancji.","publisher":{"@id":"https:\/\/wayy.pl\/sklep\/#organization"},"potentialAction":[{"@type":"SearchAction","target":{"@type":"EntryPoint","urlTemplate":"https:\/\/wayy.pl\/sklep\/?s={search_term_string}"},"query-input":"required name=search_term_string"}],"inLanguage":"pl-PL"},{"@type":"Organization","@id":"https:\/\/wayy.pl\/sklep\/#organization","name":"Wayy - automatyka przemys\u0142owa","url":"https:\/\/wayy.pl\/sklep\/","logo":{"@type":"ImageObject","inLanguage":"pl-PL","@id":"https:\/\/wayy.pl\/sklep\/#\/schema\/logo\/image\/","url":"https:\/\/wayy.pl\/sklep\/wp-content\/uploads\/sites\/17\/2021\/03\/wayy.png","contentUrl":"https:\/\/wayy.pl\/sklep\/wp-content\/uploads\/sites\/17\/2021\/03\/wayy.png","width":1001,"height":352,"caption":"Wayy - automatyka przemys\u0142owa"},"image":{"@id":"https:\/\/wayy.pl\/sklep\/#\/schema\/logo\/image\/"},"sameAs":["https:\/\/www.linkedin.com\/company\/klimat-solec","https:\/\/www.youtube.com\/user\/KlimatSolec"]}]}},"tiered_pricing_type":"fixed","tiered_pricing_fixed_rules":[],"tiered_pricing_product_settings":{"layout":"default","base_unit_name":{"singular":null,"plural":null},"default_variation":null},"tiered_pricing_minimum_quantity":1,"tiered_pricing_roles_data":[],"tiered_pricing_percentage_rules":[],"_links":{"self":[{"href":"https:\/\/wayy.pl\/sklep\/wp-json\/wp\/v2\/product\/3750"}],"collection":[{"href":"https:\/\/wayy.pl\/sklep\/wp-json\/wp\/v2\/product"}],"about":[{"href":"https:\/\/wayy.pl\/sklep\/wp-json\/wp\/v2\/types\/product"}],"wp:featuredmedia":[{"embeddable":true,"href":"https:\/\/wayy.pl\/sklep\/wp-json\/wp\/v2\/media\/3714"}],"wp:attachment":[{"href":"https:\/\/wayy.pl\/sklep\/wp-json\/wp\/v2\/media?parent=3750"}],"wp:term":[{"taxonomy":"product_cat","embeddable":true,"href":"https:\/\/wayy.pl\/sklep\/wp-json\/wp\/v2\/product_cat?post=3750"},{"taxonomy":"product_tag","embeddable":true,"href":"https:\/\/wayy.pl\/sklep\/wp-json\/wp\/v2\/product_tag?post=3750"},{"taxonomy":"woo-feed-brand","embeddable":true,"href":"https:\/\/wayy.pl\/sklep\/wp-json\/wp\/v2\/woo-feed-brand?post=3750"}],"curies":[{"name":"wp","href":"https:\/\/api.w.org\/{rel}","templated":true}]}}