{"id":3751,"date":"2020-11-09T20:57:53","date_gmt":"2020-11-09T19:57:53","guid":{"rendered":"http:\/\/wayy.pl\/sklep\/?post_type=product&#038;p=3751"},"modified":"2025-07-09T03:00:05","modified_gmt":"2025-07-09T01:00:05","slug":"zanurzeniowy-czujnik-temperatury-w-ts-101-im","status":"publish","type":"product","link":"https:\/\/wayy.pl\/sklep\/produkt\/zanurzeniowy-czujnik-temperatury-w-ts-101-im\/","title":{"rendered":"Zanurzeniowy czujnik temperatury wTS.101.IM"},"content":{"rendered":"<p><strong>Czujnik zanurzeniowy temperatury mo\u017ce by\u0107 zastosowany w instalacjach grzewczych, wentylacyjnych i klimatyzacyjnych<\/strong>. Urz\u0105dzenie to dokonuje pomiaru temperatury wody w ruroci\u0105gu albo w zasobniku przy pomocy elementu pomiarowego, kt\u00f3rego rezystancja zmienia si\u0119 w funkcji temperatury. Zmiana ta przekszta\u0142cana jest w warto\u015b\u0107 temperatury, a nast\u0119pnie zapisywana w pami\u0119ci czujnika temperatury zanurzeniowego.<\/p>\n<h2>Zanurzeniowy czujnik temperatury wTS.101.IM \u2014 budowa<\/h2>\n<p><strong>Zanurzeniowy czujnik temperatury jest zbudowany z dw\u00f3ch cz\u0119\u015bci<\/strong>:<\/p>\n<ul>\n<li>gilzy pomiarowej \u2014 zawiera element pomiarowy,<\/li>\n<li>modu\u0142u interfejsu.<\/li>\n<\/ul>\n<p>Oba elementy \u0142\u0105czy dwu\u017cy\u0142owy (2 \u00d7 0,34 mm2) przew\u00f3d maj\u0105cy d\u0142ugo\u015b\u0107 maksymaln\u0105 3 m, kt\u00f3ry ko\u0144czy szczelne z\u0142\u0105cze przemys\u0142owe. Obudowy tych cz\u0119\u015bci, jak i izolacja przewod\u00f3w s\u0105 wytworzone z odpornych na dzia\u0142anie czynnik\u00f3w zewn\u0119trznych materia\u0142\u00f3w.<\/p>\n<p><strong>Jednostka centralna zanurzeniowego czujnika temperatury posiada wy\u015bwietlacz LED oraz cztery przyciski<\/strong>, kt\u00f3re s\u0142u\u017c\u0105 do r\u0119cznego ustawiania i podgl\u0105du parametr\u00f3w urz\u0105dzenia. Obudowa modu\u0142u interfejsu ma stopie\u0144 ochrony przed czynnikami zewn\u0119trznymi &#8211; IP55.<\/p>\n<p><strong>Gilz\u0119 nale\u017cy umie\u015bci\u0107 w os\u0142onie zasobnika albo czujnika zamontowanej szczelnie w obudowie ruroci\u0105gu<\/strong>. Mo\u017cna zastosowa\u0107 wype\u0142niacze w \u015brodku os\u0142ony czujnika, kt\u00f3re polepsz\u0105 przewodno\u015b\u0107 termiczn\u0105, np. pasty termoprzewodz\u0105ce. Os\u0142ona gilzy czujnika zanurzeniowego musi by\u0107 na tyle g\u0142\u0119boka, aby dawa\u0107 mo\u017cliwo\u015b\u0107 umieszczenia ca\u0142ej jej powierzchni wewn\u0105trz zasobnika lub ruroci\u0105gu.<\/p>\n<p><strong>Zanurzeniowy czujnik temperatury<\/strong> do pomiaru temperatury wody w ruroci\u0105gach i zasobnikach posiada nast\u0119puj\u0105ce parametry:<\/p>\n<ul>\n<li>Napi\u0119cie zasilania 22..26V DC,<\/li>\n<li>Modbus RTU Slave,<\/li>\n<li>Do 128 urz\u0105dze\u0144 na magistrali,<\/li>\n<li>Odporno\u015b\u0107 na warunki atmosferyczne IP 55,<\/li>\n<li>Zakres pomiarowy: -25,0\u2026+100,0<span style=\"color: #000000;\">\u00b0<\/span>C,<\/li>\n<li>Rozdzielczo\u015b\u0107 pomiaru: 0,1<span style=\"color: #000000;\">\u00b0<\/span>C,<\/li>\n<li>Dok\u0142adno\u015b\u0107 pomiaru (z o\ufb00set = 0,0<span style=\"color: #000000;\">\u00b0<\/span>C): \u00b10,6<span style=\"color: #000000;\">\u00b0<\/span>C.<\/li>\n<\/ul>\n<p>W asortymencie posiadamy tak\u017ce inne <a href=\"\/sklep\/kategoria-produktu\/czujniki\/\">czujniki elektroniczne<\/a>, np. <a href=\"\/sklep\/\/produkt\/czujnik-temperatury-zewnetrznej-w-ts-101-out\/\">czujnik temperatury zewn\u0119trznej<\/a> oraz <a href=\"\/sklep\">automatyk\u0119 przemys\u0142ow\u0105<\/a> do konfigurowania i kontrolowania pracy r\u00f3\u017cnych urz\u0105dze\u0144, np. <a href=\"\/sklep\/kategoria-produktu\/sterowniki\/\">sterowniki PLC<\/a>. Zach\u0119camy do zapoznania si\u0119 z ofert\u0105!<\/p>\n<p>&nbsp;<\/p>\n<hr \/>\n<p><span style=\"color: #000000;\"><strong>Tego potrzebujesz do konfiguracji czujnika<\/strong><\/span><\/p>\n<p>&nbsp;<\/p>\n<p><a href=\"http:\/\/wayy.pl\/sklep\/produkt\/konwerter-usb-rs485-ch340-modbus-profibus-plc\/\"><img decoding=\"async\" class=\"alignnone size-full wp-image-5692 hvr-grow\" src=\"https:\/\/wayy.pl\/sklep\/wp-content\/uploads\/sites\/17\/2021\/03\/150px-konwerter-USB.jpg\" alt=\"\" width=\"150\" height=\"150\" srcset=\"https:\/\/wayy.pl\/sklep\/wp-content\/uploads\/sites\/17\/2021\/03\/150px-konwerter-USB.jpg 150w, https:\/\/wayy.pl\/sklep\/wp-content\/uploads\/sites\/17\/2021\/03\/150px-konwerter-USB-100x100.jpg 100w\" sizes=\"(max-width: 150px) 100vw, 150px\" \/><\/a><a href=\"http:\/\/wayy.pl\/sklep\/produkt\/zasilacz\/\"><img decoding=\"async\" class=\"alignnone size-full wp-image-5688 hvr-grow\" src=\"https:\/\/wayy.pl\/sklep\/wp-content\/uploads\/sites\/17\/2021\/03\/150px-zasilacz.jpg\" alt=\"\" width=\"150\" height=\"150\" srcset=\"https:\/\/wayy.pl\/sklep\/wp-content\/uploads\/sites\/17\/2021\/03\/150px-zasilacz.jpg 150w, https:\/\/wayy.pl\/sklep\/wp-content\/uploads\/sites\/17\/2021\/03\/150px-zasilacz-100x100.jpg 100w\" sizes=\"(max-width: 150px) 100vw, 150px\" \/><\/a> <a href=\"https:\/\/wayy.pl\/sklep\/produkt\/oprogramowanie-deviceconfigurator\/\"><img decoding=\"async\" class=\"alignnone size-full wp-image-5614 hvr-grow\" src=\"https:\/\/wayy.pl\/sklep\/wp-content\/uploads\/sites\/17\/2021\/03\/dc-150px.png\" alt=\"\" width=\"150\" height=\"150\" srcset=\"https:\/\/wayy.pl\/sklep\/wp-content\/uploads\/sites\/17\/2021\/03\/dc-150px.png 150w, https:\/\/wayy.pl\/sklep\/wp-content\/uploads\/sites\/17\/2021\/03\/dc-150px-100x100.png 100w\" sizes=\"(max-width: 150px) 100vw, 150px\" \/><\/a> <a href=\"http:\/\/wayy.pl\/sklep\/produkt\/przewod-zasilajaco-transmisyjny-bit-liycy-uv-2x2x05mm2\/\"><img loading=\"lazy\" decoding=\"async\" class=\"alignnone size-full wp-image-5680 hvr-grow\" src=\"https:\/\/wayy.pl\/sklep\/wp-content\/uploads\/sites\/17\/2021\/03\/150px-przewod-zas-trans-2.jpg\" alt=\"\" width=\"150\" height=\"150\" srcset=\"https:\/\/wayy.pl\/sklep\/wp-content\/uploads\/sites\/17\/2021\/03\/150px-przewod-zas-trans-2.jpg 150w, https:\/\/wayy.pl\/sklep\/wp-content\/uploads\/sites\/17\/2021\/03\/150px-przewod-zas-trans-2-100x100.jpg 100w\" sizes=\"(max-width: 150px) 100vw, 150px\" \/><\/a><\/p>\n","protected":false},"excerpt":{"rendered":"<ul>\n<li><strong>cena przy ilo\u015bci: 2+\u00a0 \u00a0 \u00a0297 PLN <\/strong>+ 23% VAT \/ szt.<\/li>\n<li><strong>cena przy ilo\u015bci: 6+\u00a0 \u00a0 \u00a0280 PLN <\/strong>+ 23% VAT \/ szt.<\/li>\n<li><strong>cena przy ilo\u015bci: 11+\u00a0 \u00a0264 PLN <\/strong>+ 23% VAT \/ szt.<\/li>\n<li><strong>cena przy ilo\u015bci: 21+\u00a0 \u00a0249 PLN <\/strong>+ 23% VAT \/ szt.<\/li>\n<\/ul>\n<p>Cena zwiera czujnik oraz sensor.<\/p>\n<p><img decoding=\"async\" class=\"alignnone size-full wp-image-5782\" src=\"https:\/\/wayy.pl\/sklep\/wp-content\/uploads\/sites\/17\/2020\/11\/btn_ico-mniej-niz-minuta-1.svg\" alt=\"\" \/><a href=\"https:\/\/wayy.pl\/sklep\/prosta-konfiguracja\/\"><img decoding=\"async\" class=\"alignnone size-full wp-image-6071 hvr-grow\" src=\"https:\/\/wayy.pl\/sklep\/wp-content\/uploads\/sites\/17\/2020\/11\/prosta_konfiguracja_bitton.svg\" alt=\"\" \/><\/a><\/p>\n<ul>\n<li><span style=\"color: #000000;\">Aktywny czujnik do pomiaru temperatury wody w ruroci\u0105gach i zasobnikach<\/span><\/li>\n<li><span style=\"color: #000000;\">Napi\u0119cie zasilania 22..26V DC<\/span><\/li>\n<li><span style=\"color: #000000;\">Modbus RTU Slave<\/span><\/li>\n<li><span style=\"color: #000000;\">Do 128 urz\u0105dze\u0144 na magistrali<\/span><\/li>\n<li><span style=\"color: #000000;\">Odporno\u015b\u0107 na warunki atmosferyczne IP 55<\/span><\/li>\n<li><span style=\"color: #000000;\">6 lat gwarancji\u00a0<\/span><\/li>\n<\/ul>\n<p><img loading=\"lazy\" decoding=\"async\" class=\"alignnone wp-image-10156 size-full\" src=\"https:\/\/wayy.pl\/sklep\/wp-content\/uploads\/sites\/17\/2023\/05\/baner.jpg\" alt=\"\" width=\"1200\" height=\"300\" \/><\/p>\n","protected":false},"featured_media":7629,"template":"","meta":{"site-sidebar-layout":"default","site-content-layout":"default","ast-site-content-layout":"default","site-content-style":"default","site-sidebar-style":"default","ast-global-header-display":"","ast-banner-title-visibility":"","ast-main-header-display":"","ast-hfb-above-header-display":"","ast-hfb-below-header-display":"","ast-hfb-mobile-header-display":"","site-post-title":"","ast-breadcrumbs-content":"","ast-featured-img":"","footer-sml-layout":"","theme-transparent-header-meta":"default","adv-header-id-meta":"","stick-header-meta":"default","header-above-stick-meta":"","header-main-stick-meta":"","header-below-stick-meta":"","astra-migrate-meta-layouts":"set","ast-page-background-enabled":"default","ast-page-background-meta":{"desktop":{"background-color":"","background-image":"","background-repeat":"repeat","background-position":"center center","background-size":"auto","background-attachment":"scroll","background-type":"","background-media":"","overlay-type":"","overlay-color":"","overlay-opacity":"","overlay-gradient":""},"tablet":{"background-color":"","background-image":"","background-repeat":"repeat","background-position":"center center","background-size":"auto","background-attachment":"scroll","background-type":"","background-media":"","overlay-type":"","overlay-color":"","overlay-opacity":"","overlay-gradient":""},"mobile":{"background-color":"","background-image":"","background-repeat":"repeat","background-position":"center center","background-size":"auto","background-attachment":"scroll","background-type":"","background-media":"","overlay-type":"","overlay-color":"","overlay-opacity":"","overlay-gradient":""}},"ast-content-background-meta":{"desktop":{"background-color":"var(--ast-global-color-5)","background-image":"","background-repeat":"repeat","background-position":"center center","background-size":"auto","background-attachment":"scroll","background-type":"","background-media":"","overlay-type":"","overlay-color":"","overlay-opacity":"","overlay-gradient":""},"tablet":{"background-color":"var(--ast-global-color-5)","background-image":"","background-repeat":"repeat","background-position":"center center","background-size":"auto","background-attachment":"scroll","background-type":"","background-media":"","overlay-type":"","overlay-color":"","overlay-opacity":"","overlay-gradient":""},"mobile":{"background-color":"var(--ast-global-color-5)","background-image":"","background-repeat":"repeat","background-position":"center center","background-size":"auto","background-attachment":"scroll","background-type":"","background-media":"","overlay-type":"","overlay-color":"","overlay-opacity":"","overlay-gradient":""}}},"product_cat":[33,93],"product_tag":[43,58,46],"woo-feed-brand":[],"class_list":{"0":"post-3751","1":"product","2":"type-product","3":"status-publish","4":"has-post-thumbnail","6":"product_cat-czujniki","7":"product_cat-czujniki-temperatury","8":"product_tag-automatyka","9":"product_tag-czujnik-temperatury","10":"product_tag-modbus","11":"product_shipping_class-torba_papierowa_duza","12":"desktop-align-left","13":"tablet-align-left","14":"mobile-align-left","15":"ast-product-gallery-layout-horizontal","16":"ast-product-gallery-with-no-image","17":"ast-magnify-disabled","18":"ast-product-tabs-layout-horizontal","20":"first","21":"instock","22":"featured","23":"taxable","24":"shipping-taxable","25":"purchasable","26":"product-type-simple"},"yoast_head":"<!-- This site is optimized with the Yoast SEO plugin v23.3 - https:\/\/yoast.com\/wordpress\/plugins\/seo\/ -->\n<title>Zanurzeniowy czujnik temperatury wTS.101.IM - 2 lata gwarancji - Najlepsza Cena w Sklep Wayy<\/title>\n<meta name=\"description\" content=\"Wayy.pl \u27a4 Tw\u00f3j sklep z automatyk\u0105 przemys\u0142ow\u0105 \u2714\ufe0f Zanurzeniowy czujnik temperatury wTS.101.IM \u2714\ufe0f Pe\u0142ne wsparcie techniczne i 2 lata gwarancji \u2714\ufe0f Zapraszamy!\" \/>\n<meta name=\"robots\" content=\"index, follow, max-snippet:-1, max-image-preview:large, max-video-preview:-1\" \/>\n<link rel=\"canonical\" href=\"https:\/\/wayy.pl\/sklep\/produkt\/zanurzeniowy-czujnik-temperatury-w-ts-101-im\/\" \/>\n<meta property=\"og:locale\" content=\"pl_PL\" \/>\n<meta property=\"og:type\" content=\"article\" \/>\n<meta property=\"og:title\" content=\"Zanurzeniowy czujnik temperatury wTS.101.IM - 2 lata gwarancji - Najlepsza Cena w Sklep Wayy\" \/>\n<meta property=\"og:description\" content=\"Wayy.pl \u27a4 Tw\u00f3j sklep z automatyk\u0105 przemys\u0142ow\u0105 \u2714\ufe0f Zanurzeniowy czujnik temperatury wTS.101.IM \u2714\ufe0f Pe\u0142ne wsparcie techniczne i 2 lata gwarancji \u2714\ufe0f Zapraszamy!\" \/>\n<meta property=\"og:url\" content=\"https:\/\/wayy.pl\/sklep\/produkt\/zanurzeniowy-czujnik-temperatury-w-ts-101-im\/\" \/>\n<meta property=\"og:site_name\" content=\"Sklep Wayy\" \/>\n<meta property=\"article:modified_time\" content=\"2025-07-09T01:00:05+00:00\" \/>\n<meta property=\"og:image\" content=\"https:\/\/wayy.pl\/sklep\/wp-content\/uploads\/sites\/17\/2020\/11\/W.TS_.101.IM_opt.jpg\" \/>\n\t<meta property=\"og:image:width\" content=\"600\" \/>\n\t<meta property=\"og:image:height\" content=\"600\" \/>\n\t<meta property=\"og:image:type\" content=\"image\/jpeg\" \/>\n<meta name=\"twitter:card\" content=\"summary_large_image\" \/>\n<meta name=\"twitter:label1\" content=\"Szacowany czas czytania\" \/>\n\t<meta name=\"twitter:data1\" content=\"2 minuty\" \/>\n<script type=\"application\/ld+json\" class=\"yoast-schema-graph\">{\"@context\":\"https:\/\/schema.org\",\"@graph\":[{\"@type\":\"WebPage\",\"@id\":\"https:\/\/wayy.pl\/sklep\/produkt\/zanurzeniowy-czujnik-temperatury-w-ts-101-im\/\",\"url\":\"https:\/\/wayy.pl\/sklep\/produkt\/zanurzeniowy-czujnik-temperatury-w-ts-101-im\/\",\"name\":\"Zanurzeniowy czujnik temperatury wTS.101.IM - 2 lata gwarancji - Najlepsza Cena w Sklep Wayy\",\"isPartOf\":{\"@id\":\"https:\/\/wayy.pl\/sklep\/#website\"},\"primaryImageOfPage\":{\"@id\":\"https:\/\/wayy.pl\/sklep\/produkt\/zanurzeniowy-czujnik-temperatury-w-ts-101-im\/#primaryimage\"},\"image\":{\"@id\":\"https:\/\/wayy.pl\/sklep\/produkt\/zanurzeniowy-czujnik-temperatury-w-ts-101-im\/#primaryimage\"},\"thumbnailUrl\":\"https:\/\/wayy.pl\/sklep\/wp-content\/uploads\/sites\/17\/2020\/11\/W.TS_.101.IM_opt.jpg\",\"datePublished\":\"2020-11-09T19:57:53+00:00\",\"dateModified\":\"2025-07-09T01:00:05+00:00\",\"description\":\"Wayy.pl \u27a4 Tw\u00f3j sklep z automatyk\u0105 przemys\u0142ow\u0105 \u2714\ufe0f Zanurzeniowy czujnik temperatury wTS.101.IM \u2714\ufe0f Pe\u0142ne wsparcie techniczne i 2 lata gwarancji \u2714\ufe0f Zapraszamy!\",\"breadcrumb\":{\"@id\":\"https:\/\/wayy.pl\/sklep\/produkt\/zanurzeniowy-czujnik-temperatury-w-ts-101-im\/#breadcrumb\"},\"inLanguage\":\"pl-PL\",\"potentialAction\":[{\"@type\":\"ReadAction\",\"target\":[\"https:\/\/wayy.pl\/sklep\/produkt\/zanurzeniowy-czujnik-temperatury-w-ts-101-im\/\"]}]},{\"@type\":\"ImageObject\",\"inLanguage\":\"pl-PL\",\"@id\":\"https:\/\/wayy.pl\/sklep\/produkt\/zanurzeniowy-czujnik-temperatury-w-ts-101-im\/#primaryimage\",\"url\":\"https:\/\/wayy.pl\/sklep\/wp-content\/uploads\/sites\/17\/2020\/11\/W.TS_.101.IM_opt.jpg\",\"contentUrl\":\"https:\/\/wayy.pl\/sklep\/wp-content\/uploads\/sites\/17\/2020\/11\/W.TS_.101.IM_opt.jpg\",\"width\":600,\"height\":600,\"caption\":\"zanurzeniowy-czujnik-temperatury\"},{\"@type\":\"BreadcrumbList\",\"@id\":\"https:\/\/wayy.pl\/sklep\/produkt\/zanurzeniowy-czujnik-temperatury-w-ts-101-im\/#breadcrumb\",\"itemListElement\":[{\"@type\":\"ListItem\",\"position\":1,\"name\":\"Automatyka przemys\u0142owa\",\"item\":\"https:\/\/wayy.pl\/sklep\/\"},{\"@type\":\"ListItem\",\"position\":2,\"name\":\"Produkty\",\"item\":\"https:\/\/wayy.pl\/sklep\/shop\/\"},{\"@type\":\"ListItem\",\"position\":3,\"name\":\"Czujniki\",\"item\":\"https:\/\/wayy.pl\/sklep\/kategoria-produktu\/czujniki\/\"},{\"@type\":\"ListItem\",\"position\":4,\"name\":\"Zanurzeniowy czujnik temperatury wTS.101.IM\"}]},{\"@type\":\"WebSite\",\"@id\":\"https:\/\/wayy.pl\/sklep\/#website\",\"url\":\"https:\/\/wayy.pl\/sklep\/\",\"name\":\"Sklep Wayy\",\"description\":\"Automatyka przemys\u0142owa. 6 lat gwarancji.\",\"publisher\":{\"@id\":\"https:\/\/wayy.pl\/sklep\/#organization\"},\"potentialAction\":[{\"@type\":\"SearchAction\",\"target\":{\"@type\":\"EntryPoint\",\"urlTemplate\":\"https:\/\/wayy.pl\/sklep\/?s={search_term_string}\"},\"query-input\":\"required name=search_term_string\"}],\"inLanguage\":\"pl-PL\"},{\"@type\":\"Organization\",\"@id\":\"https:\/\/wayy.pl\/sklep\/#organization\",\"name\":\"Wayy - automatyka przemys\u0142owa\",\"url\":\"https:\/\/wayy.pl\/sklep\/\",\"logo\":{\"@type\":\"ImageObject\",\"inLanguage\":\"pl-PL\",\"@id\":\"https:\/\/wayy.pl\/sklep\/#\/schema\/logo\/image\/\",\"url\":\"https:\/\/wayy.pl\/sklep\/wp-content\/uploads\/sites\/17\/2021\/03\/wayy.png\",\"contentUrl\":\"https:\/\/wayy.pl\/sklep\/wp-content\/uploads\/sites\/17\/2021\/03\/wayy.png\",\"width\":1001,\"height\":352,\"caption\":\"Wayy - automatyka przemys\u0142owa\"},\"image\":{\"@id\":\"https:\/\/wayy.pl\/sklep\/#\/schema\/logo\/image\/\"},\"sameAs\":[\"https:\/\/www.linkedin.com\/company\/klimat-solec\",\"https:\/\/www.youtube.com\/user\/KlimatSolec\"]}]}<\/script>\n<!-- \/ Yoast SEO plugin. -->","yoast_head_json":{"title":"Zanurzeniowy czujnik temperatury wTS.101.IM - 2 lata gwarancji - Najlepsza Cena w Sklep Wayy","description":"Wayy.pl \u27a4 Tw\u00f3j sklep z automatyk\u0105 przemys\u0142ow\u0105 \u2714\ufe0f Zanurzeniowy czujnik temperatury wTS.101.IM \u2714\ufe0f Pe\u0142ne wsparcie techniczne i 2 lata gwarancji \u2714\ufe0f Zapraszamy!","robots":{"index":"index","follow":"follow","max-snippet":"max-snippet:-1","max-image-preview":"max-image-preview:large","max-video-preview":"max-video-preview:-1"},"canonical":"https:\/\/wayy.pl\/sklep\/produkt\/zanurzeniowy-czujnik-temperatury-w-ts-101-im\/","og_locale":"pl_PL","og_type":"article","og_title":"Zanurzeniowy czujnik temperatury wTS.101.IM - 2 lata gwarancji - Najlepsza Cena w Sklep Wayy","og_description":"Wayy.pl \u27a4 Tw\u00f3j sklep z automatyk\u0105 przemys\u0142ow\u0105 \u2714\ufe0f Zanurzeniowy czujnik temperatury wTS.101.IM \u2714\ufe0f Pe\u0142ne wsparcie techniczne i 2 lata gwarancji \u2714\ufe0f Zapraszamy!","og_url":"https:\/\/wayy.pl\/sklep\/produkt\/zanurzeniowy-czujnik-temperatury-w-ts-101-im\/","og_site_name":"Sklep Wayy","article_modified_time":"2025-07-09T01:00:05+00:00","og_image":[{"width":600,"height":600,"url":"https:\/\/wayy.pl\/sklep\/wp-content\/uploads\/sites\/17\/2020\/11\/W.TS_.101.IM_opt.jpg","type":"image\/jpeg"}],"twitter_card":"summary_large_image","twitter_misc":{"Szacowany czas czytania":"2 minuty"},"schema":{"@context":"https:\/\/schema.org","@graph":[{"@type":"WebPage","@id":"https:\/\/wayy.pl\/sklep\/produkt\/zanurzeniowy-czujnik-temperatury-w-ts-101-im\/","url":"https:\/\/wayy.pl\/sklep\/produkt\/zanurzeniowy-czujnik-temperatury-w-ts-101-im\/","name":"Zanurzeniowy czujnik temperatury wTS.101.IM - 2 lata gwarancji - Najlepsza Cena w Sklep Wayy","isPartOf":{"@id":"https:\/\/wayy.pl\/sklep\/#website"},"primaryImageOfPage":{"@id":"https:\/\/wayy.pl\/sklep\/produkt\/zanurzeniowy-czujnik-temperatury-w-ts-101-im\/#primaryimage"},"image":{"@id":"https:\/\/wayy.pl\/sklep\/produkt\/zanurzeniowy-czujnik-temperatury-w-ts-101-im\/#primaryimage"},"thumbnailUrl":"https:\/\/wayy.pl\/sklep\/wp-content\/uploads\/sites\/17\/2020\/11\/W.TS_.101.IM_opt.jpg","datePublished":"2020-11-09T19:57:53+00:00","dateModified":"2025-07-09T01:00:05+00:00","description":"Wayy.pl \u27a4 Tw\u00f3j sklep z automatyk\u0105 przemys\u0142ow\u0105 \u2714\ufe0f Zanurzeniowy czujnik temperatury wTS.101.IM \u2714\ufe0f Pe\u0142ne wsparcie techniczne i 2 lata gwarancji \u2714\ufe0f Zapraszamy!","breadcrumb":{"@id":"https:\/\/wayy.pl\/sklep\/produkt\/zanurzeniowy-czujnik-temperatury-w-ts-101-im\/#breadcrumb"},"inLanguage":"pl-PL","potentialAction":[{"@type":"ReadAction","target":["https:\/\/wayy.pl\/sklep\/produkt\/zanurzeniowy-czujnik-temperatury-w-ts-101-im\/"]}]},{"@type":"ImageObject","inLanguage":"pl-PL","@id":"https:\/\/wayy.pl\/sklep\/produkt\/zanurzeniowy-czujnik-temperatury-w-ts-101-im\/#primaryimage","url":"https:\/\/wayy.pl\/sklep\/wp-content\/uploads\/sites\/17\/2020\/11\/W.TS_.101.IM_opt.jpg","contentUrl":"https:\/\/wayy.pl\/sklep\/wp-content\/uploads\/sites\/17\/2020\/11\/W.TS_.101.IM_opt.jpg","width":600,"height":600,"caption":"zanurzeniowy-czujnik-temperatury"},{"@type":"BreadcrumbList","@id":"https:\/\/wayy.pl\/sklep\/produkt\/zanurzeniowy-czujnik-temperatury-w-ts-101-im\/#breadcrumb","itemListElement":[{"@type":"ListItem","position":1,"name":"Automatyka przemys\u0142owa","item":"https:\/\/wayy.pl\/sklep\/"},{"@type":"ListItem","position":2,"name":"Produkty","item":"https:\/\/wayy.pl\/sklep\/shop\/"},{"@type":"ListItem","position":3,"name":"Czujniki","item":"https:\/\/wayy.pl\/sklep\/kategoria-produktu\/czujniki\/"},{"@type":"ListItem","position":4,"name":"Zanurzeniowy czujnik temperatury wTS.101.IM"}]},{"@type":"WebSite","@id":"https:\/\/wayy.pl\/sklep\/#website","url":"https:\/\/wayy.pl\/sklep\/","name":"Sklep Wayy","description":"Automatyka przemys\u0142owa. 6 lat gwarancji.","publisher":{"@id":"https:\/\/wayy.pl\/sklep\/#organization"},"potentialAction":[{"@type":"SearchAction","target":{"@type":"EntryPoint","urlTemplate":"https:\/\/wayy.pl\/sklep\/?s={search_term_string}"},"query-input":"required name=search_term_string"}],"inLanguage":"pl-PL"},{"@type":"Organization","@id":"https:\/\/wayy.pl\/sklep\/#organization","name":"Wayy - automatyka przemys\u0142owa","url":"https:\/\/wayy.pl\/sklep\/","logo":{"@type":"ImageObject","inLanguage":"pl-PL","@id":"https:\/\/wayy.pl\/sklep\/#\/schema\/logo\/image\/","url":"https:\/\/wayy.pl\/sklep\/wp-content\/uploads\/sites\/17\/2021\/03\/wayy.png","contentUrl":"https:\/\/wayy.pl\/sklep\/wp-content\/uploads\/sites\/17\/2021\/03\/wayy.png","width":1001,"height":352,"caption":"Wayy - automatyka przemys\u0142owa"},"image":{"@id":"https:\/\/wayy.pl\/sklep\/#\/schema\/logo\/image\/"},"sameAs":["https:\/\/www.linkedin.com\/company\/klimat-solec","https:\/\/www.youtube.com\/user\/KlimatSolec"]}]}},"tiered_pricing_type":"fixed","tiered_pricing_fixed_rules":[],"tiered_pricing_product_settings":{"layout":"default","base_unit_name":{"singular":null,"plural":null},"default_variation":null},"tiered_pricing_minimum_quantity":1,"tiered_pricing_roles_data":[],"tiered_pricing_percentage_rules":[],"_links":{"self":[{"href":"https:\/\/wayy.pl\/sklep\/wp-json\/wp\/v2\/product\/3751"}],"collection":[{"href":"https:\/\/wayy.pl\/sklep\/wp-json\/wp\/v2\/product"}],"about":[{"href":"https:\/\/wayy.pl\/sklep\/wp-json\/wp\/v2\/types\/product"}],"wp:featuredmedia":[{"embeddable":true,"href":"https:\/\/wayy.pl\/sklep\/wp-json\/wp\/v2\/media\/7629"}],"wp:attachment":[{"href":"https:\/\/wayy.pl\/sklep\/wp-json\/wp\/v2\/media?parent=3751"}],"wp:term":[{"taxonomy":"product_cat","embeddable":true,"href":"https:\/\/wayy.pl\/sklep\/wp-json\/wp\/v2\/product_cat?post=3751"},{"taxonomy":"product_tag","embeddable":true,"href":"https:\/\/wayy.pl\/sklep\/wp-json\/wp\/v2\/product_tag?post=3751"},{"taxonomy":"woo-feed-brand","embeddable":true,"href":"https:\/\/wayy.pl\/sklep\/wp-json\/wp\/v2\/woo-feed-brand?post=3751"}],"curies":[{"name":"wp","href":"https:\/\/api.w.org\/{rel}","templated":true}]}}