{"id":3754,"date":"2020-11-09T21:02:33","date_gmt":"2020-11-09T20:02:33","guid":{"rendered":"http:\/\/wayy.pl\/sklep\/?post_type=product&#038;p=3754"},"modified":"2025-07-14T12:59:46","modified_gmt":"2025-07-14T10:59:46","slug":"podwojny-kanalowy-czujnik-temperatury-i-wilgotnosci-w-ths-201-du","status":"publish","type":"product","link":"https:\/\/wayy.pl\/sklep\/produkt\/podwojny-kanalowy-czujnik-temperatury-i-wilgotnosci-w-ths-201-du\/","title":{"rendered":"Podw\u00f3jny kana\u0142owy czujnik temperatury i wilgotno\u015bci wTHS.201.DU"},"content":{"rendered":"<div class=\"elementor-column elementor-col-100 elementor-inner-column elementor-element elementor-element-26a545b5\" data-id=\"26a545b5\" data-element_type=\"column\">\n<div class=\"elementor-column-wrap elementor-element-populated\">\n<div class=\"elementor-widget-wrap\">\n<div class=\"elementor-element elementor-element-43b9b5c2 elementor-widget elementor-widget-text-editor\" data-id=\"43b9b5c2\" data-element_type=\"widget\" data-widget_type=\"text-editor.default\">\n<div class=\"elementor-widget-container optml-bg-lazyloaded\">\n<div class=\"elementor-text-editor elementor-clearfix\">\n<p><span style=\"color: #000000\">Kana\u0142owy czujnik temperatury i wilgotno\u015bci mo\u017ce by\u0107 zastosowany do kana\u0142\u00f3w powietrznych w instalacjach grzewczych, wentylacyjnych i klimatyzacyjnych.<\/span><\/p>\n<p><span style=\"color: #000000\">Czujnik dokonuje pomiaru temperatury i wilgotno\u015bci powietrza w kanale za pomoc\u0105 elementu pomiarowego, kt\u00f3rego sygna\u0142y wyj\u015bciowe zmieniaj\u0105 si\u0119 w funkcji temperatury i wilgotno\u015bci. Sygna\u0142y przetwarzane s\u0105 na warto\u015b\u0107 temperatury i wilgotno\u015bci i zapisywana w pami\u0119ci urz\u0105dzenia.\u00a0<\/span><\/p>\n<\/div>\n<ul>\n<li><span style=\"color: #000000\">Aktywny czujnik do pomiaru temperatury i wilgotno\u015bci w kana\u0142ach powietrznych<\/span><\/li>\n<li><span style=\"color: #000000\">Napi\u0119cie zasilania 22..26V DC<\/span><\/li>\n<li><span style=\"color: #000000\">Modbus RTU Slave<\/span><\/li>\n<li><span style=\"color: #000000\">Do 128 urz\u0105dze\u0144 na magistrali<\/span><\/li>\n<li><span style=\"color: #000000\">Odporno\u015b\u0107 na warunki atmosferyczne IP 55<\/span><\/li>\n<\/ul>\n<p><span style=\"color: #000000\"><strong>PARAMETRY CZUJNIKA TEMPERATURY:<\/strong><\/span><\/p>\n<ul>\n<li><span style=\"color: #000000\">\u2007Zakres pomiarowy: -25,0\u2026+100,0 <sup>o<\/sup>C,<\/span><\/li>\n<li><span style=\"color: #000000\">\u2007Rozdzielczo\u015b\u0107 pomiaru: 0,1 <sup>o<\/sup>C,<\/span><\/li>\n<li><span style=\"color: #000000\">\u2007Dok\u0142adno\u015b\u0107 pomiaru (z o\ufb00set = 0,0 <sup>o<\/sup>C): \u00b10,6 <sup>o<\/sup>C,<\/span><\/li>\n<\/ul>\n<p><span style=\"color: #000000\"><strong>PARAMETRY CZUJNIKA WILGOTNO\u015aCI WZGL\u0118DNEJ:<\/strong><\/span><\/p>\n<ul>\n<li><span style=\"color: #000000\">\u2007Zakres pomiarowy: 0,0\u2026100,0 % r.h.,<\/span><\/li>\n<li><span style=\"color: #000000\">\u2007Rozdzielczo\u015b\u0107 pomiaru: 0,1 % r.h.,<\/span><\/li>\n<li><span style=\"color: #000000\">\u2007Dok\u0142adno\u015b\u0107 pomiaru (z o\ufb00set = 0,0 %) \u00b13%.<\/span><\/li>\n<\/ul>\n<p>&nbsp;<\/p>\n<hr \/>\n<\/div>\n<p><span style=\"color: #000000\"><strong>Tego potrzebujesz do konfiguracji czujnika<\/strong><\/span><\/p>\n<p>&nbsp;<\/p>\n<p><a href=\"http:\/\/wayy.pl\/sklep\/produkt\/konwerter-usb-rs485-ch340-modbus-profibus-plc\/\"><img decoding=\"async\" class=\"alignnone size-full wp-image-5692 hvr-grow\" src=\"https:\/\/wayy.pl\/sklep\/wp-content\/uploads\/sites\/17\/2021\/03\/150px-konwerter-USB.jpg\" alt=\"\" width=\"150\" height=\"150\" srcset=\"https:\/\/wayy.pl\/sklep\/wp-content\/uploads\/sites\/17\/2021\/03\/150px-konwerter-USB.jpg 150w, https:\/\/wayy.pl\/sklep\/wp-content\/uploads\/sites\/17\/2021\/03\/150px-konwerter-USB-100x100.jpg 100w\" sizes=\"(max-width: 150px) 100vw, 150px\" \/><\/a><a href=\"http:\/\/wayy.pl\/sklep\/produkt\/zasilacz\/\"><img decoding=\"async\" class=\"alignnone size-full wp-image-5688 hvr-grow\" src=\"https:\/\/wayy.pl\/sklep\/wp-content\/uploads\/sites\/17\/2021\/03\/150px-zasilacz.jpg\" alt=\"\" width=\"150\" height=\"150\" srcset=\"https:\/\/wayy.pl\/sklep\/wp-content\/uploads\/sites\/17\/2021\/03\/150px-zasilacz.jpg 150w, https:\/\/wayy.pl\/sklep\/wp-content\/uploads\/sites\/17\/2021\/03\/150px-zasilacz-100x100.jpg 100w\" sizes=\"(max-width: 150px) 100vw, 150px\" \/><\/a> <a href=\"https:\/\/wayy.pl\/sklep\/produkt\/oprogramowanie-deviceconfigurator\/\"><img decoding=\"async\" class=\"alignnone size-full wp-image-5614 hvr-grow\" src=\"https:\/\/wayy.pl\/sklep\/wp-content\/uploads\/sites\/17\/2021\/03\/dc-150px.png\" alt=\"\" width=\"150\" height=\"150\" srcset=\"https:\/\/wayy.pl\/sklep\/wp-content\/uploads\/sites\/17\/2021\/03\/dc-150px.png 150w, https:\/\/wayy.pl\/sklep\/wp-content\/uploads\/sites\/17\/2021\/03\/dc-150px-100x100.png 100w\" sizes=\"(max-width: 150px) 100vw, 150px\" \/><\/a> <a href=\"http:\/\/wayy.pl\/sklep\/produkt\/przewod-zasilajaco-transmisyjny-bit-liycy-uv-2x2x05mm2\/\"><img loading=\"lazy\" decoding=\"async\" class=\"alignnone size-full wp-image-5680 hvr-grow\" src=\"https:\/\/wayy.pl\/sklep\/wp-content\/uploads\/sites\/17\/2021\/03\/150px-przewod-zas-trans-2.jpg\" alt=\"\" width=\"150\" height=\"150\" srcset=\"https:\/\/wayy.pl\/sklep\/wp-content\/uploads\/sites\/17\/2021\/03\/150px-przewod-zas-trans-2.jpg 150w, https:\/\/wayy.pl\/sklep\/wp-content\/uploads\/sites\/17\/2021\/03\/150px-przewod-zas-trans-2-100x100.jpg 100w\" sizes=\"(max-width: 150px) 100vw, 150px\" \/><\/a><\/p>\n<\/div>\n<\/div>\n<\/div>\n<\/div>\n","protected":false},"excerpt":{"rendered":"<ul>\n<li><strong>cena przy ilo\u015bci: 2+\u00a0 \u00a0\u00a0 587 PLN <\/strong>+ 23% VAT \/ szt.<\/li>\n<li><strong>cena przy ilo\u015bci: 6+\u00a0 \u00a0\u00a0 554 PLN <\/strong>+ 23% VAT \/ szt.<\/li>\n<li><strong>cena przy ilo\u015bci: 11+\u00a0\u00a0 523 PLN <\/strong>+ 23% VAT \/ szt.<\/li>\n<li><strong>cena przy ilo\u015bci: 21+\u00a0\u00a0 494 PLN <\/strong>+ 23% VAT \/ szt.<\/li>\n<\/ul>\n<p><img decoding=\"async\" class=\"alignnone size-full wp-image-5782\" src=\"https:\/\/wayy.pl\/sklep\/wp-content\/uploads\/sites\/17\/2020\/11\/btn_ico-mniej-niz-minuta-1.svg\" alt=\"\" \/><a href=\"https:\/\/wayy.pl\/sklep\/konfiguracja\"><img decoding=\"async\" class=\"alignnone size-full wp-image-5852 hvr-grow\" src=\"https:\/\/wayy.pl\/sklep\/wp-content\/uploads\/sites\/17\/2021\/03\/stronka_ten-produkt.svg\" alt=\"\" \/><\/a><\/p>\n<ul>\n<li><span style=\"color: #000000\">Aktywny czujnik do pomiaru temperatury i wilgotno\u015bci w kana\u0142ach powietrznych<\/span><\/li>\n<li><span style=\"color: #000000\">Napi\u0119cie zasilania 22..26V DC<\/span><\/li>\n<li><span style=\"color: #000000\">Modbus RTU Slave<\/span><\/li>\n<li><span style=\"color: #000000\">Do 128 urz\u0105dze\u0144 na magistrali<\/span><\/li>\n<li><span style=\"color: #000000\">Odporno\u015b\u0107 na warunki atmosferyczne IP 55<\/span><\/li>\n<\/ul>\n<p><img loading=\"lazy\" decoding=\"async\" class=\"alignnone wp-image-10156 size-full\" src=\"https:\/\/wayy.pl\/sklep\/wp-content\/uploads\/sites\/17\/2023\/05\/baner.jpg\" alt=\"\" width=\"1200\" height=\"300\" \/><\/p>\n","protected":false},"featured_media":10350,"template":"","meta":{"site-sidebar-layout":"default","site-content-layout":"default","ast-site-content-layout":"default","site-content-style":"default","site-sidebar-style":"default","ast-global-header-display":"","ast-banner-title-visibility":"","ast-main-header-display":"","ast-hfb-above-header-display":"","ast-hfb-below-header-display":"","ast-hfb-mobile-header-display":"","site-post-title":"","ast-breadcrumbs-content":"","ast-featured-img":"","footer-sml-layout":"","theme-transparent-header-meta":"default","adv-header-id-meta":"","stick-header-meta":"default","header-above-stick-meta":"","header-main-stick-meta":"","header-below-stick-meta":"","astra-migrate-meta-layouts":"set","ast-page-background-enabled":"default","ast-page-background-meta":{"desktop":{"background-color":"","background-image":"","background-repeat":"repeat","background-position":"center center","background-size":"auto","background-attachment":"scroll","background-type":"","background-media":"","overlay-type":"","overlay-color":"","overlay-opacity":"","overlay-gradient":""},"tablet":{"background-color":"","background-image":"","background-repeat":"repeat","background-position":"center center","background-size":"auto","background-attachment":"scroll","background-type":"","background-media":"","overlay-type":"","overlay-color":"","overlay-opacity":"","overlay-gradient":""},"mobile":{"background-color":"","background-image":"","background-repeat":"repeat","background-position":"center center","background-size":"auto","background-attachment":"scroll","background-type":"","background-media":"","overlay-type":"","overlay-color":"","overlay-opacity":"","overlay-gradient":""}},"ast-content-background-meta":{"desktop":{"background-color":"var(--ast-global-color-5)","background-image":"","background-repeat":"repeat","background-position":"center center","background-size":"auto","background-attachment":"scroll","background-type":"","background-media":"","overlay-type":"","overlay-color":"","overlay-opacity":"","overlay-gradient":""},"tablet":{"background-color":"var(--ast-global-color-5)","background-image":"","background-repeat":"repeat","background-position":"center center","background-size":"auto","background-attachment":"scroll","background-type":"","background-media":"","overlay-type":"","overlay-color":"","overlay-opacity":"","overlay-gradient":""},"mobile":{"background-color":"var(--ast-global-color-5)","background-image":"","background-repeat":"repeat","background-position":"center center","background-size":"auto","background-attachment":"scroll","background-type":"","background-media":"","overlay-type":"","overlay-color":"","overlay-opacity":"","overlay-gradient":""}}},"product_cat":[33,99],"product_tag":[],"woo-feed-brand":[],"class_list":{"0":"post-3754","1":"product","2":"type-product","3":"status-publish","4":"has-post-thumbnail","6":"product_cat-czujniki","7":"product_cat-czujniki-temperatury-i-wilgotnosci","8":"product_shipping_class-torba_papierowa_mala","9":"desktop-align-left","10":"tablet-align-left","11":"mobile-align-left","12":"ast-product-gallery-layout-horizontal","13":"ast-product-gallery-with-no-image","14":"ast-magnify-disabled","15":"ast-product-tabs-layout-horizontal","17":"first","18":"outofstock","19":"featured","20":"taxable","21":"shipping-taxable","22":"purchasable","23":"product-type-simple"},"yoast_head":"<!-- This site is optimized with the Yoast SEO plugin v23.3 - https:\/\/yoast.com\/wordpress\/plugins\/seo\/ -->\n<title>Podw\u00f3jny kana\u0142owy czujnik temperatury i wilgotno\u015bci wTHS.201.DU - Sklep Wayy<\/title>\n<meta name=\"description\" content=\"Automatyka przemys\u0142owa\" \/>\n<meta name=\"robots\" content=\"index, follow, max-snippet:-1, max-image-preview:large, max-video-preview:-1\" \/>\n<link rel=\"canonical\" href=\"https:\/\/wayy.pl\/sklep\/produkt\/podwojny-kanalowy-czujnik-temperatury-i-wilgotnosci-w-ths-201-du\/\" \/>\n<meta property=\"og:locale\" content=\"pl_PL\" \/>\n<meta property=\"og:type\" content=\"article\" \/>\n<meta property=\"og:title\" content=\"Podw\u00f3jny kana\u0142owy czujnik temperatury i wilgotno\u015bci wTHS.201.DU - Sklep Wayy\" \/>\n<meta property=\"og:description\" content=\"Automatyka przemys\u0142owa\" \/>\n<meta property=\"og:url\" content=\"https:\/\/wayy.pl\/sklep\/produkt\/podwojny-kanalowy-czujnik-temperatury-i-wilgotnosci-w-ths-201-du\/\" \/>\n<meta property=\"og:site_name\" content=\"Sklep Wayy\" \/>\n<meta property=\"article:modified_time\" content=\"2025-07-14T10:59:46+00:00\" \/>\n<meta property=\"og:image\" content=\"https:\/\/wayy.pl\/sklep\/wp-content\/uploads\/sites\/17\/2020\/11\/WtHS.201.DU_.jpg\" \/>\n\t<meta property=\"og:image:width\" content=\"1028\" \/>\n\t<meta property=\"og:image:height\" content=\"773\" \/>\n\t<meta property=\"og:image:type\" content=\"image\/jpeg\" \/>\n<meta name=\"twitter:card\" content=\"summary_large_image\" \/>\n<meta name=\"twitter:label1\" content=\"Szacowany czas czytania\" \/>\n\t<meta name=\"twitter:data1\" content=\"1 minuta\" \/>\n<script type=\"application\/ld+json\" class=\"yoast-schema-graph\">{\"@context\":\"https:\/\/schema.org\",\"@graph\":[{\"@type\":\"WebPage\",\"@id\":\"https:\/\/wayy.pl\/sklep\/produkt\/podwojny-kanalowy-czujnik-temperatury-i-wilgotnosci-w-ths-201-du\/\",\"url\":\"https:\/\/wayy.pl\/sklep\/produkt\/podwojny-kanalowy-czujnik-temperatury-i-wilgotnosci-w-ths-201-du\/\",\"name\":\"Podw\u00f3jny kana\u0142owy czujnik temperatury i wilgotno\u015bci wTHS.201.DU - Sklep Wayy\",\"isPartOf\":{\"@id\":\"https:\/\/wayy.pl\/sklep\/#website\"},\"primaryImageOfPage\":{\"@id\":\"https:\/\/wayy.pl\/sklep\/produkt\/podwojny-kanalowy-czujnik-temperatury-i-wilgotnosci-w-ths-201-du\/#primaryimage\"},\"image\":{\"@id\":\"https:\/\/wayy.pl\/sklep\/produkt\/podwojny-kanalowy-czujnik-temperatury-i-wilgotnosci-w-ths-201-du\/#primaryimage\"},\"thumbnailUrl\":\"https:\/\/wayy.pl\/sklep\/wp-content\/uploads\/sites\/17\/2020\/11\/WtHS.201.DU_.jpg\",\"datePublished\":\"2020-11-09T20:02:33+00:00\",\"dateModified\":\"2025-07-14T10:59:46+00:00\",\"description\":\"Automatyka przemys\u0142owa\",\"breadcrumb\":{\"@id\":\"https:\/\/wayy.pl\/sklep\/produkt\/podwojny-kanalowy-czujnik-temperatury-i-wilgotnosci-w-ths-201-du\/#breadcrumb\"},\"inLanguage\":\"pl-PL\",\"potentialAction\":[{\"@type\":\"ReadAction\",\"target\":[\"https:\/\/wayy.pl\/sklep\/produkt\/podwojny-kanalowy-czujnik-temperatury-i-wilgotnosci-w-ths-201-du\/\"]}]},{\"@type\":\"ImageObject\",\"inLanguage\":\"pl-PL\",\"@id\":\"https:\/\/wayy.pl\/sklep\/produkt\/podwojny-kanalowy-czujnik-temperatury-i-wilgotnosci-w-ths-201-du\/#primaryimage\",\"url\":\"https:\/\/wayy.pl\/sklep\/wp-content\/uploads\/sites\/17\/2020\/11\/WtHS.201.DU_.jpg\",\"contentUrl\":\"https:\/\/wayy.pl\/sklep\/wp-content\/uploads\/sites\/17\/2020\/11\/WtHS.201.DU_.jpg\",\"width\":1028,\"height\":773},{\"@type\":\"BreadcrumbList\",\"@id\":\"https:\/\/wayy.pl\/sklep\/produkt\/podwojny-kanalowy-czujnik-temperatury-i-wilgotnosci-w-ths-201-du\/#breadcrumb\",\"itemListElement\":[{\"@type\":\"ListItem\",\"position\":1,\"name\":\"Automatyka przemys\u0142owa\",\"item\":\"https:\/\/wayy.pl\/sklep\/\"},{\"@type\":\"ListItem\",\"position\":2,\"name\":\"Produkty\",\"item\":\"https:\/\/wayy.pl\/sklep\/shop\/\"},{\"@type\":\"ListItem\",\"position\":3,\"name\":\"Czujniki\",\"item\":\"https:\/\/wayy.pl\/sklep\/kategoria-produktu\/czujniki\/\"},{\"@type\":\"ListItem\",\"position\":4,\"name\":\"Podw\u00f3jny kana\u0142owy czujnik temperatury i wilgotno\u015bci wTHS.201.DU\"}]},{\"@type\":\"WebSite\",\"@id\":\"https:\/\/wayy.pl\/sklep\/#website\",\"url\":\"https:\/\/wayy.pl\/sklep\/\",\"name\":\"Sklep Wayy\",\"description\":\"Automatyka przemys\u0142owa. 6 lat gwarancji.\",\"publisher\":{\"@id\":\"https:\/\/wayy.pl\/sklep\/#organization\"},\"potentialAction\":[{\"@type\":\"SearchAction\",\"target\":{\"@type\":\"EntryPoint\",\"urlTemplate\":\"https:\/\/wayy.pl\/sklep\/?s={search_term_string}\"},\"query-input\":\"required name=search_term_string\"}],\"inLanguage\":\"pl-PL\"},{\"@type\":\"Organization\",\"@id\":\"https:\/\/wayy.pl\/sklep\/#organization\",\"name\":\"Wayy - automatyka przemys\u0142owa\",\"url\":\"https:\/\/wayy.pl\/sklep\/\",\"logo\":{\"@type\":\"ImageObject\",\"inLanguage\":\"pl-PL\",\"@id\":\"https:\/\/wayy.pl\/sklep\/#\/schema\/logo\/image\/\",\"url\":\"https:\/\/wayy.pl\/sklep\/wp-content\/uploads\/sites\/17\/2021\/03\/wayy.png\",\"contentUrl\":\"https:\/\/wayy.pl\/sklep\/wp-content\/uploads\/sites\/17\/2021\/03\/wayy.png\",\"width\":1001,\"height\":352,\"caption\":\"Wayy - automatyka przemys\u0142owa\"},\"image\":{\"@id\":\"https:\/\/wayy.pl\/sklep\/#\/schema\/logo\/image\/\"},\"sameAs\":[\"https:\/\/www.linkedin.com\/company\/klimat-solec\",\"https:\/\/www.youtube.com\/user\/KlimatSolec\"]}]}<\/script>\n<!-- \/ Yoast SEO plugin. -->","yoast_head_json":{"title":"Podw\u00f3jny kana\u0142owy czujnik temperatury i wilgotno\u015bci wTHS.201.DU - Sklep Wayy","description":"Automatyka przemys\u0142owa","robots":{"index":"index","follow":"follow","max-snippet":"max-snippet:-1","max-image-preview":"max-image-preview:large","max-video-preview":"max-video-preview:-1"},"canonical":"https:\/\/wayy.pl\/sklep\/produkt\/podwojny-kanalowy-czujnik-temperatury-i-wilgotnosci-w-ths-201-du\/","og_locale":"pl_PL","og_type":"article","og_title":"Podw\u00f3jny kana\u0142owy czujnik temperatury i wilgotno\u015bci wTHS.201.DU - Sklep Wayy","og_description":"Automatyka przemys\u0142owa","og_url":"https:\/\/wayy.pl\/sklep\/produkt\/podwojny-kanalowy-czujnik-temperatury-i-wilgotnosci-w-ths-201-du\/","og_site_name":"Sklep Wayy","article_modified_time":"2025-07-14T10:59:46+00:00","og_image":[{"width":1028,"height":773,"url":"https:\/\/wayy.pl\/sklep\/wp-content\/uploads\/sites\/17\/2020\/11\/WtHS.201.DU_.jpg","type":"image\/jpeg"}],"twitter_card":"summary_large_image","twitter_misc":{"Szacowany czas czytania":"1 minuta"},"schema":{"@context":"https:\/\/schema.org","@graph":[{"@type":"WebPage","@id":"https:\/\/wayy.pl\/sklep\/produkt\/podwojny-kanalowy-czujnik-temperatury-i-wilgotnosci-w-ths-201-du\/","url":"https:\/\/wayy.pl\/sklep\/produkt\/podwojny-kanalowy-czujnik-temperatury-i-wilgotnosci-w-ths-201-du\/","name":"Podw\u00f3jny kana\u0142owy czujnik temperatury i wilgotno\u015bci wTHS.201.DU - Sklep Wayy","isPartOf":{"@id":"https:\/\/wayy.pl\/sklep\/#website"},"primaryImageOfPage":{"@id":"https:\/\/wayy.pl\/sklep\/produkt\/podwojny-kanalowy-czujnik-temperatury-i-wilgotnosci-w-ths-201-du\/#primaryimage"},"image":{"@id":"https:\/\/wayy.pl\/sklep\/produkt\/podwojny-kanalowy-czujnik-temperatury-i-wilgotnosci-w-ths-201-du\/#primaryimage"},"thumbnailUrl":"https:\/\/wayy.pl\/sklep\/wp-content\/uploads\/sites\/17\/2020\/11\/WtHS.201.DU_.jpg","datePublished":"2020-11-09T20:02:33+00:00","dateModified":"2025-07-14T10:59:46+00:00","description":"Automatyka przemys\u0142owa","breadcrumb":{"@id":"https:\/\/wayy.pl\/sklep\/produkt\/podwojny-kanalowy-czujnik-temperatury-i-wilgotnosci-w-ths-201-du\/#breadcrumb"},"inLanguage":"pl-PL","potentialAction":[{"@type":"ReadAction","target":["https:\/\/wayy.pl\/sklep\/produkt\/podwojny-kanalowy-czujnik-temperatury-i-wilgotnosci-w-ths-201-du\/"]}]},{"@type":"ImageObject","inLanguage":"pl-PL","@id":"https:\/\/wayy.pl\/sklep\/produkt\/podwojny-kanalowy-czujnik-temperatury-i-wilgotnosci-w-ths-201-du\/#primaryimage","url":"https:\/\/wayy.pl\/sklep\/wp-content\/uploads\/sites\/17\/2020\/11\/WtHS.201.DU_.jpg","contentUrl":"https:\/\/wayy.pl\/sklep\/wp-content\/uploads\/sites\/17\/2020\/11\/WtHS.201.DU_.jpg","width":1028,"height":773},{"@type":"BreadcrumbList","@id":"https:\/\/wayy.pl\/sklep\/produkt\/podwojny-kanalowy-czujnik-temperatury-i-wilgotnosci-w-ths-201-du\/#breadcrumb","itemListElement":[{"@type":"ListItem","position":1,"name":"Automatyka przemys\u0142owa","item":"https:\/\/wayy.pl\/sklep\/"},{"@type":"ListItem","position":2,"name":"Produkty","item":"https:\/\/wayy.pl\/sklep\/shop\/"},{"@type":"ListItem","position":3,"name":"Czujniki","item":"https:\/\/wayy.pl\/sklep\/kategoria-produktu\/czujniki\/"},{"@type":"ListItem","position":4,"name":"Podw\u00f3jny kana\u0142owy czujnik temperatury i wilgotno\u015bci wTHS.201.DU"}]},{"@type":"WebSite","@id":"https:\/\/wayy.pl\/sklep\/#website","url":"https:\/\/wayy.pl\/sklep\/","name":"Sklep Wayy","description":"Automatyka przemys\u0142owa. 6 lat gwarancji.","publisher":{"@id":"https:\/\/wayy.pl\/sklep\/#organization"},"potentialAction":[{"@type":"SearchAction","target":{"@type":"EntryPoint","urlTemplate":"https:\/\/wayy.pl\/sklep\/?s={search_term_string}"},"query-input":"required name=search_term_string"}],"inLanguage":"pl-PL"},{"@type":"Organization","@id":"https:\/\/wayy.pl\/sklep\/#organization","name":"Wayy - automatyka przemys\u0142owa","url":"https:\/\/wayy.pl\/sklep\/","logo":{"@type":"ImageObject","inLanguage":"pl-PL","@id":"https:\/\/wayy.pl\/sklep\/#\/schema\/logo\/image\/","url":"https:\/\/wayy.pl\/sklep\/wp-content\/uploads\/sites\/17\/2021\/03\/wayy.png","contentUrl":"https:\/\/wayy.pl\/sklep\/wp-content\/uploads\/sites\/17\/2021\/03\/wayy.png","width":1001,"height":352,"caption":"Wayy - automatyka przemys\u0142owa"},"image":{"@id":"https:\/\/wayy.pl\/sklep\/#\/schema\/logo\/image\/"},"sameAs":["https:\/\/www.linkedin.com\/company\/klimat-solec","https:\/\/www.youtube.com\/user\/KlimatSolec"]}]}},"tiered_pricing_type":"fixed","tiered_pricing_fixed_rules":[],"tiered_pricing_product_settings":{"layout":"default","base_unit_name":{"singular":null,"plural":null},"default_variation":null},"tiered_pricing_minimum_quantity":1,"tiered_pricing_roles_data":[],"tiered_pricing_percentage_rules":[],"_links":{"self":[{"href":"https:\/\/wayy.pl\/sklep\/wp-json\/wp\/v2\/product\/3754"}],"collection":[{"href":"https:\/\/wayy.pl\/sklep\/wp-json\/wp\/v2\/product"}],"about":[{"href":"https:\/\/wayy.pl\/sklep\/wp-json\/wp\/v2\/types\/product"}],"wp:featuredmedia":[{"embeddable":true,"href":"https:\/\/wayy.pl\/sklep\/wp-json\/wp\/v2\/media\/10350"}],"wp:attachment":[{"href":"https:\/\/wayy.pl\/sklep\/wp-json\/wp\/v2\/media?parent=3754"}],"wp:term":[{"taxonomy":"product_cat","embeddable":true,"href":"https:\/\/wayy.pl\/sklep\/wp-json\/wp\/v2\/product_cat?post=3754"},{"taxonomy":"product_tag","embeddable":true,"href":"https:\/\/wayy.pl\/sklep\/wp-json\/wp\/v2\/product_tag?post=3754"},{"taxonomy":"woo-feed-brand","embeddable":true,"href":"https:\/\/wayy.pl\/sklep\/wp-json\/wp\/v2\/woo-feed-brand?post=3754"}],"curies":[{"name":"wp","href":"https:\/\/api.w.org\/{rel}","templated":true}]}}