{"id":3977,"date":"2020-12-07T18:21:45","date_gmt":"2020-12-07T17:21:45","guid":{"rendered":"http:\/\/wayy.pl\/sklep\/?post_type=product&#038;p=3977"},"modified":"2022-09-01T10:45:28","modified_gmt":"2022-09-01T08:45:28","slug":"oprogramowanie_kide","status":"publish","type":"product","link":"https:\/\/wayy.pl\/sklep\/produkt\/oprogramowanie_kide\/","title":{"rendered":"Oprogramowanie KIDE"},"content":{"rendered":"<p>Narz\u0119dzie programistyczne bazuj\u0105ce na j\u0119zyku strukturalnym FDB (Funtion Block Diagram), s\u0142u\u017c\u0105ce do programowania sterownik\u00f3w PLC i paneli HMI marki Wayy.<\/p>\n<p>Parametry:<\/p>\n<p>&#8211; zintegrowany edytor graficzny umo\u017cliwiaj\u0105cy pisanie aplikacji,<br \/>\n&#8211; wbudowana biblioteka ponad 100 blok\u00f3w funkcyjnych (HVAC, bitowych, matematycznych, relacji, logicznych i innych),<br \/>\n&#8211; konfigurowanie panela HMI z poziomu programu,<br \/>\n&#8211; wbudowany kompilator, symulator i narz\u0119dzie od cyklicznego odczytywania zdefiniowanych wcze\u015bniej w programie parametr\u00f3w Modbus TCP\/IP,<br \/>\n&#8211; wbudowana lista szablon\u00f3w parametr\u00f3w dla urz\u0105dze\u0144 marki Wayy,<br \/>\n&#8211; mo\u017cliwo\u015b\u0107 indywidualnego definiowania dw\u00f3ch tryb\u00f3w pracy wyj\u015b\u0107 Modbus RTU, pierwszy obs\u0142uga wyj\u015b\u0107 w trybie ci\u0105g\u0142ym (cykliczny zapis) lub drugi tryb pojedyncza transmisja po wykryciu zmiany warto\u015bci (Send-On-Change).<\/p>\n<p>Minimalne wymagania systemowe potrzebne do uruchomienia programu:<\/p>\n<ul>\n<li>System operacyjny: Windows 10,<\/li>\n<li>Procesor: Intel core i5 2.5 GHz lub odpowiednik AMD,<\/li>\n<li>Karta graficzna: 512 mb ram<\/li>\n<li>DirectX 10<\/li>\n<\/ul>\n<p><a href=\"https:\/\/wayy.pl\/kide\/setup.exe\"><img decoding=\"async\" class=\"alignnone size-full wp-image-4644\" src=\"https:\/\/wayy.pl\/sklep\/wp-content\/uploads\/sites\/17\/2021\/01\/btn_btn-kide.png\" alt=\"\" width=\"336\" height=\"54\" srcset=\"https:\/\/wayy.pl\/sklep\/wp-content\/uploads\/sites\/17\/2021\/01\/btn_btn-kide.png 336w, https:\/\/wayy.pl\/sklep\/wp-content\/uploads\/sites\/17\/2021\/01\/btn_btn-kide-300x48.png 300w\" sizes=\"(max-width: 336px) 100vw, 336px\" \/><\/a><a href=\"https:\/\/wayy.pl\/manuals\/kide\/\"><img decoding=\"async\" class=\"alignnone size-full wp-image-4645\" src=\"https:\/\/wayy.pl\/sklep\/wp-content\/uploads\/sites\/17\/2021\/01\/btn_btn-kide-instr.png\" alt=\"\" width=\"336\" height=\"54\" srcset=\"https:\/\/wayy.pl\/sklep\/wp-content\/uploads\/sites\/17\/2021\/01\/btn_btn-kide-instr.png 336w, https:\/\/wayy.pl\/sklep\/wp-content\/uploads\/sites\/17\/2021\/01\/btn_btn-kide-instr-300x48.png 300w\" sizes=\"(max-width: 336px) 100vw, 336px\" \/><\/a><\/p>\n","protected":false},"excerpt":{"rendered":"<p>Narz\u0119dzie programistyczne bazuj\u0105ce na j\u0119zyku strukturalnym FDB (Funtion Block Diagram), s\u0142u\u017c\u0105ce do programowania sterownik\u00f3w PLC i paneli HMI marki Wayy.<\/p>\n<p>Parametry:<\/p>\n<p>&#8211; zintegrowany edytor graficzny umo\u017cliwiaj\u0105cy pisanie aplikacji,<br \/>\n&#8211; wbudowana biblioteka ponad 100 blok\u00f3w funkcyjnych (HVAC, bitowych, matematycznych, relacji, logicznych i innych),<br \/>\n&#8211; konfigurowanie panela HMI z poziomu programu,<br \/>\n&#8211; wbudowany kompilator, symulator i narz\u0119dzie od cyklicznego odczytywania zdefiniowanych wcze\u015bniej w programie parametr\u00f3w Modbus TCP\/IP,<br \/>\n&#8211; wbudowana lista szablon\u00f3w parametr\u00f3w dla urz\u0105dze\u0144 marki Wayy,<br \/>\n&#8211; mo\u017cliwo\u015b\u0107 indywidualnego definiowania dw\u00f3ch tryb\u00f3w pracy wyj\u015b\u0107 Modbus RTU, pierwszy obs\u0142uga wyj\u015b\u0107 w trybie ci\u0105g\u0142ym (cykliczny zapis) lub drugi tryb pojedyncza transmisja po wykryciu zmiany warto\u015bci (Send-On-Change).<\/p>\n","protected":false},"featured_media":4037,"template":"","meta":{"site-sidebar-layout":"default","site-content-layout":"default","ast-site-content-layout":"","site-content-style":"default","site-sidebar-style":"default","ast-global-header-display":"","ast-banner-title-visibility":"","ast-main-header-display":"","ast-hfb-above-header-display":"","ast-hfb-below-header-display":"","ast-hfb-mobile-header-display":"","site-post-title":"","ast-breadcrumbs-content":"","ast-featured-img":"","footer-sml-layout":"","theme-transparent-header-meta":"default","adv-header-id-meta":"","stick-header-meta":"default","header-above-stick-meta":"","header-main-stick-meta":"","header-below-stick-meta":"","astra-migrate-meta-layouts":"default","ast-page-background-enabled":"default","ast-page-background-meta":{"desktop":{"background-color":"","background-image":"","background-repeat":"repeat","background-position":"center center","background-size":"auto","background-attachment":"scroll","background-type":"","background-media":"","overlay-type":"","overlay-color":"","overlay-opacity":"","overlay-gradient":""},"tablet":{"background-color":"","background-image":"","background-repeat":"repeat","background-position":"center center","background-size":"auto","background-attachment":"scroll","background-type":"","background-media":"","overlay-type":"","overlay-color":"","overlay-opacity":"","overlay-gradient":""},"mobile":{"background-color":"","background-image":"","background-repeat":"repeat","background-position":"center center","background-size":"auto","background-attachment":"scroll","background-type":"","background-media":"","overlay-type":"","overlay-color":"","overlay-opacity":"","overlay-gradient":""}},"ast-content-background-meta":{"desktop":{"background-color":"var(--ast-global-color-5)","background-image":"","background-repeat":"repeat","background-position":"center center","background-size":"auto","background-attachment":"scroll","background-type":"","background-media":"","overlay-type":"","overlay-color":"","overlay-opacity":"","overlay-gradient":""},"tablet":{"background-color":"var(--ast-global-color-5)","background-image":"","background-repeat":"repeat","background-position":"center center","background-size":"auto","background-attachment":"scroll","background-type":"","background-media":"","overlay-type":"","overlay-color":"","overlay-opacity":"","overlay-gradient":""},"mobile":{"background-color":"var(--ast-global-color-5)","background-image":"","background-repeat":"repeat","background-position":"center center","background-size":"auto","background-attachment":"scroll","background-type":"","background-media":"","overlay-type":"","overlay-color":"","overlay-opacity":"","overlay-gradient":""}}},"product_cat":[36],"product_tag":[],"woo-feed-brand":[],"class_list":{"0":"post-3977","1":"product","2":"type-product","3":"status-publish","4":"has-post-thumbnail","6":"product_cat-software","7":"desktop-align-left","8":"tablet-align-left","9":"mobile-align-left","10":"ast-product-gallery-layout-horizontal","11":"ast-product-gallery-with-no-image","12":"ast-magnify-disabled","13":"ast-product-tabs-layout-horizontal","15":"first","16":"instock","17":"featured","18":"virtual","19":"taxable","20":"product-type-simple"},"yoast_head":"<!-- This site is optimized with the Yoast SEO plugin v23.3 - https:\/\/yoast.com\/wordpress\/plugins\/seo\/ -->\n<title>Oprogramowanie KIDE - Sklep Wayy<\/title>\n<meta name=\"description\" content=\"Automatyka przemys\u0142owa\" \/>\n<meta name=\"robots\" content=\"index, follow, max-snippet:-1, max-image-preview:large, max-video-preview:-1\" \/>\n<link rel=\"canonical\" href=\"https:\/\/wayy.pl\/sklep\/produkt\/oprogramowanie_kide\/\" \/>\n<meta property=\"og:locale\" content=\"pl_PL\" \/>\n<meta property=\"og:type\" content=\"article\" \/>\n<meta property=\"og:title\" content=\"Oprogramowanie KIDE - Sklep Wayy\" \/>\n<meta property=\"og:description\" content=\"Automatyka przemys\u0142owa\" \/>\n<meta property=\"og:url\" content=\"https:\/\/wayy.pl\/sklep\/produkt\/oprogramowanie_kide\/\" \/>\n<meta property=\"og:site_name\" content=\"Sklep Wayy\" \/>\n<meta property=\"article:modified_time\" content=\"2022-09-01T08:45:28+00:00\" \/>\n<meta property=\"og:image\" content=\"https:\/\/wayy.pl\/sklep\/wp-content\/uploads\/sites\/17\/2020\/12\/ikona_ki.png\" \/>\n\t<meta property=\"og:image:width\" content=\"443\" \/>\n\t<meta property=\"og:image:height\" content=\"395\" \/>\n\t<meta property=\"og:image:type\" content=\"image\/png\" \/>\n<meta name=\"twitter:card\" content=\"summary_large_image\" \/>\n<meta name=\"twitter:label1\" content=\"Szacowany czas czytania\" \/>\n\t<meta name=\"twitter:data1\" content=\"1 minuta\" \/>\n<script type=\"application\/ld+json\" class=\"yoast-schema-graph\">{\"@context\":\"https:\/\/schema.org\",\"@graph\":[{\"@type\":\"WebPage\",\"@id\":\"https:\/\/wayy.pl\/sklep\/produkt\/oprogramowanie_kide\/\",\"url\":\"https:\/\/wayy.pl\/sklep\/produkt\/oprogramowanie_kide\/\",\"name\":\"Oprogramowanie KIDE - Sklep Wayy\",\"isPartOf\":{\"@id\":\"https:\/\/wayy.pl\/sklep\/#website\"},\"primaryImageOfPage\":{\"@id\":\"https:\/\/wayy.pl\/sklep\/produkt\/oprogramowanie_kide\/#primaryimage\"},\"image\":{\"@id\":\"https:\/\/wayy.pl\/sklep\/produkt\/oprogramowanie_kide\/#primaryimage\"},\"thumbnailUrl\":\"https:\/\/wayy.pl\/sklep\/wp-content\/uploads\/sites\/17\/2020\/12\/ikona_ki.png\",\"datePublished\":\"2020-12-07T17:21:45+00:00\",\"dateModified\":\"2022-09-01T08:45:28+00:00\",\"description\":\"Automatyka przemys\u0142owa\",\"breadcrumb\":{\"@id\":\"https:\/\/wayy.pl\/sklep\/produkt\/oprogramowanie_kide\/#breadcrumb\"},\"inLanguage\":\"pl-PL\",\"potentialAction\":[{\"@type\":\"ReadAction\",\"target\":[\"https:\/\/wayy.pl\/sklep\/produkt\/oprogramowanie_kide\/\"]}]},{\"@type\":\"ImageObject\",\"inLanguage\":\"pl-PL\",\"@id\":\"https:\/\/wayy.pl\/sklep\/produkt\/oprogramowanie_kide\/#primaryimage\",\"url\":\"https:\/\/wayy.pl\/sklep\/wp-content\/uploads\/sites\/17\/2020\/12\/ikona_ki.png\",\"contentUrl\":\"https:\/\/wayy.pl\/sklep\/wp-content\/uploads\/sites\/17\/2020\/12\/ikona_ki.png\",\"width\":443,\"height\":395},{\"@type\":\"BreadcrumbList\",\"@id\":\"https:\/\/wayy.pl\/sklep\/produkt\/oprogramowanie_kide\/#breadcrumb\",\"itemListElement\":[{\"@type\":\"ListItem\",\"position\":1,\"name\":\"Automatyka przemys\u0142owa\",\"item\":\"https:\/\/wayy.pl\/sklep\/\"},{\"@type\":\"ListItem\",\"position\":2,\"name\":\"Produkty\",\"item\":\"https:\/\/wayy.pl\/sklep\/shop\/\"},{\"@type\":\"ListItem\",\"position\":3,\"name\":\"Software\",\"item\":\"https:\/\/wayy.pl\/sklep\/kategoria-produktu\/software\/\"},{\"@type\":\"ListItem\",\"position\":4,\"name\":\"Oprogramowanie KIDE\"}]},{\"@type\":\"WebSite\",\"@id\":\"https:\/\/wayy.pl\/sklep\/#website\",\"url\":\"https:\/\/wayy.pl\/sklep\/\",\"name\":\"Sklep Wayy\",\"description\":\"Automatyka przemys\u0142owa. 6 lat gwarancji.\",\"publisher\":{\"@id\":\"https:\/\/wayy.pl\/sklep\/#organization\"},\"potentialAction\":[{\"@type\":\"SearchAction\",\"target\":{\"@type\":\"EntryPoint\",\"urlTemplate\":\"https:\/\/wayy.pl\/sklep\/?s={search_term_string}\"},\"query-input\":\"required name=search_term_string\"}],\"inLanguage\":\"pl-PL\"},{\"@type\":\"Organization\",\"@id\":\"https:\/\/wayy.pl\/sklep\/#organization\",\"name\":\"Wayy - automatyka przemys\u0142owa\",\"url\":\"https:\/\/wayy.pl\/sklep\/\",\"logo\":{\"@type\":\"ImageObject\",\"inLanguage\":\"pl-PL\",\"@id\":\"https:\/\/wayy.pl\/sklep\/#\/schema\/logo\/image\/\",\"url\":\"https:\/\/wayy.pl\/sklep\/wp-content\/uploads\/sites\/17\/2021\/03\/wayy.png\",\"contentUrl\":\"https:\/\/wayy.pl\/sklep\/wp-content\/uploads\/sites\/17\/2021\/03\/wayy.png\",\"width\":1001,\"height\":352,\"caption\":\"Wayy - automatyka przemys\u0142owa\"},\"image\":{\"@id\":\"https:\/\/wayy.pl\/sklep\/#\/schema\/logo\/image\/\"},\"sameAs\":[\"https:\/\/www.linkedin.com\/company\/klimat-solec\",\"https:\/\/www.youtube.com\/user\/KlimatSolec\"]}]}<\/script>\n<!-- \/ Yoast SEO plugin. -->","yoast_head_json":{"title":"Oprogramowanie KIDE - Sklep Wayy","description":"Automatyka przemys\u0142owa","robots":{"index":"index","follow":"follow","max-snippet":"max-snippet:-1","max-image-preview":"max-image-preview:large","max-video-preview":"max-video-preview:-1"},"canonical":"https:\/\/wayy.pl\/sklep\/produkt\/oprogramowanie_kide\/","og_locale":"pl_PL","og_type":"article","og_title":"Oprogramowanie KIDE - Sklep Wayy","og_description":"Automatyka przemys\u0142owa","og_url":"https:\/\/wayy.pl\/sklep\/produkt\/oprogramowanie_kide\/","og_site_name":"Sklep Wayy","article_modified_time":"2022-09-01T08:45:28+00:00","og_image":[{"width":443,"height":395,"url":"https:\/\/wayy.pl\/sklep\/wp-content\/uploads\/sites\/17\/2020\/12\/ikona_ki.png","type":"image\/png"}],"twitter_card":"summary_large_image","twitter_misc":{"Szacowany czas czytania":"1 minuta"},"schema":{"@context":"https:\/\/schema.org","@graph":[{"@type":"WebPage","@id":"https:\/\/wayy.pl\/sklep\/produkt\/oprogramowanie_kide\/","url":"https:\/\/wayy.pl\/sklep\/produkt\/oprogramowanie_kide\/","name":"Oprogramowanie KIDE - Sklep Wayy","isPartOf":{"@id":"https:\/\/wayy.pl\/sklep\/#website"},"primaryImageOfPage":{"@id":"https:\/\/wayy.pl\/sklep\/produkt\/oprogramowanie_kide\/#primaryimage"},"image":{"@id":"https:\/\/wayy.pl\/sklep\/produkt\/oprogramowanie_kide\/#primaryimage"},"thumbnailUrl":"https:\/\/wayy.pl\/sklep\/wp-content\/uploads\/sites\/17\/2020\/12\/ikona_ki.png","datePublished":"2020-12-07T17:21:45+00:00","dateModified":"2022-09-01T08:45:28+00:00","description":"Automatyka przemys\u0142owa","breadcrumb":{"@id":"https:\/\/wayy.pl\/sklep\/produkt\/oprogramowanie_kide\/#breadcrumb"},"inLanguage":"pl-PL","potentialAction":[{"@type":"ReadAction","target":["https:\/\/wayy.pl\/sklep\/produkt\/oprogramowanie_kide\/"]}]},{"@type":"ImageObject","inLanguage":"pl-PL","@id":"https:\/\/wayy.pl\/sklep\/produkt\/oprogramowanie_kide\/#primaryimage","url":"https:\/\/wayy.pl\/sklep\/wp-content\/uploads\/sites\/17\/2020\/12\/ikona_ki.png","contentUrl":"https:\/\/wayy.pl\/sklep\/wp-content\/uploads\/sites\/17\/2020\/12\/ikona_ki.png","width":443,"height":395},{"@type":"BreadcrumbList","@id":"https:\/\/wayy.pl\/sklep\/produkt\/oprogramowanie_kide\/#breadcrumb","itemListElement":[{"@type":"ListItem","position":1,"name":"Automatyka przemys\u0142owa","item":"https:\/\/wayy.pl\/sklep\/"},{"@type":"ListItem","position":2,"name":"Produkty","item":"https:\/\/wayy.pl\/sklep\/shop\/"},{"@type":"ListItem","position":3,"name":"Software","item":"https:\/\/wayy.pl\/sklep\/kategoria-produktu\/software\/"},{"@type":"ListItem","position":4,"name":"Oprogramowanie KIDE"}]},{"@type":"WebSite","@id":"https:\/\/wayy.pl\/sklep\/#website","url":"https:\/\/wayy.pl\/sklep\/","name":"Sklep Wayy","description":"Automatyka przemys\u0142owa. 6 lat gwarancji.","publisher":{"@id":"https:\/\/wayy.pl\/sklep\/#organization"},"potentialAction":[{"@type":"SearchAction","target":{"@type":"EntryPoint","urlTemplate":"https:\/\/wayy.pl\/sklep\/?s={search_term_string}"},"query-input":"required name=search_term_string"}],"inLanguage":"pl-PL"},{"@type":"Organization","@id":"https:\/\/wayy.pl\/sklep\/#organization","name":"Wayy - automatyka przemys\u0142owa","url":"https:\/\/wayy.pl\/sklep\/","logo":{"@type":"ImageObject","inLanguage":"pl-PL","@id":"https:\/\/wayy.pl\/sklep\/#\/schema\/logo\/image\/","url":"https:\/\/wayy.pl\/sklep\/wp-content\/uploads\/sites\/17\/2021\/03\/wayy.png","contentUrl":"https:\/\/wayy.pl\/sklep\/wp-content\/uploads\/sites\/17\/2021\/03\/wayy.png","width":1001,"height":352,"caption":"Wayy - automatyka przemys\u0142owa"},"image":{"@id":"https:\/\/wayy.pl\/sklep\/#\/schema\/logo\/image\/"},"sameAs":["https:\/\/www.linkedin.com\/company\/klimat-solec","https:\/\/www.youtube.com\/user\/KlimatSolec"]}]}},"tiered_pricing_type":"fixed","tiered_pricing_fixed_rules":[],"tiered_pricing_product_settings":{"layout":"default","base_unit_name":{"singular":null,"plural":null},"default_variation":null},"tiered_pricing_minimum_quantity":1,"tiered_pricing_roles_data":[],"tiered_pricing_percentage_rules":[],"_links":{"self":[{"href":"https:\/\/wayy.pl\/sklep\/wp-json\/wp\/v2\/product\/3977"}],"collection":[{"href":"https:\/\/wayy.pl\/sklep\/wp-json\/wp\/v2\/product"}],"about":[{"href":"https:\/\/wayy.pl\/sklep\/wp-json\/wp\/v2\/types\/product"}],"wp:featuredmedia":[{"embeddable":true,"href":"https:\/\/wayy.pl\/sklep\/wp-json\/wp\/v2\/media\/4037"}],"wp:attachment":[{"href":"https:\/\/wayy.pl\/sklep\/wp-json\/wp\/v2\/media?parent=3977"}],"wp:term":[{"taxonomy":"product_cat","embeddable":true,"href":"https:\/\/wayy.pl\/sklep\/wp-json\/wp\/v2\/product_cat?post=3977"},{"taxonomy":"product_tag","embeddable":true,"href":"https:\/\/wayy.pl\/sklep\/wp-json\/wp\/v2\/product_tag?post=3977"},{"taxonomy":"woo-feed-brand","embeddable":true,"href":"https:\/\/wayy.pl\/sklep\/wp-json\/wp\/v2\/woo-feed-brand?post=3977"}],"curies":[{"name":"wp","href":"https:\/\/api.w.org\/{rel}","templated":true}]}}