{"id":3980,"date":"2020-12-07T18:28:27","date_gmt":"2020-12-07T17:28:27","guid":{"rendered":"http:\/\/wayy.pl\/sklep\/?post_type=product&#038;p=3980"},"modified":"2023-02-15T10:22:25","modified_gmt":"2023-02-15T09:22:25","slug":"oprogramowanie-deviceconfigurator","status":"publish","type":"product","link":"https:\/\/wayy.pl\/sklep\/produkt\/oprogramowanie-deviceconfigurator\/","title":{"rendered":"Oprogramowanie DeviceConfigurator"},"content":{"rendered":"<p>Program narz\u0119dziowy s\u0142u\u017c\u0105cy do konfigurowania urz\u0105dze\u0144 marki Wayy.<\/p>\n<p>Parametry:<\/p>\n<p>&#8211; po\u0142\u0105czenie do urz\u0105dze\u0144, za pomoc\u0105 transmisji szeregowej RS-485, po protokole Modbus RTU,<br \/>\n&#8211; funkcja automatycznego przeszukiwania sieci, wykrywania oraz identyfikacji pod\u0142\u0105czonych urz\u0105dze\u0144 (mo\u017cliwo\u015b\u0107 konfigurowania zakres\u00f3w parametr\u00f3w transmisyjnych),<br \/>\n&#8211; wbudowane szablony parametr\u00f3w u\u0142atwiaj\u0105ce obs\u0142ug\u0119 i konfigurowanie urz\u0105dze\u0144 marki Wayy,<br \/>\n&#8211; mo\u017cliwo\u015b\u0107 dodawania w\u0142asnych szablon\u00f3w.<\/p>\n<p><a href=\"https:\/\/wayy.pl\/dc\/dc-setup.msi\"><img decoding=\"async\" class=\"alignnone size-full wp-image-4641\" src=\"https:\/\/wayy.pl\/sklep\/wp-content\/uploads\/sites\/17\/2021\/01\/btn_btn-dc-pobierz.png\" alt=\"\" width=\"400\" height=\"54\" srcset=\"https:\/\/wayy.pl\/sklep\/wp-content\/uploads\/sites\/17\/2021\/01\/btn_btn-dc-pobierz.png 400w, https:\/\/wayy.pl\/sklep\/wp-content\/uploads\/sites\/17\/2021\/01\/btn_btn-dc-pobierz-300x41.png 300w\" sizes=\"(max-width: 400px) 100vw, 400px\" \/><\/a><\/p>\n","protected":false},"excerpt":{"rendered":"<p>Program narz\u0119dziowy s\u0142u\u017c\u0105cy do konfigurowania urz\u0105dze\u0144 marki Wayy.<\/p>\n<p>Parametry:<\/p>\n<p>&#8211; po\u0142\u0105czenie do urz\u0105dze\u0144, za pomoc\u0105 transmisji szeregowej RS-485, po protokole Modbus RTU,<br \/>\n&#8211; funkcja automatycznego przeszukiwania sieci, wykrywania oraz identyfikacji pod\u0142\u0105czonych urz\u0105dze\u0144 (mo\u017cliwo\u015b\u0107 konfigurowania zakres\u00f3w parametr\u00f3w transmisyjnych),<br \/>\n&#8211; wbudowane szablony parametr\u00f3w u\u0142atwiaj\u0105ce obs\u0142ug\u0119 i konfigurowanie urz\u0105dze\u0144 marki Wayy,<br \/>\n&#8211; mo\u017cliwo\u015b\u0107 dodawania w\u0142asnych szablon\u00f3w.<\/p>\n<p><a href=\"https:\/\/wayy.pl\/dc\/dc-setup.msi\"><img decoding=\"async\" class=\"alignnone size-full wp-image-4641\" src=\"https:\/\/wayy.pl\/sklep\/wp-content\/uploads\/sites\/17\/2021\/01\/btn_btn-dc-pobierz.png\" alt=\"\" width=\"400\" height=\"54\" srcset=\"https:\/\/wayy.pl\/sklep\/wp-content\/uploads\/sites\/17\/2021\/01\/btn_btn-dc-pobierz.png 400w, https:\/\/wayy.pl\/sklep\/wp-content\/uploads\/sites\/17\/2021\/01\/btn_btn-dc-pobierz-300x41.png 300w\" sizes=\"(max-width: 400px) 100vw, 400px\" \/><\/a><\/p>\n<p>&nbsp;<\/p>\n","protected":false},"featured_media":9657,"template":"","meta":{"site-sidebar-layout":"default","site-content-layout":"default","ast-site-content-layout":"","site-content-style":"default","site-sidebar-style":"default","ast-global-header-display":"","ast-banner-title-visibility":"","ast-main-header-display":"","ast-hfb-above-header-display":"","ast-hfb-below-header-display":"","ast-hfb-mobile-header-display":"","site-post-title":"","ast-breadcrumbs-content":"","ast-featured-img":"","footer-sml-layout":"","theme-transparent-header-meta":"default","adv-header-id-meta":"","stick-header-meta":"default","header-above-stick-meta":"","header-main-stick-meta":"","header-below-stick-meta":"","astra-migrate-meta-layouts":"default","ast-page-background-enabled":"default","ast-page-background-meta":{"desktop":{"background-color":"","background-image":"","background-repeat":"repeat","background-position":"center center","background-size":"auto","background-attachment":"scroll","background-type":"","background-media":"","overlay-type":"","overlay-color":"","overlay-opacity":"","overlay-gradient":""},"tablet":{"background-color":"","background-image":"","background-repeat":"repeat","background-position":"center center","background-size":"auto","background-attachment":"scroll","background-type":"","background-media":"","overlay-type":"","overlay-color":"","overlay-opacity":"","overlay-gradient":""},"mobile":{"background-color":"","background-image":"","background-repeat":"repeat","background-position":"center center","background-size":"auto","background-attachment":"scroll","background-type":"","background-media":"","overlay-type":"","overlay-color":"","overlay-opacity":"","overlay-gradient":""}},"ast-content-background-meta":{"desktop":{"background-color":"var(--ast-global-color-5)","background-image":"","background-repeat":"repeat","background-position":"center center","background-size":"auto","background-attachment":"scroll","background-type":"","background-media":"","overlay-type":"","overlay-color":"","overlay-opacity":"","overlay-gradient":""},"tablet":{"background-color":"var(--ast-global-color-5)","background-image":"","background-repeat":"repeat","background-position":"center center","background-size":"auto","background-attachment":"scroll","background-type":"","background-media":"","overlay-type":"","overlay-color":"","overlay-opacity":"","overlay-gradient":""},"mobile":{"background-color":"var(--ast-global-color-5)","background-image":"","background-repeat":"repeat","background-position":"center center","background-size":"auto","background-attachment":"scroll","background-type":"","background-media":"","overlay-type":"","overlay-color":"","overlay-opacity":"","overlay-gradient":""}}},"product_cat":[36],"product_tag":[],"woo-feed-brand":[],"class_list":{"0":"post-3980","1":"product","2":"type-product","3":"status-publish","4":"has-post-thumbnail","6":"product_cat-software","7":"desktop-align-left","8":"tablet-align-left","9":"mobile-align-left","10":"ast-product-gallery-layout-horizontal","11":"ast-product-gallery-with-no-image","12":"ast-magnify-disabled","13":"ast-product-tabs-layout-horizontal","15":"first","16":"instock","17":"featured","18":"virtual","19":"taxable","20":"product-type-simple"},"yoast_head":"<!-- This site is optimized with the Yoast SEO plugin v23.3 - https:\/\/yoast.com\/wordpress\/plugins\/seo\/ -->\n<title>Oprogramowanie DeviceConfigurator - Sklep Wayy<\/title>\n<meta name=\"description\" content=\"Automatyka przemys\u0142owa\" \/>\n<meta name=\"robots\" content=\"index, follow, max-snippet:-1, max-image-preview:large, max-video-preview:-1\" \/>\n<link rel=\"canonical\" href=\"https:\/\/wayy.pl\/sklep\/produkt\/oprogramowanie-deviceconfigurator\/\" \/>\n<meta property=\"og:locale\" content=\"pl_PL\" \/>\n<meta property=\"og:type\" content=\"article\" \/>\n<meta property=\"og:title\" content=\"Oprogramowanie DeviceConfigurator - Sklep Wayy\" \/>\n<meta property=\"og:description\" content=\"Automatyka przemys\u0142owa\" \/>\n<meta property=\"og:url\" content=\"https:\/\/wayy.pl\/sklep\/produkt\/oprogramowanie-deviceconfigurator\/\" \/>\n<meta property=\"og:site_name\" content=\"Sklep Wayy\" \/>\n<meta property=\"article:modified_time\" content=\"2023-02-15T09:22:25+00:00\" \/>\n<meta property=\"og:image\" content=\"https:\/\/wayy.pl\/sklep\/wp-content\/uploads\/sites\/17\/2023\/02\/dc_logo.webp\" \/>\n\t<meta property=\"og:image:width\" content=\"600\" \/>\n\t<meta property=\"og:image:height\" content=\"600\" \/>\n\t<meta property=\"og:image:type\" content=\"image\/webp\" \/>\n<meta name=\"twitter:card\" content=\"summary_large_image\" \/>\n<script type=\"application\/ld+json\" class=\"yoast-schema-graph\">{\"@context\":\"https:\/\/schema.org\",\"@graph\":[{\"@type\":\"WebPage\",\"@id\":\"https:\/\/wayy.pl\/sklep\/produkt\/oprogramowanie-deviceconfigurator\/\",\"url\":\"https:\/\/wayy.pl\/sklep\/produkt\/oprogramowanie-deviceconfigurator\/\",\"name\":\"Oprogramowanie DeviceConfigurator - Sklep Wayy\",\"isPartOf\":{\"@id\":\"https:\/\/wayy.pl\/sklep\/#website\"},\"primaryImageOfPage\":{\"@id\":\"https:\/\/wayy.pl\/sklep\/produkt\/oprogramowanie-deviceconfigurator\/#primaryimage\"},\"image\":{\"@id\":\"https:\/\/wayy.pl\/sklep\/produkt\/oprogramowanie-deviceconfigurator\/#primaryimage\"},\"thumbnailUrl\":\"https:\/\/wayy.pl\/sklep\/wp-content\/uploads\/sites\/17\/2023\/02\/dc_logo.webp\",\"datePublished\":\"2020-12-07T17:28:27+00:00\",\"dateModified\":\"2023-02-15T09:22:25+00:00\",\"description\":\"Automatyka przemys\u0142owa\",\"breadcrumb\":{\"@id\":\"https:\/\/wayy.pl\/sklep\/produkt\/oprogramowanie-deviceconfigurator\/#breadcrumb\"},\"inLanguage\":\"pl-PL\",\"potentialAction\":[{\"@type\":\"ReadAction\",\"target\":[\"https:\/\/wayy.pl\/sklep\/produkt\/oprogramowanie-deviceconfigurator\/\"]}]},{\"@type\":\"ImageObject\",\"inLanguage\":\"pl-PL\",\"@id\":\"https:\/\/wayy.pl\/sklep\/produkt\/oprogramowanie-deviceconfigurator\/#primaryimage\",\"url\":\"https:\/\/wayy.pl\/sklep\/wp-content\/uploads\/sites\/17\/2023\/02\/dc_logo.webp\",\"contentUrl\":\"https:\/\/wayy.pl\/sklep\/wp-content\/uploads\/sites\/17\/2023\/02\/dc_logo.webp\",\"width\":600,\"height\":600,\"caption\":\"Device Configurator\"},{\"@type\":\"BreadcrumbList\",\"@id\":\"https:\/\/wayy.pl\/sklep\/produkt\/oprogramowanie-deviceconfigurator\/#breadcrumb\",\"itemListElement\":[{\"@type\":\"ListItem\",\"position\":1,\"name\":\"Automatyka przemys\u0142owa\",\"item\":\"https:\/\/wayy.pl\/sklep\/\"},{\"@type\":\"ListItem\",\"position\":2,\"name\":\"Produkty\",\"item\":\"https:\/\/wayy.pl\/sklep\/shop\/\"},{\"@type\":\"ListItem\",\"position\":3,\"name\":\"Software\",\"item\":\"https:\/\/wayy.pl\/sklep\/kategoria-produktu\/software\/\"},{\"@type\":\"ListItem\",\"position\":4,\"name\":\"Oprogramowanie DeviceConfigurator\"}]},{\"@type\":\"WebSite\",\"@id\":\"https:\/\/wayy.pl\/sklep\/#website\",\"url\":\"https:\/\/wayy.pl\/sklep\/\",\"name\":\"Sklep Wayy\",\"description\":\"Automatyka przemys\u0142owa. 6 lat gwarancji.\",\"publisher\":{\"@id\":\"https:\/\/wayy.pl\/sklep\/#organization\"},\"potentialAction\":[{\"@type\":\"SearchAction\",\"target\":{\"@type\":\"EntryPoint\",\"urlTemplate\":\"https:\/\/wayy.pl\/sklep\/?s={search_term_string}\"},\"query-input\":\"required name=search_term_string\"}],\"inLanguage\":\"pl-PL\"},{\"@type\":\"Organization\",\"@id\":\"https:\/\/wayy.pl\/sklep\/#organization\",\"name\":\"Wayy - automatyka przemys\u0142owa\",\"url\":\"https:\/\/wayy.pl\/sklep\/\",\"logo\":{\"@type\":\"ImageObject\",\"inLanguage\":\"pl-PL\",\"@id\":\"https:\/\/wayy.pl\/sklep\/#\/schema\/logo\/image\/\",\"url\":\"https:\/\/wayy.pl\/sklep\/wp-content\/uploads\/sites\/17\/2021\/03\/wayy.png\",\"contentUrl\":\"https:\/\/wayy.pl\/sklep\/wp-content\/uploads\/sites\/17\/2021\/03\/wayy.png\",\"width\":1001,\"height\":352,\"caption\":\"Wayy - automatyka przemys\u0142owa\"},\"image\":{\"@id\":\"https:\/\/wayy.pl\/sklep\/#\/schema\/logo\/image\/\"},\"sameAs\":[\"https:\/\/www.linkedin.com\/company\/klimat-solec\",\"https:\/\/www.youtube.com\/user\/KlimatSolec\"]}]}<\/script>\n<!-- \/ Yoast SEO plugin. -->","yoast_head_json":{"title":"Oprogramowanie DeviceConfigurator - Sklep Wayy","description":"Automatyka przemys\u0142owa","robots":{"index":"index","follow":"follow","max-snippet":"max-snippet:-1","max-image-preview":"max-image-preview:large","max-video-preview":"max-video-preview:-1"},"canonical":"https:\/\/wayy.pl\/sklep\/produkt\/oprogramowanie-deviceconfigurator\/","og_locale":"pl_PL","og_type":"article","og_title":"Oprogramowanie DeviceConfigurator - Sklep Wayy","og_description":"Automatyka przemys\u0142owa","og_url":"https:\/\/wayy.pl\/sklep\/produkt\/oprogramowanie-deviceconfigurator\/","og_site_name":"Sklep Wayy","article_modified_time":"2023-02-15T09:22:25+00:00","og_image":[{"width":600,"height":600,"url":"https:\/\/wayy.pl\/sklep\/wp-content\/uploads\/sites\/17\/2023\/02\/dc_logo.webp","type":"image\/webp"}],"twitter_card":"summary_large_image","schema":{"@context":"https:\/\/schema.org","@graph":[{"@type":"WebPage","@id":"https:\/\/wayy.pl\/sklep\/produkt\/oprogramowanie-deviceconfigurator\/","url":"https:\/\/wayy.pl\/sklep\/produkt\/oprogramowanie-deviceconfigurator\/","name":"Oprogramowanie DeviceConfigurator - Sklep Wayy","isPartOf":{"@id":"https:\/\/wayy.pl\/sklep\/#website"},"primaryImageOfPage":{"@id":"https:\/\/wayy.pl\/sklep\/produkt\/oprogramowanie-deviceconfigurator\/#primaryimage"},"image":{"@id":"https:\/\/wayy.pl\/sklep\/produkt\/oprogramowanie-deviceconfigurator\/#primaryimage"},"thumbnailUrl":"https:\/\/wayy.pl\/sklep\/wp-content\/uploads\/sites\/17\/2023\/02\/dc_logo.webp","datePublished":"2020-12-07T17:28:27+00:00","dateModified":"2023-02-15T09:22:25+00:00","description":"Automatyka przemys\u0142owa","breadcrumb":{"@id":"https:\/\/wayy.pl\/sklep\/produkt\/oprogramowanie-deviceconfigurator\/#breadcrumb"},"inLanguage":"pl-PL","potentialAction":[{"@type":"ReadAction","target":["https:\/\/wayy.pl\/sklep\/produkt\/oprogramowanie-deviceconfigurator\/"]}]},{"@type":"ImageObject","inLanguage":"pl-PL","@id":"https:\/\/wayy.pl\/sklep\/produkt\/oprogramowanie-deviceconfigurator\/#primaryimage","url":"https:\/\/wayy.pl\/sklep\/wp-content\/uploads\/sites\/17\/2023\/02\/dc_logo.webp","contentUrl":"https:\/\/wayy.pl\/sklep\/wp-content\/uploads\/sites\/17\/2023\/02\/dc_logo.webp","width":600,"height":600,"caption":"Device Configurator"},{"@type":"BreadcrumbList","@id":"https:\/\/wayy.pl\/sklep\/produkt\/oprogramowanie-deviceconfigurator\/#breadcrumb","itemListElement":[{"@type":"ListItem","position":1,"name":"Automatyka przemys\u0142owa","item":"https:\/\/wayy.pl\/sklep\/"},{"@type":"ListItem","position":2,"name":"Produkty","item":"https:\/\/wayy.pl\/sklep\/shop\/"},{"@type":"ListItem","position":3,"name":"Software","item":"https:\/\/wayy.pl\/sklep\/kategoria-produktu\/software\/"},{"@type":"ListItem","position":4,"name":"Oprogramowanie DeviceConfigurator"}]},{"@type":"WebSite","@id":"https:\/\/wayy.pl\/sklep\/#website","url":"https:\/\/wayy.pl\/sklep\/","name":"Sklep Wayy","description":"Automatyka przemys\u0142owa. 6 lat gwarancji.","publisher":{"@id":"https:\/\/wayy.pl\/sklep\/#organization"},"potentialAction":[{"@type":"SearchAction","target":{"@type":"EntryPoint","urlTemplate":"https:\/\/wayy.pl\/sklep\/?s={search_term_string}"},"query-input":"required name=search_term_string"}],"inLanguage":"pl-PL"},{"@type":"Organization","@id":"https:\/\/wayy.pl\/sklep\/#organization","name":"Wayy - automatyka przemys\u0142owa","url":"https:\/\/wayy.pl\/sklep\/","logo":{"@type":"ImageObject","inLanguage":"pl-PL","@id":"https:\/\/wayy.pl\/sklep\/#\/schema\/logo\/image\/","url":"https:\/\/wayy.pl\/sklep\/wp-content\/uploads\/sites\/17\/2021\/03\/wayy.png","contentUrl":"https:\/\/wayy.pl\/sklep\/wp-content\/uploads\/sites\/17\/2021\/03\/wayy.png","width":1001,"height":352,"caption":"Wayy - automatyka przemys\u0142owa"},"image":{"@id":"https:\/\/wayy.pl\/sklep\/#\/schema\/logo\/image\/"},"sameAs":["https:\/\/www.linkedin.com\/company\/klimat-solec","https:\/\/www.youtube.com\/user\/KlimatSolec"]}]}},"tiered_pricing_type":"fixed","tiered_pricing_fixed_rules":[],"tiered_pricing_product_settings":{"layout":"default","base_unit_name":{"singular":null,"plural":null},"default_variation":null},"tiered_pricing_minimum_quantity":1,"tiered_pricing_roles_data":[],"tiered_pricing_percentage_rules":[],"_links":{"self":[{"href":"https:\/\/wayy.pl\/sklep\/wp-json\/wp\/v2\/product\/3980"}],"collection":[{"href":"https:\/\/wayy.pl\/sklep\/wp-json\/wp\/v2\/product"}],"about":[{"href":"https:\/\/wayy.pl\/sklep\/wp-json\/wp\/v2\/types\/product"}],"wp:featuredmedia":[{"embeddable":true,"href":"https:\/\/wayy.pl\/sklep\/wp-json\/wp\/v2\/media\/9657"}],"wp:attachment":[{"href":"https:\/\/wayy.pl\/sklep\/wp-json\/wp\/v2\/media?parent=3980"}],"wp:term":[{"taxonomy":"product_cat","embeddable":true,"href":"https:\/\/wayy.pl\/sklep\/wp-json\/wp\/v2\/product_cat?post=3980"},{"taxonomy":"product_tag","embeddable":true,"href":"https:\/\/wayy.pl\/sklep\/wp-json\/wp\/v2\/product_tag?post=3980"},{"taxonomy":"woo-feed-brand","embeddable":true,"href":"https:\/\/wayy.pl\/sklep\/wp-json\/wp\/v2\/woo-feed-brand?post=3980"}],"curies":[{"name":"wp","href":"https:\/\/api.w.org\/{rel}","templated":true}]}}