{"id":5588,"date":"2021-03-21T13:27:20","date_gmt":"2021-03-21T12:27:20","guid":{"rendered":"http:\/\/wayy.pl\/sklep\/?post_type=product&#038;p=5588"},"modified":"2025-12-15T12:55:57","modified_gmt":"2025-12-15T11:55:57","slug":"zestaw-zdalnego-sterowania-klimakonwektorem-wfc-101-ir","status":"publish","type":"product","link":"https:\/\/wayy.pl\/sklep\/produkt\/zestaw-zdalnego-sterowania-klimakonwektorem-wfc-101-ir\/","title":{"rendered":"Zestaw zdalnego sterowania klimakonwektorem wFC.101.IR"},"content":{"rendered":"<p><strong>Zestaw zdalnego sterowania klimakonwektorem umo\u017cliwia bezprzewodowe zarz\u0105dzanie sterownikiem<\/strong> klimakonwektora wFC.101. Zawiera pilot i modu\u0142 odbiornika podczerwieni wFC.101.IR. Zdalne sterowanie klimakonwektorem pilotem pozwala na dokonywanie zmian parametr\u00f3w, takich jak:<\/p>\n<ul>\n<li>w\u0142\u0105czenie i wy\u0142\u0105czenie klimakonwektora,<\/li>\n<li>zmiana zadanej temperatury,<\/li>\n<li>zmiana biegu wentylatora,<\/li>\n<li>zmiana trybu pracy klimakonwektora.<\/li>\n<\/ul>\n<h2>Zestaw zdalnego sterowania klimakonwektorem wFC.101.IR \u2014 dzia\u0142anie<\/h2>\n<p>Praca klimakonwektora sygnalizowana jest diod\u0105 LED, kt\u00f3ra jest widoczna przez obudow\u0119 modu\u0142u odbiornika podczerwieni. Intensywne ci\u0105g\u0142e \u015bwiat\u0142o oznacza dzia\u0142anie, a zmniejszona intensywno\u015b\u0107 \u015bwiecenia wy\u0142\u0105czenie urz\u0105dzenia.<\/p>\n<p><strong>Sterowanie klimakonwektorem za pomoc\u0105 komunikacji bezprzewodowej IR<\/strong> polega na tym, \u017ce pilot wysy\u0142a okre\u015blone przez u\u017cytkownika nastawy parametr\u00f3w sterownika klimakonwektora wFC.101. Modu\u0142 po odebraniu danych przesy\u0142a je do sterownika lini\u0105 transmisyjn\u0105 RS-485. Ich prawid\u0142owy odbi\u00f3r sygnalizuje rozb\u0142y\u015bniecie diody. Poprawne przeniesienie danych z modu\u0142u odbiorczego do <a href=\"\/sklep\/kategoria-produktu\/sterowniki\/\">sterownika PLC<\/a> potwierdza sygnalizacja d\u017awi\u0119kowa.<\/p>\n<h2>Klimakonwektor \u2014 sterowanie<\/h2>\n<p>Zestaw do sterowania klimakonwektorem zawiera:<\/p>\n<ul>\n<li>modu\u0142 odbiorczy podczerwieni<\/li>\n<li>pilot.<\/li>\n<\/ul>\n<p>Modu\u0142 podczerwieni posiada niewielkie gabaryty, dlatego mo\u017cna umie\u015bci\u0107 go w dowolnej lokalizacji pomieszczenia, kt\u00f3ra zapewnia widoczno\u015b\u0107 optyczn\u0105 pomi\u0119dzy pilotem a odbiornikiem podczerwieni. Jest pod\u0142\u0105czany bezpo\u015brednio do sterownika klimakonwektora W.FC.101 poprzez z\u0142\u0105cze RS-485. Urz\u0105dzenie nie potrzebuje \u017cadnej konfiguracji.<\/p>\n<p>Urz\u0105dzenia z zestawu zdalnego sterowania klimakonwektorem posiadaj\u0105 nast\u0119puj\u0105ce elementy:<\/p>\n<p>Pilot:<\/p>\n<ul>\n<li>Komunikacja bezprzewodowa: IR,<\/li>\n<li>Zasilanie: 2x baterie AAA,<\/li>\n<li>Waga: 0,12 kg,<\/li>\n<li>Wymiary: 280x135x50 mm.<\/li>\n<\/ul>\n<p>Modu\u0142 odbiornika podczerwieni:<\/p>\n<ul>\n<li>Komunikacja bezprzewodowa z pilotem: IR,<\/li>\n<li>Widoczno\u015b\u0107 optyczna: do 10 m,<\/li>\n<li>Komunikacja przewodowa ze sterownikiem: RS-485,<\/li>\n<li>Protok\u00f3\u0142 komunikacyjny Modbus RTU,<\/li>\n<li>Zasilanie: 24VDC,<\/li>\n<li>Moc: 0,36 W,<\/li>\n<li>Wymiary: 59x40x22 mm.<\/li>\n<\/ul>\n<p>Zach\u0119camy te\u017c do sprawdzenia naszej oferty na pozosta\u0142e urz\u0105dzenia <a href=\"\/sklep\">automatyki przemys\u0142owej<\/a> np.: <a href=\"\/sklep\/kategoria-produktu\/czujniki\/\">czujniki elektroniczne<\/a> czy <a href=\"\/sklep\/\/kategoria-produktu\/panele\/\">panele HMI<\/a>. Zapraszamy!<\/p>\n","protected":false},"excerpt":{"rendered":"<ul>\n<li><strong>cena przy ilo\u015bci: 2+\u00a0 \u00a0 \u00a0470 PLN <\/strong>+ 23% VAT \/ szt.<\/li>\n<li><strong>cena przy ilo\u015bci: 6+\u00a0 \u00a0 \u00a0445 PLN <\/strong>+ 23% VAT \/ szt.<\/li>\n<li><strong>cena przy ilo\u015bci: 11+\u00a0 \u00a0420 PLN <\/strong>+ 23% VAT \/ szt.<\/li>\n<li><strong>cena przy ilo\u015bci: 21+\u00a0 \u00a0397 PLN <\/strong>+ 23% VAT \/ szt.<\/li>\n<\/ul>\n<p><img decoding=\"async\" class=\"alignnone size-full wp-image-5794\" src=\"https:\/\/wayy.pl\/sklep\/wp-content\/uploads\/sites\/17\/2021\/03\/Ikony_ikony-kopia.svg\" alt=\"\" \/><\/p>\n<p>Zestaw umo\u017cliwia bezprzewodowe zarz\u0105dzanie sterownikiem klimakonwektora wFC.101. Zawiera pilot i modu\u0142 odbiornika podczerwieni wFC.101.IR. Z poziomu pilota mo\u017cemy dokona\u0107 zmian parametr\u00f3w steruj\u0105cych klimakonwektorem takich jak:<br \/>\n&#8211; w\u0142\u0105czenie i wy\u0142\u0105czenie klimakonwektora,<br \/>\n&#8211; zmiana zadanej temperatury,<br \/>\n&#8211; zmiana biegu wentylatora,<br \/>\n&#8211; zmiana trybu pracy klimakonwektora.<\/p>\n","protected":false},"featured_media":5705,"template":"","meta":{"site-sidebar-layout":"default","site-content-layout":"default","ast-site-content-layout":"default","site-content-style":"default","site-sidebar-style":"default","ast-global-header-display":"","ast-banner-title-visibility":"","ast-main-header-display":"","ast-hfb-above-header-display":"","ast-hfb-below-header-display":"","ast-hfb-mobile-header-display":"","site-post-title":"","ast-breadcrumbs-content":"","ast-featured-img":"","footer-sml-layout":"","theme-transparent-header-meta":"default","adv-header-id-meta":"","stick-header-meta":"default","header-above-stick-meta":"","header-main-stick-meta":"","header-below-stick-meta":"","astra-migrate-meta-layouts":"set","ast-page-background-enabled":"default","ast-page-background-meta":{"desktop":{"background-color":"","background-image":"","background-repeat":"repeat","background-position":"center center","background-size":"auto","background-attachment":"scroll","background-type":"","background-media":"","overlay-type":"","overlay-color":"","overlay-opacity":"","overlay-gradient":""},"tablet":{"background-color":"","background-image":"","background-repeat":"repeat","background-position":"center center","background-size":"auto","background-attachment":"scroll","background-type":"","background-media":"","overlay-type":"","overlay-color":"","overlay-opacity":"","overlay-gradient":""},"mobile":{"background-color":"","background-image":"","background-repeat":"repeat","background-position":"center center","background-size":"auto","background-attachment":"scroll","background-type":"","background-media":"","overlay-type":"","overlay-color":"","overlay-opacity":"","overlay-gradient":""}},"ast-content-background-meta":{"desktop":{"background-color":"var(--ast-global-color-5)","background-image":"","background-repeat":"repeat","background-position":"center center","background-size":"auto","background-attachment":"scroll","background-type":"","background-media":"","overlay-type":"","overlay-color":"","overlay-opacity":"","overlay-gradient":""},"tablet":{"background-color":"var(--ast-global-color-5)","background-image":"","background-repeat":"repeat","background-position":"center center","background-size":"auto","background-attachment":"scroll","background-type":"","background-media":"","overlay-type":"","overlay-color":"","overlay-opacity":"","overlay-gradient":""},"mobile":{"background-color":"var(--ast-global-color-5)","background-image":"","background-repeat":"repeat","background-position":"center center","background-size":"auto","background-attachment":"scroll","background-type":"","background-media":"","overlay-type":"","overlay-color":"","overlay-opacity":"","overlay-gradient":""}}},"product_cat":[76],"product_tag":[43,62],"woo-feed-brand":[],"class_list":{"0":"post-5588","1":"product","2":"type-product","3":"status-publish","4":"has-post-thumbnail","6":"product_cat-moduly-2","7":"product_tag-automatyka","8":"product_tag-klimakonwektor","9":"product_shipping_class-torba_papierowa_mala","10":"desktop-align-left","11":"tablet-align-left","12":"mobile-align-left","13":"ast-product-gallery-layout-horizontal","14":"ast-product-gallery-with-no-image","15":"ast-magnify-disabled","16":"ast-product-tabs-layout-horizontal","18":"first","19":"outofstock","20":"featured","21":"taxable","22":"shipping-taxable","23":"purchasable","24":"product-type-simple"},"yoast_head":"<!-- This site is optimized with the Yoast SEO plugin v23.3 - https:\/\/yoast.com\/wordpress\/plugins\/seo\/ -->\n<title>Zestaw zdalnego sterowania klimakonwektorem. 6 lat gwarancji - Najlepsza Cena w Sklep Wayy<\/title>\n<meta name=\"description\" content=\"Wayy.pl \u27a4 Tw\u00f3j sklep z automatyk\u0105 przemys\u0142ow\u0105 \u2714\ufe0f Zestaw zdalnego sterowania klimakonwektorem wFC.101.IR \u2714\ufe0f Pe\u0142ne wsparcie techniczne i 6 lat gwarancji \u2714\ufe0f Zapraszamy!\" \/>\n<meta name=\"robots\" content=\"index, follow, max-snippet:-1, max-image-preview:large, max-video-preview:-1\" \/>\n<link rel=\"canonical\" href=\"https:\/\/wayy.pl\/sklep\/produkt\/zestaw-zdalnego-sterowania-klimakonwektorem-wfc-101-ir\/\" \/>\n<meta property=\"og:locale\" content=\"pl_PL\" \/>\n<meta property=\"og:type\" content=\"article\" \/>\n<meta property=\"og:title\" content=\"Zestaw zdalnego sterowania klimakonwektorem. 6 lat gwarancji - Najlepsza Cena w Sklep Wayy\" \/>\n<meta property=\"og:description\" content=\"Wayy.pl \u27a4 Tw\u00f3j sklep z automatyk\u0105 przemys\u0142ow\u0105 \u2714\ufe0f Zestaw zdalnego sterowania klimakonwektorem wFC.101.IR \u2714\ufe0f Pe\u0142ne wsparcie techniczne i 6 lat gwarancji \u2714\ufe0f Zapraszamy!\" \/>\n<meta property=\"og:url\" content=\"https:\/\/wayy.pl\/sklep\/produkt\/zestaw-zdalnego-sterowania-klimakonwektorem-wfc-101-ir\/\" \/>\n<meta property=\"og:site_name\" content=\"Sklep Wayy\" \/>\n<meta property=\"article:modified_time\" content=\"2025-12-15T11:55:57+00:00\" \/>\n<meta property=\"og:image\" content=\"https:\/\/wayy.pl\/sklep\/wp-content\/uploads\/sites\/17\/2021\/03\/wFC_101_IR_komplet.jpg\" \/>\n\t<meta property=\"og:image:width\" content=\"1000\" \/>\n\t<meta property=\"og:image:height\" content=\"1000\" \/>\n\t<meta property=\"og:image:type\" content=\"image\/jpeg\" \/>\n<meta name=\"twitter:card\" content=\"summary_large_image\" \/>\n<meta name=\"twitter:label1\" content=\"Szacowany czas czytania\" \/>\n\t<meta name=\"twitter:data1\" content=\"1 minuta\" \/>\n<script type=\"application\/ld+json\" class=\"yoast-schema-graph\">{\"@context\":\"https:\/\/schema.org\",\"@graph\":[{\"@type\":\"WebPage\",\"@id\":\"https:\/\/wayy.pl\/sklep\/produkt\/zestaw-zdalnego-sterowania-klimakonwektorem-wfc-101-ir\/\",\"url\":\"https:\/\/wayy.pl\/sklep\/produkt\/zestaw-zdalnego-sterowania-klimakonwektorem-wfc-101-ir\/\",\"name\":\"Zestaw zdalnego sterowania klimakonwektorem. 6 lat gwarancji - Najlepsza Cena w Sklep Wayy\",\"isPartOf\":{\"@id\":\"https:\/\/wayy.pl\/sklep\/#website\"},\"primaryImageOfPage\":{\"@id\":\"https:\/\/wayy.pl\/sklep\/produkt\/zestaw-zdalnego-sterowania-klimakonwektorem-wfc-101-ir\/#primaryimage\"},\"image\":{\"@id\":\"https:\/\/wayy.pl\/sklep\/produkt\/zestaw-zdalnego-sterowania-klimakonwektorem-wfc-101-ir\/#primaryimage\"},\"thumbnailUrl\":\"https:\/\/wayy.pl\/sklep\/wp-content\/uploads\/sites\/17\/2021\/03\/wFC_101_IR_komplet.jpg\",\"datePublished\":\"2021-03-21T12:27:20+00:00\",\"dateModified\":\"2025-12-15T11:55:57+00:00\",\"description\":\"Wayy.pl \u27a4 Tw\u00f3j sklep z automatyk\u0105 przemys\u0142ow\u0105 \u2714\ufe0f Zestaw zdalnego sterowania klimakonwektorem wFC.101.IR \u2714\ufe0f Pe\u0142ne wsparcie techniczne i 6 lat gwarancji \u2714\ufe0f Zapraszamy!\",\"breadcrumb\":{\"@id\":\"https:\/\/wayy.pl\/sklep\/produkt\/zestaw-zdalnego-sterowania-klimakonwektorem-wfc-101-ir\/#breadcrumb\"},\"inLanguage\":\"pl-PL\",\"potentialAction\":[{\"@type\":\"ReadAction\",\"target\":[\"https:\/\/wayy.pl\/sklep\/produkt\/zestaw-zdalnego-sterowania-klimakonwektorem-wfc-101-ir\/\"]}]},{\"@type\":\"ImageObject\",\"inLanguage\":\"pl-PL\",\"@id\":\"https:\/\/wayy.pl\/sklep\/produkt\/zestaw-zdalnego-sterowania-klimakonwektorem-wfc-101-ir\/#primaryimage\",\"url\":\"https:\/\/wayy.pl\/sklep\/wp-content\/uploads\/sites\/17\/2021\/03\/wFC_101_IR_komplet.jpg\",\"contentUrl\":\"https:\/\/wayy.pl\/sklep\/wp-content\/uploads\/sites\/17\/2021\/03\/wFC_101_IR_komplet.jpg\",\"width\":1000,\"height\":1000,\"caption\":\"zestaw-zdalnego-sterowania-klimakonwektorem\"},{\"@type\":\"BreadcrumbList\",\"@id\":\"https:\/\/wayy.pl\/sklep\/produkt\/zestaw-zdalnego-sterowania-klimakonwektorem-wfc-101-ir\/#breadcrumb\",\"itemListElement\":[{\"@type\":\"ListItem\",\"position\":1,\"name\":\"Automatyka przemys\u0142owa\",\"item\":\"https:\/\/wayy.pl\/sklep\/\"},{\"@type\":\"ListItem\",\"position\":2,\"name\":\"Produkty\",\"item\":\"https:\/\/wayy.pl\/sklep\/shop\/\"},{\"@type\":\"ListItem\",\"position\":3,\"name\":\"Modu\u0142y\",\"item\":\"https:\/\/wayy.pl\/sklep\/kategoria-produktu\/moduly-2\/\"},{\"@type\":\"ListItem\",\"position\":4,\"name\":\"Zestaw zdalnego sterowania klimakonwektorem wFC.101.IR\"}]},{\"@type\":\"WebSite\",\"@id\":\"https:\/\/wayy.pl\/sklep\/#website\",\"url\":\"https:\/\/wayy.pl\/sklep\/\",\"name\":\"Sklep Wayy\",\"description\":\"Automatyka przemys\u0142owa. 6 lat gwarancji.\",\"publisher\":{\"@id\":\"https:\/\/wayy.pl\/sklep\/#organization\"},\"potentialAction\":[{\"@type\":\"SearchAction\",\"target\":{\"@type\":\"EntryPoint\",\"urlTemplate\":\"https:\/\/wayy.pl\/sklep\/?s={search_term_string}\"},\"query-input\":\"required name=search_term_string\"}],\"inLanguage\":\"pl-PL\"},{\"@type\":\"Organization\",\"@id\":\"https:\/\/wayy.pl\/sklep\/#organization\",\"name\":\"Wayy - automatyka przemys\u0142owa\",\"url\":\"https:\/\/wayy.pl\/sklep\/\",\"logo\":{\"@type\":\"ImageObject\",\"inLanguage\":\"pl-PL\",\"@id\":\"https:\/\/wayy.pl\/sklep\/#\/schema\/logo\/image\/\",\"url\":\"https:\/\/wayy.pl\/sklep\/wp-content\/uploads\/sites\/17\/2021\/03\/wayy.png\",\"contentUrl\":\"https:\/\/wayy.pl\/sklep\/wp-content\/uploads\/sites\/17\/2021\/03\/wayy.png\",\"width\":1001,\"height\":352,\"caption\":\"Wayy - automatyka przemys\u0142owa\"},\"image\":{\"@id\":\"https:\/\/wayy.pl\/sklep\/#\/schema\/logo\/image\/\"},\"sameAs\":[\"https:\/\/www.linkedin.com\/company\/klimat-solec\",\"https:\/\/www.youtube.com\/user\/KlimatSolec\"]}]}<\/script>\n<!-- \/ Yoast SEO plugin. -->","yoast_head_json":{"title":"Zestaw zdalnego sterowania klimakonwektorem. 6 lat gwarancji - Najlepsza Cena w Sklep Wayy","description":"Wayy.pl \u27a4 Tw\u00f3j sklep z automatyk\u0105 przemys\u0142ow\u0105 \u2714\ufe0f Zestaw zdalnego sterowania klimakonwektorem wFC.101.IR \u2714\ufe0f Pe\u0142ne wsparcie techniczne i 6 lat gwarancji \u2714\ufe0f Zapraszamy!","robots":{"index":"index","follow":"follow","max-snippet":"max-snippet:-1","max-image-preview":"max-image-preview:large","max-video-preview":"max-video-preview:-1"},"canonical":"https:\/\/wayy.pl\/sklep\/produkt\/zestaw-zdalnego-sterowania-klimakonwektorem-wfc-101-ir\/","og_locale":"pl_PL","og_type":"article","og_title":"Zestaw zdalnego sterowania klimakonwektorem. 6 lat gwarancji - Najlepsza Cena w Sklep Wayy","og_description":"Wayy.pl \u27a4 Tw\u00f3j sklep z automatyk\u0105 przemys\u0142ow\u0105 \u2714\ufe0f Zestaw zdalnego sterowania klimakonwektorem wFC.101.IR \u2714\ufe0f Pe\u0142ne wsparcie techniczne i 6 lat gwarancji \u2714\ufe0f Zapraszamy!","og_url":"https:\/\/wayy.pl\/sklep\/produkt\/zestaw-zdalnego-sterowania-klimakonwektorem-wfc-101-ir\/","og_site_name":"Sklep Wayy","article_modified_time":"2025-12-15T11:55:57+00:00","og_image":[{"width":1000,"height":1000,"url":"https:\/\/wayy.pl\/sklep\/wp-content\/uploads\/sites\/17\/2021\/03\/wFC_101_IR_komplet.jpg","type":"image\/jpeg"}],"twitter_card":"summary_large_image","twitter_misc":{"Szacowany czas czytania":"1 minuta"},"schema":{"@context":"https:\/\/schema.org","@graph":[{"@type":"WebPage","@id":"https:\/\/wayy.pl\/sklep\/produkt\/zestaw-zdalnego-sterowania-klimakonwektorem-wfc-101-ir\/","url":"https:\/\/wayy.pl\/sklep\/produkt\/zestaw-zdalnego-sterowania-klimakonwektorem-wfc-101-ir\/","name":"Zestaw zdalnego sterowania klimakonwektorem. 6 lat gwarancji - Najlepsza Cena w Sklep Wayy","isPartOf":{"@id":"https:\/\/wayy.pl\/sklep\/#website"},"primaryImageOfPage":{"@id":"https:\/\/wayy.pl\/sklep\/produkt\/zestaw-zdalnego-sterowania-klimakonwektorem-wfc-101-ir\/#primaryimage"},"image":{"@id":"https:\/\/wayy.pl\/sklep\/produkt\/zestaw-zdalnego-sterowania-klimakonwektorem-wfc-101-ir\/#primaryimage"},"thumbnailUrl":"https:\/\/wayy.pl\/sklep\/wp-content\/uploads\/sites\/17\/2021\/03\/wFC_101_IR_komplet.jpg","datePublished":"2021-03-21T12:27:20+00:00","dateModified":"2025-12-15T11:55:57+00:00","description":"Wayy.pl \u27a4 Tw\u00f3j sklep z automatyk\u0105 przemys\u0142ow\u0105 \u2714\ufe0f Zestaw zdalnego sterowania klimakonwektorem wFC.101.IR \u2714\ufe0f Pe\u0142ne wsparcie techniczne i 6 lat gwarancji \u2714\ufe0f Zapraszamy!","breadcrumb":{"@id":"https:\/\/wayy.pl\/sklep\/produkt\/zestaw-zdalnego-sterowania-klimakonwektorem-wfc-101-ir\/#breadcrumb"},"inLanguage":"pl-PL","potentialAction":[{"@type":"ReadAction","target":["https:\/\/wayy.pl\/sklep\/produkt\/zestaw-zdalnego-sterowania-klimakonwektorem-wfc-101-ir\/"]}]},{"@type":"ImageObject","inLanguage":"pl-PL","@id":"https:\/\/wayy.pl\/sklep\/produkt\/zestaw-zdalnego-sterowania-klimakonwektorem-wfc-101-ir\/#primaryimage","url":"https:\/\/wayy.pl\/sklep\/wp-content\/uploads\/sites\/17\/2021\/03\/wFC_101_IR_komplet.jpg","contentUrl":"https:\/\/wayy.pl\/sklep\/wp-content\/uploads\/sites\/17\/2021\/03\/wFC_101_IR_komplet.jpg","width":1000,"height":1000,"caption":"zestaw-zdalnego-sterowania-klimakonwektorem"},{"@type":"BreadcrumbList","@id":"https:\/\/wayy.pl\/sklep\/produkt\/zestaw-zdalnego-sterowania-klimakonwektorem-wfc-101-ir\/#breadcrumb","itemListElement":[{"@type":"ListItem","position":1,"name":"Automatyka przemys\u0142owa","item":"https:\/\/wayy.pl\/sklep\/"},{"@type":"ListItem","position":2,"name":"Produkty","item":"https:\/\/wayy.pl\/sklep\/shop\/"},{"@type":"ListItem","position":3,"name":"Modu\u0142y","item":"https:\/\/wayy.pl\/sklep\/kategoria-produktu\/moduly-2\/"},{"@type":"ListItem","position":4,"name":"Zestaw zdalnego sterowania klimakonwektorem wFC.101.IR"}]},{"@type":"WebSite","@id":"https:\/\/wayy.pl\/sklep\/#website","url":"https:\/\/wayy.pl\/sklep\/","name":"Sklep Wayy","description":"Automatyka przemys\u0142owa. 6 lat gwarancji.","publisher":{"@id":"https:\/\/wayy.pl\/sklep\/#organization"},"potentialAction":[{"@type":"SearchAction","target":{"@type":"EntryPoint","urlTemplate":"https:\/\/wayy.pl\/sklep\/?s={search_term_string}"},"query-input":"required name=search_term_string"}],"inLanguage":"pl-PL"},{"@type":"Organization","@id":"https:\/\/wayy.pl\/sklep\/#organization","name":"Wayy - automatyka przemys\u0142owa","url":"https:\/\/wayy.pl\/sklep\/","logo":{"@type":"ImageObject","inLanguage":"pl-PL","@id":"https:\/\/wayy.pl\/sklep\/#\/schema\/logo\/image\/","url":"https:\/\/wayy.pl\/sklep\/wp-content\/uploads\/sites\/17\/2021\/03\/wayy.png","contentUrl":"https:\/\/wayy.pl\/sklep\/wp-content\/uploads\/sites\/17\/2021\/03\/wayy.png","width":1001,"height":352,"caption":"Wayy - automatyka przemys\u0142owa"},"image":{"@id":"https:\/\/wayy.pl\/sklep\/#\/schema\/logo\/image\/"},"sameAs":["https:\/\/www.linkedin.com\/company\/klimat-solec","https:\/\/www.youtube.com\/user\/KlimatSolec"]}]}},"tiered_pricing_type":"fixed","tiered_pricing_fixed_rules":[],"tiered_pricing_product_settings":{"layout":"default","base_unit_name":{"singular":null,"plural":null},"default_variation":null},"tiered_pricing_minimum_quantity":1,"tiered_pricing_roles_data":[],"tiered_pricing_percentage_rules":[],"_links":{"self":[{"href":"https:\/\/wayy.pl\/sklep\/wp-json\/wp\/v2\/product\/5588"}],"collection":[{"href":"https:\/\/wayy.pl\/sklep\/wp-json\/wp\/v2\/product"}],"about":[{"href":"https:\/\/wayy.pl\/sklep\/wp-json\/wp\/v2\/types\/product"}],"wp:featuredmedia":[{"embeddable":true,"href":"https:\/\/wayy.pl\/sklep\/wp-json\/wp\/v2\/media\/5705"}],"wp:attachment":[{"href":"https:\/\/wayy.pl\/sklep\/wp-json\/wp\/v2\/media?parent=5588"}],"wp:term":[{"taxonomy":"product_cat","embeddable":true,"href":"https:\/\/wayy.pl\/sklep\/wp-json\/wp\/v2\/product_cat?post=5588"},{"taxonomy":"product_tag","embeddable":true,"href":"https:\/\/wayy.pl\/sklep\/wp-json\/wp\/v2\/product_tag?post=5588"},{"taxonomy":"woo-feed-brand","embeddable":true,"href":"https:\/\/wayy.pl\/sklep\/wp-json\/wp\/v2\/woo-feed-brand?post=5588"}],"curies":[{"name":"wp","href":"https:\/\/api.w.org\/{rel}","templated":true}]}}