{"id":5590,"date":"2021-03-21T15:02:52","date_gmt":"2021-03-21T14:02:52","guid":{"rendered":"http:\/\/wayy.pl\/sklep\/?post_type=product&#038;p=5590"},"modified":"2026-02-18T09:38:50","modified_gmt":"2026-02-18T08:38:50","slug":"krocce-pomiarowe-do-czujnika-roznicy-cisnien-wdps-101-wdps-201","status":"publish","type":"product","link":"https:\/\/wayy.pl\/sklep\/produkt\/krocce-pomiarowe-do-czujnika-roznicy-cisnien-wdps-101-wdps-201\/","title":{"rendered":"Kr\u00f3\u0107ce pomiarowe do czujnika r\u00f3\u017cnicy ci\u015bnie\u0144 (wDPS.101, wDPS.201) &#8211; 2 szt."},"content":{"rendered":"<p><span class=\"fontstyle0\">Kana\u0142owe kr\u00f3\u0107ce przy\u0142\u0105czeniowe do pod\u0142\u0105czenia czujnik\u00f3w ci\u015bnienia do kana\u0142\u00f3w powietrznych.<\/span><\/p>\n<ul>\n<li><span class=\"fontstyle0\">Wytrzyma\u0142e i trwa\u0142e mechanicznie<\/span><\/li>\n<li><span class=\"fontstyle0\">Powietrzno-szczelne<\/span><\/li>\n<li><span class=\"fontstyle0\">Gwarantuj\u0105 prosty i szybki monta\u017c<\/span><\/li>\n<li>Wymiary: fi 6mm \/ 60mm<\/li>\n<li>G\u0142\u0119boko\u015b\u0107 monta\u017cowa 60mm<\/li>\n<\/ul>\n<p><span class=\"fontstyle0\">Kana\u0142owe kr\u00f3\u0107ce przy\u0142\u0105czeniowe zapewniaj\u0105 optymalny spos\u00f3b pod\u0142\u0105czenia czujnik\u00f3w ci\u015bnienia do kana\u0142\u00f3w powietrznych. Kana\u0142owe kr\u00f3\u0107ce przy\u0142\u0105czeniowe z tulej\u0105 monta\u017cow\u0105 przeznaczone s\u0105 do precyzyjnych pomiar\u00f3w. Tuleja monta\u017cowa pozwala na dok\u0142adne umiejscowienie kr\u00f3\u0107ca na kanale. Za pomoc\u0105 \u015bruby mocuj\u0105cej, kr\u00f3ciec pomiarowy (sond\u0119) mo\u017cna dok\u0142adnie ustawi\u0107 w wymaganym punkcie pomiarowym.<\/span><\/p>\n<p><span class=\"fontstyle0\">Kr\u00f3\u0107ce kana\u0142owe dostarczane s\u0105 w zestawach po 2 sztuki.<\/span><\/p>\n","protected":false},"excerpt":{"rendered":"<p><span class=\"fontstyle0\">Kana\u0142owe kr\u00f3\u0107ce przy\u0142\u0105czeniowe do pod\u0142\u0105czenia czujnik\u00f3w ci\u015bnienia do kana\u0142\u00f3w powietrznych.<\/span><\/p>\n<ul>\n<li><span class=\"fontstyle0\">Wytrzyma\u0142e i trwa\u0142e mechanicznie<\/span><\/li>\n<li><span class=\"fontstyle0\">Powietrzno-szczelne<\/span><\/li>\n<li><span class=\"fontstyle0\">Gwarantuj\u0105 prosty i szybki monta\u017c<\/span><\/li>\n<li>Wymiary: fi 6mm \/ 60mm<\/li>\n<li>G\u0142\u0119boko\u015b\u0107 monta\u017cowa 60mm<\/li>\n<\/ul>\n<p><span class=\"fontstyle0\">Kr\u00f3\u0107ce kana\u0142owe dostarczane s\u0105 w zestawach po 2 sztuki. Cena dotyczy zestawu.\u00a0<\/span><\/p>\n<p><img decoding=\"async\" class=\"alignnone size-full wp-image-5794\" src=\"https:\/\/wayy.pl\/sklep\/wp-content\/uploads\/sites\/17\/2021\/03\/Ikony_ikony-kopia.svg\" alt=\"\" \/><\/p>\n","protected":false},"featured_media":5591,"template":"","meta":{"site-sidebar-layout":"default","site-content-layout":"default","ast-site-content-layout":"default","site-content-style":"default","site-sidebar-style":"default","ast-global-header-display":"","ast-banner-title-visibility":"","ast-main-header-display":"","ast-hfb-above-header-display":"","ast-hfb-below-header-display":"","ast-hfb-mobile-header-display":"","site-post-title":"","ast-breadcrumbs-content":"","ast-featured-img":"","footer-sml-layout":"","theme-transparent-header-meta":"default","adv-header-id-meta":"","stick-header-meta":"default","header-above-stick-meta":"","header-main-stick-meta":"","header-below-stick-meta":"","astra-migrate-meta-layouts":"set","ast-page-background-enabled":"default","ast-page-background-meta":{"desktop":{"background-color":"","background-image":"","background-repeat":"repeat","background-position":"center center","background-size":"auto","background-attachment":"scroll","background-type":"","background-media":"","overlay-type":"","overlay-color":"","overlay-opacity":"","overlay-gradient":""},"tablet":{"background-color":"","background-image":"","background-repeat":"repeat","background-position":"center center","background-size":"auto","background-attachment":"scroll","background-type":"","background-media":"","overlay-type":"","overlay-color":"","overlay-opacity":"","overlay-gradient":""},"mobile":{"background-color":"","background-image":"","background-repeat":"repeat","background-position":"center center","background-size":"auto","background-attachment":"scroll","background-type":"","background-media":"","overlay-type":"","overlay-color":"","overlay-opacity":"","overlay-gradient":""}},"ast-content-background-meta":{"desktop":{"background-color":"var(--ast-global-color-5)","background-image":"","background-repeat":"repeat","background-position":"center center","background-size":"auto","background-attachment":"scroll","background-type":"","background-media":"","overlay-type":"","overlay-color":"","overlay-opacity":"","overlay-gradient":""},"tablet":{"background-color":"var(--ast-global-color-5)","background-image":"","background-repeat":"repeat","background-position":"center center","background-size":"auto","background-attachment":"scroll","background-type":"","background-media":"","overlay-type":"","overlay-color":"","overlay-opacity":"","overlay-gradient":""},"mobile":{"background-color":"var(--ast-global-color-5)","background-image":"","background-repeat":"repeat","background-position":"center center","background-size":"auto","background-attachment":"scroll","background-type":"","background-media":"","overlay-type":"","overlay-color":"","overlay-opacity":"","overlay-gradient":""}}},"product_cat":[42,94,98],"product_tag":[43,58,59,60],"woo-feed-brand":[],"class_list":{"0":"post-5590","1":"product","2":"type-product","3":"status-publish","4":"has-post-thumbnail","6":"product_cat-akcesoria","7":"product_cat-czujniki-roznicy-cisnien","8":"product_cat-elementy-czujnikow","9":"product_tag-automatyka","10":"product_tag-czujnik-temperatury","11":"product_tag-krocce","12":"product_tag-krociec","13":"product_shipping_class-torba_papierowa_mala","14":"desktop-align-left","15":"tablet-align-left","16":"mobile-align-left","17":"ast-product-gallery-layout-horizontal","18":"ast-product-gallery-with-no-image","19":"ast-magnify-disabled","20":"ast-product-tabs-layout-horizontal","22":"first","23":"outofstock","24":"taxable","25":"shipping-taxable","26":"purchasable","27":"product-type-simple"},"yoast_head":"<!-- This site is optimized with the Yoast SEO plugin v23.3 - https:\/\/yoast.com\/wordpress\/plugins\/seo\/ -->\n<title>Kr\u00f3\u0107ce pomiarowe do czujnika r\u00f3\u017cnicy ci\u015bnie\u0144 (wDPS.101, wDPS.201) - 2 szt. - Sklep Wayy<\/title>\n<meta name=\"description\" content=\"Wayy.pl \u27a4 Tw\u00f3j sklep z automatyk\u0105 przemys\u0142ow\u0105 \u2714\ufe0f Kr\u00f3\u0107ce pomiarowe do czujnika r\u00f3\u017cnicy ci\u015bnie\u0144 (wDPS.101, wDPS.201) \u2714\ufe0f Pe\u0142ne wsparcie techniczne i 6 lat gwarancji \u2714\ufe0f Zapraszamy!\" \/>\n<meta name=\"robots\" content=\"index, follow, max-snippet:-1, max-image-preview:large, max-video-preview:-1\" \/>\n<link rel=\"canonical\" href=\"https:\/\/wayy.pl\/sklep\/produkt\/krocce-pomiarowe-do-czujnika-roznicy-cisnien-wdps-101-wdps-201\/\" \/>\n<meta property=\"og:locale\" content=\"pl_PL\" \/>\n<meta property=\"og:type\" content=\"article\" \/>\n<meta property=\"og:title\" content=\"Kr\u00f3\u0107ce pomiarowe do czujnika r\u00f3\u017cnicy ci\u015bnie\u0144 (wDPS.101, wDPS.201) - 2 szt. - Sklep Wayy\" \/>\n<meta property=\"og:description\" content=\"Wayy.pl \u27a4 Tw\u00f3j sklep z automatyk\u0105 przemys\u0142ow\u0105 \u2714\ufe0f Kr\u00f3\u0107ce pomiarowe do czujnika r\u00f3\u017cnicy ci\u015bnie\u0144 (wDPS.101, wDPS.201) \u2714\ufe0f Pe\u0142ne wsparcie techniczne i 6 lat gwarancji \u2714\ufe0f Zapraszamy!\" \/>\n<meta property=\"og:url\" content=\"https:\/\/wayy.pl\/sklep\/produkt\/krocce-pomiarowe-do-czujnika-roznicy-cisnien-wdps-101-wdps-201\/\" \/>\n<meta property=\"og:site_name\" content=\"Sklep Wayy\" \/>\n<meta property=\"article:modified_time\" content=\"2026-02-18T08:38:50+00:00\" \/>\n<meta property=\"og:image\" content=\"https:\/\/wayy.pl\/sklep\/wp-content\/uploads\/sites\/17\/2021\/03\/kr\u00f3\u0107ce-do-wDPS.png\" \/>\n\t<meta property=\"og:image:width\" content=\"1000\" \/>\n\t<meta property=\"og:image:height\" content=\"1000\" \/>\n\t<meta property=\"og:image:type\" content=\"image\/png\" \/>\n<meta name=\"twitter:card\" content=\"summary_large_image\" \/>\n<meta name=\"twitter:label1\" content=\"Szacowany czas czytania\" \/>\n\t<meta name=\"twitter:data1\" content=\"1 minuta\" \/>\n<script type=\"application\/ld+json\" class=\"yoast-schema-graph\">{\"@context\":\"https:\/\/schema.org\",\"@graph\":[{\"@type\":\"WebPage\",\"@id\":\"https:\/\/wayy.pl\/sklep\/produkt\/krocce-pomiarowe-do-czujnika-roznicy-cisnien-wdps-101-wdps-201\/\",\"url\":\"https:\/\/wayy.pl\/sklep\/produkt\/krocce-pomiarowe-do-czujnika-roznicy-cisnien-wdps-101-wdps-201\/\",\"name\":\"Kr\u00f3\u0107ce pomiarowe do czujnika r\u00f3\u017cnicy ci\u015bnie\u0144 (wDPS.101, wDPS.201) - 2 szt. - Sklep Wayy\",\"isPartOf\":{\"@id\":\"https:\/\/wayy.pl\/sklep\/#website\"},\"primaryImageOfPage\":{\"@id\":\"https:\/\/wayy.pl\/sklep\/produkt\/krocce-pomiarowe-do-czujnika-roznicy-cisnien-wdps-101-wdps-201\/#primaryimage\"},\"image\":{\"@id\":\"https:\/\/wayy.pl\/sklep\/produkt\/krocce-pomiarowe-do-czujnika-roznicy-cisnien-wdps-101-wdps-201\/#primaryimage\"},\"thumbnailUrl\":\"https:\/\/wayy.pl\/sklep\/wp-content\/uploads\/sites\/17\/2021\/03\/kr\u00f3\u0107ce-do-wDPS.png\",\"datePublished\":\"2021-03-21T14:02:52+00:00\",\"dateModified\":\"2026-02-18T08:38:50+00:00\",\"description\":\"Wayy.pl \u27a4 Tw\u00f3j sklep z automatyk\u0105 przemys\u0142ow\u0105 \u2714\ufe0f Kr\u00f3\u0107ce pomiarowe do czujnika r\u00f3\u017cnicy ci\u015bnie\u0144 (wDPS.101, wDPS.201) \u2714\ufe0f Pe\u0142ne wsparcie techniczne i 6 lat gwarancji \u2714\ufe0f Zapraszamy!\",\"breadcrumb\":{\"@id\":\"https:\/\/wayy.pl\/sklep\/produkt\/krocce-pomiarowe-do-czujnika-roznicy-cisnien-wdps-101-wdps-201\/#breadcrumb\"},\"inLanguage\":\"pl-PL\",\"potentialAction\":[{\"@type\":\"ReadAction\",\"target\":[\"https:\/\/wayy.pl\/sklep\/produkt\/krocce-pomiarowe-do-czujnika-roznicy-cisnien-wdps-101-wdps-201\/\"]}]},{\"@type\":\"ImageObject\",\"inLanguage\":\"pl-PL\",\"@id\":\"https:\/\/wayy.pl\/sklep\/produkt\/krocce-pomiarowe-do-czujnika-roznicy-cisnien-wdps-101-wdps-201\/#primaryimage\",\"url\":\"https:\/\/wayy.pl\/sklep\/wp-content\/uploads\/sites\/17\/2021\/03\/kr\u00f3\u0107ce-do-wDPS.png\",\"contentUrl\":\"https:\/\/wayy.pl\/sklep\/wp-content\/uploads\/sites\/17\/2021\/03\/kr\u00f3\u0107ce-do-wDPS.png\",\"width\":1000,\"height\":1000},{\"@type\":\"BreadcrumbList\",\"@id\":\"https:\/\/wayy.pl\/sklep\/produkt\/krocce-pomiarowe-do-czujnika-roznicy-cisnien-wdps-101-wdps-201\/#breadcrumb\",\"itemListElement\":[{\"@type\":\"ListItem\",\"position\":1,\"name\":\"Automatyka przemys\u0142owa\",\"item\":\"https:\/\/wayy.pl\/sklep\/\"},{\"@type\":\"ListItem\",\"position\":2,\"name\":\"Produkty\",\"item\":\"https:\/\/wayy.pl\/sklep\/shop\/\"},{\"@type\":\"ListItem\",\"position\":3,\"name\":\"Akcesoria\",\"item\":\"https:\/\/wayy.pl\/sklep\/kategoria-produktu\/akcesoria\/\"},{\"@type\":\"ListItem\",\"position\":4,\"name\":\"Kr\u00f3\u0107ce pomiarowe do czujnika r\u00f3\u017cnicy ci\u015bnie\u0144 (wDPS.101, wDPS.201) &#8211; 2 szt.\"}]},{\"@type\":\"WebSite\",\"@id\":\"https:\/\/wayy.pl\/sklep\/#website\",\"url\":\"https:\/\/wayy.pl\/sklep\/\",\"name\":\"Sklep Wayy\",\"description\":\"Automatyka przemys\u0142owa. 6 lat gwarancji.\",\"publisher\":{\"@id\":\"https:\/\/wayy.pl\/sklep\/#organization\"},\"potentialAction\":[{\"@type\":\"SearchAction\",\"target\":{\"@type\":\"EntryPoint\",\"urlTemplate\":\"https:\/\/wayy.pl\/sklep\/?s={search_term_string}\"},\"query-input\":\"required name=search_term_string\"}],\"inLanguage\":\"pl-PL\"},{\"@type\":\"Organization\",\"@id\":\"https:\/\/wayy.pl\/sklep\/#organization\",\"name\":\"Wayy - automatyka przemys\u0142owa\",\"url\":\"https:\/\/wayy.pl\/sklep\/\",\"logo\":{\"@type\":\"ImageObject\",\"inLanguage\":\"pl-PL\",\"@id\":\"https:\/\/wayy.pl\/sklep\/#\/schema\/logo\/image\/\",\"url\":\"https:\/\/wayy.pl\/sklep\/wp-content\/uploads\/sites\/17\/2021\/03\/wayy.png\",\"contentUrl\":\"https:\/\/wayy.pl\/sklep\/wp-content\/uploads\/sites\/17\/2021\/03\/wayy.png\",\"width\":1001,\"height\":352,\"caption\":\"Wayy - automatyka przemys\u0142owa\"},\"image\":{\"@id\":\"https:\/\/wayy.pl\/sklep\/#\/schema\/logo\/image\/\"},\"sameAs\":[\"https:\/\/www.linkedin.com\/company\/klimat-solec\",\"https:\/\/www.youtube.com\/user\/KlimatSolec\"]}]}<\/script>\n<!-- \/ Yoast SEO plugin. -->","yoast_head_json":{"title":"Kr\u00f3\u0107ce pomiarowe do czujnika r\u00f3\u017cnicy ci\u015bnie\u0144 (wDPS.101, wDPS.201) - 2 szt. - Sklep Wayy","description":"Wayy.pl \u27a4 Tw\u00f3j sklep z automatyk\u0105 przemys\u0142ow\u0105 \u2714\ufe0f Kr\u00f3\u0107ce pomiarowe do czujnika r\u00f3\u017cnicy ci\u015bnie\u0144 (wDPS.101, wDPS.201) \u2714\ufe0f Pe\u0142ne wsparcie techniczne i 6 lat gwarancji \u2714\ufe0f Zapraszamy!","robots":{"index":"index","follow":"follow","max-snippet":"max-snippet:-1","max-image-preview":"max-image-preview:large","max-video-preview":"max-video-preview:-1"},"canonical":"https:\/\/wayy.pl\/sklep\/produkt\/krocce-pomiarowe-do-czujnika-roznicy-cisnien-wdps-101-wdps-201\/","og_locale":"pl_PL","og_type":"article","og_title":"Kr\u00f3\u0107ce pomiarowe do czujnika r\u00f3\u017cnicy ci\u015bnie\u0144 (wDPS.101, wDPS.201) - 2 szt. - Sklep Wayy","og_description":"Wayy.pl \u27a4 Tw\u00f3j sklep z automatyk\u0105 przemys\u0142ow\u0105 \u2714\ufe0f Kr\u00f3\u0107ce pomiarowe do czujnika r\u00f3\u017cnicy ci\u015bnie\u0144 (wDPS.101, wDPS.201) \u2714\ufe0f Pe\u0142ne wsparcie techniczne i 6 lat gwarancji \u2714\ufe0f Zapraszamy!","og_url":"https:\/\/wayy.pl\/sklep\/produkt\/krocce-pomiarowe-do-czujnika-roznicy-cisnien-wdps-101-wdps-201\/","og_site_name":"Sklep Wayy","article_modified_time":"2026-02-18T08:38:50+00:00","og_image":[{"width":1000,"height":1000,"url":"https:\/\/wayy.pl\/sklep\/wp-content\/uploads\/sites\/17\/2021\/03\/kr\u00f3\u0107ce-do-wDPS.png","type":"image\/png"}],"twitter_card":"summary_large_image","twitter_misc":{"Szacowany czas czytania":"1 minuta"},"schema":{"@context":"https:\/\/schema.org","@graph":[{"@type":"WebPage","@id":"https:\/\/wayy.pl\/sklep\/produkt\/krocce-pomiarowe-do-czujnika-roznicy-cisnien-wdps-101-wdps-201\/","url":"https:\/\/wayy.pl\/sklep\/produkt\/krocce-pomiarowe-do-czujnika-roznicy-cisnien-wdps-101-wdps-201\/","name":"Kr\u00f3\u0107ce pomiarowe do czujnika r\u00f3\u017cnicy ci\u015bnie\u0144 (wDPS.101, wDPS.201) - 2 szt. - Sklep Wayy","isPartOf":{"@id":"https:\/\/wayy.pl\/sklep\/#website"},"primaryImageOfPage":{"@id":"https:\/\/wayy.pl\/sklep\/produkt\/krocce-pomiarowe-do-czujnika-roznicy-cisnien-wdps-101-wdps-201\/#primaryimage"},"image":{"@id":"https:\/\/wayy.pl\/sklep\/produkt\/krocce-pomiarowe-do-czujnika-roznicy-cisnien-wdps-101-wdps-201\/#primaryimage"},"thumbnailUrl":"https:\/\/wayy.pl\/sklep\/wp-content\/uploads\/sites\/17\/2021\/03\/kr\u00f3\u0107ce-do-wDPS.png","datePublished":"2021-03-21T14:02:52+00:00","dateModified":"2026-02-18T08:38:50+00:00","description":"Wayy.pl \u27a4 Tw\u00f3j sklep z automatyk\u0105 przemys\u0142ow\u0105 \u2714\ufe0f Kr\u00f3\u0107ce pomiarowe do czujnika r\u00f3\u017cnicy ci\u015bnie\u0144 (wDPS.101, wDPS.201) \u2714\ufe0f Pe\u0142ne wsparcie techniczne i 6 lat gwarancji \u2714\ufe0f Zapraszamy!","breadcrumb":{"@id":"https:\/\/wayy.pl\/sklep\/produkt\/krocce-pomiarowe-do-czujnika-roznicy-cisnien-wdps-101-wdps-201\/#breadcrumb"},"inLanguage":"pl-PL","potentialAction":[{"@type":"ReadAction","target":["https:\/\/wayy.pl\/sklep\/produkt\/krocce-pomiarowe-do-czujnika-roznicy-cisnien-wdps-101-wdps-201\/"]}]},{"@type":"ImageObject","inLanguage":"pl-PL","@id":"https:\/\/wayy.pl\/sklep\/produkt\/krocce-pomiarowe-do-czujnika-roznicy-cisnien-wdps-101-wdps-201\/#primaryimage","url":"https:\/\/wayy.pl\/sklep\/wp-content\/uploads\/sites\/17\/2021\/03\/kr\u00f3\u0107ce-do-wDPS.png","contentUrl":"https:\/\/wayy.pl\/sklep\/wp-content\/uploads\/sites\/17\/2021\/03\/kr\u00f3\u0107ce-do-wDPS.png","width":1000,"height":1000},{"@type":"BreadcrumbList","@id":"https:\/\/wayy.pl\/sklep\/produkt\/krocce-pomiarowe-do-czujnika-roznicy-cisnien-wdps-101-wdps-201\/#breadcrumb","itemListElement":[{"@type":"ListItem","position":1,"name":"Automatyka przemys\u0142owa","item":"https:\/\/wayy.pl\/sklep\/"},{"@type":"ListItem","position":2,"name":"Produkty","item":"https:\/\/wayy.pl\/sklep\/shop\/"},{"@type":"ListItem","position":3,"name":"Akcesoria","item":"https:\/\/wayy.pl\/sklep\/kategoria-produktu\/akcesoria\/"},{"@type":"ListItem","position":4,"name":"Kr\u00f3\u0107ce pomiarowe do czujnika r\u00f3\u017cnicy ci\u015bnie\u0144 (wDPS.101, wDPS.201) &#8211; 2 szt."}]},{"@type":"WebSite","@id":"https:\/\/wayy.pl\/sklep\/#website","url":"https:\/\/wayy.pl\/sklep\/","name":"Sklep Wayy","description":"Automatyka przemys\u0142owa. 6 lat gwarancji.","publisher":{"@id":"https:\/\/wayy.pl\/sklep\/#organization"},"potentialAction":[{"@type":"SearchAction","target":{"@type":"EntryPoint","urlTemplate":"https:\/\/wayy.pl\/sklep\/?s={search_term_string}"},"query-input":"required name=search_term_string"}],"inLanguage":"pl-PL"},{"@type":"Organization","@id":"https:\/\/wayy.pl\/sklep\/#organization","name":"Wayy - automatyka przemys\u0142owa","url":"https:\/\/wayy.pl\/sklep\/","logo":{"@type":"ImageObject","inLanguage":"pl-PL","@id":"https:\/\/wayy.pl\/sklep\/#\/schema\/logo\/image\/","url":"https:\/\/wayy.pl\/sklep\/wp-content\/uploads\/sites\/17\/2021\/03\/wayy.png","contentUrl":"https:\/\/wayy.pl\/sklep\/wp-content\/uploads\/sites\/17\/2021\/03\/wayy.png","width":1001,"height":352,"caption":"Wayy - automatyka przemys\u0142owa"},"image":{"@id":"https:\/\/wayy.pl\/sklep\/#\/schema\/logo\/image\/"},"sameAs":["https:\/\/www.linkedin.com\/company\/klimat-solec","https:\/\/www.youtube.com\/user\/KlimatSolec"]}]}},"tiered_pricing_type":"fixed","tiered_pricing_fixed_rules":[],"tiered_pricing_product_settings":{"layout":"default","base_unit_name":{"singular":null,"plural":null},"default_variation":null},"tiered_pricing_minimum_quantity":1,"tiered_pricing_roles_data":[],"tiered_pricing_percentage_rules":[],"_links":{"self":[{"href":"https:\/\/wayy.pl\/sklep\/wp-json\/wp\/v2\/product\/5590"}],"collection":[{"href":"https:\/\/wayy.pl\/sklep\/wp-json\/wp\/v2\/product"}],"about":[{"href":"https:\/\/wayy.pl\/sklep\/wp-json\/wp\/v2\/types\/product"}],"wp:featuredmedia":[{"embeddable":true,"href":"https:\/\/wayy.pl\/sklep\/wp-json\/wp\/v2\/media\/5591"}],"wp:attachment":[{"href":"https:\/\/wayy.pl\/sklep\/wp-json\/wp\/v2\/media?parent=5590"}],"wp:term":[{"taxonomy":"product_cat","embeddable":true,"href":"https:\/\/wayy.pl\/sklep\/wp-json\/wp\/v2\/product_cat?post=5590"},{"taxonomy":"product_tag","embeddable":true,"href":"https:\/\/wayy.pl\/sklep\/wp-json\/wp\/v2\/product_tag?post=5590"},{"taxonomy":"woo-feed-brand","embeddable":true,"href":"https:\/\/wayy.pl\/sklep\/wp-json\/wp\/v2\/woo-feed-brand?post=5590"}],"curies":[{"name":"wp","href":"https:\/\/api.w.org\/{rel}","templated":true}]}}