{"id":5592,"date":"2021-03-21T15:10:40","date_gmt":"2021-03-21T14:10:40","guid":{"rendered":"http:\/\/wayy.pl\/sklep\/?post_type=product&#038;p=5592"},"modified":"2025-01-30T13:37:55","modified_gmt":"2025-01-30T12:37:55","slug":"waz-silikonowy-do-czujnika-roznicy-cisnien","status":"publish","type":"product","link":"https:\/\/wayy.pl\/sklep\/produkt\/waz-silikonowy-do-czujnika-roznicy-cisnien\/","title":{"rendered":"W\u0105\u017c silikonowy do czujnika r\u00f3\u017cnicy ci\u015bnie\u0144 wDPS.101, wDPS.102, wDPS.201, wDPS.202 &#8211; 1m"},"content":{"rendered":"<ul>\n<li>Materia\u0142: silikon<\/li>\n<li>\u015arednica zewn\u0119trzna: 6mm<\/li>\n<li>\u015arednica wewn\u0119trzna: 4mm<\/li>\n<li>Zastosowanie: czujniki r\u00f3\u017cnicy ci\u015bnie\u0144 <a href=\"https:\/\/wayy.pl\/sklep\/produkt\/czujnik-roznicy-cisnien-w-dps-101\/\">wDPS.101<\/a>, <a href=\"https:\/\/wayy.pl\/sklep\/produkt\/czujnik-roznicy-cisnien-wdps-102-zlacze-srubowe\/\">wDPS.102<\/a>, <a href=\"https:\/\/wayy.pl\/sklep\/produkt\/podwojny-czujnik-roznicy-cisnien-w-dps-201\/\">wDPS.201<\/a> oraz <a href=\"https:\/\/wayy.pl\/sklep\/produkt\/podwojny-czujnik-roznicy-cisnien-wdps-202-zlacze-srubowe\/\">wDPS.202<\/a><\/li>\n<\/ul>\n<p>Podana cena dotyczy 1 mb.<\/p>\n","protected":false},"excerpt":{"rendered":"<ul>\n<li>Materia\u0142: silikon<\/li>\n<li>\u015arednica zewn\u0119trzna: 6mm<\/li>\n<li>\u015arednica wewn\u0119trzna: 4mm<\/li>\n<li>Zastosowanie: czujniki r\u00f3\u017cnicy ci\u015bnie\u0144 <a href=\"https:\/\/wayy.pl\/sklep\/produkt\/czujnik-roznicy-cisnien-w-dps-101\/\">wDPS.101<\/a>, <a href=\"https:\/\/wayy.pl\/sklep\/produkt\/czujnik-roznicy-cisnien-wdps-102-zlacze-srubowe\/\">wDPS.102<\/a>, <a href=\"https:\/\/wayy.pl\/sklep\/produkt\/podwojny-czujnik-roznicy-cisnien-w-dps-201\/\">wDPS.201<\/a> oraz <a href=\"https:\/\/wayy.pl\/sklep\/produkt\/podwojny-czujnik-roznicy-cisnien-wdps-202-zlacze-srubowe\/\">wDPS.202<\/a><\/li>\n<li style=\"list-style-type: none\"><\/li>\n<\/ul>\n<p><img decoding=\"async\" class=\"alignnone size-full wp-image-5794\" src=\"https:\/\/wayy.pl\/sklep\/wp-content\/uploads\/sites\/17\/2021\/03\/Ikony_ikony-kopia.svg\" alt=\"\" \/><\/p>\n","protected":false},"featured_media":5593,"template":"","meta":{"site-sidebar-layout":"default","site-content-layout":"default","ast-site-content-layout":"default","site-content-style":"default","site-sidebar-style":"default","ast-global-header-display":"","ast-banner-title-visibility":"","ast-main-header-display":"","ast-hfb-above-header-display":"","ast-hfb-below-header-display":"","ast-hfb-mobile-header-display":"","site-post-title":"","ast-breadcrumbs-content":"","ast-featured-img":"","footer-sml-layout":"","theme-transparent-header-meta":"default","adv-header-id-meta":"","stick-header-meta":"default","header-above-stick-meta":"","header-main-stick-meta":"","header-below-stick-meta":"","astra-migrate-meta-layouts":"set","ast-page-background-enabled":"default","ast-page-background-meta":{"desktop":{"background-color":"","background-image":"","background-repeat":"repeat","background-position":"center center","background-size":"auto","background-attachment":"scroll","background-type":"","background-media":"","overlay-type":"","overlay-color":"","overlay-opacity":"","overlay-gradient":""},"tablet":{"background-color":"","background-image":"","background-repeat":"repeat","background-position":"center center","background-size":"auto","background-attachment":"scroll","background-type":"","background-media":"","overlay-type":"","overlay-color":"","overlay-opacity":"","overlay-gradient":""},"mobile":{"background-color":"","background-image":"","background-repeat":"repeat","background-position":"center center","background-size":"auto","background-attachment":"scroll","background-type":"","background-media":"","overlay-type":"","overlay-color":"","overlay-opacity":"","overlay-gradient":""}},"ast-content-background-meta":{"desktop":{"background-color":"var(--ast-global-color-5)","background-image":"","background-repeat":"repeat","background-position":"center center","background-size":"auto","background-attachment":"scroll","background-type":"","background-media":"","overlay-type":"","overlay-color":"","overlay-opacity":"","overlay-gradient":""},"tablet":{"background-color":"var(--ast-global-color-5)","background-image":"","background-repeat":"repeat","background-position":"center center","background-size":"auto","background-attachment":"scroll","background-type":"","background-media":"","overlay-type":"","overlay-color":"","overlay-opacity":"","overlay-gradient":""},"mobile":{"background-color":"var(--ast-global-color-5)","background-image":"","background-repeat":"repeat","background-position":"center center","background-size":"auto","background-attachment":"scroll","background-type":"","background-media":"","overlay-type":"","overlay-color":"","overlay-opacity":"","overlay-gradient":""}}},"product_cat":[42,94,98],"product_tag":[43,58,116,117],"woo-feed-brand":[],"class_list":{"0":"post-5592","1":"product","2":"type-product","3":"status-publish","4":"has-post-thumbnail","6":"product_cat-akcesoria","7":"product_cat-czujniki-roznicy-cisnien","8":"product_cat-elementy-czujnikow","9":"product_tag-automatyka","10":"product_tag-czujnik-temperatury","11":"product_tag-waz-silikonowy","12":"product_tag-wezyk-silikonowy","13":"product_shipping_class-torba_papierowa_mala","14":"desktop-align-left","15":"tablet-align-left","16":"mobile-align-left","17":"ast-product-gallery-layout-horizontal","18":"ast-product-gallery-with-no-image","19":"ast-magnify-disabled","20":"ast-product-tabs-layout-horizontal","22":"first","23":"outofstock","24":"taxable","25":"shipping-taxable","26":"purchasable","27":"product-type-simple"},"yoast_head":"<!-- This site is optimized with the Yoast SEO plugin v23.3 - https:\/\/yoast.com\/wordpress\/plugins\/seo\/ -->\n<title>W\u0105\u017c silikonowy do Czujnika R\u00f3\u017cnicy Ci\u015bnie\u0144 wDPS.101, wDPS.102 - 1m | Najlepsza Cena w Sklep Wayy<\/title>\n<meta name=\"description\" content=\"Wayy.pl \u27a4 Tw\u00f3j sklep z automatyk\u0105 przemys\u0142ow\u0105 \u2714\ufe0f W\u0105\u017c silikonowy do czujnika r\u00f3\u017cnicy ci\u015bnie\u0144 wDPS.101, wDPS.102 \u2714\ufe0f Pe\u0142ne wsparcie techniczne i 6 lat gwarancji \u2714\ufe0f Zapraszamy!\" \/>\n<meta name=\"robots\" content=\"index, follow, max-snippet:-1, max-image-preview:large, max-video-preview:-1\" \/>\n<link rel=\"canonical\" href=\"https:\/\/wayy.pl\/sklep\/produkt\/waz-silikonowy-do-czujnika-roznicy-cisnien\/\" \/>\n<meta property=\"og:locale\" content=\"pl_PL\" \/>\n<meta property=\"og:type\" content=\"article\" \/>\n<meta property=\"og:title\" content=\"W\u0105\u017c silikonowy do Czujnika R\u00f3\u017cnicy Ci\u015bnie\u0144 wDPS.101, wDPS.102 - 1m | Najlepsza Cena w Sklep Wayy\" \/>\n<meta property=\"og:description\" content=\"Wayy.pl \u27a4 Tw\u00f3j sklep z automatyk\u0105 przemys\u0142ow\u0105 \u2714\ufe0f W\u0105\u017c silikonowy do czujnika r\u00f3\u017cnicy ci\u015bnie\u0144 wDPS.101, wDPS.102 \u2714\ufe0f Pe\u0142ne wsparcie techniczne i 6 lat gwarancji \u2714\ufe0f Zapraszamy!\" \/>\n<meta property=\"og:url\" content=\"https:\/\/wayy.pl\/sklep\/produkt\/waz-silikonowy-do-czujnika-roznicy-cisnien\/\" \/>\n<meta property=\"og:site_name\" content=\"Sklep Wayy\" \/>\n<meta property=\"article:modified_time\" content=\"2025-01-30T12:37:55+00:00\" \/>\n<meta property=\"og:image\" content=\"https:\/\/wayy.pl\/sklep\/wp-content\/uploads\/sites\/17\/2021\/03\/w\u0119\u017cyk-do-wDPS.png\" \/>\n\t<meta property=\"og:image:width\" content=\"1002\" \/>\n\t<meta property=\"og:image:height\" content=\"1000\" \/>\n\t<meta property=\"og:image:type\" content=\"image\/png\" \/>\n<meta name=\"twitter:card\" content=\"summary_large_image\" \/>\n<script type=\"application\/ld+json\" class=\"yoast-schema-graph\">{\"@context\":\"https:\/\/schema.org\",\"@graph\":[{\"@type\":\"WebPage\",\"@id\":\"https:\/\/wayy.pl\/sklep\/produkt\/waz-silikonowy-do-czujnika-roznicy-cisnien\/\",\"url\":\"https:\/\/wayy.pl\/sklep\/produkt\/waz-silikonowy-do-czujnika-roznicy-cisnien\/\",\"name\":\"W\u0105\u017c silikonowy do Czujnika R\u00f3\u017cnicy Ci\u015bnie\u0144 wDPS.101, wDPS.102 - 1m | Najlepsza Cena w Sklep Wayy\",\"isPartOf\":{\"@id\":\"https:\/\/wayy.pl\/sklep\/#website\"},\"primaryImageOfPage\":{\"@id\":\"https:\/\/wayy.pl\/sklep\/produkt\/waz-silikonowy-do-czujnika-roznicy-cisnien\/#primaryimage\"},\"image\":{\"@id\":\"https:\/\/wayy.pl\/sklep\/produkt\/waz-silikonowy-do-czujnika-roznicy-cisnien\/#primaryimage\"},\"thumbnailUrl\":\"https:\/\/wayy.pl\/sklep\/wp-content\/uploads\/sites\/17\/2021\/03\/w\u0119\u017cyk-do-wDPS.png\",\"datePublished\":\"2021-03-21T14:10:40+00:00\",\"dateModified\":\"2025-01-30T12:37:55+00:00\",\"description\":\"Wayy.pl \u27a4 Tw\u00f3j sklep z automatyk\u0105 przemys\u0142ow\u0105 \u2714\ufe0f W\u0105\u017c silikonowy do czujnika r\u00f3\u017cnicy ci\u015bnie\u0144 wDPS.101, wDPS.102 \u2714\ufe0f Pe\u0142ne wsparcie techniczne i 6 lat gwarancji \u2714\ufe0f Zapraszamy!\",\"breadcrumb\":{\"@id\":\"https:\/\/wayy.pl\/sklep\/produkt\/waz-silikonowy-do-czujnika-roznicy-cisnien\/#breadcrumb\"},\"inLanguage\":\"pl-PL\",\"potentialAction\":[{\"@type\":\"ReadAction\",\"target\":[\"https:\/\/wayy.pl\/sklep\/produkt\/waz-silikonowy-do-czujnika-roznicy-cisnien\/\"]}]},{\"@type\":\"ImageObject\",\"inLanguage\":\"pl-PL\",\"@id\":\"https:\/\/wayy.pl\/sklep\/produkt\/waz-silikonowy-do-czujnika-roznicy-cisnien\/#primaryimage\",\"url\":\"https:\/\/wayy.pl\/sklep\/wp-content\/uploads\/sites\/17\/2021\/03\/w\u0119\u017cyk-do-wDPS.png\",\"contentUrl\":\"https:\/\/wayy.pl\/sklep\/wp-content\/uploads\/sites\/17\/2021\/03\/w\u0119\u017cyk-do-wDPS.png\",\"width\":1002,\"height\":1000},{\"@type\":\"BreadcrumbList\",\"@id\":\"https:\/\/wayy.pl\/sklep\/produkt\/waz-silikonowy-do-czujnika-roznicy-cisnien\/#breadcrumb\",\"itemListElement\":[{\"@type\":\"ListItem\",\"position\":1,\"name\":\"Automatyka przemys\u0142owa\",\"item\":\"https:\/\/wayy.pl\/sklep\/\"},{\"@type\":\"ListItem\",\"position\":2,\"name\":\"Produkty\",\"item\":\"https:\/\/wayy.pl\/sklep\/shop\/\"},{\"@type\":\"ListItem\",\"position\":3,\"name\":\"Akcesoria\",\"item\":\"https:\/\/wayy.pl\/sklep\/kategoria-produktu\/akcesoria\/\"},{\"@type\":\"ListItem\",\"position\":4,\"name\":\"W\u0105\u017c silikonowy do czujnika r\u00f3\u017cnicy ci\u015bnie\u0144 wDPS.101, wDPS.102, wDPS.201, wDPS.202 &#8211; 1m\"}]},{\"@type\":\"WebSite\",\"@id\":\"https:\/\/wayy.pl\/sklep\/#website\",\"url\":\"https:\/\/wayy.pl\/sklep\/\",\"name\":\"Sklep Wayy\",\"description\":\"Automatyka przemys\u0142owa. 6 lat gwarancji.\",\"publisher\":{\"@id\":\"https:\/\/wayy.pl\/sklep\/#organization\"},\"potentialAction\":[{\"@type\":\"SearchAction\",\"target\":{\"@type\":\"EntryPoint\",\"urlTemplate\":\"https:\/\/wayy.pl\/sklep\/?s={search_term_string}\"},\"query-input\":\"required name=search_term_string\"}],\"inLanguage\":\"pl-PL\"},{\"@type\":\"Organization\",\"@id\":\"https:\/\/wayy.pl\/sklep\/#organization\",\"name\":\"Wayy - automatyka przemys\u0142owa\",\"url\":\"https:\/\/wayy.pl\/sklep\/\",\"logo\":{\"@type\":\"ImageObject\",\"inLanguage\":\"pl-PL\",\"@id\":\"https:\/\/wayy.pl\/sklep\/#\/schema\/logo\/image\/\",\"url\":\"https:\/\/wayy.pl\/sklep\/wp-content\/uploads\/sites\/17\/2021\/03\/wayy.png\",\"contentUrl\":\"https:\/\/wayy.pl\/sklep\/wp-content\/uploads\/sites\/17\/2021\/03\/wayy.png\",\"width\":1001,\"height\":352,\"caption\":\"Wayy - automatyka przemys\u0142owa\"},\"image\":{\"@id\":\"https:\/\/wayy.pl\/sklep\/#\/schema\/logo\/image\/\"},\"sameAs\":[\"https:\/\/www.linkedin.com\/company\/klimat-solec\",\"https:\/\/www.youtube.com\/user\/KlimatSolec\"]}]}<\/script>\n<!-- \/ Yoast SEO plugin. -->","yoast_head_json":{"title":"W\u0105\u017c silikonowy do Czujnika R\u00f3\u017cnicy Ci\u015bnie\u0144 wDPS.101, wDPS.102 - 1m | Najlepsza Cena w Sklep Wayy","description":"Wayy.pl \u27a4 Tw\u00f3j sklep z automatyk\u0105 przemys\u0142ow\u0105 \u2714\ufe0f W\u0105\u017c silikonowy do czujnika r\u00f3\u017cnicy ci\u015bnie\u0144 wDPS.101, wDPS.102 \u2714\ufe0f Pe\u0142ne wsparcie techniczne i 6 lat gwarancji \u2714\ufe0f Zapraszamy!","robots":{"index":"index","follow":"follow","max-snippet":"max-snippet:-1","max-image-preview":"max-image-preview:large","max-video-preview":"max-video-preview:-1"},"canonical":"https:\/\/wayy.pl\/sklep\/produkt\/waz-silikonowy-do-czujnika-roznicy-cisnien\/","og_locale":"pl_PL","og_type":"article","og_title":"W\u0105\u017c silikonowy do Czujnika R\u00f3\u017cnicy Ci\u015bnie\u0144 wDPS.101, wDPS.102 - 1m | Najlepsza Cena w Sklep Wayy","og_description":"Wayy.pl \u27a4 Tw\u00f3j sklep z automatyk\u0105 przemys\u0142ow\u0105 \u2714\ufe0f W\u0105\u017c silikonowy do czujnika r\u00f3\u017cnicy ci\u015bnie\u0144 wDPS.101, wDPS.102 \u2714\ufe0f Pe\u0142ne wsparcie techniczne i 6 lat gwarancji \u2714\ufe0f Zapraszamy!","og_url":"https:\/\/wayy.pl\/sklep\/produkt\/waz-silikonowy-do-czujnika-roznicy-cisnien\/","og_site_name":"Sklep Wayy","article_modified_time":"2025-01-30T12:37:55+00:00","og_image":[{"width":1002,"height":1000,"url":"https:\/\/wayy.pl\/sklep\/wp-content\/uploads\/sites\/17\/2021\/03\/w\u0119\u017cyk-do-wDPS.png","type":"image\/png"}],"twitter_card":"summary_large_image","schema":{"@context":"https:\/\/schema.org","@graph":[{"@type":"WebPage","@id":"https:\/\/wayy.pl\/sklep\/produkt\/waz-silikonowy-do-czujnika-roznicy-cisnien\/","url":"https:\/\/wayy.pl\/sklep\/produkt\/waz-silikonowy-do-czujnika-roznicy-cisnien\/","name":"W\u0105\u017c silikonowy do Czujnika R\u00f3\u017cnicy Ci\u015bnie\u0144 wDPS.101, wDPS.102 - 1m | Najlepsza Cena w Sklep Wayy","isPartOf":{"@id":"https:\/\/wayy.pl\/sklep\/#website"},"primaryImageOfPage":{"@id":"https:\/\/wayy.pl\/sklep\/produkt\/waz-silikonowy-do-czujnika-roznicy-cisnien\/#primaryimage"},"image":{"@id":"https:\/\/wayy.pl\/sklep\/produkt\/waz-silikonowy-do-czujnika-roznicy-cisnien\/#primaryimage"},"thumbnailUrl":"https:\/\/wayy.pl\/sklep\/wp-content\/uploads\/sites\/17\/2021\/03\/w\u0119\u017cyk-do-wDPS.png","datePublished":"2021-03-21T14:10:40+00:00","dateModified":"2025-01-30T12:37:55+00:00","description":"Wayy.pl \u27a4 Tw\u00f3j sklep z automatyk\u0105 przemys\u0142ow\u0105 \u2714\ufe0f W\u0105\u017c silikonowy do czujnika r\u00f3\u017cnicy ci\u015bnie\u0144 wDPS.101, wDPS.102 \u2714\ufe0f Pe\u0142ne wsparcie techniczne i 6 lat gwarancji \u2714\ufe0f Zapraszamy!","breadcrumb":{"@id":"https:\/\/wayy.pl\/sklep\/produkt\/waz-silikonowy-do-czujnika-roznicy-cisnien\/#breadcrumb"},"inLanguage":"pl-PL","potentialAction":[{"@type":"ReadAction","target":["https:\/\/wayy.pl\/sklep\/produkt\/waz-silikonowy-do-czujnika-roznicy-cisnien\/"]}]},{"@type":"ImageObject","inLanguage":"pl-PL","@id":"https:\/\/wayy.pl\/sklep\/produkt\/waz-silikonowy-do-czujnika-roznicy-cisnien\/#primaryimage","url":"https:\/\/wayy.pl\/sklep\/wp-content\/uploads\/sites\/17\/2021\/03\/w\u0119\u017cyk-do-wDPS.png","contentUrl":"https:\/\/wayy.pl\/sklep\/wp-content\/uploads\/sites\/17\/2021\/03\/w\u0119\u017cyk-do-wDPS.png","width":1002,"height":1000},{"@type":"BreadcrumbList","@id":"https:\/\/wayy.pl\/sklep\/produkt\/waz-silikonowy-do-czujnika-roznicy-cisnien\/#breadcrumb","itemListElement":[{"@type":"ListItem","position":1,"name":"Automatyka przemys\u0142owa","item":"https:\/\/wayy.pl\/sklep\/"},{"@type":"ListItem","position":2,"name":"Produkty","item":"https:\/\/wayy.pl\/sklep\/shop\/"},{"@type":"ListItem","position":3,"name":"Akcesoria","item":"https:\/\/wayy.pl\/sklep\/kategoria-produktu\/akcesoria\/"},{"@type":"ListItem","position":4,"name":"W\u0105\u017c silikonowy do czujnika r\u00f3\u017cnicy ci\u015bnie\u0144 wDPS.101, wDPS.102, wDPS.201, wDPS.202 &#8211; 1m"}]},{"@type":"WebSite","@id":"https:\/\/wayy.pl\/sklep\/#website","url":"https:\/\/wayy.pl\/sklep\/","name":"Sklep Wayy","description":"Automatyka przemys\u0142owa. 6 lat gwarancji.","publisher":{"@id":"https:\/\/wayy.pl\/sklep\/#organization"},"potentialAction":[{"@type":"SearchAction","target":{"@type":"EntryPoint","urlTemplate":"https:\/\/wayy.pl\/sklep\/?s={search_term_string}"},"query-input":"required name=search_term_string"}],"inLanguage":"pl-PL"},{"@type":"Organization","@id":"https:\/\/wayy.pl\/sklep\/#organization","name":"Wayy - automatyka przemys\u0142owa","url":"https:\/\/wayy.pl\/sklep\/","logo":{"@type":"ImageObject","inLanguage":"pl-PL","@id":"https:\/\/wayy.pl\/sklep\/#\/schema\/logo\/image\/","url":"https:\/\/wayy.pl\/sklep\/wp-content\/uploads\/sites\/17\/2021\/03\/wayy.png","contentUrl":"https:\/\/wayy.pl\/sklep\/wp-content\/uploads\/sites\/17\/2021\/03\/wayy.png","width":1001,"height":352,"caption":"Wayy - automatyka przemys\u0142owa"},"image":{"@id":"https:\/\/wayy.pl\/sklep\/#\/schema\/logo\/image\/"},"sameAs":["https:\/\/www.linkedin.com\/company\/klimat-solec","https:\/\/www.youtube.com\/user\/KlimatSolec"]}]}},"tiered_pricing_type":"fixed","tiered_pricing_fixed_rules":[],"tiered_pricing_product_settings":{"layout":"default","base_unit_name":{"singular":null,"plural":null},"default_variation":null},"tiered_pricing_minimum_quantity":1,"tiered_pricing_roles_data":[],"tiered_pricing_percentage_rules":[],"_links":{"self":[{"href":"https:\/\/wayy.pl\/sklep\/wp-json\/wp\/v2\/product\/5592"}],"collection":[{"href":"https:\/\/wayy.pl\/sklep\/wp-json\/wp\/v2\/product"}],"about":[{"href":"https:\/\/wayy.pl\/sklep\/wp-json\/wp\/v2\/types\/product"}],"wp:featuredmedia":[{"embeddable":true,"href":"https:\/\/wayy.pl\/sklep\/wp-json\/wp\/v2\/media\/5593"}],"wp:attachment":[{"href":"https:\/\/wayy.pl\/sklep\/wp-json\/wp\/v2\/media?parent=5592"}],"wp:term":[{"taxonomy":"product_cat","embeddable":true,"href":"https:\/\/wayy.pl\/sklep\/wp-json\/wp\/v2\/product_cat?post=5592"},{"taxonomy":"product_tag","embeddable":true,"href":"https:\/\/wayy.pl\/sklep\/wp-json\/wp\/v2\/product_tag?post=5592"},{"taxonomy":"woo-feed-brand","embeddable":true,"href":"https:\/\/wayy.pl\/sklep\/wp-json\/wp\/v2\/woo-feed-brand?post=5592"}],"curies":[{"name":"wp","href":"https:\/\/api.w.org\/{rel}","templated":true}]}}