{"id":5633,"date":"2021-03-24T15:23:11","date_gmt":"2021-03-24T14:23:11","guid":{"rendered":"http:\/\/wayy.pl\/sklep\/?post_type=product&#038;p=5633"},"modified":"2023-12-18T10:46:12","modified_gmt":"2023-12-18T09:46:12","slug":"przewod-sterowniczy-bitsensor-3g-pvc-frost-4-x-034mm2","status":"publish","type":"product","link":"https:\/\/wayy.pl\/sklep\/produkt\/przewod-sterowniczy-bitsensor-3g-pvc-frost-4-x-034mm2\/","title":{"rendered":"Przew\u00f3d sterowniczy BiTsensor 3G-PVC Frost 4&#215;0,34mm2"},"content":{"rendered":"<p>Przew\u00f3d sterowniczy i sygnalizacyjny do po\u0142\u0105czenia czujnik\u00f3w. Mo\u017cna go stosowa\u0107 wewn\u0105trz i na zewn\u0105trz budynk\u00f3w w niskiej temperaturze, w \u015brodowisku suchym i wilgotnym. Pow\u0142oka zewn\u0119trzna odporna na UV i zewn\u0119trzne warunki atmosferyczne. Kable sklasyfikowane zgodnie z norm\u0105 PN-EN 50575 (CPR).<\/p>\n<p>Przew\u00f3d sterowniczy z \u017cy\u0142ami miedzianymi wielodrutowymi, o izolacji z termoplastycznego elastomeru na bazie EPR (3G), o pow\u0142oce zewn\u0119trznej ze specjalnej mieszanki PVC.<\/p>\n<ul>\n<li>Temperatura pracy (instalacje na sta\u0142e): od -30\u00b0C do 70\u00b0C<\/li>\n<li>Napi\u0119cie pracy: U0\/U = 300\/500 V<\/li>\n<li>Rezystancja izolacji: min. 20 M\u2126 x km<\/li>\n<li>Minimalny promie\u0144 gi\u0119cia (u\u0142o\u017cenie na stale): 7,5 x \u00d8<\/li>\n<li>\u017by\u0142y: miedziane wielodrutowe klasy 5, wg normy PN-EN 60228<\/li>\n<li>Izolacja: termoplastyczny elastomer na bazie EPR<\/li>\n<li>Oznaczenie \u017cy\u0142: bia\u0142a i br\u0105zowa<\/li>\n<li>O\u015brodek przewodu: \u017cy\u0142y skr\u0119cone r\u00f3wnolegle<\/li>\n<li>Pow\u0142oka: specjalna mieszanka PVC<\/li>\n<li>Kolor pow\u0142oki: czarny<\/li>\n<\/ul>\n","protected":false},"excerpt":{"rendered":"<ul>\n<li>Temperatura pracy (instalacje na sta\u0142e): od -30\u00b0C do 70\u00b0C<\/li>\n<li>Napi\u0119cie pracy: U0\/U = 300\/500 V<\/li>\n<li>Rezystancja izolacji: min. 20 M\u2126 x km<\/li>\n<li>Minimalny promie\u0144 gi\u0119cia (u\u0142o\u017cenie na stale): 7,5 x \u00d8<\/li>\n<li>\u017by\u0142y: miedziane wielodrutowe klasy 5, wg normy PN-EN 60228<\/li>\n<\/ul>\n","protected":false},"featured_media":5564,"template":"","meta":{"site-sidebar-layout":"default","site-content-layout":"default","ast-site-content-layout":"","site-content-style":"default","site-sidebar-style":"default","ast-global-header-display":"","ast-banner-title-visibility":"","ast-main-header-display":"","ast-hfb-above-header-display":"","ast-hfb-below-header-display":"","ast-hfb-mobile-header-display":"","site-post-title":"","ast-breadcrumbs-content":"","ast-featured-img":"","footer-sml-layout":"","theme-transparent-header-meta":"default","adv-header-id-meta":"","stick-header-meta":"default","header-above-stick-meta":"","header-main-stick-meta":"","header-below-stick-meta":"","astra-migrate-meta-layouts":"default","ast-page-background-enabled":"default","ast-page-background-meta":{"desktop":{"background-color":"","background-image":"","background-repeat":"repeat","background-position":"center center","background-size":"auto","background-attachment":"scroll","background-type":"","background-media":"","overlay-type":"","overlay-color":"","overlay-opacity":"","overlay-gradient":""},"tablet":{"background-color":"","background-image":"","background-repeat":"repeat","background-position":"center center","background-size":"auto","background-attachment":"scroll","background-type":"","background-media":"","overlay-type":"","overlay-color":"","overlay-opacity":"","overlay-gradient":""},"mobile":{"background-color":"","background-image":"","background-repeat":"repeat","background-position":"center center","background-size":"auto","background-attachment":"scroll","background-type":"","background-media":"","overlay-type":"","overlay-color":"","overlay-opacity":"","overlay-gradient":""}},"ast-content-background-meta":{"desktop":{"background-color":"var(--ast-global-color-5)","background-image":"","background-repeat":"repeat","background-position":"center center","background-size":"auto","background-attachment":"scroll","background-type":"","background-media":"","overlay-type":"","overlay-color":"","overlay-opacity":"","overlay-gradient":""},"tablet":{"background-color":"var(--ast-global-color-5)","background-image":"","background-repeat":"repeat","background-position":"center center","background-size":"auto","background-attachment":"scroll","background-type":"","background-media":"","overlay-type":"","overlay-color":"","overlay-opacity":"","overlay-gradient":""},"mobile":{"background-color":"var(--ast-global-color-5)","background-image":"","background-repeat":"repeat","background-position":"center center","background-size":"auto","background-attachment":"scroll","background-type":"","background-media":"","overlay-type":"","overlay-color":"","overlay-opacity":"","overlay-gradient":""}}},"product_cat":[42,104],"product_tag":[55,54],"woo-feed-brand":[],"class_list":{"0":"post-5633","1":"product","2":"type-product","3":"status-publish","4":"has-post-thumbnail","6":"product_cat-akcesoria","7":"product_cat-kable-sterownicze","8":"product_tag-bit-sensor","9":"product_tag-przewod-sterowniczy","10":"product_shipping_class-karton","11":"desktop-align-left","12":"tablet-align-left","13":"mobile-align-left","14":"ast-product-gallery-layout-horizontal","15":"ast-product-gallery-with-no-image","16":"ast-magnify-disabled","17":"ast-product-single-variable","18":"ast-product-tabs-layout-horizontal","20":"first","21":"instock","22":"taxable","23":"shipping-taxable","24":"purchasable","25":"product-type-variable"},"yoast_head":"<!-- This site is optimized with the Yoast SEO plugin v23.3 - https:\/\/yoast.com\/wordpress\/plugins\/seo\/ -->\n<title>Przew\u00f3d sterowniczy BiTsensor 3G-PVC Frost 4x0,34mm2 | Najlepsza Cena w Sklep Wayy<\/title>\n<meta name=\"description\" content=\"Wayy.pl \u27a4 Tw\u00f3j sklep z automatyk\u0105 przemys\u0142ow\u0105 \u2714\ufe0f Przew\u00f3d sterowniczy BiTsensor 3G-PVC Frost 4\u00d70,34mm2 \u2714\ufe0f Pe\u0142ne wsparcie techniczne i 6 lat gwarancji \u2714\ufe0f Zapraszamy!\" \/>\n<meta name=\"robots\" content=\"index, follow, max-snippet:-1, max-image-preview:large, max-video-preview:-1\" \/>\n<link rel=\"canonical\" href=\"https:\/\/wayy.pl\/sklep\/produkt\/przewod-sterowniczy-bitsensor-3g-pvc-frost-4-x-034mm2\/\" \/>\n<meta property=\"og:locale\" content=\"pl_PL\" \/>\n<meta property=\"og:type\" content=\"article\" \/>\n<meta property=\"og:title\" content=\"Przew\u00f3d sterowniczy BiTsensor 3G-PVC Frost 4x0,34mm2 | Najlepsza Cena w Sklep Wayy\" \/>\n<meta property=\"og:description\" content=\"Wayy.pl \u27a4 Tw\u00f3j sklep z automatyk\u0105 przemys\u0142ow\u0105 \u2714\ufe0f Przew\u00f3d sterowniczy BiTsensor 3G-PVC Frost 4\u00d70,34mm2 \u2714\ufe0f Pe\u0142ne wsparcie techniczne i 6 lat gwarancji \u2714\ufe0f Zapraszamy!\" \/>\n<meta property=\"og:url\" content=\"https:\/\/wayy.pl\/sklep\/produkt\/przewod-sterowniczy-bitsensor-3g-pvc-frost-4-x-034mm2\/\" \/>\n<meta property=\"og:site_name\" content=\"Sklep Wayy\" \/>\n<meta property=\"article:modified_time\" content=\"2023-12-18T09:46:12+00:00\" \/>\n<meta property=\"og:image\" content=\"https:\/\/wayy.pl\/sklep\/wp-content\/uploads\/sites\/17\/2021\/03\/przewod_4_zylowy.jpg\" \/>\n\t<meta property=\"og:image:width\" content=\"1000\" \/>\n\t<meta property=\"og:image:height\" content=\"999\" \/>\n\t<meta property=\"og:image:type\" content=\"image\/jpeg\" \/>\n<meta name=\"twitter:card\" content=\"summary_large_image\" \/>\n<meta name=\"twitter:label1\" content=\"Szacowany czas czytania\" \/>\n\t<meta name=\"twitter:data1\" content=\"1 minuta\" \/>\n<script type=\"application\/ld+json\" class=\"yoast-schema-graph\">{\"@context\":\"https:\/\/schema.org\",\"@graph\":[{\"@type\":\"WebPage\",\"@id\":\"https:\/\/wayy.pl\/sklep\/produkt\/przewod-sterowniczy-bitsensor-3g-pvc-frost-4-x-034mm2\/\",\"url\":\"https:\/\/wayy.pl\/sklep\/produkt\/przewod-sterowniczy-bitsensor-3g-pvc-frost-4-x-034mm2\/\",\"name\":\"Przew\u00f3d sterowniczy BiTsensor 3G-PVC Frost 4x0,34mm2 | Najlepsza Cena w Sklep Wayy\",\"isPartOf\":{\"@id\":\"https:\/\/wayy.pl\/sklep\/#website\"},\"primaryImageOfPage\":{\"@id\":\"https:\/\/wayy.pl\/sklep\/produkt\/przewod-sterowniczy-bitsensor-3g-pvc-frost-4-x-034mm2\/#primaryimage\"},\"image\":{\"@id\":\"https:\/\/wayy.pl\/sklep\/produkt\/przewod-sterowniczy-bitsensor-3g-pvc-frost-4-x-034mm2\/#primaryimage\"},\"thumbnailUrl\":\"https:\/\/wayy.pl\/sklep\/wp-content\/uploads\/sites\/17\/2021\/03\/przewod_4_zylowy.jpg\",\"datePublished\":\"2021-03-24T14:23:11+00:00\",\"dateModified\":\"2023-12-18T09:46:12+00:00\",\"description\":\"Wayy.pl \u27a4 Tw\u00f3j sklep z automatyk\u0105 przemys\u0142ow\u0105 \u2714\ufe0f Przew\u00f3d sterowniczy BiTsensor 3G-PVC Frost 4\u00d70,34mm2 \u2714\ufe0f Pe\u0142ne wsparcie techniczne i 6 lat gwarancji \u2714\ufe0f Zapraszamy!\",\"breadcrumb\":{\"@id\":\"https:\/\/wayy.pl\/sklep\/produkt\/przewod-sterowniczy-bitsensor-3g-pvc-frost-4-x-034mm2\/#breadcrumb\"},\"inLanguage\":\"pl-PL\",\"potentialAction\":[{\"@type\":\"ReadAction\",\"target\":[\"https:\/\/wayy.pl\/sklep\/produkt\/przewod-sterowniczy-bitsensor-3g-pvc-frost-4-x-034mm2\/\"]}]},{\"@type\":\"ImageObject\",\"inLanguage\":\"pl-PL\",\"@id\":\"https:\/\/wayy.pl\/sklep\/produkt\/przewod-sterowniczy-bitsensor-3g-pvc-frost-4-x-034mm2\/#primaryimage\",\"url\":\"https:\/\/wayy.pl\/sklep\/wp-content\/uploads\/sites\/17\/2021\/03\/przewod_4_zylowy.jpg\",\"contentUrl\":\"https:\/\/wayy.pl\/sklep\/wp-content\/uploads\/sites\/17\/2021\/03\/przewod_4_zylowy.jpg\",\"width\":1000,\"height\":999},{\"@type\":\"BreadcrumbList\",\"@id\":\"https:\/\/wayy.pl\/sklep\/produkt\/przewod-sterowniczy-bitsensor-3g-pvc-frost-4-x-034mm2\/#breadcrumb\",\"itemListElement\":[{\"@type\":\"ListItem\",\"position\":1,\"name\":\"Automatyka przemys\u0142owa\",\"item\":\"https:\/\/wayy.pl\/sklep\/\"},{\"@type\":\"ListItem\",\"position\":2,\"name\":\"Produkty\",\"item\":\"https:\/\/wayy.pl\/sklep\/shop\/\"},{\"@type\":\"ListItem\",\"position\":3,\"name\":\"Akcesoria\",\"item\":\"https:\/\/wayy.pl\/sklep\/kategoria-produktu\/akcesoria\/\"},{\"@type\":\"ListItem\",\"position\":4,\"name\":\"Przew\u00f3d sterowniczy BiTsensor 3G-PVC Frost 4&#215;0,34mm2\"}]},{\"@type\":\"WebSite\",\"@id\":\"https:\/\/wayy.pl\/sklep\/#website\",\"url\":\"https:\/\/wayy.pl\/sklep\/\",\"name\":\"Sklep Wayy\",\"description\":\"Automatyka przemys\u0142owa. 6 lat gwarancji.\",\"publisher\":{\"@id\":\"https:\/\/wayy.pl\/sklep\/#organization\"},\"potentialAction\":[{\"@type\":\"SearchAction\",\"target\":{\"@type\":\"EntryPoint\",\"urlTemplate\":\"https:\/\/wayy.pl\/sklep\/?s={search_term_string}\"},\"query-input\":\"required name=search_term_string\"}],\"inLanguage\":\"pl-PL\"},{\"@type\":\"Organization\",\"@id\":\"https:\/\/wayy.pl\/sklep\/#organization\",\"name\":\"Wayy - automatyka przemys\u0142owa\",\"url\":\"https:\/\/wayy.pl\/sklep\/\",\"logo\":{\"@type\":\"ImageObject\",\"inLanguage\":\"pl-PL\",\"@id\":\"https:\/\/wayy.pl\/sklep\/#\/schema\/logo\/image\/\",\"url\":\"https:\/\/wayy.pl\/sklep\/wp-content\/uploads\/sites\/17\/2021\/03\/wayy.png\",\"contentUrl\":\"https:\/\/wayy.pl\/sklep\/wp-content\/uploads\/sites\/17\/2021\/03\/wayy.png\",\"width\":1001,\"height\":352,\"caption\":\"Wayy - automatyka przemys\u0142owa\"},\"image\":{\"@id\":\"https:\/\/wayy.pl\/sklep\/#\/schema\/logo\/image\/\"},\"sameAs\":[\"https:\/\/www.linkedin.com\/company\/klimat-solec\",\"https:\/\/www.youtube.com\/user\/KlimatSolec\"]}]}<\/script>\n<!-- \/ Yoast SEO plugin. -->","yoast_head_json":{"title":"Przew\u00f3d sterowniczy BiTsensor 3G-PVC Frost 4x0,34mm2 | Najlepsza Cena w Sklep Wayy","description":"Wayy.pl \u27a4 Tw\u00f3j sklep z automatyk\u0105 przemys\u0142ow\u0105 \u2714\ufe0f Przew\u00f3d sterowniczy BiTsensor 3G-PVC Frost 4\u00d70,34mm2 \u2714\ufe0f Pe\u0142ne wsparcie techniczne i 6 lat gwarancji \u2714\ufe0f Zapraszamy!","robots":{"index":"index","follow":"follow","max-snippet":"max-snippet:-1","max-image-preview":"max-image-preview:large","max-video-preview":"max-video-preview:-1"},"canonical":"https:\/\/wayy.pl\/sklep\/produkt\/przewod-sterowniczy-bitsensor-3g-pvc-frost-4-x-034mm2\/","og_locale":"pl_PL","og_type":"article","og_title":"Przew\u00f3d sterowniczy BiTsensor 3G-PVC Frost 4x0,34mm2 | Najlepsza Cena w Sklep Wayy","og_description":"Wayy.pl \u27a4 Tw\u00f3j sklep z automatyk\u0105 przemys\u0142ow\u0105 \u2714\ufe0f Przew\u00f3d sterowniczy BiTsensor 3G-PVC Frost 4\u00d70,34mm2 \u2714\ufe0f Pe\u0142ne wsparcie techniczne i 6 lat gwarancji \u2714\ufe0f Zapraszamy!","og_url":"https:\/\/wayy.pl\/sklep\/produkt\/przewod-sterowniczy-bitsensor-3g-pvc-frost-4-x-034mm2\/","og_site_name":"Sklep Wayy","article_modified_time":"2023-12-18T09:46:12+00:00","og_image":[{"width":1000,"height":999,"url":"https:\/\/wayy.pl\/sklep\/wp-content\/uploads\/sites\/17\/2021\/03\/przewod_4_zylowy.jpg","type":"image\/jpeg"}],"twitter_card":"summary_large_image","twitter_misc":{"Szacowany czas czytania":"1 minuta"},"schema":{"@context":"https:\/\/schema.org","@graph":[{"@type":"WebPage","@id":"https:\/\/wayy.pl\/sklep\/produkt\/przewod-sterowniczy-bitsensor-3g-pvc-frost-4-x-034mm2\/","url":"https:\/\/wayy.pl\/sklep\/produkt\/przewod-sterowniczy-bitsensor-3g-pvc-frost-4-x-034mm2\/","name":"Przew\u00f3d sterowniczy BiTsensor 3G-PVC Frost 4x0,34mm2 | Najlepsza Cena w Sklep Wayy","isPartOf":{"@id":"https:\/\/wayy.pl\/sklep\/#website"},"primaryImageOfPage":{"@id":"https:\/\/wayy.pl\/sklep\/produkt\/przewod-sterowniczy-bitsensor-3g-pvc-frost-4-x-034mm2\/#primaryimage"},"image":{"@id":"https:\/\/wayy.pl\/sklep\/produkt\/przewod-sterowniczy-bitsensor-3g-pvc-frost-4-x-034mm2\/#primaryimage"},"thumbnailUrl":"https:\/\/wayy.pl\/sklep\/wp-content\/uploads\/sites\/17\/2021\/03\/przewod_4_zylowy.jpg","datePublished":"2021-03-24T14:23:11+00:00","dateModified":"2023-12-18T09:46:12+00:00","description":"Wayy.pl \u27a4 Tw\u00f3j sklep z automatyk\u0105 przemys\u0142ow\u0105 \u2714\ufe0f Przew\u00f3d sterowniczy BiTsensor 3G-PVC Frost 4\u00d70,34mm2 \u2714\ufe0f Pe\u0142ne wsparcie techniczne i 6 lat gwarancji \u2714\ufe0f Zapraszamy!","breadcrumb":{"@id":"https:\/\/wayy.pl\/sklep\/produkt\/przewod-sterowniczy-bitsensor-3g-pvc-frost-4-x-034mm2\/#breadcrumb"},"inLanguage":"pl-PL","potentialAction":[{"@type":"ReadAction","target":["https:\/\/wayy.pl\/sklep\/produkt\/przewod-sterowniczy-bitsensor-3g-pvc-frost-4-x-034mm2\/"]}]},{"@type":"ImageObject","inLanguage":"pl-PL","@id":"https:\/\/wayy.pl\/sklep\/produkt\/przewod-sterowniczy-bitsensor-3g-pvc-frost-4-x-034mm2\/#primaryimage","url":"https:\/\/wayy.pl\/sklep\/wp-content\/uploads\/sites\/17\/2021\/03\/przewod_4_zylowy.jpg","contentUrl":"https:\/\/wayy.pl\/sklep\/wp-content\/uploads\/sites\/17\/2021\/03\/przewod_4_zylowy.jpg","width":1000,"height":999},{"@type":"BreadcrumbList","@id":"https:\/\/wayy.pl\/sklep\/produkt\/przewod-sterowniczy-bitsensor-3g-pvc-frost-4-x-034mm2\/#breadcrumb","itemListElement":[{"@type":"ListItem","position":1,"name":"Automatyka przemys\u0142owa","item":"https:\/\/wayy.pl\/sklep\/"},{"@type":"ListItem","position":2,"name":"Produkty","item":"https:\/\/wayy.pl\/sklep\/shop\/"},{"@type":"ListItem","position":3,"name":"Akcesoria","item":"https:\/\/wayy.pl\/sklep\/kategoria-produktu\/akcesoria\/"},{"@type":"ListItem","position":4,"name":"Przew\u00f3d sterowniczy BiTsensor 3G-PVC Frost 4&#215;0,34mm2"}]},{"@type":"WebSite","@id":"https:\/\/wayy.pl\/sklep\/#website","url":"https:\/\/wayy.pl\/sklep\/","name":"Sklep Wayy","description":"Automatyka przemys\u0142owa. 6 lat gwarancji.","publisher":{"@id":"https:\/\/wayy.pl\/sklep\/#organization"},"potentialAction":[{"@type":"SearchAction","target":{"@type":"EntryPoint","urlTemplate":"https:\/\/wayy.pl\/sklep\/?s={search_term_string}"},"query-input":"required name=search_term_string"}],"inLanguage":"pl-PL"},{"@type":"Organization","@id":"https:\/\/wayy.pl\/sklep\/#organization","name":"Wayy - automatyka przemys\u0142owa","url":"https:\/\/wayy.pl\/sklep\/","logo":{"@type":"ImageObject","inLanguage":"pl-PL","@id":"https:\/\/wayy.pl\/sklep\/#\/schema\/logo\/image\/","url":"https:\/\/wayy.pl\/sklep\/wp-content\/uploads\/sites\/17\/2021\/03\/wayy.png","contentUrl":"https:\/\/wayy.pl\/sklep\/wp-content\/uploads\/sites\/17\/2021\/03\/wayy.png","width":1001,"height":352,"caption":"Wayy - automatyka przemys\u0142owa"},"image":{"@id":"https:\/\/wayy.pl\/sklep\/#\/schema\/logo\/image\/"},"sameAs":["https:\/\/www.linkedin.com\/company\/klimat-solec","https:\/\/www.youtube.com\/user\/KlimatSolec"]}]}},"tiered_pricing_type":"fixed","tiered_pricing_fixed_rules":[],"tiered_pricing_product_settings":{"layout":"default","base_unit_name":{"singular":null,"plural":null},"default_variation":null},"tiered_pricing_minimum_quantity":1,"tiered_pricing_roles_data":[],"tiered_pricing_percentage_rules":[],"_links":{"self":[{"href":"https:\/\/wayy.pl\/sklep\/wp-json\/wp\/v2\/product\/5633"}],"collection":[{"href":"https:\/\/wayy.pl\/sklep\/wp-json\/wp\/v2\/product"}],"about":[{"href":"https:\/\/wayy.pl\/sklep\/wp-json\/wp\/v2\/types\/product"}],"wp:featuredmedia":[{"embeddable":true,"href":"https:\/\/wayy.pl\/sklep\/wp-json\/wp\/v2\/media\/5564"}],"wp:attachment":[{"href":"https:\/\/wayy.pl\/sklep\/wp-json\/wp\/v2\/media?parent=5633"}],"wp:term":[{"taxonomy":"product_cat","embeddable":true,"href":"https:\/\/wayy.pl\/sklep\/wp-json\/wp\/v2\/product_cat?post=5633"},{"taxonomy":"product_tag","embeddable":true,"href":"https:\/\/wayy.pl\/sklep\/wp-json\/wp\/v2\/product_tag?post=5633"},{"taxonomy":"woo-feed-brand","embeddable":true,"href":"https:\/\/wayy.pl\/sklep\/wp-json\/wp\/v2\/woo-feed-brand?post=5633"}],"curies":[{"name":"wp","href":"https:\/\/api.w.org\/{rel}","templated":true}]}}