{"id":5637,"date":"2021-03-24T17:32:13","date_gmt":"2021-03-24T16:32:13","guid":{"rendered":"http:\/\/wayy.pl\/sklep\/?post_type=product&#038;p=5637"},"modified":"2025-09-21T14:54:11","modified_gmt":"2025-09-21T12:54:11","slug":"przewod-zasilajaco-transmisyjny-bit-liycy-uv-2x2x05mm2","status":"publish","type":"product","link":"https:\/\/wayy.pl\/sklep\/produkt\/przewod-zasilajaco-transmisyjny-bit-liycy-uv-2x2x05mm2\/","title":{"rendered":"Przew\u00f3d zasilaj\u0105co-transmisyjny BiT LiYCY UV 2x2x0,5mm2 &#8211; IP55"},"content":{"rendered":"<p><span class=\"fontstyle0\">Kabel przeznaczony do obwod\u00f3w sterowania i sygnalizacji w aplikacjach przemys\u0142owych, w technice pomiarowej oraz do transmisji danych za po\u015brednictwem sygna\u0142\u00f3w analogowych i cyfrowych w instalacjach elektroniki przemys\u0142owej i automatyki. Do instalowania na sta\u0142e oraz do urz\u0105dze\u0144 ruchomych. Nadaje si\u0119 do pracy w instalacjach wn\u0119trzowych, w pomieszczeniach suchych i wilgotnych. Wsp\u00f3lny ekran w postaci oplotu z drut\u00f3w miedzianych zapewnia bardzo dobr\u0105 ochron\u0119 przed zewn\u0119trznymi polami elektromagnetycznymi (oko\u0142o 50 dB). Kabel sklasyfikowany zgodnie z norm\u0105 <\/span><span class=\"fontstyle2\">PN-EN 50575 (CPR).<\/span><\/p>\n<ul>\n<li><span class=\"fontstyle0\">Temperatura pracy: i<\/span><span class=\"fontstyle2\">nstalacja na sta\u0142e: -40\u00b0C do 80\u00b0C; instalacje ruchome: -5\u00b0C do 80\u00b0C<\/span><\/li>\n<li><span class=\"fontstyle0\">Napi\u0119cie pracy: <\/span><span class=\"fontstyle2\">U<\/span><span class=\"fontstyle2\">0<\/span><span class=\"fontstyle2\">\/U=300\/300V<\/span><\/li>\n<li><span class=\"fontstyle0\">Pr\u00f3ba napi\u0119ciowa: <\/span><span class=\"fontstyle3\">\u2265 <\/span><span class=\"fontstyle2\">0,5 mm<\/span><span class=\"fontstyle2\">2 <\/span><span class=\"fontstyle2\">1500V<\/span><\/li>\n<li><span class=\"fontstyle0\">Rezystancja izolacji: <\/span><span class=\"fontstyle2\">20M\u03a9xkm<\/span><\/li>\n<li><span class=\"fontstyle0\">Pojemno\u015b\u0107 <\/span><span class=\"fontstyle2\">(przy 800Hz): \u017cy\u0142a\/ekran <\/span><span class=\"fontstyle3\">\u2265<\/span><span class=\"fontstyle2\">0,25mm<\/span><span class=\"fontstyle2\">2 <\/span><span class=\"fontstyle2\">270pF\/m<\/span><\/li>\n<li><span class=\"fontstyle0\">Indukcyjno\u015b\u0107: <\/span><span class=\"fontstyle2\">0,65mH\/km<\/span><\/li>\n<li><span class=\"fontstyle0\">Min. promie\u0144 gi\u0119cia: p<\/span><span class=\"fontstyle2\">o\u0142\u0105czenia ruchome: 10x\u00d8; u\u0142o\u017cenie na sta\u0142e: 5x\u00d8<\/span><\/li>\n<li>Zako\u0144czenie: wtyczki<\/li>\n<li>IP55<\/li>\n<\/ul>\n<p>Kolor przewodu | funkcja<br \/>\n&#8212;&#8212;&#8212;&#8212;&#8212;|&#8212;&#8212;&#8212;&#8212;-<br \/>\nBr\u0105zowy\u00a0 \u00a0 \u00a0 \u00a0 | +24VDC<br \/>\n&#8212;&#8212;&#8212;&#8212;&#8212;|&#8212;&#8212;&#8212;&#8212;-<br \/>\nBia\u0142y\u00a0 \u00a0 \u00a0 \u00a0 \u00a0 \u00a0 \u00a0 | masa (GND)<br \/>\n&#8212;&#8212;&#8212;&#8212;&#8212;|&#8212;&#8212;&#8212;&#8212;-<br \/>\nZielony\u00a0 \u00a0 \u00a0 \u00a0 \u00a0 | RS485 &#8211; A+<br \/>\n&#8212;&#8212;&#8212;&#8212;&#8212;|&#8212;&#8212;&#8212;&#8212;-<br \/>\n\u017b\u00f3\u0142ty\u00a0 \u00a0 \u00a0 \u00a0 \u00a0 \u00a0 \u00a0 | RS485 &#8211; B-<br \/>\n&#8212;&#8212;&#8212;&#8212;&#8212;|&#8212;&#8212;&#8212;&#8212;-<\/p>\n","protected":false},"excerpt":{"rendered":"<ul>\n<li><span class=\"fontstyle0\">Temperatura pracy: i<\/span><span class=\"fontstyle2\">nstalacja na sta\u0142e: -40\u00b0C do 80\u00b0C; instalacje ruchome: -5\u00b0C do 80\u00b0C<\/span><\/li>\n<li><span class=\"fontstyle0\">Napi\u0119cie pracy: <\/span><span class=\"fontstyle2\">U<\/span><span class=\"fontstyle2\">0<\/span><span class=\"fontstyle2\">\/U=300\/300V<\/span><\/li>\n<li><span class=\"fontstyle0\">Pr\u00f3ba napi\u0119ciowa: <\/span><span class=\"fontstyle3\">\u2265 <\/span><span class=\"fontstyle2\">0,5 mm<\/span><span class=\"fontstyle2\">2 <\/span><span class=\"fontstyle2\">1500V<\/span><\/li>\n<li><span class=\"fontstyle0\">Rezystancja izolacji: <\/span><span class=\"fontstyle2\">20M\u03a9xkm<\/span><\/li>\n<li><span class=\"fontstyle0\">Pojemno\u015b\u0107 <\/span><span class=\"fontstyle2\">(przy 800Hz): \u017cy\u0142a\/ekran <\/span><span class=\"fontstyle3\">\u2265<\/span><span class=\"fontstyle2\">0,25mm<\/span><span class=\"fontstyle2\">2 <\/span><span class=\"fontstyle2\">270pF\/m<\/span><\/li>\n<li>Zako\u0144czenie: wtyczki<\/li>\n<li>IP55<\/li>\n<\/ul>\n<p><img decoding=\"async\" class=\"alignnone size-full wp-image-5794\" src=\"https:\/\/wayy.pl\/sklep\/wp-content\/uploads\/sites\/17\/2021\/03\/Ikony_ikony-kopia.svg\" alt=\"\" \/><\/p>\n","protected":false},"featured_media":5534,"template":"","meta":{"site-sidebar-layout":"default","site-content-layout":"default","ast-site-content-layout":"","site-content-style":"default","site-sidebar-style":"default","ast-global-header-display":"","ast-banner-title-visibility":"","ast-main-header-display":"","ast-hfb-above-header-display":"","ast-hfb-below-header-display":"","ast-hfb-mobile-header-display":"","site-post-title":"","ast-breadcrumbs-content":"","ast-featured-img":"","footer-sml-layout":"","theme-transparent-header-meta":"default","adv-header-id-meta":"","stick-header-meta":"default","header-above-stick-meta":"","header-main-stick-meta":"","header-below-stick-meta":"","astra-migrate-meta-layouts":"default","ast-page-background-enabled":"default","ast-page-background-meta":{"desktop":{"background-color":"","background-image":"","background-repeat":"repeat","background-position":"center center","background-size":"auto","background-attachment":"scroll","background-type":"","background-media":"","overlay-type":"","overlay-color":"","overlay-opacity":"","overlay-gradient":""},"tablet":{"background-color":"","background-image":"","background-repeat":"repeat","background-position":"center center","background-size":"auto","background-attachment":"scroll","background-type":"","background-media":"","overlay-type":"","overlay-color":"","overlay-opacity":"","overlay-gradient":""},"mobile":{"background-color":"","background-image":"","background-repeat":"repeat","background-position":"center center","background-size":"auto","background-attachment":"scroll","background-type":"","background-media":"","overlay-type":"","overlay-color":"","overlay-opacity":"","overlay-gradient":""}},"ast-content-background-meta":{"desktop":{"background-color":"var(--ast-global-color-5)","background-image":"","background-repeat":"repeat","background-position":"center center","background-size":"auto","background-attachment":"scroll","background-type":"","background-media":"","overlay-type":"","overlay-color":"","overlay-opacity":"","overlay-gradient":""},"tablet":{"background-color":"var(--ast-global-color-5)","background-image":"","background-repeat":"repeat","background-position":"center center","background-size":"auto","background-attachment":"scroll","background-type":"","background-media":"","overlay-type":"","overlay-color":"","overlay-opacity":"","overlay-gradient":""},"mobile":{"background-color":"var(--ast-global-color-5)","background-image":"","background-repeat":"repeat","background-position":"center center","background-size":"auto","background-attachment":"scroll","background-type":"","background-media":"","overlay-type":"","overlay-color":"","overlay-opacity":"","overlay-gradient":""}}},"product_cat":[42,104],"product_tag":[43,87,85],"woo-feed-brand":[],"class_list":{"0":"post-5637","1":"product","2":"type-product","3":"status-publish","4":"has-post-thumbnail","6":"product_cat-akcesoria","7":"product_cat-kable-sterownicze","8":"product_tag-automatyka","9":"product_tag-ip55","10":"product_tag-przewod-zasilajaco-transmisyjny","11":"product_shipping_class-karton","12":"desktop-align-left","13":"tablet-align-left","14":"mobile-align-left","15":"ast-product-gallery-layout-horizontal","16":"ast-product-gallery-with-no-image","17":"ast-magnify-disabled","18":"ast-product-single-variable","19":"ast-product-tabs-layout-horizontal","21":"first","22":"instock","23":"taxable","24":"shipping-taxable","25":"purchasable","26":"product-type-variable"},"yoast_head":"<!-- This site is optimized with the Yoast SEO plugin v23.3 - https:\/\/yoast.com\/wordpress\/plugins\/seo\/ -->\n<title>Przew\u00f3d Zasilaj\u0105co-Transmisyjny BiT LiYCY UV 2x2x0,5mm2 - IP55 - Akcesoria do Automatyki w Sklep Wayy<\/title>\n<meta name=\"description\" content=\"Wayy.pl \u27a4 Tw\u00f3j sklep z automatyk\u0105 przemys\u0142ow\u0105 \u2714\ufe0f Przew\u00f3d zasilaj\u0105co-transmisyjny BiT LiYCY \u2714\ufe0f Pe\u0142ne wsparcie techniczne i 6 lat gwarancji \u2714\ufe0f Zapraszamy!\" \/>\n<meta name=\"robots\" content=\"index, follow, max-snippet:-1, max-image-preview:large, max-video-preview:-1\" \/>\n<link rel=\"canonical\" href=\"https:\/\/wayy.pl\/sklep\/produkt\/przewod-zasilajaco-transmisyjny-bit-liycy-uv-2x2x05mm2\/\" \/>\n<meta property=\"og:locale\" content=\"pl_PL\" \/>\n<meta property=\"og:type\" content=\"article\" \/>\n<meta property=\"og:title\" content=\"Przew\u00f3d Zasilaj\u0105co-Transmisyjny BiT LiYCY UV 2x2x0,5mm2 - IP55 - Akcesoria do Automatyki w Sklep Wayy\" \/>\n<meta property=\"og:description\" content=\"Wayy.pl \u27a4 Tw\u00f3j sklep z automatyk\u0105 przemys\u0142ow\u0105 \u2714\ufe0f Przew\u00f3d zasilaj\u0105co-transmisyjny BiT LiYCY \u2714\ufe0f Pe\u0142ne wsparcie techniczne i 6 lat gwarancji \u2714\ufe0f Zapraszamy!\" \/>\n<meta property=\"og:url\" content=\"https:\/\/wayy.pl\/sklep\/produkt\/przewod-zasilajaco-transmisyjny-bit-liycy-uv-2x2x05mm2\/\" \/>\n<meta property=\"og:site_name\" content=\"Sklep Wayy\" \/>\n<meta property=\"article:modified_time\" content=\"2025-09-21T12:54:11+00:00\" \/>\n<meta property=\"og:image\" content=\"https:\/\/wayy.pl\/sklep\/wp-content\/uploads\/sites\/17\/2021\/03\/przewod.jpg\" \/>\n\t<meta property=\"og:image:width\" content=\"1000\" \/>\n\t<meta property=\"og:image:height\" content=\"999\" \/>\n\t<meta property=\"og:image:type\" content=\"image\/jpeg\" \/>\n<meta name=\"twitter:card\" content=\"summary_large_image\" \/>\n<meta name=\"twitter:label1\" content=\"Szacowany czas czytania\" \/>\n\t<meta name=\"twitter:data1\" content=\"1 minuta\" \/>\n<script type=\"application\/ld+json\" class=\"yoast-schema-graph\">{\"@context\":\"https:\/\/schema.org\",\"@graph\":[{\"@type\":\"WebPage\",\"@id\":\"https:\/\/wayy.pl\/sklep\/produkt\/przewod-zasilajaco-transmisyjny-bit-liycy-uv-2x2x05mm2\/\",\"url\":\"https:\/\/wayy.pl\/sklep\/produkt\/przewod-zasilajaco-transmisyjny-bit-liycy-uv-2x2x05mm2\/\",\"name\":\"Przew\u00f3d Zasilaj\u0105co-Transmisyjny BiT LiYCY UV 2x2x0,5mm2 - IP55 - Akcesoria do Automatyki w Sklep Wayy\",\"isPartOf\":{\"@id\":\"https:\/\/wayy.pl\/sklep\/#website\"},\"primaryImageOfPage\":{\"@id\":\"https:\/\/wayy.pl\/sklep\/produkt\/przewod-zasilajaco-transmisyjny-bit-liycy-uv-2x2x05mm2\/#primaryimage\"},\"image\":{\"@id\":\"https:\/\/wayy.pl\/sklep\/produkt\/przewod-zasilajaco-transmisyjny-bit-liycy-uv-2x2x05mm2\/#primaryimage\"},\"thumbnailUrl\":\"https:\/\/wayy.pl\/sklep\/wp-content\/uploads\/sites\/17\/2021\/03\/przewod.jpg\",\"datePublished\":\"2021-03-24T16:32:13+00:00\",\"dateModified\":\"2025-09-21T12:54:11+00:00\",\"description\":\"Wayy.pl \u27a4 Tw\u00f3j sklep z automatyk\u0105 przemys\u0142ow\u0105 \u2714\ufe0f Przew\u00f3d zasilaj\u0105co-transmisyjny BiT LiYCY \u2714\ufe0f Pe\u0142ne wsparcie techniczne i 6 lat gwarancji \u2714\ufe0f Zapraszamy!\",\"breadcrumb\":{\"@id\":\"https:\/\/wayy.pl\/sklep\/produkt\/przewod-zasilajaco-transmisyjny-bit-liycy-uv-2x2x05mm2\/#breadcrumb\"},\"inLanguage\":\"pl-PL\",\"potentialAction\":[{\"@type\":\"ReadAction\",\"target\":[\"https:\/\/wayy.pl\/sklep\/produkt\/przewod-zasilajaco-transmisyjny-bit-liycy-uv-2x2x05mm2\/\"]}]},{\"@type\":\"ImageObject\",\"inLanguage\":\"pl-PL\",\"@id\":\"https:\/\/wayy.pl\/sklep\/produkt\/przewod-zasilajaco-transmisyjny-bit-liycy-uv-2x2x05mm2\/#primaryimage\",\"url\":\"https:\/\/wayy.pl\/sklep\/wp-content\/uploads\/sites\/17\/2021\/03\/przewod.jpg\",\"contentUrl\":\"https:\/\/wayy.pl\/sklep\/wp-content\/uploads\/sites\/17\/2021\/03\/przewod.jpg\",\"width\":1000,\"height\":999},{\"@type\":\"BreadcrumbList\",\"@id\":\"https:\/\/wayy.pl\/sklep\/produkt\/przewod-zasilajaco-transmisyjny-bit-liycy-uv-2x2x05mm2\/#breadcrumb\",\"itemListElement\":[{\"@type\":\"ListItem\",\"position\":1,\"name\":\"Automatyka przemys\u0142owa\",\"item\":\"https:\/\/wayy.pl\/sklep\/\"},{\"@type\":\"ListItem\",\"position\":2,\"name\":\"Produkty\",\"item\":\"https:\/\/wayy.pl\/sklep\/shop\/\"},{\"@type\":\"ListItem\",\"position\":3,\"name\":\"Akcesoria\",\"item\":\"https:\/\/wayy.pl\/sklep\/kategoria-produktu\/akcesoria\/\"},{\"@type\":\"ListItem\",\"position\":4,\"name\":\"Przew\u00f3d zasilaj\u0105co-transmisyjny BiT LiYCY UV 2x2x0,5mm2 &#8211; IP55\"}]},{\"@type\":\"WebSite\",\"@id\":\"https:\/\/wayy.pl\/sklep\/#website\",\"url\":\"https:\/\/wayy.pl\/sklep\/\",\"name\":\"Sklep Wayy\",\"description\":\"Automatyka przemys\u0142owa. 6 lat gwarancji.\",\"publisher\":{\"@id\":\"https:\/\/wayy.pl\/sklep\/#organization\"},\"potentialAction\":[{\"@type\":\"SearchAction\",\"target\":{\"@type\":\"EntryPoint\",\"urlTemplate\":\"https:\/\/wayy.pl\/sklep\/?s={search_term_string}\"},\"query-input\":\"required name=search_term_string\"}],\"inLanguage\":\"pl-PL\"},{\"@type\":\"Organization\",\"@id\":\"https:\/\/wayy.pl\/sklep\/#organization\",\"name\":\"Wayy - automatyka przemys\u0142owa\",\"url\":\"https:\/\/wayy.pl\/sklep\/\",\"logo\":{\"@type\":\"ImageObject\",\"inLanguage\":\"pl-PL\",\"@id\":\"https:\/\/wayy.pl\/sklep\/#\/schema\/logo\/image\/\",\"url\":\"https:\/\/wayy.pl\/sklep\/wp-content\/uploads\/sites\/17\/2021\/03\/wayy.png\",\"contentUrl\":\"https:\/\/wayy.pl\/sklep\/wp-content\/uploads\/sites\/17\/2021\/03\/wayy.png\",\"width\":1001,\"height\":352,\"caption\":\"Wayy - automatyka przemys\u0142owa\"},\"image\":{\"@id\":\"https:\/\/wayy.pl\/sklep\/#\/schema\/logo\/image\/\"},\"sameAs\":[\"https:\/\/www.linkedin.com\/company\/klimat-solec\",\"https:\/\/www.youtube.com\/user\/KlimatSolec\"]}]}<\/script>\n<!-- \/ Yoast SEO plugin. -->","yoast_head_json":{"title":"Przew\u00f3d Zasilaj\u0105co-Transmisyjny BiT LiYCY UV 2x2x0,5mm2 - IP55 - Akcesoria do Automatyki w Sklep Wayy","description":"Wayy.pl \u27a4 Tw\u00f3j sklep z automatyk\u0105 przemys\u0142ow\u0105 \u2714\ufe0f Przew\u00f3d zasilaj\u0105co-transmisyjny BiT LiYCY \u2714\ufe0f Pe\u0142ne wsparcie techniczne i 6 lat gwarancji \u2714\ufe0f Zapraszamy!","robots":{"index":"index","follow":"follow","max-snippet":"max-snippet:-1","max-image-preview":"max-image-preview:large","max-video-preview":"max-video-preview:-1"},"canonical":"https:\/\/wayy.pl\/sklep\/produkt\/przewod-zasilajaco-transmisyjny-bit-liycy-uv-2x2x05mm2\/","og_locale":"pl_PL","og_type":"article","og_title":"Przew\u00f3d Zasilaj\u0105co-Transmisyjny BiT LiYCY UV 2x2x0,5mm2 - IP55 - Akcesoria do Automatyki w Sklep Wayy","og_description":"Wayy.pl \u27a4 Tw\u00f3j sklep z automatyk\u0105 przemys\u0142ow\u0105 \u2714\ufe0f Przew\u00f3d zasilaj\u0105co-transmisyjny BiT LiYCY \u2714\ufe0f Pe\u0142ne wsparcie techniczne i 6 lat gwarancji \u2714\ufe0f Zapraszamy!","og_url":"https:\/\/wayy.pl\/sklep\/produkt\/przewod-zasilajaco-transmisyjny-bit-liycy-uv-2x2x05mm2\/","og_site_name":"Sklep Wayy","article_modified_time":"2025-09-21T12:54:11+00:00","og_image":[{"width":1000,"height":999,"url":"https:\/\/wayy.pl\/sklep\/wp-content\/uploads\/sites\/17\/2021\/03\/przewod.jpg","type":"image\/jpeg"}],"twitter_card":"summary_large_image","twitter_misc":{"Szacowany czas czytania":"1 minuta"},"schema":{"@context":"https:\/\/schema.org","@graph":[{"@type":"WebPage","@id":"https:\/\/wayy.pl\/sklep\/produkt\/przewod-zasilajaco-transmisyjny-bit-liycy-uv-2x2x05mm2\/","url":"https:\/\/wayy.pl\/sklep\/produkt\/przewod-zasilajaco-transmisyjny-bit-liycy-uv-2x2x05mm2\/","name":"Przew\u00f3d Zasilaj\u0105co-Transmisyjny BiT LiYCY UV 2x2x0,5mm2 - IP55 - Akcesoria do Automatyki w Sklep Wayy","isPartOf":{"@id":"https:\/\/wayy.pl\/sklep\/#website"},"primaryImageOfPage":{"@id":"https:\/\/wayy.pl\/sklep\/produkt\/przewod-zasilajaco-transmisyjny-bit-liycy-uv-2x2x05mm2\/#primaryimage"},"image":{"@id":"https:\/\/wayy.pl\/sklep\/produkt\/przewod-zasilajaco-transmisyjny-bit-liycy-uv-2x2x05mm2\/#primaryimage"},"thumbnailUrl":"https:\/\/wayy.pl\/sklep\/wp-content\/uploads\/sites\/17\/2021\/03\/przewod.jpg","datePublished":"2021-03-24T16:32:13+00:00","dateModified":"2025-09-21T12:54:11+00:00","description":"Wayy.pl \u27a4 Tw\u00f3j sklep z automatyk\u0105 przemys\u0142ow\u0105 \u2714\ufe0f Przew\u00f3d zasilaj\u0105co-transmisyjny BiT LiYCY \u2714\ufe0f Pe\u0142ne wsparcie techniczne i 6 lat gwarancji \u2714\ufe0f Zapraszamy!","breadcrumb":{"@id":"https:\/\/wayy.pl\/sklep\/produkt\/przewod-zasilajaco-transmisyjny-bit-liycy-uv-2x2x05mm2\/#breadcrumb"},"inLanguage":"pl-PL","potentialAction":[{"@type":"ReadAction","target":["https:\/\/wayy.pl\/sklep\/produkt\/przewod-zasilajaco-transmisyjny-bit-liycy-uv-2x2x05mm2\/"]}]},{"@type":"ImageObject","inLanguage":"pl-PL","@id":"https:\/\/wayy.pl\/sklep\/produkt\/przewod-zasilajaco-transmisyjny-bit-liycy-uv-2x2x05mm2\/#primaryimage","url":"https:\/\/wayy.pl\/sklep\/wp-content\/uploads\/sites\/17\/2021\/03\/przewod.jpg","contentUrl":"https:\/\/wayy.pl\/sklep\/wp-content\/uploads\/sites\/17\/2021\/03\/przewod.jpg","width":1000,"height":999},{"@type":"BreadcrumbList","@id":"https:\/\/wayy.pl\/sklep\/produkt\/przewod-zasilajaco-transmisyjny-bit-liycy-uv-2x2x05mm2\/#breadcrumb","itemListElement":[{"@type":"ListItem","position":1,"name":"Automatyka przemys\u0142owa","item":"https:\/\/wayy.pl\/sklep\/"},{"@type":"ListItem","position":2,"name":"Produkty","item":"https:\/\/wayy.pl\/sklep\/shop\/"},{"@type":"ListItem","position":3,"name":"Akcesoria","item":"https:\/\/wayy.pl\/sklep\/kategoria-produktu\/akcesoria\/"},{"@type":"ListItem","position":4,"name":"Przew\u00f3d zasilaj\u0105co-transmisyjny BiT LiYCY UV 2x2x0,5mm2 &#8211; IP55"}]},{"@type":"WebSite","@id":"https:\/\/wayy.pl\/sklep\/#website","url":"https:\/\/wayy.pl\/sklep\/","name":"Sklep Wayy","description":"Automatyka przemys\u0142owa. 6 lat gwarancji.","publisher":{"@id":"https:\/\/wayy.pl\/sklep\/#organization"},"potentialAction":[{"@type":"SearchAction","target":{"@type":"EntryPoint","urlTemplate":"https:\/\/wayy.pl\/sklep\/?s={search_term_string}"},"query-input":"required name=search_term_string"}],"inLanguage":"pl-PL"},{"@type":"Organization","@id":"https:\/\/wayy.pl\/sklep\/#organization","name":"Wayy - automatyka przemys\u0142owa","url":"https:\/\/wayy.pl\/sklep\/","logo":{"@type":"ImageObject","inLanguage":"pl-PL","@id":"https:\/\/wayy.pl\/sklep\/#\/schema\/logo\/image\/","url":"https:\/\/wayy.pl\/sklep\/wp-content\/uploads\/sites\/17\/2021\/03\/wayy.png","contentUrl":"https:\/\/wayy.pl\/sklep\/wp-content\/uploads\/sites\/17\/2021\/03\/wayy.png","width":1001,"height":352,"caption":"Wayy - automatyka przemys\u0142owa"},"image":{"@id":"https:\/\/wayy.pl\/sklep\/#\/schema\/logo\/image\/"},"sameAs":["https:\/\/www.linkedin.com\/company\/klimat-solec","https:\/\/www.youtube.com\/user\/KlimatSolec"]}]}},"tiered_pricing_type":"fixed","tiered_pricing_fixed_rules":[],"tiered_pricing_product_settings":{"layout":"default","base_unit_name":{"singular":null,"plural":null},"default_variation":null},"tiered_pricing_minimum_quantity":1,"tiered_pricing_roles_data":[],"tiered_pricing_percentage_rules":[],"_links":{"self":[{"href":"https:\/\/wayy.pl\/sklep\/wp-json\/wp\/v2\/product\/5637"}],"collection":[{"href":"https:\/\/wayy.pl\/sklep\/wp-json\/wp\/v2\/product"}],"about":[{"href":"https:\/\/wayy.pl\/sklep\/wp-json\/wp\/v2\/types\/product"}],"wp:featuredmedia":[{"embeddable":true,"href":"https:\/\/wayy.pl\/sklep\/wp-json\/wp\/v2\/media\/5534"}],"wp:attachment":[{"href":"https:\/\/wayy.pl\/sklep\/wp-json\/wp\/v2\/media?parent=5637"}],"wp:term":[{"taxonomy":"product_cat","embeddable":true,"href":"https:\/\/wayy.pl\/sklep\/wp-json\/wp\/v2\/product_cat?post=5637"},{"taxonomy":"product_tag","embeddable":true,"href":"https:\/\/wayy.pl\/sklep\/wp-json\/wp\/v2\/product_tag?post=5637"},{"taxonomy":"woo-feed-brand","embeddable":true,"href":"https:\/\/wayy.pl\/sklep\/wp-json\/wp\/v2\/woo-feed-brand?post=5637"}],"curies":[{"name":"wp","href":"https:\/\/api.w.org\/{rel}","templated":true}]}}