{"id":5915,"date":"2021-04-20T23:44:35","date_gmt":"2021-04-20T21:44:35","guid":{"rendered":"http:\/\/wayy.pl\/sklep\/?post_type=product&#038;p=5915"},"modified":"2026-02-10T09:00:40","modified_gmt":"2026-02-10T08:00:40","slug":"puszka-natynkowa-nt","status":"publish","type":"product","link":"https:\/\/wayy.pl\/sklep\/produkt\/puszka-natynkowa-nt\/","title":{"rendered":"Puszka natynkowa NT"},"content":{"rendered":"<p><strong>Puszka czarna lub szara natynkowa s\u0142u\u017cy do ukrycia gniazdek, w\u0142\u0105cznik\u00f3w, wy\u0142\u0105cznik\u00f3w<\/strong> lub innych element\u00f3w instalacji elektrycznej i ochrony os\u00f3b postronnych przed niebezpiecze\u0144stwem pora\u017cenia pr\u0105dem. Puszki natynkowe umo\u017cliwiaj\u0105 przekszta\u0142cenie standardowych gniazdek czy w\u0142\u0105cznik\u00f3w w wersj\u0119 natynkow\u0105. S\u0105 niezb\u0119dnym elementem instalacji elektrycznej.<\/p>\n<h2>Puszki natynkowe \u2014 zalety i zastosowanie<\/h2>\n<p><strong>Puszki instalacyjne natynkowe s\u0105 elementem instalacyjnym, kt\u00f3rego zastosowanie daje wiele korzy\u015bci<\/strong>. Ich monta\u017c jest du\u017co \u0142atwiejszy ni\u017c puszek podtynkowych, nie wymaga kucia w \u015bcianach, zrywania tapet, paneli czy ponownego malowania. W dodatku w razie awarii osoba naprawiaj\u0105ca ma dobry dost\u0119p do wn\u0119trza puszki. Ich u\u017cycie minimalizuje te\u017c trudno\u015bci w razie konieczno\u015bci przysz\u0142ych zmian w instalacji.<\/p>\n<p><strong>Puszki natynkowe elektryczne daj\u0105 miejsce do bezpiecznego i poprawnego realizowania po\u0142\u0105cze\u0144 elektrycznych<\/strong> poszczeg\u00f3lnych obwod\u00f3w elektrycznych. Idealnie nadaj\u0105 si\u0119 do instalacji:<\/p>\n<ul>\n<li>\u0142\u0105cznik\u00f3w instalacyjnych,<\/li>\n<li>gniazdek,<\/li>\n<li>do wykorzystania jako rozga\u0142\u0119\u017aniki do podzia\u0142u instalacji na osobne obwody.<\/li>\n<\/ul>\n<p><strong>Puszki natynkowe montowane s\u0105 g\u0142\u00f3wnie na \u015bcianach<\/strong>. Najcz\u0119\u015bciej wykorzystywane s\u0105 w pomieszczeniach technicznych, gospodarczych czy r\u00f3\u017cnego rodzaju obiektach przemys\u0142owych. W takich miejscach doskonale sprawdzaj\u0105 si\u0119 jako praktyczne rozwi\u0105zania ochronne, a charakter dekoracyjny czy estetyczny ma tutaj drugorz\u0119dne znaczenie. Ich celem jest przede wszystkim zabezpieczenie po\u0142\u0105cze\u0144 przewod\u00f3w elektrycznych.<\/p>\n<p><strong>Puszki instalacyjne natynkowe s\u0105 tak\u017ce u\u017cywane w budynkach mieszkalnych<\/strong>, gdzie przydaj\u0105 si\u0119 w wypadkach, gdy nie ma mo\u017cliwo\u015bci wykonania po\u0142\u0105cze\u0144 przewod\u00f3w w mniej widocznym lub dost\u0119pnym miejscu. Odpowiednie wykorzystanie element\u00f3w monta\u017cowych i ochronnych jest wa\u017cne dla profesjonalnego wykonania ka\u017cdej instalacji.<\/p>\n<p>Opr\u00f3cz puszek natynkowych posiadamy inne <a href=\"\/sklep\/\/kategoria-produktu\/akcesoria\/\u00a0\">akcesoria do automatyki<\/a>, umo\u017cliwiaj\u0105ce monta\u017c i prawid\u0142owe dzia\u0142anie <a href=\"\/sklep\">automatyki przemys\u0142owej<\/a> z naszego asortymentu. Oferujemy r\u00f3wnie\u017c urz\u0105dzenia do konfiguracji i sterowania innymi sprz\u0119tami, takie jak <a href=\"\/sklep\/kategoria-produktu\/sterowniki\/\">sterowniki PLC<\/a> czy <a href=\"\/sklep\/kategoria-produktu\/czujniki\/\u00a0\">czujniki elektroniczne<\/a>. Zapraszamy!<\/p>\n","protected":false},"excerpt":{"rendered":"<ul>\n<li><strong>cena przy ilo\u015bci: 11+\u00a0 \u00a012,20 PLN <\/strong>+ 23% VAT \/ szt.<\/li>\n<\/ul>\n<p><img decoding=\"async\" class=\"alignnone size-full wp-image-5794\" src=\"https:\/\/wayy.pl\/sklep\/wp-content\/uploads\/sites\/17\/2021\/03\/Ikony_ikony-kopia.svg\" alt=\"\" \/><\/p>\n","protected":false},"featured_media":9478,"template":"","meta":{"site-sidebar-layout":"default","site-content-layout":"default","ast-site-content-layout":"default","site-content-style":"default","site-sidebar-style":"default","ast-global-header-display":"","ast-banner-title-visibility":"","ast-main-header-display":"","ast-hfb-above-header-display":"","ast-hfb-below-header-display":"","ast-hfb-mobile-header-display":"","site-post-title":"","ast-breadcrumbs-content":"","ast-featured-img":"","footer-sml-layout":"","theme-transparent-header-meta":"default","adv-header-id-meta":"","stick-header-meta":"default","header-above-stick-meta":"","header-main-stick-meta":"","header-below-stick-meta":"","astra-migrate-meta-layouts":"set","ast-page-background-enabled":"default","ast-page-background-meta":{"desktop":{"background-color":"","background-image":"","background-repeat":"repeat","background-position":"center center","background-size":"auto","background-attachment":"scroll","background-type":"","background-media":"","overlay-type":"","overlay-color":"","overlay-opacity":"","overlay-gradient":""},"tablet":{"background-color":"","background-image":"","background-repeat":"repeat","background-position":"center center","background-size":"auto","background-attachment":"scroll","background-type":"","background-media":"","overlay-type":"","overlay-color":"","overlay-opacity":"","overlay-gradient":""},"mobile":{"background-color":"","background-image":"","background-repeat":"repeat","background-position":"center center","background-size":"auto","background-attachment":"scroll","background-type":"","background-media":"","overlay-type":"","overlay-color":"","overlay-opacity":"","overlay-gradient":""}},"ast-content-background-meta":{"desktop":{"background-color":"var(--ast-global-color-5)","background-image":"","background-repeat":"repeat","background-position":"center center","background-size":"auto","background-attachment":"scroll","background-type":"","background-media":"","overlay-type":"","overlay-color":"","overlay-opacity":"","overlay-gradient":""},"tablet":{"background-color":"var(--ast-global-color-5)","background-image":"","background-repeat":"repeat","background-position":"center center","background-size":"auto","background-attachment":"scroll","background-type":"","background-media":"","overlay-type":"","overlay-color":"","overlay-opacity":"","overlay-gradient":""},"mobile":{"background-color":"var(--ast-global-color-5)","background-image":"","background-repeat":"repeat","background-position":"center center","background-size":"auto","background-attachment":"scroll","background-type":"","background-media":"","overlay-type":"","overlay-color":"","overlay-opacity":"","overlay-gradient":""}}},"product_cat":[42,106,107],"product_tag":[43,88],"woo-feed-brand":[],"class_list":{"0":"post-5915","1":"product","2":"type-product","3":"status-publish","4":"has-post-thumbnail","6":"product_cat-akcesoria","7":"product_cat-puszki-instalacyjne","8":"product_cat-puszki-nadtynkowe","9":"product_tag-automatyka","10":"product_tag-puszka-montazowa","11":"product_shipping_class-torba_papierowa_mala","12":"desktop-align-left","13":"tablet-align-left","14":"mobile-align-left","15":"ast-product-gallery-layout-horizontal","16":"ast-product-gallery-with-no-image","17":"ast-magnify-disabled","18":"ast-product-tabs-layout-horizontal","20":"first","21":"instock","22":"taxable","23":"shipping-taxable","24":"purchasable","25":"product-type-simple"},"yoast_head":"<!-- This site is optimized with the Yoast SEO plugin v23.3 - https:\/\/yoast.com\/wordpress\/plugins\/seo\/ -->\n<title>Puszka natynkowa NT | Najlepsza Cena w Sklep Wayy<\/title>\n<meta name=\"description\" content=\"Wayy.pl \u27a4 Tw\u00f3j sklep z automatyk\u0105 przemys\u0142ow\u0105 \u2714\ufe0f Puszka natynkowa NT \u2714\ufe0f Pe\u0142ne wsparcie techniczne i 6 lat gwarancji \u2714\ufe0f Zapraszamy!\" \/>\n<meta name=\"robots\" content=\"index, follow, max-snippet:-1, max-image-preview:large, max-video-preview:-1\" \/>\n<link rel=\"canonical\" href=\"https:\/\/wayy.pl\/sklep\/produkt\/puszka-natynkowa-nt\/\" \/>\n<meta property=\"og:locale\" content=\"pl_PL\" \/>\n<meta property=\"og:type\" content=\"article\" \/>\n<meta property=\"og:title\" content=\"Puszka natynkowa NT | Najlepsza Cena w Sklep Wayy\" \/>\n<meta property=\"og:description\" content=\"Wayy.pl \u27a4 Tw\u00f3j sklep z automatyk\u0105 przemys\u0142ow\u0105 \u2714\ufe0f Puszka natynkowa NT \u2714\ufe0f Pe\u0142ne wsparcie techniczne i 6 lat gwarancji \u2714\ufe0f Zapraszamy!\" \/>\n<meta property=\"og:url\" content=\"https:\/\/wayy.pl\/sklep\/produkt\/puszka-natynkowa-nt\/\" \/>\n<meta property=\"og:site_name\" content=\"Sklep Wayy\" \/>\n<meta property=\"article:modified_time\" content=\"2026-02-10T08:00:40+00:00\" \/>\n<meta property=\"og:image\" content=\"https:\/\/wayy.pl\/sklep\/wp-content\/uploads\/sites\/17\/2023\/02\/puszka_natynkowa.webp\" \/>\n\t<meta property=\"og:image:width\" content=\"600\" \/>\n\t<meta property=\"og:image:height\" content=\"600\" \/>\n\t<meta property=\"og:image:type\" content=\"image\/webp\" \/>\n<meta name=\"twitter:card\" content=\"summary_large_image\" \/>\n<meta name=\"twitter:label1\" content=\"Szacowany czas czytania\" \/>\n\t<meta name=\"twitter:data1\" content=\"2 minuty\" \/>\n<script type=\"application\/ld+json\" class=\"yoast-schema-graph\">{\"@context\":\"https:\/\/schema.org\",\"@graph\":[{\"@type\":\"WebPage\",\"@id\":\"https:\/\/wayy.pl\/sklep\/produkt\/puszka-natynkowa-nt\/\",\"url\":\"https:\/\/wayy.pl\/sklep\/produkt\/puszka-natynkowa-nt\/\",\"name\":\"Puszka natynkowa NT | Najlepsza Cena w Sklep Wayy\",\"isPartOf\":{\"@id\":\"https:\/\/wayy.pl\/sklep\/#website\"},\"primaryImageOfPage\":{\"@id\":\"https:\/\/wayy.pl\/sklep\/produkt\/puszka-natynkowa-nt\/#primaryimage\"},\"image\":{\"@id\":\"https:\/\/wayy.pl\/sklep\/produkt\/puszka-natynkowa-nt\/#primaryimage\"},\"thumbnailUrl\":\"https:\/\/wayy.pl\/sklep\/wp-content\/uploads\/sites\/17\/2023\/02\/puszka_natynkowa.webp\",\"datePublished\":\"2021-04-20T21:44:35+00:00\",\"dateModified\":\"2026-02-10T08:00:40+00:00\",\"description\":\"Wayy.pl \u27a4 Tw\u00f3j sklep z automatyk\u0105 przemys\u0142ow\u0105 \u2714\ufe0f Puszka natynkowa NT \u2714\ufe0f Pe\u0142ne wsparcie techniczne i 6 lat gwarancji \u2714\ufe0f Zapraszamy!\",\"breadcrumb\":{\"@id\":\"https:\/\/wayy.pl\/sklep\/produkt\/puszka-natynkowa-nt\/#breadcrumb\"},\"inLanguage\":\"pl-PL\",\"potentialAction\":[{\"@type\":\"ReadAction\",\"target\":[\"https:\/\/wayy.pl\/sklep\/produkt\/puszka-natynkowa-nt\/\"]}]},{\"@type\":\"ImageObject\",\"inLanguage\":\"pl-PL\",\"@id\":\"https:\/\/wayy.pl\/sklep\/produkt\/puszka-natynkowa-nt\/#primaryimage\",\"url\":\"https:\/\/wayy.pl\/sklep\/wp-content\/uploads\/sites\/17\/2023\/02\/puszka_natynkowa.webp\",\"contentUrl\":\"https:\/\/wayy.pl\/sklep\/wp-content\/uploads\/sites\/17\/2023\/02\/puszka_natynkowa.webp\",\"width\":600,\"height\":600,\"caption\":\"puszka natynkowa\"},{\"@type\":\"BreadcrumbList\",\"@id\":\"https:\/\/wayy.pl\/sklep\/produkt\/puszka-natynkowa-nt\/#breadcrumb\",\"itemListElement\":[{\"@type\":\"ListItem\",\"position\":1,\"name\":\"Automatyka przemys\u0142owa\",\"item\":\"https:\/\/wayy.pl\/sklep\/\"},{\"@type\":\"ListItem\",\"position\":2,\"name\":\"Produkty\",\"item\":\"https:\/\/wayy.pl\/sklep\/shop\/\"},{\"@type\":\"ListItem\",\"position\":3,\"name\":\"Akcesoria\",\"item\":\"https:\/\/wayy.pl\/sklep\/kategoria-produktu\/akcesoria\/\"},{\"@type\":\"ListItem\",\"position\":4,\"name\":\"Puszka natynkowa NT\"}]},{\"@type\":\"WebSite\",\"@id\":\"https:\/\/wayy.pl\/sklep\/#website\",\"url\":\"https:\/\/wayy.pl\/sklep\/\",\"name\":\"Sklep Wayy\",\"description\":\"Automatyka przemys\u0142owa. 6 lat gwarancji.\",\"publisher\":{\"@id\":\"https:\/\/wayy.pl\/sklep\/#organization\"},\"potentialAction\":[{\"@type\":\"SearchAction\",\"target\":{\"@type\":\"EntryPoint\",\"urlTemplate\":\"https:\/\/wayy.pl\/sklep\/?s={search_term_string}\"},\"query-input\":\"required name=search_term_string\"}],\"inLanguage\":\"pl-PL\"},{\"@type\":\"Organization\",\"@id\":\"https:\/\/wayy.pl\/sklep\/#organization\",\"name\":\"Wayy - automatyka przemys\u0142owa\",\"url\":\"https:\/\/wayy.pl\/sklep\/\",\"logo\":{\"@type\":\"ImageObject\",\"inLanguage\":\"pl-PL\",\"@id\":\"https:\/\/wayy.pl\/sklep\/#\/schema\/logo\/image\/\",\"url\":\"https:\/\/wayy.pl\/sklep\/wp-content\/uploads\/sites\/17\/2021\/03\/wayy.png\",\"contentUrl\":\"https:\/\/wayy.pl\/sklep\/wp-content\/uploads\/sites\/17\/2021\/03\/wayy.png\",\"width\":1001,\"height\":352,\"caption\":\"Wayy - automatyka przemys\u0142owa\"},\"image\":{\"@id\":\"https:\/\/wayy.pl\/sklep\/#\/schema\/logo\/image\/\"},\"sameAs\":[\"https:\/\/www.linkedin.com\/company\/klimat-solec\",\"https:\/\/www.youtube.com\/user\/KlimatSolec\"]}]}<\/script>\n<!-- \/ Yoast SEO plugin. -->","yoast_head_json":{"title":"Puszka natynkowa NT | Najlepsza Cena w Sklep Wayy","description":"Wayy.pl \u27a4 Tw\u00f3j sklep z automatyk\u0105 przemys\u0142ow\u0105 \u2714\ufe0f Puszka natynkowa NT \u2714\ufe0f Pe\u0142ne wsparcie techniczne i 6 lat gwarancji \u2714\ufe0f Zapraszamy!","robots":{"index":"index","follow":"follow","max-snippet":"max-snippet:-1","max-image-preview":"max-image-preview:large","max-video-preview":"max-video-preview:-1"},"canonical":"https:\/\/wayy.pl\/sklep\/produkt\/puszka-natynkowa-nt\/","og_locale":"pl_PL","og_type":"article","og_title":"Puszka natynkowa NT | Najlepsza Cena w Sklep Wayy","og_description":"Wayy.pl \u27a4 Tw\u00f3j sklep z automatyk\u0105 przemys\u0142ow\u0105 \u2714\ufe0f Puszka natynkowa NT \u2714\ufe0f Pe\u0142ne wsparcie techniczne i 6 lat gwarancji \u2714\ufe0f Zapraszamy!","og_url":"https:\/\/wayy.pl\/sklep\/produkt\/puszka-natynkowa-nt\/","og_site_name":"Sklep Wayy","article_modified_time":"2026-02-10T08:00:40+00:00","og_image":[{"width":600,"height":600,"url":"https:\/\/wayy.pl\/sklep\/wp-content\/uploads\/sites\/17\/2023\/02\/puszka_natynkowa.webp","type":"image\/webp"}],"twitter_card":"summary_large_image","twitter_misc":{"Szacowany czas czytania":"2 minuty"},"schema":{"@context":"https:\/\/schema.org","@graph":[{"@type":"WebPage","@id":"https:\/\/wayy.pl\/sklep\/produkt\/puszka-natynkowa-nt\/","url":"https:\/\/wayy.pl\/sklep\/produkt\/puszka-natynkowa-nt\/","name":"Puszka natynkowa NT | Najlepsza Cena w Sklep Wayy","isPartOf":{"@id":"https:\/\/wayy.pl\/sklep\/#website"},"primaryImageOfPage":{"@id":"https:\/\/wayy.pl\/sklep\/produkt\/puszka-natynkowa-nt\/#primaryimage"},"image":{"@id":"https:\/\/wayy.pl\/sklep\/produkt\/puszka-natynkowa-nt\/#primaryimage"},"thumbnailUrl":"https:\/\/wayy.pl\/sklep\/wp-content\/uploads\/sites\/17\/2023\/02\/puszka_natynkowa.webp","datePublished":"2021-04-20T21:44:35+00:00","dateModified":"2026-02-10T08:00:40+00:00","description":"Wayy.pl \u27a4 Tw\u00f3j sklep z automatyk\u0105 przemys\u0142ow\u0105 \u2714\ufe0f Puszka natynkowa NT \u2714\ufe0f Pe\u0142ne wsparcie techniczne i 6 lat gwarancji \u2714\ufe0f Zapraszamy!","breadcrumb":{"@id":"https:\/\/wayy.pl\/sklep\/produkt\/puszka-natynkowa-nt\/#breadcrumb"},"inLanguage":"pl-PL","potentialAction":[{"@type":"ReadAction","target":["https:\/\/wayy.pl\/sklep\/produkt\/puszka-natynkowa-nt\/"]}]},{"@type":"ImageObject","inLanguage":"pl-PL","@id":"https:\/\/wayy.pl\/sklep\/produkt\/puszka-natynkowa-nt\/#primaryimage","url":"https:\/\/wayy.pl\/sklep\/wp-content\/uploads\/sites\/17\/2023\/02\/puszka_natynkowa.webp","contentUrl":"https:\/\/wayy.pl\/sklep\/wp-content\/uploads\/sites\/17\/2023\/02\/puszka_natynkowa.webp","width":600,"height":600,"caption":"puszka natynkowa"},{"@type":"BreadcrumbList","@id":"https:\/\/wayy.pl\/sklep\/produkt\/puszka-natynkowa-nt\/#breadcrumb","itemListElement":[{"@type":"ListItem","position":1,"name":"Automatyka przemys\u0142owa","item":"https:\/\/wayy.pl\/sklep\/"},{"@type":"ListItem","position":2,"name":"Produkty","item":"https:\/\/wayy.pl\/sklep\/shop\/"},{"@type":"ListItem","position":3,"name":"Akcesoria","item":"https:\/\/wayy.pl\/sklep\/kategoria-produktu\/akcesoria\/"},{"@type":"ListItem","position":4,"name":"Puszka natynkowa NT"}]},{"@type":"WebSite","@id":"https:\/\/wayy.pl\/sklep\/#website","url":"https:\/\/wayy.pl\/sklep\/","name":"Sklep Wayy","description":"Automatyka przemys\u0142owa. 6 lat gwarancji.","publisher":{"@id":"https:\/\/wayy.pl\/sklep\/#organization"},"potentialAction":[{"@type":"SearchAction","target":{"@type":"EntryPoint","urlTemplate":"https:\/\/wayy.pl\/sklep\/?s={search_term_string}"},"query-input":"required name=search_term_string"}],"inLanguage":"pl-PL"},{"@type":"Organization","@id":"https:\/\/wayy.pl\/sklep\/#organization","name":"Wayy - automatyka przemys\u0142owa","url":"https:\/\/wayy.pl\/sklep\/","logo":{"@type":"ImageObject","inLanguage":"pl-PL","@id":"https:\/\/wayy.pl\/sklep\/#\/schema\/logo\/image\/","url":"https:\/\/wayy.pl\/sklep\/wp-content\/uploads\/sites\/17\/2021\/03\/wayy.png","contentUrl":"https:\/\/wayy.pl\/sklep\/wp-content\/uploads\/sites\/17\/2021\/03\/wayy.png","width":1001,"height":352,"caption":"Wayy - automatyka przemys\u0142owa"},"image":{"@id":"https:\/\/wayy.pl\/sklep\/#\/schema\/logo\/image\/"},"sameAs":["https:\/\/www.linkedin.com\/company\/klimat-solec","https:\/\/www.youtube.com\/user\/KlimatSolec"]}]}},"tiered_pricing_type":"fixed","tiered_pricing_fixed_rules":[],"tiered_pricing_product_settings":{"layout":"default","base_unit_name":{"singular":null,"plural":null},"default_variation":null},"tiered_pricing_minimum_quantity":1,"tiered_pricing_roles_data":[],"tiered_pricing_percentage_rules":[],"_links":{"self":[{"href":"https:\/\/wayy.pl\/sklep\/wp-json\/wp\/v2\/product\/5915"}],"collection":[{"href":"https:\/\/wayy.pl\/sklep\/wp-json\/wp\/v2\/product"}],"about":[{"href":"https:\/\/wayy.pl\/sklep\/wp-json\/wp\/v2\/types\/product"}],"wp:featuredmedia":[{"embeddable":true,"href":"https:\/\/wayy.pl\/sklep\/wp-json\/wp\/v2\/media\/9478"}],"wp:attachment":[{"href":"https:\/\/wayy.pl\/sklep\/wp-json\/wp\/v2\/media?parent=5915"}],"wp:term":[{"taxonomy":"product_cat","embeddable":true,"href":"https:\/\/wayy.pl\/sklep\/wp-json\/wp\/v2\/product_cat?post=5915"},{"taxonomy":"product_tag","embeddable":true,"href":"https:\/\/wayy.pl\/sklep\/wp-json\/wp\/v2\/product_tag?post=5915"},{"taxonomy":"woo-feed-brand","embeddable":true,"href":"https:\/\/wayy.pl\/sklep\/wp-json\/wp\/v2\/woo-feed-brand?post=5915"}],"curies":[{"name":"wp","href":"https:\/\/api.w.org\/{rel}","templated":true}]}}