{"id":5918,"date":"2021-04-21T00:54:40","date_gmt":"2021-04-20T22:54:40","guid":{"rendered":"http:\/\/wayy.pl\/sklep\/?post_type=product&#038;p=5918"},"modified":"2026-02-17T10:36:31","modified_gmt":"2026-02-17T09:36:31","slug":"sterownik-klimakonwektora-wfc-101-8xdi-8xro-4xti-4xai-4xao","status":"publish","type":"product","link":"https:\/\/wayy.pl\/sklep\/produkt\/sterownik-klimakonwektora-wfc-101-8xdi-8xro-4xti-4xai-4xao\/","title":{"rendered":"Sterownik klimakonwektora wFC.101 (8xDI, 8xDO, 4xTI, 4xAI, 4xAO)"},"content":{"rendered":"<div class=\"elementor-column elementor-col-100 elementor-inner-column elementor-element elementor-element-31c20c01\" data-id=\"31c20c01\" data-element_type=\"column\">\n<div class=\"elementor-column-wrap elementor-element-populated\">\n<div class=\"elementor-widget-wrap\">\n<div class=\"elementor-element elementor-element-476ceb32 elementor-widget elementor-widget-text-editor\" data-id=\"476ceb32\" data-element_type=\"widget\" data-widget_type=\"text-editor.default\">\n<div class=\"elementor-widget-container optml-bg-lazyloaded\">\n<div class=\"elementor-text-editor elementor-clearfix\" style=\"color: #000000\">\n<p>Proponowany przez nas <strong>sterownik klimakonwektora mo\u017ce mie\u0107 szerokie zastosowanie<\/strong>, ale szczeg\u00f3lnie polecamy go do wykorzystania w automatyce budynkowej. Jego zadaniem jest realizacja zaprogramowanych algorytm\u00f3w sterowania, kt\u00f3re wp\u0142ywaj\u0105 na sygna\u0142y wyj\u015bciowe, na podstawie analizy sygna\u0142\u00f3w wej\u015bciowych. Uniwersalno\u015b\u0107 sterownik\u00f3w do klimakonwektora umo\u017cliwia zastosowanie nawet najbardziej skomplikowanych algorytm\u00f3w steruj\u0105cych.<\/p>\n<p><strong>Regulatory klimakonwektor\u00f3w pozwalaj\u0105 m.in. na<\/strong>:<\/p>\n<ul>\n<li>odczyt temperatury poprzez wbudowany lub zewn\u0119trzny czujnik,<\/li>\n<li>ustawienia ogranicze\u0144 temperatury zadanej w zakresach kra\u0144cowych,<\/li>\n<li>automatyczne sterowanie klimakonwektorem w trybie ogrzewania i\/lub ch\u0142odzenia.<\/li>\n<\/ul>\n<h2>Sterownik do klimakonwektora \u2014 zasada dzia\u0142ania<\/h2>\n<p><strong>Sterownik klimakonwektora zawiera program konfigurowalny<\/strong> oraz dodatkowy program swobodnie programowalny. Cz\u0119\u015b\u0107 konfigurowalna zawiera program obs\u0142uguj\u0105cy funkcje klimakonwektora. Program swobodnie programowalny mo\u017ce s\u0142u\u017cy\u0107 do rozwini\u0119cia funkcjonalno\u015bci sterownika. <strong>Ustawienia programu konfigurowalnego dost\u0119pne s\u0105 poprzez magistral\u0119 RS485 i protok\u00f3\u0142 Modbus RTU<\/strong> lub ekran dotykowy. Program umieszczony w cz\u0119\u015bci swobodnie programowalnej sterownika wFC.101 mo\u017ce korzysta\u0107 z wybranych stan\u00f3w parametr\u00f3w programu konfigurowalnego oraz z przypisanych mu wej\u015b\u0107 i wyj\u015b\u0107.<\/p>\n<p><strong>Sterownik klimakonwektora zawiera<\/strong>:<\/p>\n<ul>\n<li>8 wej\u015b\u0107 cyfrowych, w tym 3 wej\u015bcia zdefiniowane i 5 wej\u015b\u0107 swobodnie programowalnych,<\/li>\n<li>8 wyj\u015b\u0107 przeka\u017anikowych w tym 5 wyj\u015b\u0107 zdefiniowanych i 3 swobodnie programowalne,<\/li>\n<li>4 wej\u015bcia temperaturowe NTC 10k w tym 2 wej\u015bcia zdefiniowane i 2 swobodnie programowalne,<\/li>\n<li>4 wej\u015bcia analogowe 0-10V swobodnie programowalne,<\/li>\n<li>4 wyj\u015bcia analogowe 0-10V w tym 2 wej\u015bcia zdefiniowane i 2 swobodnie programowalne,<\/li>\n<li>zasilanie 22\u202626 V DC,<\/li>\n<li>dwa porty Modus RTU Slave.<\/li>\n<\/ul>\n<p>W naszej ofercie <a href=\"\/sklep\">automatyki przemys\u0142owej<\/a> znajduje si\u0119 r\u00f3wnie\u017c ca\u0142y <a href=\"\/sklep\/\/produkt\/zestaw-bezprzewodowego-sterowania-klimakonwektorem\/\">zestaw do bezprzewodowego sterowania klimakonwektorem<\/a>, a tak\u017ce <a href=\"\/sklep\/kategoria-produktu\/sterowniki\/\">sterowniki PLC<\/a>, w tym <a href=\"\/sklep\/\/produkt\/sterownik-swobodnie-programowalny-w-plc\/\">sterownik swobodnie programowalny<\/a>. Zapraszamy!<\/p>\n<\/div>\n<\/div>\n<\/div>\n<\/div>\n<\/div>\n<\/div>\n<div class=\"elementor-column elementor-col-100 elementor-inner-column elementor-element elementor-element-2ffeab7e\" data-id=\"2ffeab7e\" data-element_type=\"column\">\n<div class=\"elementor-column-wrap elementor-element-populated\">\n<div class=\"elementor-widget-wrap\">\n<div class=\"elementor-element elementor-element-207fa87b elementor-widget elementor-widget-text-editor\" data-id=\"207fa87b\" data-element_type=\"widget\" data-widget_type=\"text-editor.default\">\n<div class=\"elementor-widget-container optml-bg-lazyloaded\">\n<div class=\"elementor-text-editor elementor-clearfix\">\n<p><img fetchpriority=\"high\" decoding=\"async\" class=\"alignnone wp-image-10156 size-full\" src=\"https:\/\/wayy.pl\/sklep\/wp-content\/uploads\/sites\/17\/2023\/05\/baner.jpg\" alt=\"\" width=\"1200\" height=\"300\" \/><\/p>\n<p>&nbsp;<\/p>\n<hr \/>\n<p><span style=\"color: #000000\"><strong>Tego potrzebujesz do konfiguracji sterownika<\/strong><\/span><\/p>\n<p>&nbsp;<\/p>\n<p><a href=\"http:\/\/wayy.pl\/sklep\/produkt\/konwerter-usb-rs485-ch340-modbus-profibus-plc\/\"><img decoding=\"async\" class=\"alignnone size-full wp-image-5692 hvr-grow\" src=\"https:\/\/wayy.pl\/sklep\/wp-content\/uploads\/sites\/17\/2021\/03\/150px-konwerter-USB.jpg\" alt=\"\" width=\"150\" height=\"150\" srcset=\"https:\/\/wayy.pl\/sklep\/wp-content\/uploads\/sites\/17\/2021\/03\/150px-konwerter-USB.jpg 150w, https:\/\/wayy.pl\/sklep\/wp-content\/uploads\/sites\/17\/2021\/03\/150px-konwerter-USB-100x100.jpg 100w\" sizes=\"(max-width: 150px) 100vw, 150px\" \/><\/a><a href=\"http:\/\/wayy.pl\/sklep\/produkt\/zasilacz\/\"><img decoding=\"async\" class=\"alignnone size-full wp-image-5688 hvr-grow\" src=\"https:\/\/wayy.pl\/sklep\/wp-content\/uploads\/sites\/17\/2021\/03\/150px-zasilacz.jpg\" alt=\"\" width=\"150\" height=\"150\" srcset=\"https:\/\/wayy.pl\/sklep\/wp-content\/uploads\/sites\/17\/2021\/03\/150px-zasilacz.jpg 150w, https:\/\/wayy.pl\/sklep\/wp-content\/uploads\/sites\/17\/2021\/03\/150px-zasilacz-100x100.jpg 100w\" sizes=\"(max-width: 150px) 100vw, 150px\" \/><\/a> \u00a0<a href=\"https:\/\/wayy.pl\/sklep\/produkt\/przewod-zasilajaco-transmisyjny-bit-liycy-uv-2x2x05mm2-2\/\"><img loading=\"lazy\" decoding=\"async\" class=\"alignnone size-full wp-image-5679 hvr-grow\" src=\"https:\/\/wayy.pl\/sklep\/wp-content\/uploads\/sites\/17\/2021\/03\/150px-przewod-zas-trans.jpg\" alt=\"\" width=\"150\" height=\"150\" srcset=\"https:\/\/wayy.pl\/sklep\/wp-content\/uploads\/sites\/17\/2021\/03\/150px-przewod-zas-trans.jpg 150w, https:\/\/wayy.pl\/sklep\/wp-content\/uploads\/sites\/17\/2021\/03\/150px-przewod-zas-trans-100x100.jpg 100w\" sizes=\"(max-width: 150px) 100vw, 150px\" \/><\/a><\/p>\n<\/div>\n<\/div>\n<\/div>\n<\/div>\n<\/div>\n<\/div>\n","protected":false},"excerpt":{"rendered":"<ul>\n<li><strong>cena przy ilo\u015bci: 2+\u00a0 \u00a0 \u00a0643 PLN <\/strong>+ 23% VAT \/ szt.<\/li>\n<li><strong>cena przy ilo\u015bci: 6+\u00a0 \u00a0 \u00a0625 PLN <\/strong>+ 23% VAT \/ szt.<\/li>\n<li><strong>cena przy ilo\u015bci: 11+\u00a0 \u00a0607 PLN <\/strong>+ 23% VAT \/ szt.<\/li>\n<li><strong>cena przy ilo\u015bci: 21+\u00a0 \u00a0589 PLN <\/strong>+ 23% VAT \/ szt.<\/li>\n<\/ul>\n<p><img loading=\"lazy\" decoding=\"async\" class=\"alignnone size-full wp-image-7471\" src=\"https:\/\/wayy.pl\/sklep\/wp-content\/uploads\/sites\/17\/2022\/02\/paypro-banerek.jpg\" alt=\"\" width=\"841\" height=\"86\" \/><\/p>\n","protected":false},"featured_media":9475,"template":"","meta":{"site-sidebar-layout":"default","site-content-layout":"default","ast-site-content-layout":"default","site-content-style":"default","site-sidebar-style":"default","ast-global-header-display":"","ast-banner-title-visibility":"","ast-main-header-display":"","ast-hfb-above-header-display":"","ast-hfb-below-header-display":"","ast-hfb-mobile-header-display":"","site-post-title":"","ast-breadcrumbs-content":"","ast-featured-img":"","footer-sml-layout":"","theme-transparent-header-meta":"default","adv-header-id-meta":"","stick-header-meta":"default","header-above-stick-meta":"","header-main-stick-meta":"","header-below-stick-meta":"","astra-migrate-meta-layouts":"set","ast-page-background-enabled":"default","ast-page-background-meta":{"desktop":{"background-color":"","background-image":"","background-repeat":"repeat","background-position":"center center","background-size":"auto","background-attachment":"scroll","background-type":"","background-media":"","overlay-type":"","overlay-color":"","overlay-opacity":"","overlay-gradient":""},"tablet":{"background-color":"","background-image":"","background-repeat":"repeat","background-position":"center center","background-size":"auto","background-attachment":"scroll","background-type":"","background-media":"","overlay-type":"","overlay-color":"","overlay-opacity":"","overlay-gradient":""},"mobile":{"background-color":"","background-image":"","background-repeat":"repeat","background-position":"center center","background-size":"auto","background-attachment":"scroll","background-type":"","background-media":"","overlay-type":"","overlay-color":"","overlay-opacity":"","overlay-gradient":""}},"ast-content-background-meta":{"desktop":{"background-color":"var(--ast-global-color-5)","background-image":"","background-repeat":"repeat","background-position":"center center","background-size":"auto","background-attachment":"scroll","background-type":"","background-media":"","overlay-type":"","overlay-color":"","overlay-opacity":"","overlay-gradient":""},"tablet":{"background-color":"var(--ast-global-color-5)","background-image":"","background-repeat":"repeat","background-position":"center center","background-size":"auto","background-attachment":"scroll","background-type":"","background-media":"","overlay-type":"","overlay-color":"","overlay-opacity":"","overlay-gradient":""},"mobile":{"background-color":"var(--ast-global-color-5)","background-image":"","background-repeat":"repeat","background-position":"center center","background-size":"auto","background-attachment":"scroll","background-type":"","background-media":"","overlay-type":"","overlay-color":"","overlay-opacity":"","overlay-gradient":""}}},"product_cat":[30],"product_tag":[43,62,89],"woo-feed-brand":[],"class_list":{"0":"post-5918","1":"product","2":"type-product","3":"status-publish","4":"has-post-thumbnail","6":"product_cat-sterowniki","7":"product_tag-automatyka","8":"product_tag-klimakonwektor","9":"product_tag-sterownik","10":"product_shipping_class-torba_papierowa_mala","11":"desktop-align-left","12":"tablet-align-left","13":"mobile-align-left","14":"ast-product-gallery-layout-horizontal","15":"ast-product-gallery-with-no-image","16":"ast-magnify-disabled","17":"ast-product-tabs-layout-horizontal","19":"first","20":"instock","21":"featured","22":"taxable","23":"shipping-taxable","24":"purchasable","25":"product-type-simple"},"yoast_head":"<!-- This site is optimized with the Yoast SEO plugin v23.3 - https:\/\/yoast.com\/wordpress\/plugins\/seo\/ -->\n<title>Sterownik Klimakonwektora wFC.101 (8xDI, 8xDO, 4xTI, 4xAI, 4xAO) - Najlepsza Cena w Sklep Wayy<\/title>\n<meta name=\"description\" content=\"Wayy.pl \u27a4 Tw\u00f3j sklep z automatyk\u0105 przemys\u0142ow\u0105 \u2714\ufe0f Sterownik klimakonwektora wFC.101 \u2714\ufe0f Pe\u0142ne wsparcie techniczne i 6 lat gwarancji \u2714\ufe0f Zapraszamy!\" \/>\n<meta name=\"robots\" content=\"index, follow, max-snippet:-1, max-image-preview:large, max-video-preview:-1\" \/>\n<link rel=\"canonical\" href=\"https:\/\/wayy.pl\/sklep\/produkt\/sterownik-klimakonwektora-wfc-101-8xdi-8xro-4xti-4xai-4xao\/\" \/>\n<meta property=\"og:locale\" content=\"pl_PL\" \/>\n<meta property=\"og:type\" content=\"article\" \/>\n<meta property=\"og:title\" content=\"Sterownik Klimakonwektora wFC.101 (8xDI, 8xDO, 4xTI, 4xAI, 4xAO) - Najlepsza Cena w Sklep Wayy\" \/>\n<meta property=\"og:description\" content=\"Wayy.pl \u27a4 Tw\u00f3j sklep z automatyk\u0105 przemys\u0142ow\u0105 \u2714\ufe0f Sterownik klimakonwektora wFC.101 \u2714\ufe0f Pe\u0142ne wsparcie techniczne i 6 lat gwarancji \u2714\ufe0f Zapraszamy!\" \/>\n<meta property=\"og:url\" content=\"https:\/\/wayy.pl\/sklep\/produkt\/sterownik-klimakonwektora-wfc-101-8xdi-8xro-4xti-4xai-4xao\/\" \/>\n<meta property=\"og:site_name\" content=\"Sklep Wayy\" \/>\n<meta property=\"article:modified_time\" content=\"2026-02-17T09:36:31+00:00\" \/>\n<meta property=\"og:image\" content=\"https:\/\/wayy.pl\/sklep\/wp-content\/uploads\/sites\/17\/2023\/02\/Sterownik-wFC-101.webp\" \/>\n\t<meta property=\"og:image:width\" content=\"600\" \/>\n\t<meta property=\"og:image:height\" content=\"600\" \/>\n\t<meta property=\"og:image:type\" content=\"image\/webp\" \/>\n<meta name=\"twitter:card\" content=\"summary_large_image\" \/>\n<meta name=\"twitter:label1\" content=\"Szacowany czas czytania\" \/>\n\t<meta name=\"twitter:data1\" content=\"2 minuty\" \/>\n<script type=\"application\/ld+json\" class=\"yoast-schema-graph\">{\"@context\":\"https:\/\/schema.org\",\"@graph\":[{\"@type\":\"WebPage\",\"@id\":\"https:\/\/wayy.pl\/sklep\/produkt\/sterownik-klimakonwektora-wfc-101-8xdi-8xro-4xti-4xai-4xao\/\",\"url\":\"https:\/\/wayy.pl\/sklep\/produkt\/sterownik-klimakonwektora-wfc-101-8xdi-8xro-4xti-4xai-4xao\/\",\"name\":\"Sterownik Klimakonwektora wFC.101 (8xDI, 8xDO, 4xTI, 4xAI, 4xAO) - Najlepsza Cena w Sklep Wayy\",\"isPartOf\":{\"@id\":\"https:\/\/wayy.pl\/sklep\/#website\"},\"primaryImageOfPage\":{\"@id\":\"https:\/\/wayy.pl\/sklep\/produkt\/sterownik-klimakonwektora-wfc-101-8xdi-8xro-4xti-4xai-4xao\/#primaryimage\"},\"image\":{\"@id\":\"https:\/\/wayy.pl\/sklep\/produkt\/sterownik-klimakonwektora-wfc-101-8xdi-8xro-4xti-4xai-4xao\/#primaryimage\"},\"thumbnailUrl\":\"https:\/\/wayy.pl\/sklep\/wp-content\/uploads\/sites\/17\/2023\/02\/Sterownik-wFC-101.webp\",\"datePublished\":\"2021-04-20T22:54:40+00:00\",\"dateModified\":\"2026-02-17T09:36:31+00:00\",\"description\":\"Wayy.pl \u27a4 Tw\u00f3j sklep z automatyk\u0105 przemys\u0142ow\u0105 \u2714\ufe0f Sterownik klimakonwektora wFC.101 \u2714\ufe0f Pe\u0142ne wsparcie techniczne i 6 lat gwarancji \u2714\ufe0f Zapraszamy!\",\"breadcrumb\":{\"@id\":\"https:\/\/wayy.pl\/sklep\/produkt\/sterownik-klimakonwektora-wfc-101-8xdi-8xro-4xti-4xai-4xao\/#breadcrumb\"},\"inLanguage\":\"pl-PL\",\"potentialAction\":[{\"@type\":\"ReadAction\",\"target\":[\"https:\/\/wayy.pl\/sklep\/produkt\/sterownik-klimakonwektora-wfc-101-8xdi-8xro-4xti-4xai-4xao\/\"]}]},{\"@type\":\"ImageObject\",\"inLanguage\":\"pl-PL\",\"@id\":\"https:\/\/wayy.pl\/sklep\/produkt\/sterownik-klimakonwektora-wfc-101-8xdi-8xro-4xti-4xai-4xao\/#primaryimage\",\"url\":\"https:\/\/wayy.pl\/sklep\/wp-content\/uploads\/sites\/17\/2023\/02\/Sterownik-wFC-101.webp\",\"contentUrl\":\"https:\/\/wayy.pl\/sklep\/wp-content\/uploads\/sites\/17\/2023\/02\/Sterownik-wFC-101.webp\",\"width\":600,\"height\":600,\"caption\":\"sterownik-klimakonwektora-wfc101\"},{\"@type\":\"BreadcrumbList\",\"@id\":\"https:\/\/wayy.pl\/sklep\/produkt\/sterownik-klimakonwektora-wfc-101-8xdi-8xro-4xti-4xai-4xao\/#breadcrumb\",\"itemListElement\":[{\"@type\":\"ListItem\",\"position\":1,\"name\":\"Automatyka przemys\u0142owa\",\"item\":\"https:\/\/wayy.pl\/sklep\/\"},{\"@type\":\"ListItem\",\"position\":2,\"name\":\"Produkty\",\"item\":\"https:\/\/wayy.pl\/sklep\/shop\/\"},{\"@type\":\"ListItem\",\"position\":3,\"name\":\"Sterowniki\",\"item\":\"https:\/\/wayy.pl\/sklep\/kategoria-produktu\/sterowniki\/\"},{\"@type\":\"ListItem\",\"position\":4,\"name\":\"Sterownik klimakonwektora wFC.101 (8xDI, 8xDO, 4xTI, 4xAI, 4xAO)\"}]},{\"@type\":\"WebSite\",\"@id\":\"https:\/\/wayy.pl\/sklep\/#website\",\"url\":\"https:\/\/wayy.pl\/sklep\/\",\"name\":\"Sklep Wayy\",\"description\":\"Automatyka przemys\u0142owa. 6 lat gwarancji.\",\"publisher\":{\"@id\":\"https:\/\/wayy.pl\/sklep\/#organization\"},\"potentialAction\":[{\"@type\":\"SearchAction\",\"target\":{\"@type\":\"EntryPoint\",\"urlTemplate\":\"https:\/\/wayy.pl\/sklep\/?s={search_term_string}\"},\"query-input\":\"required name=search_term_string\"}],\"inLanguage\":\"pl-PL\"},{\"@type\":\"Organization\",\"@id\":\"https:\/\/wayy.pl\/sklep\/#organization\",\"name\":\"Wayy - automatyka przemys\u0142owa\",\"url\":\"https:\/\/wayy.pl\/sklep\/\",\"logo\":{\"@type\":\"ImageObject\",\"inLanguage\":\"pl-PL\",\"@id\":\"https:\/\/wayy.pl\/sklep\/#\/schema\/logo\/image\/\",\"url\":\"https:\/\/wayy.pl\/sklep\/wp-content\/uploads\/sites\/17\/2021\/03\/wayy.png\",\"contentUrl\":\"https:\/\/wayy.pl\/sklep\/wp-content\/uploads\/sites\/17\/2021\/03\/wayy.png\",\"width\":1001,\"height\":352,\"caption\":\"Wayy - automatyka przemys\u0142owa\"},\"image\":{\"@id\":\"https:\/\/wayy.pl\/sklep\/#\/schema\/logo\/image\/\"},\"sameAs\":[\"https:\/\/www.linkedin.com\/company\/klimat-solec\",\"https:\/\/www.youtube.com\/user\/KlimatSolec\"]}]}<\/script>\n<!-- \/ Yoast SEO plugin. -->","yoast_head_json":{"title":"Sterownik Klimakonwektora wFC.101 (8xDI, 8xDO, 4xTI, 4xAI, 4xAO) - Najlepsza Cena w Sklep Wayy","description":"Wayy.pl \u27a4 Tw\u00f3j sklep z automatyk\u0105 przemys\u0142ow\u0105 \u2714\ufe0f Sterownik klimakonwektora wFC.101 \u2714\ufe0f Pe\u0142ne wsparcie techniczne i 6 lat gwarancji \u2714\ufe0f Zapraszamy!","robots":{"index":"index","follow":"follow","max-snippet":"max-snippet:-1","max-image-preview":"max-image-preview:large","max-video-preview":"max-video-preview:-1"},"canonical":"https:\/\/wayy.pl\/sklep\/produkt\/sterownik-klimakonwektora-wfc-101-8xdi-8xro-4xti-4xai-4xao\/","og_locale":"pl_PL","og_type":"article","og_title":"Sterownik Klimakonwektora wFC.101 (8xDI, 8xDO, 4xTI, 4xAI, 4xAO) - Najlepsza Cena w Sklep Wayy","og_description":"Wayy.pl \u27a4 Tw\u00f3j sklep z automatyk\u0105 przemys\u0142ow\u0105 \u2714\ufe0f Sterownik klimakonwektora wFC.101 \u2714\ufe0f Pe\u0142ne wsparcie techniczne i 6 lat gwarancji \u2714\ufe0f Zapraszamy!","og_url":"https:\/\/wayy.pl\/sklep\/produkt\/sterownik-klimakonwektora-wfc-101-8xdi-8xro-4xti-4xai-4xao\/","og_site_name":"Sklep Wayy","article_modified_time":"2026-02-17T09:36:31+00:00","og_image":[{"width":600,"height":600,"url":"https:\/\/wayy.pl\/sklep\/wp-content\/uploads\/sites\/17\/2023\/02\/Sterownik-wFC-101.webp","type":"image\/webp"}],"twitter_card":"summary_large_image","twitter_misc":{"Szacowany czas czytania":"2 minuty"},"schema":{"@context":"https:\/\/schema.org","@graph":[{"@type":"WebPage","@id":"https:\/\/wayy.pl\/sklep\/produkt\/sterownik-klimakonwektora-wfc-101-8xdi-8xro-4xti-4xai-4xao\/","url":"https:\/\/wayy.pl\/sklep\/produkt\/sterownik-klimakonwektora-wfc-101-8xdi-8xro-4xti-4xai-4xao\/","name":"Sterownik Klimakonwektora wFC.101 (8xDI, 8xDO, 4xTI, 4xAI, 4xAO) - Najlepsza Cena w Sklep Wayy","isPartOf":{"@id":"https:\/\/wayy.pl\/sklep\/#website"},"primaryImageOfPage":{"@id":"https:\/\/wayy.pl\/sklep\/produkt\/sterownik-klimakonwektora-wfc-101-8xdi-8xro-4xti-4xai-4xao\/#primaryimage"},"image":{"@id":"https:\/\/wayy.pl\/sklep\/produkt\/sterownik-klimakonwektora-wfc-101-8xdi-8xro-4xti-4xai-4xao\/#primaryimage"},"thumbnailUrl":"https:\/\/wayy.pl\/sklep\/wp-content\/uploads\/sites\/17\/2023\/02\/Sterownik-wFC-101.webp","datePublished":"2021-04-20T22:54:40+00:00","dateModified":"2026-02-17T09:36:31+00:00","description":"Wayy.pl \u27a4 Tw\u00f3j sklep z automatyk\u0105 przemys\u0142ow\u0105 \u2714\ufe0f Sterownik klimakonwektora wFC.101 \u2714\ufe0f Pe\u0142ne wsparcie techniczne i 6 lat gwarancji \u2714\ufe0f Zapraszamy!","breadcrumb":{"@id":"https:\/\/wayy.pl\/sklep\/produkt\/sterownik-klimakonwektora-wfc-101-8xdi-8xro-4xti-4xai-4xao\/#breadcrumb"},"inLanguage":"pl-PL","potentialAction":[{"@type":"ReadAction","target":["https:\/\/wayy.pl\/sklep\/produkt\/sterownik-klimakonwektora-wfc-101-8xdi-8xro-4xti-4xai-4xao\/"]}]},{"@type":"ImageObject","inLanguage":"pl-PL","@id":"https:\/\/wayy.pl\/sklep\/produkt\/sterownik-klimakonwektora-wfc-101-8xdi-8xro-4xti-4xai-4xao\/#primaryimage","url":"https:\/\/wayy.pl\/sklep\/wp-content\/uploads\/sites\/17\/2023\/02\/Sterownik-wFC-101.webp","contentUrl":"https:\/\/wayy.pl\/sklep\/wp-content\/uploads\/sites\/17\/2023\/02\/Sterownik-wFC-101.webp","width":600,"height":600,"caption":"sterownik-klimakonwektora-wfc101"},{"@type":"BreadcrumbList","@id":"https:\/\/wayy.pl\/sklep\/produkt\/sterownik-klimakonwektora-wfc-101-8xdi-8xro-4xti-4xai-4xao\/#breadcrumb","itemListElement":[{"@type":"ListItem","position":1,"name":"Automatyka przemys\u0142owa","item":"https:\/\/wayy.pl\/sklep\/"},{"@type":"ListItem","position":2,"name":"Produkty","item":"https:\/\/wayy.pl\/sklep\/shop\/"},{"@type":"ListItem","position":3,"name":"Sterowniki","item":"https:\/\/wayy.pl\/sklep\/kategoria-produktu\/sterowniki\/"},{"@type":"ListItem","position":4,"name":"Sterownik klimakonwektora wFC.101 (8xDI, 8xDO, 4xTI, 4xAI, 4xAO)"}]},{"@type":"WebSite","@id":"https:\/\/wayy.pl\/sklep\/#website","url":"https:\/\/wayy.pl\/sklep\/","name":"Sklep Wayy","description":"Automatyka przemys\u0142owa. 6 lat gwarancji.","publisher":{"@id":"https:\/\/wayy.pl\/sklep\/#organization"},"potentialAction":[{"@type":"SearchAction","target":{"@type":"EntryPoint","urlTemplate":"https:\/\/wayy.pl\/sklep\/?s={search_term_string}"},"query-input":"required name=search_term_string"}],"inLanguage":"pl-PL"},{"@type":"Organization","@id":"https:\/\/wayy.pl\/sklep\/#organization","name":"Wayy - automatyka przemys\u0142owa","url":"https:\/\/wayy.pl\/sklep\/","logo":{"@type":"ImageObject","inLanguage":"pl-PL","@id":"https:\/\/wayy.pl\/sklep\/#\/schema\/logo\/image\/","url":"https:\/\/wayy.pl\/sklep\/wp-content\/uploads\/sites\/17\/2021\/03\/wayy.png","contentUrl":"https:\/\/wayy.pl\/sklep\/wp-content\/uploads\/sites\/17\/2021\/03\/wayy.png","width":1001,"height":352,"caption":"Wayy - automatyka przemys\u0142owa"},"image":{"@id":"https:\/\/wayy.pl\/sklep\/#\/schema\/logo\/image\/"},"sameAs":["https:\/\/www.linkedin.com\/company\/klimat-solec","https:\/\/www.youtube.com\/user\/KlimatSolec"]}]}},"tiered_pricing_type":"fixed","tiered_pricing_fixed_rules":[],"tiered_pricing_product_settings":{"layout":"default","base_unit_name":{"singular":null,"plural":null},"default_variation":null},"tiered_pricing_minimum_quantity":1,"tiered_pricing_roles_data":[],"tiered_pricing_percentage_rules":[],"_links":{"self":[{"href":"https:\/\/wayy.pl\/sklep\/wp-json\/wp\/v2\/product\/5918"}],"collection":[{"href":"https:\/\/wayy.pl\/sklep\/wp-json\/wp\/v2\/product"}],"about":[{"href":"https:\/\/wayy.pl\/sklep\/wp-json\/wp\/v2\/types\/product"}],"wp:featuredmedia":[{"embeddable":true,"href":"https:\/\/wayy.pl\/sklep\/wp-json\/wp\/v2\/media\/9475"}],"wp:attachment":[{"href":"https:\/\/wayy.pl\/sklep\/wp-json\/wp\/v2\/media?parent=5918"}],"wp:term":[{"taxonomy":"product_cat","embeddable":true,"href":"https:\/\/wayy.pl\/sklep\/wp-json\/wp\/v2\/product_cat?post=5918"},{"taxonomy":"product_tag","embeddable":true,"href":"https:\/\/wayy.pl\/sklep\/wp-json\/wp\/v2\/product_tag?post=5918"},{"taxonomy":"woo-feed-brand","embeddable":true,"href":"https:\/\/wayy.pl\/sklep\/wp-json\/wp\/v2\/woo-feed-brand?post=5918"}],"curies":[{"name":"wp","href":"https:\/\/api.w.org\/{rel}","templated":true}]}}