{"id":5919,"date":"2021-04-21T01:27:18","date_gmt":"2021-04-20T23:27:18","guid":{"rendered":"http:\/\/wayy.pl\/sklep\/?post_type=product&#038;p=5919"},"modified":"2026-04-10T08:17:25","modified_gmt":"2026-04-10T06:17:25","slug":"panel-dotykowy-klimakonwektora-wfci-102-28","status":"publish","type":"product","link":"https:\/\/wayy.pl\/sklep\/produkt\/panel-dotykowy-klimakonwektora-wfci-102-28\/","title":{"rendered":"Panel dotykowy klimakonwektora wFCI.102.28"},"content":{"rendered":"<p><strong>Panel dotykowy klimakonwektora to g\u0142\u00f3wny element uk\u0142adu sterowania<\/strong>. Przy jego pomocy mo\u017cliwe jest sprawowanie kontroli nad ca\u0142\u0105 instalacj\u0105, a tak\u017ce jej optymalizacja pod wzgl\u0119dem energetycznym. Po w\u0142\u0105czeniu zasilania panel klimakonwektora zaczyna dzia\u0142a\u0107 zgodnie z umieszczonym w jego pami\u0119ci algorytmem. Komunikuje si\u0119 z urz\u0105dzeniami podleg\u0142ymi, odczytuj\u0105c i zapisuj\u0105c dane, kt\u00f3re udost\u0119pnia u\u017cytkownikom na interfejsie graficznym. Zmiana warto\u015bci wybranych parametr\u00f3w nast\u0119puje w\u0142a\u015bnie poprzez niego.<\/p>\n<h2>Panel dotykowy klimakonwektora wFCI.102.28 &#8211; budowa, monta\u017c, dzia\u0142anie<\/h2>\n<p><strong>Panele dotykowe klimakonwektora wFCI.102.28 maj\u0105 obudow\u0119 przystosowan\u0105 do monta\u017cu m.in. w puszce podtynkowej<\/strong>. Sk\u0142adaj\u0105 si\u0119 z dw\u00f3ch element\u00f3w: modu\u0142u urz\u0105dzenia oraz ramki zewn\u0119trznej, kt\u00f3re s\u0105 po\u0142\u0105czone za pomoc\u0105 rzepu 3M Dual Lock.<\/p>\n<p>Przed zamontowaniem urz\u0105dzenia trzeba pod\u0142\u0105czy\u0107 do niego przewody, a nast\u0119pnie umie\u015bci\u0107 je w znajduj\u0105cej si\u0119 w \u015bcianie puszce podtynkowej i dokr\u0119ci\u0107 \u015brubki. Demonta\u017c jest r\u00f3wnie prosty i polega na zdj\u0119ciu ramki poprzez jej podwa\u017cenie z jednej strony a\u017c do momentu wyczepienia rzep\u00f3w. Nast\u0119pnie wystarczy zdj\u0105\u0107 ramk\u0119, odkr\u0119ci\u0107 \u015bruby mocuj\u0105ce modu\u0142 do puszki podtynkowej, wysun\u0105\u0107 je z niej i od\u0142\u0105czy\u0107 przewody.<\/p>\n<p><strong>Dotykowy panel do klimakonwektora wFCI.102.28 komunikuje si\u0119 ze sterownikiem klimakonwektora,<\/strong> przekazuj\u0105c zmiany nastaw dokonywanych w jego menu za pomoc\u0105 interfejsu graficznego. Pilot za pomoc\u0105 intuicyjnego interfejsu pozwala na dost\u0119p do wszystkich parametr\u00f3w systemu. Poprzez zmian\u0119 warto\u015bci wybranych parametr\u00f3w u\u017cytkownik mo\u017ce wp\u0142ywa\u0107 na funkcjonowanie systemu.<\/p>\n<p><strong>Z poziomu panela mo\u017cemy dokona\u0107 zmian parametr\u00f3w steruj\u0105cych klimakonwektorem m.in. takich jak<\/strong>:<\/p>\n<ul>\n<li>w\u0142\u0105czenie i wy\u0142\u0105czenie klimakonwektora,<\/li>\n<li>zmiana zadanej temperatury,<\/li>\n<li>zmiana biegu wentylatora.<\/li>\n<\/ul>\n<p>W naszej ofercie dost\u0119pne s\u0105 r\u00f3wnie\u017c inne <a href=\"\/sklep\/\/kategoria-produktu\/panele\/\">panele HMI operatorskie<\/a>, np. <a href=\"\/sklep\/\/produkt\/panel-dotykowy-w-hmi\/\">panel dotykowy HMI<\/a>. Posiadamy bogat\u0105 ofert\u0119 <a href=\"\/sklep\">automatyki przemys\u0142owej<\/a>, s\u0142u\u017c\u0105c\u0105 do regulowania pracy maszyn i urz\u0105dze\u0144, w tym <a href=\"\/sklep\/kategoria-produktu\/moduly-2\/\">modu\u0142y steruj\u0105ce<\/a> wielu rodzaj\u00f3w. Zapraszamy do zapoznania si\u0119 z naszymi propozycjami!<\/p>\n<div class=\"elementor-column-wrap elementor-element-populated\">\n<div class=\"elementor-widget-wrap\">\n<div class=\"elementor-element elementor-element-476ceb32 elementor-widget elementor-widget-text-editor\" data-id=\"476ceb32\" data-element_type=\"widget\" data-widget_type=\"text-editor.default\">\n<div class=\"elementor-widget-container optml-bg-lazyloaded\">\n<div class=\"elementor-text-editor elementor-clearfix\">\n<hr \/>\n<p><span style=\"color: #000000;\"><strong>Tego potrzebujesz do konfiguracji panelu<\/strong><\/span><\/p>\n<p>&nbsp;<\/p>\n<p><a href=\"http:\/\/wayy.pl\/sklep\/produkt\/zasilacz\/\"><img decoding=\"async\" class=\"alignnone size-full wp-image-5688 hvr-grow\" src=\"https:\/\/wayy.pl\/sklep\/wp-content\/uploads\/sites\/17\/2021\/03\/150px-zasilacz.jpg\" alt=\"\" width=\"150\" height=\"150\" srcset=\"https:\/\/wayy.pl\/sklep\/wp-content\/uploads\/sites\/17\/2021\/03\/150px-zasilacz.jpg 150w, https:\/\/wayy.pl\/sklep\/wp-content\/uploads\/sites\/17\/2021\/03\/150px-zasilacz-100x100.jpg 100w\" sizes=\"(max-width: 150px) 100vw, 150px\" \/><\/a> <a href=\"https:\/\/wayy.pl\/sklep\/produkt\/przewod-zasilajaco-transmisyjny-bit-liycy-uv-2x2x05mm2-2\/\"><img decoding=\"async\" class=\"alignnone size-full wp-image-5679 hvr-grow\" src=\"https:\/\/wayy.pl\/sklep\/wp-content\/uploads\/sites\/17\/2021\/03\/150px-przewod-zas-trans.jpg\" alt=\"\" width=\"150\" height=\"150\" srcset=\"https:\/\/wayy.pl\/sklep\/wp-content\/uploads\/sites\/17\/2021\/03\/150px-przewod-zas-trans.jpg 150w, https:\/\/wayy.pl\/sklep\/wp-content\/uploads\/sites\/17\/2021\/03\/150px-przewod-zas-trans-100x100.jpg 100w\" sizes=\"(max-width: 150px) 100vw, 150px\" \/><\/a><\/p>\n<\/div>\n<\/div>\n<\/div>\n<\/div>\n<\/div>\n<div class=\"elementor-column elementor-col-100 elementor-inner-column elementor-element elementor-element-31c20c01\" data-id=\"31c20c01\" data-element_type=\"column\"><\/div>\n","protected":false},"excerpt":{"rendered":"<ul>\n<li><strong>cena przy ilo\u015bci: 2+\u00a0 \u00a0 \u00a0495 PLN <\/strong>+ 23% VAT \/ szt.<\/li>\n<li><strong>cena przy ilo\u015bci: 6+\u00a0 \u00a0 \u00a0481 PLN <\/strong>+ 23% VAT \/ szt.<\/li>\n<li><strong>cena przy ilo\u015bci: 11+\u00a0 \u00a0468 PLN <\/strong>+ 23% VAT \/ szt.<\/li>\n<li><strong>cena przy ilo\u015bci: 21+\u00a0 \u00a0454 PLN <\/strong>+ 23% VAT \/ szt.<\/li>\n<\/ul>\n<p><img fetchpriority=\"high\" decoding=\"async\" class=\"alignnone wp-image-10156 size-full\" src=\"https:\/\/wayy.pl\/sklep\/wp-content\/uploads\/sites\/17\/2023\/05\/baner.jpg\" alt=\"\" width=\"1200\" height=\"300\" \/><\/p>\n","protected":false},"featured_media":11312,"template":"","meta":{"site-sidebar-layout":"default","site-content-layout":"default","ast-site-content-layout":"default","site-content-style":"default","site-sidebar-style":"default","ast-global-header-display":"","ast-banner-title-visibility":"","ast-main-header-display":"","ast-hfb-above-header-display":"","ast-hfb-below-header-display":"","ast-hfb-mobile-header-display":"","site-post-title":"","ast-breadcrumbs-content":"","ast-featured-img":"","footer-sml-layout":"","theme-transparent-header-meta":"default","adv-header-id-meta":"","stick-header-meta":"default","header-above-stick-meta":"","header-main-stick-meta":"","header-below-stick-meta":"","astra-migrate-meta-layouts":"set","ast-page-background-enabled":"default","ast-page-background-meta":{"desktop":{"background-color":"","background-image":"","background-repeat":"repeat","background-position":"center center","background-size":"auto","background-attachment":"scroll","background-type":"","background-media":"","overlay-type":"","overlay-color":"","overlay-opacity":"","overlay-gradient":""},"tablet":{"background-color":"","background-image":"","background-repeat":"repeat","background-position":"center center","background-size":"auto","background-attachment":"scroll","background-type":"","background-media":"","overlay-type":"","overlay-color":"","overlay-opacity":"","overlay-gradient":""},"mobile":{"background-color":"","background-image":"","background-repeat":"repeat","background-position":"center center","background-size":"auto","background-attachment":"scroll","background-type":"","background-media":"","overlay-type":"","overlay-color":"","overlay-opacity":"","overlay-gradient":""}},"ast-content-background-meta":{"desktop":{"background-color":"var(--ast-global-color-5)","background-image":"","background-repeat":"repeat","background-position":"center center","background-size":"auto","background-attachment":"scroll","background-type":"","background-media":"","overlay-type":"","overlay-color":"","overlay-opacity":"","overlay-gradient":""},"tablet":{"background-color":"var(--ast-global-color-5)","background-image":"","background-repeat":"repeat","background-position":"center center","background-size":"auto","background-attachment":"scroll","background-type":"","background-media":"","overlay-type":"","overlay-color":"","overlay-opacity":"","overlay-gradient":""},"mobile":{"background-color":"var(--ast-global-color-5)","background-image":"","background-repeat":"repeat","background-position":"center center","background-size":"auto","background-attachment":"scroll","background-type":"","background-media":"","overlay-type":"","overlay-color":"","overlay-opacity":"","overlay-gradient":""}}},"product_cat":[32],"product_tag":[43,62,90,89],"woo-feed-brand":[],"class_list":{"0":"post-5919","1":"product","2":"type-product","3":"status-publish","4":"has-post-thumbnail","6":"product_cat-panele","7":"product_tag-automatyka","8":"product_tag-klimakonwektor","9":"product_tag-panel","10":"product_tag-sterownik","11":"product_shipping_class-torba_papierowa_mala","12":"desktop-align-left","13":"tablet-align-left","14":"mobile-align-left","15":"ast-product-gallery-layout-horizontal","16":"ast-magnify-disabled","17":"ast-product-tabs-layout-horizontal","19":"first","20":"instock","21":"featured","22":"taxable","23":"shipping-taxable","24":"purchasable","25":"product-type-simple"},"yoast_head":"<!-- This site is optimized with the Yoast SEO plugin v23.3 - https:\/\/yoast.com\/wordpress\/plugins\/seo\/ -->\n<title>Panel dotykowy klimakonwektora wFCI.102.28. Polski produkt. 6 lat gwarancji - Najlepsza Cena w Sklep Wayy<\/title>\n<meta name=\"description\" content=\"Wayy.pl \u27a4 Tw\u00f3j sklep z automatyk\u0105 przemys\u0142ow\u0105 \u2714\ufe0f Dotykowy panel klimakonwektora wFCI 102.28 \u2714\ufe0f Pe\u0142ne wsparcie techniczne i 6 lat gwarancji \u2714\ufe0f Zapraszamy!\" \/>\n<meta name=\"robots\" content=\"index, follow, max-snippet:-1, max-image-preview:large, max-video-preview:-1\" \/>\n<link rel=\"canonical\" href=\"https:\/\/wayy.pl\/sklep\/produkt\/panel-dotykowy-klimakonwektora-wfci-102-28\/\" \/>\n<meta property=\"og:locale\" content=\"pl_PL\" \/>\n<meta property=\"og:type\" content=\"article\" \/>\n<meta property=\"og:title\" content=\"Panel dotykowy klimakonwektora wFCI.102.28. Polski produkt. 6 lat gwarancji - Najlepsza Cena w Sklep Wayy\" \/>\n<meta property=\"og:description\" content=\"Wayy.pl \u27a4 Tw\u00f3j sklep z automatyk\u0105 przemys\u0142ow\u0105 \u2714\ufe0f Dotykowy panel klimakonwektora wFCI 102.28 \u2714\ufe0f Pe\u0142ne wsparcie techniczne i 6 lat gwarancji \u2714\ufe0f Zapraszamy!\" \/>\n<meta property=\"og:url\" content=\"https:\/\/wayy.pl\/sklep\/produkt\/panel-dotykowy-klimakonwektora-wfci-102-28\/\" \/>\n<meta property=\"og:site_name\" content=\"Sklep Wayy\" \/>\n<meta property=\"article:modified_time\" content=\"2026-04-10T06:17:25+00:00\" \/>\n<meta property=\"og:image\" content=\"https:\/\/wayy.pl\/sklep\/wp-content\/uploads\/sites\/17\/2021\/04\/produkty_01.jpg\" \/>\n\t<meta property=\"og:image:width\" content=\"1200\" \/>\n\t<meta property=\"og:image:height\" content=\"1200\" \/>\n\t<meta property=\"og:image:type\" content=\"image\/jpeg\" \/>\n<meta name=\"twitter:card\" content=\"summary_large_image\" \/>\n<meta name=\"twitter:label1\" content=\"Szacowany czas czytania\" \/>\n\t<meta name=\"twitter:data1\" content=\"1 minuta\" \/>\n<script type=\"application\/ld+json\" class=\"yoast-schema-graph\">{\"@context\":\"https:\/\/schema.org\",\"@graph\":[{\"@type\":\"WebPage\",\"@id\":\"https:\/\/wayy.pl\/sklep\/produkt\/panel-dotykowy-klimakonwektora-wfci-102-28\/\",\"url\":\"https:\/\/wayy.pl\/sklep\/produkt\/panel-dotykowy-klimakonwektora-wfci-102-28\/\",\"name\":\"Panel dotykowy klimakonwektora wFCI.102.28. Polski produkt. 6 lat gwarancji - Najlepsza Cena w Sklep Wayy\",\"isPartOf\":{\"@id\":\"https:\/\/wayy.pl\/sklep\/#website\"},\"primaryImageOfPage\":{\"@id\":\"https:\/\/wayy.pl\/sklep\/produkt\/panel-dotykowy-klimakonwektora-wfci-102-28\/#primaryimage\"},\"image\":{\"@id\":\"https:\/\/wayy.pl\/sklep\/produkt\/panel-dotykowy-klimakonwektora-wfci-102-28\/#primaryimage\"},\"thumbnailUrl\":\"https:\/\/wayy.pl\/sklep\/wp-content\/uploads\/sites\/17\/2021\/04\/produkty_01.jpg\",\"datePublished\":\"2021-04-20T23:27:18+00:00\",\"dateModified\":\"2026-04-10T06:17:25+00:00\",\"description\":\"Wayy.pl \u27a4 Tw\u00f3j sklep z automatyk\u0105 przemys\u0142ow\u0105 \u2714\ufe0f Dotykowy panel klimakonwektora wFCI 102.28 \u2714\ufe0f Pe\u0142ne wsparcie techniczne i 6 lat gwarancji \u2714\ufe0f Zapraszamy!\",\"breadcrumb\":{\"@id\":\"https:\/\/wayy.pl\/sklep\/produkt\/panel-dotykowy-klimakonwektora-wfci-102-28\/#breadcrumb\"},\"inLanguage\":\"pl-PL\",\"potentialAction\":[{\"@type\":\"ReadAction\",\"target\":[\"https:\/\/wayy.pl\/sklep\/produkt\/panel-dotykowy-klimakonwektora-wfci-102-28\/\"]}]},{\"@type\":\"ImageObject\",\"inLanguage\":\"pl-PL\",\"@id\":\"https:\/\/wayy.pl\/sklep\/produkt\/panel-dotykowy-klimakonwektora-wfci-102-28\/#primaryimage\",\"url\":\"https:\/\/wayy.pl\/sklep\/wp-content\/uploads\/sites\/17\/2021\/04\/produkty_01.jpg\",\"contentUrl\":\"https:\/\/wayy.pl\/sklep\/wp-content\/uploads\/sites\/17\/2021\/04\/produkty_01.jpg\",\"width\":1200,\"height\":1200},{\"@type\":\"BreadcrumbList\",\"@id\":\"https:\/\/wayy.pl\/sklep\/produkt\/panel-dotykowy-klimakonwektora-wfci-102-28\/#breadcrumb\",\"itemListElement\":[{\"@type\":\"ListItem\",\"position\":1,\"name\":\"Automatyka przemys\u0142owa\",\"item\":\"https:\/\/wayy.pl\/sklep\/\"},{\"@type\":\"ListItem\",\"position\":2,\"name\":\"Produkty\",\"item\":\"https:\/\/wayy.pl\/sklep\/shop\/\"},{\"@type\":\"ListItem\",\"position\":3,\"name\":\"Panele dotykowe\",\"item\":\"https:\/\/wayy.pl\/sklep\/kategoria-produktu\/panele\/\"},{\"@type\":\"ListItem\",\"position\":4,\"name\":\"Panel dotykowy klimakonwektora wFCI.102.28\"}]},{\"@type\":\"WebSite\",\"@id\":\"https:\/\/wayy.pl\/sklep\/#website\",\"url\":\"https:\/\/wayy.pl\/sklep\/\",\"name\":\"Sklep Wayy\",\"description\":\"Automatyka przemys\u0142owa. 6 lat gwarancji.\",\"publisher\":{\"@id\":\"https:\/\/wayy.pl\/sklep\/#organization\"},\"potentialAction\":[{\"@type\":\"SearchAction\",\"target\":{\"@type\":\"EntryPoint\",\"urlTemplate\":\"https:\/\/wayy.pl\/sklep\/?s={search_term_string}\"},\"query-input\":\"required name=search_term_string\"}],\"inLanguage\":\"pl-PL\"},{\"@type\":\"Organization\",\"@id\":\"https:\/\/wayy.pl\/sklep\/#organization\",\"name\":\"Wayy - automatyka przemys\u0142owa\",\"url\":\"https:\/\/wayy.pl\/sklep\/\",\"logo\":{\"@type\":\"ImageObject\",\"inLanguage\":\"pl-PL\",\"@id\":\"https:\/\/wayy.pl\/sklep\/#\/schema\/logo\/image\/\",\"url\":\"https:\/\/wayy.pl\/sklep\/wp-content\/uploads\/sites\/17\/2021\/03\/wayy.png\",\"contentUrl\":\"https:\/\/wayy.pl\/sklep\/wp-content\/uploads\/sites\/17\/2021\/03\/wayy.png\",\"width\":1001,\"height\":352,\"caption\":\"Wayy - automatyka przemys\u0142owa\"},\"image\":{\"@id\":\"https:\/\/wayy.pl\/sklep\/#\/schema\/logo\/image\/\"},\"sameAs\":[\"https:\/\/www.linkedin.com\/company\/klimat-solec\",\"https:\/\/www.youtube.com\/user\/KlimatSolec\"]}]}<\/script>\n<!-- \/ Yoast SEO plugin. -->","yoast_head_json":{"title":"Panel dotykowy klimakonwektora wFCI.102.28. Polski produkt. 6 lat gwarancji - Najlepsza Cena w Sklep Wayy","description":"Wayy.pl \u27a4 Tw\u00f3j sklep z automatyk\u0105 przemys\u0142ow\u0105 \u2714\ufe0f Dotykowy panel klimakonwektora wFCI 102.28 \u2714\ufe0f Pe\u0142ne wsparcie techniczne i 6 lat gwarancji \u2714\ufe0f Zapraszamy!","robots":{"index":"index","follow":"follow","max-snippet":"max-snippet:-1","max-image-preview":"max-image-preview:large","max-video-preview":"max-video-preview:-1"},"canonical":"https:\/\/wayy.pl\/sklep\/produkt\/panel-dotykowy-klimakonwektora-wfci-102-28\/","og_locale":"pl_PL","og_type":"article","og_title":"Panel dotykowy klimakonwektora wFCI.102.28. Polski produkt. 6 lat gwarancji - Najlepsza Cena w Sklep Wayy","og_description":"Wayy.pl \u27a4 Tw\u00f3j sklep z automatyk\u0105 przemys\u0142ow\u0105 \u2714\ufe0f Dotykowy panel klimakonwektora wFCI 102.28 \u2714\ufe0f Pe\u0142ne wsparcie techniczne i 6 lat gwarancji \u2714\ufe0f Zapraszamy!","og_url":"https:\/\/wayy.pl\/sklep\/produkt\/panel-dotykowy-klimakonwektora-wfci-102-28\/","og_site_name":"Sklep Wayy","article_modified_time":"2026-04-10T06:17:25+00:00","og_image":[{"width":1200,"height":1200,"url":"https:\/\/wayy.pl\/sklep\/wp-content\/uploads\/sites\/17\/2021\/04\/produkty_01.jpg","type":"image\/jpeg"}],"twitter_card":"summary_large_image","twitter_misc":{"Szacowany czas czytania":"1 minuta"},"schema":{"@context":"https:\/\/schema.org","@graph":[{"@type":"WebPage","@id":"https:\/\/wayy.pl\/sklep\/produkt\/panel-dotykowy-klimakonwektora-wfci-102-28\/","url":"https:\/\/wayy.pl\/sklep\/produkt\/panel-dotykowy-klimakonwektora-wfci-102-28\/","name":"Panel dotykowy klimakonwektora wFCI.102.28. Polski produkt. 6 lat gwarancji - Najlepsza Cena w Sklep Wayy","isPartOf":{"@id":"https:\/\/wayy.pl\/sklep\/#website"},"primaryImageOfPage":{"@id":"https:\/\/wayy.pl\/sklep\/produkt\/panel-dotykowy-klimakonwektora-wfci-102-28\/#primaryimage"},"image":{"@id":"https:\/\/wayy.pl\/sklep\/produkt\/panel-dotykowy-klimakonwektora-wfci-102-28\/#primaryimage"},"thumbnailUrl":"https:\/\/wayy.pl\/sklep\/wp-content\/uploads\/sites\/17\/2021\/04\/produkty_01.jpg","datePublished":"2021-04-20T23:27:18+00:00","dateModified":"2026-04-10T06:17:25+00:00","description":"Wayy.pl \u27a4 Tw\u00f3j sklep z automatyk\u0105 przemys\u0142ow\u0105 \u2714\ufe0f Dotykowy panel klimakonwektora wFCI 102.28 \u2714\ufe0f Pe\u0142ne wsparcie techniczne i 6 lat gwarancji \u2714\ufe0f Zapraszamy!","breadcrumb":{"@id":"https:\/\/wayy.pl\/sklep\/produkt\/panel-dotykowy-klimakonwektora-wfci-102-28\/#breadcrumb"},"inLanguage":"pl-PL","potentialAction":[{"@type":"ReadAction","target":["https:\/\/wayy.pl\/sklep\/produkt\/panel-dotykowy-klimakonwektora-wfci-102-28\/"]}]},{"@type":"ImageObject","inLanguage":"pl-PL","@id":"https:\/\/wayy.pl\/sklep\/produkt\/panel-dotykowy-klimakonwektora-wfci-102-28\/#primaryimage","url":"https:\/\/wayy.pl\/sklep\/wp-content\/uploads\/sites\/17\/2021\/04\/produkty_01.jpg","contentUrl":"https:\/\/wayy.pl\/sklep\/wp-content\/uploads\/sites\/17\/2021\/04\/produkty_01.jpg","width":1200,"height":1200},{"@type":"BreadcrumbList","@id":"https:\/\/wayy.pl\/sklep\/produkt\/panel-dotykowy-klimakonwektora-wfci-102-28\/#breadcrumb","itemListElement":[{"@type":"ListItem","position":1,"name":"Automatyka przemys\u0142owa","item":"https:\/\/wayy.pl\/sklep\/"},{"@type":"ListItem","position":2,"name":"Produkty","item":"https:\/\/wayy.pl\/sklep\/shop\/"},{"@type":"ListItem","position":3,"name":"Panele dotykowe","item":"https:\/\/wayy.pl\/sklep\/kategoria-produktu\/panele\/"},{"@type":"ListItem","position":4,"name":"Panel dotykowy klimakonwektora wFCI.102.28"}]},{"@type":"WebSite","@id":"https:\/\/wayy.pl\/sklep\/#website","url":"https:\/\/wayy.pl\/sklep\/","name":"Sklep Wayy","description":"Automatyka przemys\u0142owa. 6 lat gwarancji.","publisher":{"@id":"https:\/\/wayy.pl\/sklep\/#organization"},"potentialAction":[{"@type":"SearchAction","target":{"@type":"EntryPoint","urlTemplate":"https:\/\/wayy.pl\/sklep\/?s={search_term_string}"},"query-input":"required name=search_term_string"}],"inLanguage":"pl-PL"},{"@type":"Organization","@id":"https:\/\/wayy.pl\/sklep\/#organization","name":"Wayy - automatyka przemys\u0142owa","url":"https:\/\/wayy.pl\/sklep\/","logo":{"@type":"ImageObject","inLanguage":"pl-PL","@id":"https:\/\/wayy.pl\/sklep\/#\/schema\/logo\/image\/","url":"https:\/\/wayy.pl\/sklep\/wp-content\/uploads\/sites\/17\/2021\/03\/wayy.png","contentUrl":"https:\/\/wayy.pl\/sklep\/wp-content\/uploads\/sites\/17\/2021\/03\/wayy.png","width":1001,"height":352,"caption":"Wayy - automatyka przemys\u0142owa"},"image":{"@id":"https:\/\/wayy.pl\/sklep\/#\/schema\/logo\/image\/"},"sameAs":["https:\/\/www.linkedin.com\/company\/klimat-solec","https:\/\/www.youtube.com\/user\/KlimatSolec"]}]}},"tiered_pricing_type":"fixed","tiered_pricing_fixed_rules":[],"tiered_pricing_product_settings":{"layout":"default","base_unit_name":{"singular":null,"plural":null},"default_variation":null},"tiered_pricing_minimum_quantity":1,"tiered_pricing_roles_data":[],"tiered_pricing_percentage_rules":[],"_links":{"self":[{"href":"https:\/\/wayy.pl\/sklep\/wp-json\/wp\/v2\/product\/5919"}],"collection":[{"href":"https:\/\/wayy.pl\/sklep\/wp-json\/wp\/v2\/product"}],"about":[{"href":"https:\/\/wayy.pl\/sklep\/wp-json\/wp\/v2\/types\/product"}],"wp:featuredmedia":[{"embeddable":true,"href":"https:\/\/wayy.pl\/sklep\/wp-json\/wp\/v2\/media\/11312"}],"wp:attachment":[{"href":"https:\/\/wayy.pl\/sklep\/wp-json\/wp\/v2\/media?parent=5919"}],"wp:term":[{"taxonomy":"product_cat","embeddable":true,"href":"https:\/\/wayy.pl\/sklep\/wp-json\/wp\/v2\/product_cat?post=5919"},{"taxonomy":"product_tag","embeddable":true,"href":"https:\/\/wayy.pl\/sklep\/wp-json\/wp\/v2\/product_tag?post=5919"},{"taxonomy":"woo-feed-brand","embeddable":true,"href":"https:\/\/wayy.pl\/sklep\/wp-json\/wp\/v2\/woo-feed-brand?post=5919"}],"curies":[{"name":"wp","href":"https:\/\/api.w.org\/{rel}","templated":true}]}}