{"id":5920,"date":"2021-04-21T01:55:23","date_gmt":"2021-04-20T23:55:23","guid":{"rendered":"http:\/\/wayy.pl\/sklep\/?post_type=product&#038;p=5920"},"modified":"2026-01-10T12:03:12","modified_gmt":"2026-01-10T11:03:12","slug":"zestaw-bezprzewodowego-sterowania-klimakonwektorem","status":"publish","type":"product","link":"https:\/\/wayy.pl\/sklep\/produkt\/zestaw-bezprzewodowego-sterowania-klimakonwektorem\/","title":{"rendered":"Zestaw bezprzewodowego sterowania klimakonwektorem + sterownik klimakonwektora"},"content":{"rendered":"<div class=\"elementor-column elementor-col-100 elementor-inner-column elementor-element elementor-element-31c20c01\" data-id=\"31c20c01\" data-element_type=\"column\">\n<div class=\"elementor-column-wrap elementor-element-populated\">\n<div class=\"elementor-widget-wrap\">\n<div class=\"elementor-element elementor-element-476ceb32 elementor-widget elementor-widget-text-editor\" data-id=\"476ceb32\" data-element_type=\"widget\" data-widget_type=\"text-editor.default\">\n<div class=\"elementor-widget-container optml-bg-lazyloaded\">\n<div class=\"elementor-text-editor elementor-clearfix\" style=\"color: black\">\n<p><strong>Zestaw do bezprzewodowego sterowania klimakonwektorem zawiera<\/strong>: sterownik, modu\u0142 odbiorczy podczerwieni oraz pilot. Modu\u0142 odbiornika podczerwieni komunikuje si\u0119 ze <a href=\"\/sklep\/\/produkt\/sterownik-klimakonwektora-wfc-101-8xdi-8xro-4xti-4xai-4xao\/\">sterownikiem klimakonwektora<\/a>, przekazuj\u0105c zmiany nastaw dokonywanych za pomoc\u0105 pilota. Pilot poprzez intuicyjny interfejs pozwala na dost\u0119p do parametr\u00f3w systemu. Poprzez zmian\u0119 warto\u015bci wybranych parametr\u00f3w u\u017cytkownik mo\u017ce wp\u0142ywa\u0107 na funkcjonowanie systemu.<\/p>\n<h2>Zasada dzia\u0142ania zestawu bezprzewodowego do sterowania klimakonwektorem<\/h2>\n<p><strong>Z poziomu pilota mo\u017cemy wykonywa\u0107 sterowanie klimakonwektorem w zakresie zmian nast\u0119puj\u0105cych parametr\u00f3w<\/strong>:<\/p>\n<ul>\n<li>w\u0142\u0105czenie i wy\u0142\u0105czenie klimakonwektora,<\/li>\n<li>zmiana zadanej temperatury,<\/li>\n<li>zmiana biegu wentylatora,<\/li>\n<li>zmiana trybu pracy klimakonwektora.<\/li>\n<\/ul>\n<p><strong>W sterowniku klimakonwektora znajduje si\u0119 program konfigurowalny<\/strong> oraz mo\u017ce znajdowa\u0107 si\u0119 dodatkowy program swobodnie programowalny. Cz\u0119\u015b\u0107 konfigurowalna zawiera program obs\u0142uguj\u0105cy funkcje klimakonwektora. Program swobodnie programowalny mo\u017ce s\u0142u\u017cy\u0107 do rozwini\u0119cia funkcjonalno\u015bci sterownika. <strong>Ustawienia programu konfigurowalnego dost\u0119pne s\u0105 poprzez magistral\u0119 RS485 i protok\u00f3\u0142 Modbus RTU<\/strong> lub ekran dotykowy. Program umieszczony w cz\u0119\u015bci swobodnie programowalnej sterownika W.FC.101 mo\u017ce korzysta\u0107 z wybranych stan\u00f3w parametr\u00f3w programu konfigurowalnego oraz z przypisanych mu wej\u015b\u0107 i wyj\u015b\u0107.<\/p>\n<p><strong>Zestaw do sterowania klimakonwektorem zawiera<\/strong>:<\/p>\n<ul>\n<li>8 wej\u015b\u0107 cyfrowych, w tym 3 wej\u015bcia zdefiniowane i 5 wej\u015b\u0107 swobodnie programowalnych,<\/li>\n<li>8 wyj\u015b\u0107 przeka\u017anikowych w tym 5 wyj\u015b\u0107 zdefiniowanych i 3 swobodnie programowalne,<\/li>\n<li>4 wej\u015bcia temperaturowe NTC 10k w tym 2 wej\u015bcia zdefiniowane i 2 swobodnie programowalne,<\/li>\n<li>4 wej\u015bcia analogowe 0-10V swobodnie programowalne,<\/li>\n<li>4 wyj\u015bcia analogowe 0-10V w tym 2 wej\u015bcia zdefiniowane i 2 swobodnie programowalne,<\/li>\n<li>Zasilanie 22\u202626 V DC,<\/li>\n<li>Modbus RTU Master i Slave.<\/li>\n<\/ul>\n<p><strong>Urz\u0105dzenia umo\u017cliwiaj\u0105ce bezprzewodowe sterowanie klimakonwektorem<\/strong> to nie jedyna <a href=\"\/sklep\">automatyka przemys\u0142owa<\/a> z naszej oferty. Posiadamy wiele element\u00f3w s\u0142u\u017c\u0105cych do regulowania pracy r\u00f3\u017cnych sprz\u0119t\u00f3w i maszyn, np. <a href=\"\/sklep\/kategoria-produktu\/sterowniki\/\">sterowniki PLC<\/a>, w tym<a href=\"\/sklep\/\/produkt\/sterownik-swobodnie-programowalny-w-plc\/\"> sterownik swobodnie programowalny<\/a>. Zapraszamy!<\/p>\n<hr \/>\n<p><span style=\"color: #000000\"><strong>Tego potrzebujesz do konfiguracji sterownika<\/strong><\/span><\/p>\n<p>&nbsp;<\/p>\n<p><a href=\"http:\/\/wayy.pl\/sklep\/produkt\/konwerter-usb-rs485-ch340-modbus-profibus-plc\/\"><img decoding=\"async\" class=\"alignnone size-full wp-image-5692 hvr-grow\" src=\"https:\/\/wayy.pl\/sklep\/wp-content\/uploads\/sites\/17\/2021\/03\/150px-konwerter-USB.jpg\" alt=\"\" width=\"150\" height=\"150\" srcset=\"https:\/\/wayy.pl\/sklep\/wp-content\/uploads\/sites\/17\/2021\/03\/150px-konwerter-USB.jpg 150w, https:\/\/wayy.pl\/sklep\/wp-content\/uploads\/sites\/17\/2021\/03\/150px-konwerter-USB-100x100.jpg 100w\" sizes=\"(max-width: 150px) 100vw, 150px\" \/><\/a><a href=\"http:\/\/wayy.pl\/sklep\/produkt\/zasilacz\/\"><img decoding=\"async\" class=\"alignnone size-full wp-image-5688 hvr-grow\" src=\"https:\/\/wayy.pl\/sklep\/wp-content\/uploads\/sites\/17\/2021\/03\/150px-zasilacz.jpg\" alt=\"\" width=\"150\" height=\"150\" srcset=\"https:\/\/wayy.pl\/sklep\/wp-content\/uploads\/sites\/17\/2021\/03\/150px-zasilacz.jpg 150w, https:\/\/wayy.pl\/sklep\/wp-content\/uploads\/sites\/17\/2021\/03\/150px-zasilacz-100x100.jpg 100w\" sizes=\"(max-width: 150px) 100vw, 150px\" \/><\/a> <a href=\"https:\/\/wayy.pl\/sklep\/produkt\/przewod-zasilajaco-transmisyjny-bit-liycy-uv-2x2x05mm2-2\/\"><img decoding=\"async\" class=\"alignnone size-full wp-image-5679 hvr-grow\" src=\"https:\/\/wayy.pl\/sklep\/wp-content\/uploads\/sites\/17\/2021\/03\/150px-przewod-zas-trans.jpg\" alt=\"\" width=\"150\" height=\"150\" srcset=\"https:\/\/wayy.pl\/sklep\/wp-content\/uploads\/sites\/17\/2021\/03\/150px-przewod-zas-trans.jpg 150w, https:\/\/wayy.pl\/sklep\/wp-content\/uploads\/sites\/17\/2021\/03\/150px-przewod-zas-trans-100x100.jpg 100w\" sizes=\"(max-width: 150px) 100vw, 150px\" \/><\/a><\/p>\n<\/div>\n<\/div>\n<\/div>\n<\/div>\n<\/div>\n<\/div>\n","protected":false},"excerpt":{"rendered":"<ul>\n<li><strong>cena przy ilo\u015bci: 2+\u00a0 \u00a0 \u00a01092 PLN <\/strong>+ 23% VAT \/ szt.<\/li>\n<li><strong>cena przy ilo\u015bci: 6+\u00a0 \u00a0 \u00a01024 PLN <\/strong>+ 23% VAT \/ szt.<\/li>\n<li><strong>cena przy ilo\u015bci: 11+\u00a0 \u00a0978 PLN <\/strong>+ 23% VAT \/ szt.<\/li>\n<li><strong>cena przy ilo\u015bci: 21+\u00a0 \u00a0902 PLN <\/strong>+ 23% VAT \/ szt.<\/li>\n<\/ul>\n<p><span style=\"font-size: 16px\">Zestaw do sterowania klimakonwektorem zawiera: sterownik, modu\u0142 odbiorczy podczerwieni oraz pilot.<\/span><\/p>\n<p><img loading=\"lazy\" decoding=\"async\" class=\"alignnone size-full wp-image-7471\" src=\"https:\/\/wayy.pl\/sklep\/wp-content\/uploads\/sites\/17\/2022\/02\/paypro-banerek.jpg\" alt=\"\" width=\"841\" height=\"86\" \/><\/p>\n","protected":false},"featured_media":9473,"template":"","meta":{"site-sidebar-layout":"default","site-content-layout":"default","ast-site-content-layout":"","site-content-style":"default","site-sidebar-style":"default","ast-global-header-display":"","ast-banner-title-visibility":"","ast-main-header-display":"","ast-hfb-above-header-display":"","ast-hfb-below-header-display":"","ast-hfb-mobile-header-display":"","site-post-title":"","ast-breadcrumbs-content":"","ast-featured-img":"","footer-sml-layout":"","theme-transparent-header-meta":"default","adv-header-id-meta":"","stick-header-meta":"default","header-above-stick-meta":"","header-main-stick-meta":"","header-below-stick-meta":"","astra-migrate-meta-layouts":"default","ast-page-background-enabled":"default","ast-page-background-meta":{"desktop":{"background-color":"","background-image":"","background-repeat":"repeat","background-position":"center center","background-size":"auto","background-attachment":"scroll","background-type":"","background-media":"","overlay-type":"","overlay-color":"","overlay-opacity":"","overlay-gradient":""},"tablet":{"background-color":"","background-image":"","background-repeat":"repeat","background-position":"center center","background-size":"auto","background-attachment":"scroll","background-type":"","background-media":"","overlay-type":"","overlay-color":"","overlay-opacity":"","overlay-gradient":""},"mobile":{"background-color":"","background-image":"","background-repeat":"repeat","background-position":"center center","background-size":"auto","background-attachment":"scroll","background-type":"","background-media":"","overlay-type":"","overlay-color":"","overlay-opacity":"","overlay-gradient":""}},"ast-content-background-meta":{"desktop":{"background-color":"var(--ast-global-color-5)","background-image":"","background-repeat":"repeat","background-position":"center center","background-size":"auto","background-attachment":"scroll","background-type":"","background-media":"","overlay-type":"","overlay-color":"","overlay-opacity":"","overlay-gradient":""},"tablet":{"background-color":"var(--ast-global-color-5)","background-image":"","background-repeat":"repeat","background-position":"center center","background-size":"auto","background-attachment":"scroll","background-type":"","background-media":"","overlay-type":"","overlay-color":"","overlay-opacity":"","overlay-gradient":""},"mobile":{"background-color":"var(--ast-global-color-5)","background-image":"","background-repeat":"repeat","background-position":"center center","background-size":"auto","background-attachment":"scroll","background-type":"","background-media":"","overlay-type":"","overlay-color":"","overlay-opacity":"","overlay-gradient":""}}},"product_cat":[96,30],"product_tag":[43,62,90,89],"woo-feed-brand":[],"class_list":{"0":"post-5920","1":"product","2":"type-product","3":"status-publish","4":"has-post-thumbnail","6":"product_cat-moduly-sterujace-urzadzeniami","7":"product_cat-sterowniki","8":"product_tag-automatyka","9":"product_tag-klimakonwektor","10":"product_tag-panel","11":"product_tag-sterownik","12":"product_shipping_class-torba_papierowa_duza","13":"desktop-align-left","14":"tablet-align-left","15":"mobile-align-left","16":"ast-product-gallery-layout-horizontal","17":"ast-magnify-disabled","18":"ast-product-tabs-layout-horizontal","20":"first","21":"instock","22":"featured","23":"taxable","24":"shipping-taxable","25":"purchasable","26":"product-type-simple"},"yoast_head":"<!-- This site is optimized with the Yoast SEO plugin v23.3 - https:\/\/yoast.com\/wordpress\/plugins\/seo\/ -->\n<title>Zestaw Bezprzewodowego Sterowania Klimakonwektorem + Sterownik Klimakonwektora - Najlepsza Cena w Sklep Wayy<\/title>\n<meta name=\"description\" content=\"Wayy.pl \u27a4 Tw\u00f3j sklep z automatyk\u0105 przemys\u0142ow\u0105 \u2714\ufe0f Sterowniki programowalne logiczne PLC \u2714\ufe0f Pe\u0142ne wsparcie techniczne i 6 lat gwarancji \u2714\ufe0f Zapraszamy!\" \/>\n<meta name=\"robots\" content=\"index, follow, max-snippet:-1, max-image-preview:large, max-video-preview:-1\" \/>\n<link rel=\"canonical\" href=\"https:\/\/wayy.pl\/sklep\/produkt\/zestaw-bezprzewodowego-sterowania-klimakonwektorem\/\" \/>\n<meta property=\"og:locale\" content=\"pl_PL\" \/>\n<meta property=\"og:type\" content=\"article\" \/>\n<meta property=\"og:title\" content=\"Zestaw Bezprzewodowego Sterowania Klimakonwektorem + Sterownik Klimakonwektora - Najlepsza Cena w Sklep Wayy\" \/>\n<meta property=\"og:description\" content=\"Wayy.pl \u27a4 Tw\u00f3j sklep z automatyk\u0105 przemys\u0142ow\u0105 \u2714\ufe0f Sterowniki programowalne logiczne PLC \u2714\ufe0f Pe\u0142ne wsparcie techniczne i 6 lat gwarancji \u2714\ufe0f Zapraszamy!\" \/>\n<meta property=\"og:url\" content=\"https:\/\/wayy.pl\/sklep\/produkt\/zestaw-bezprzewodowego-sterowania-klimakonwektorem\/\" \/>\n<meta property=\"og:site_name\" content=\"Sklep Wayy\" \/>\n<meta property=\"article:modified_time\" content=\"2026-01-10T11:03:12+00:00\" \/>\n<meta property=\"og:image\" content=\"https:\/\/wayy.pl\/sklep\/wp-content\/uploads\/sites\/17\/2023\/02\/zestaw-bezprzewodowego-sterowania-klimakonwektorem.webp\" \/>\n\t<meta property=\"og:image:width\" content=\"600\" \/>\n\t<meta property=\"og:image:height\" content=\"600\" \/>\n\t<meta property=\"og:image:type\" content=\"image\/webp\" \/>\n<meta name=\"twitter:card\" content=\"summary_large_image\" \/>\n<meta name=\"twitter:label1\" content=\"Szacowany czas czytania\" \/>\n\t<meta name=\"twitter:data1\" content=\"2 minuty\" \/>\n<script type=\"application\/ld+json\" class=\"yoast-schema-graph\">{\"@context\":\"https:\/\/schema.org\",\"@graph\":[{\"@type\":\"WebPage\",\"@id\":\"https:\/\/wayy.pl\/sklep\/produkt\/zestaw-bezprzewodowego-sterowania-klimakonwektorem\/\",\"url\":\"https:\/\/wayy.pl\/sklep\/produkt\/zestaw-bezprzewodowego-sterowania-klimakonwektorem\/\",\"name\":\"Zestaw Bezprzewodowego Sterowania Klimakonwektorem + Sterownik Klimakonwektora - Najlepsza Cena w Sklep Wayy\",\"isPartOf\":{\"@id\":\"https:\/\/wayy.pl\/sklep\/#website\"},\"primaryImageOfPage\":{\"@id\":\"https:\/\/wayy.pl\/sklep\/produkt\/zestaw-bezprzewodowego-sterowania-klimakonwektorem\/#primaryimage\"},\"image\":{\"@id\":\"https:\/\/wayy.pl\/sklep\/produkt\/zestaw-bezprzewodowego-sterowania-klimakonwektorem\/#primaryimage\"},\"thumbnailUrl\":\"https:\/\/wayy.pl\/sklep\/wp-content\/uploads\/sites\/17\/2023\/02\/zestaw-bezprzewodowego-sterowania-klimakonwektorem.webp\",\"datePublished\":\"2021-04-20T23:55:23+00:00\",\"dateModified\":\"2026-01-10T11:03:12+00:00\",\"description\":\"Wayy.pl \u27a4 Tw\u00f3j sklep z automatyk\u0105 przemys\u0142ow\u0105 \u2714\ufe0f Sterowniki programowalne logiczne PLC \u2714\ufe0f Pe\u0142ne wsparcie techniczne i 6 lat gwarancji \u2714\ufe0f Zapraszamy!\",\"breadcrumb\":{\"@id\":\"https:\/\/wayy.pl\/sklep\/produkt\/zestaw-bezprzewodowego-sterowania-klimakonwektorem\/#breadcrumb\"},\"inLanguage\":\"pl-PL\",\"potentialAction\":[{\"@type\":\"ReadAction\",\"target\":[\"https:\/\/wayy.pl\/sklep\/produkt\/zestaw-bezprzewodowego-sterowania-klimakonwektorem\/\"]}]},{\"@type\":\"ImageObject\",\"inLanguage\":\"pl-PL\",\"@id\":\"https:\/\/wayy.pl\/sklep\/produkt\/zestaw-bezprzewodowego-sterowania-klimakonwektorem\/#primaryimage\",\"url\":\"https:\/\/wayy.pl\/sklep\/wp-content\/uploads\/sites\/17\/2023\/02\/zestaw-bezprzewodowego-sterowania-klimakonwektorem.webp\",\"contentUrl\":\"https:\/\/wayy.pl\/sklep\/wp-content\/uploads\/sites\/17\/2023\/02\/zestaw-bezprzewodowego-sterowania-klimakonwektorem.webp\",\"width\":600,\"height\":600,\"caption\":\"zestaw bezprzewodowego sterowania klimakonwektorem\"},{\"@type\":\"BreadcrumbList\",\"@id\":\"https:\/\/wayy.pl\/sklep\/produkt\/zestaw-bezprzewodowego-sterowania-klimakonwektorem\/#breadcrumb\",\"itemListElement\":[{\"@type\":\"ListItem\",\"position\":1,\"name\":\"Automatyka przemys\u0142owa\",\"item\":\"https:\/\/wayy.pl\/sklep\/\"},{\"@type\":\"ListItem\",\"position\":2,\"name\":\"Produkty\",\"item\":\"https:\/\/wayy.pl\/sklep\/shop\/\"},{\"@type\":\"ListItem\",\"position\":3,\"name\":\"Sterowniki\",\"item\":\"https:\/\/wayy.pl\/sklep\/kategoria-produktu\/sterowniki\/\"},{\"@type\":\"ListItem\",\"position\":4,\"name\":\"Zestaw bezprzewodowego sterowania klimakonwektorem + sterownik klimakonwektora\"}]},{\"@type\":\"WebSite\",\"@id\":\"https:\/\/wayy.pl\/sklep\/#website\",\"url\":\"https:\/\/wayy.pl\/sklep\/\",\"name\":\"Sklep Wayy\",\"description\":\"Automatyka przemys\u0142owa. 6 lat gwarancji.\",\"publisher\":{\"@id\":\"https:\/\/wayy.pl\/sklep\/#organization\"},\"potentialAction\":[{\"@type\":\"SearchAction\",\"target\":{\"@type\":\"EntryPoint\",\"urlTemplate\":\"https:\/\/wayy.pl\/sklep\/?s={search_term_string}\"},\"query-input\":\"required name=search_term_string\"}],\"inLanguage\":\"pl-PL\"},{\"@type\":\"Organization\",\"@id\":\"https:\/\/wayy.pl\/sklep\/#organization\",\"name\":\"Wayy - automatyka przemys\u0142owa\",\"url\":\"https:\/\/wayy.pl\/sklep\/\",\"logo\":{\"@type\":\"ImageObject\",\"inLanguage\":\"pl-PL\",\"@id\":\"https:\/\/wayy.pl\/sklep\/#\/schema\/logo\/image\/\",\"url\":\"https:\/\/wayy.pl\/sklep\/wp-content\/uploads\/sites\/17\/2021\/03\/wayy.png\",\"contentUrl\":\"https:\/\/wayy.pl\/sklep\/wp-content\/uploads\/sites\/17\/2021\/03\/wayy.png\",\"width\":1001,\"height\":352,\"caption\":\"Wayy - automatyka przemys\u0142owa\"},\"image\":{\"@id\":\"https:\/\/wayy.pl\/sklep\/#\/schema\/logo\/image\/\"},\"sameAs\":[\"https:\/\/www.linkedin.com\/company\/klimat-solec\",\"https:\/\/www.youtube.com\/user\/KlimatSolec\"]}]}<\/script>\n<!-- \/ Yoast SEO plugin. -->","yoast_head_json":{"title":"Zestaw Bezprzewodowego Sterowania Klimakonwektorem + Sterownik Klimakonwektora - Najlepsza Cena w Sklep Wayy","description":"Wayy.pl \u27a4 Tw\u00f3j sklep z automatyk\u0105 przemys\u0142ow\u0105 \u2714\ufe0f Sterowniki programowalne logiczne PLC \u2714\ufe0f Pe\u0142ne wsparcie techniczne i 6 lat gwarancji \u2714\ufe0f Zapraszamy!","robots":{"index":"index","follow":"follow","max-snippet":"max-snippet:-1","max-image-preview":"max-image-preview:large","max-video-preview":"max-video-preview:-1"},"canonical":"https:\/\/wayy.pl\/sklep\/produkt\/zestaw-bezprzewodowego-sterowania-klimakonwektorem\/","og_locale":"pl_PL","og_type":"article","og_title":"Zestaw Bezprzewodowego Sterowania Klimakonwektorem + Sterownik Klimakonwektora - Najlepsza Cena w Sklep Wayy","og_description":"Wayy.pl \u27a4 Tw\u00f3j sklep z automatyk\u0105 przemys\u0142ow\u0105 \u2714\ufe0f Sterowniki programowalne logiczne PLC \u2714\ufe0f Pe\u0142ne wsparcie techniczne i 6 lat gwarancji \u2714\ufe0f Zapraszamy!","og_url":"https:\/\/wayy.pl\/sklep\/produkt\/zestaw-bezprzewodowego-sterowania-klimakonwektorem\/","og_site_name":"Sklep Wayy","article_modified_time":"2026-01-10T11:03:12+00:00","og_image":[{"width":600,"height":600,"url":"https:\/\/wayy.pl\/sklep\/wp-content\/uploads\/sites\/17\/2023\/02\/zestaw-bezprzewodowego-sterowania-klimakonwektorem.webp","type":"image\/webp"}],"twitter_card":"summary_large_image","twitter_misc":{"Szacowany czas czytania":"2 minuty"},"schema":{"@context":"https:\/\/schema.org","@graph":[{"@type":"WebPage","@id":"https:\/\/wayy.pl\/sklep\/produkt\/zestaw-bezprzewodowego-sterowania-klimakonwektorem\/","url":"https:\/\/wayy.pl\/sklep\/produkt\/zestaw-bezprzewodowego-sterowania-klimakonwektorem\/","name":"Zestaw Bezprzewodowego Sterowania Klimakonwektorem + Sterownik Klimakonwektora - Najlepsza Cena w Sklep Wayy","isPartOf":{"@id":"https:\/\/wayy.pl\/sklep\/#website"},"primaryImageOfPage":{"@id":"https:\/\/wayy.pl\/sklep\/produkt\/zestaw-bezprzewodowego-sterowania-klimakonwektorem\/#primaryimage"},"image":{"@id":"https:\/\/wayy.pl\/sklep\/produkt\/zestaw-bezprzewodowego-sterowania-klimakonwektorem\/#primaryimage"},"thumbnailUrl":"https:\/\/wayy.pl\/sklep\/wp-content\/uploads\/sites\/17\/2023\/02\/zestaw-bezprzewodowego-sterowania-klimakonwektorem.webp","datePublished":"2021-04-20T23:55:23+00:00","dateModified":"2026-01-10T11:03:12+00:00","description":"Wayy.pl \u27a4 Tw\u00f3j sklep z automatyk\u0105 przemys\u0142ow\u0105 \u2714\ufe0f Sterowniki programowalne logiczne PLC \u2714\ufe0f Pe\u0142ne wsparcie techniczne i 6 lat gwarancji \u2714\ufe0f Zapraszamy!","breadcrumb":{"@id":"https:\/\/wayy.pl\/sklep\/produkt\/zestaw-bezprzewodowego-sterowania-klimakonwektorem\/#breadcrumb"},"inLanguage":"pl-PL","potentialAction":[{"@type":"ReadAction","target":["https:\/\/wayy.pl\/sklep\/produkt\/zestaw-bezprzewodowego-sterowania-klimakonwektorem\/"]}]},{"@type":"ImageObject","inLanguage":"pl-PL","@id":"https:\/\/wayy.pl\/sklep\/produkt\/zestaw-bezprzewodowego-sterowania-klimakonwektorem\/#primaryimage","url":"https:\/\/wayy.pl\/sklep\/wp-content\/uploads\/sites\/17\/2023\/02\/zestaw-bezprzewodowego-sterowania-klimakonwektorem.webp","contentUrl":"https:\/\/wayy.pl\/sklep\/wp-content\/uploads\/sites\/17\/2023\/02\/zestaw-bezprzewodowego-sterowania-klimakonwektorem.webp","width":600,"height":600,"caption":"zestaw bezprzewodowego sterowania klimakonwektorem"},{"@type":"BreadcrumbList","@id":"https:\/\/wayy.pl\/sklep\/produkt\/zestaw-bezprzewodowego-sterowania-klimakonwektorem\/#breadcrumb","itemListElement":[{"@type":"ListItem","position":1,"name":"Automatyka przemys\u0142owa","item":"https:\/\/wayy.pl\/sklep\/"},{"@type":"ListItem","position":2,"name":"Produkty","item":"https:\/\/wayy.pl\/sklep\/shop\/"},{"@type":"ListItem","position":3,"name":"Sterowniki","item":"https:\/\/wayy.pl\/sklep\/kategoria-produktu\/sterowniki\/"},{"@type":"ListItem","position":4,"name":"Zestaw bezprzewodowego sterowania klimakonwektorem + sterownik klimakonwektora"}]},{"@type":"WebSite","@id":"https:\/\/wayy.pl\/sklep\/#website","url":"https:\/\/wayy.pl\/sklep\/","name":"Sklep Wayy","description":"Automatyka przemys\u0142owa. 6 lat gwarancji.","publisher":{"@id":"https:\/\/wayy.pl\/sklep\/#organization"},"potentialAction":[{"@type":"SearchAction","target":{"@type":"EntryPoint","urlTemplate":"https:\/\/wayy.pl\/sklep\/?s={search_term_string}"},"query-input":"required name=search_term_string"}],"inLanguage":"pl-PL"},{"@type":"Organization","@id":"https:\/\/wayy.pl\/sklep\/#organization","name":"Wayy - automatyka przemys\u0142owa","url":"https:\/\/wayy.pl\/sklep\/","logo":{"@type":"ImageObject","inLanguage":"pl-PL","@id":"https:\/\/wayy.pl\/sklep\/#\/schema\/logo\/image\/","url":"https:\/\/wayy.pl\/sklep\/wp-content\/uploads\/sites\/17\/2021\/03\/wayy.png","contentUrl":"https:\/\/wayy.pl\/sklep\/wp-content\/uploads\/sites\/17\/2021\/03\/wayy.png","width":1001,"height":352,"caption":"Wayy - automatyka przemys\u0142owa"},"image":{"@id":"https:\/\/wayy.pl\/sklep\/#\/schema\/logo\/image\/"},"sameAs":["https:\/\/www.linkedin.com\/company\/klimat-solec","https:\/\/www.youtube.com\/user\/KlimatSolec"]}]}},"tiered_pricing_type":"fixed","tiered_pricing_fixed_rules":[],"tiered_pricing_product_settings":{"layout":"default","base_unit_name":{"singular":null,"plural":null},"default_variation":null},"tiered_pricing_minimum_quantity":1,"tiered_pricing_roles_data":[],"tiered_pricing_percentage_rules":[],"_links":{"self":[{"href":"https:\/\/wayy.pl\/sklep\/wp-json\/wp\/v2\/product\/5920"}],"collection":[{"href":"https:\/\/wayy.pl\/sklep\/wp-json\/wp\/v2\/product"}],"about":[{"href":"https:\/\/wayy.pl\/sklep\/wp-json\/wp\/v2\/types\/product"}],"wp:featuredmedia":[{"embeddable":true,"href":"https:\/\/wayy.pl\/sklep\/wp-json\/wp\/v2\/media\/9473"}],"wp:attachment":[{"href":"https:\/\/wayy.pl\/sklep\/wp-json\/wp\/v2\/media?parent=5920"}],"wp:term":[{"taxonomy":"product_cat","embeddable":true,"href":"https:\/\/wayy.pl\/sklep\/wp-json\/wp\/v2\/product_cat?post=5920"},{"taxonomy":"product_tag","embeddable":true,"href":"https:\/\/wayy.pl\/sklep\/wp-json\/wp\/v2\/product_tag?post=5920"},{"taxonomy":"woo-feed-brand","embeddable":true,"href":"https:\/\/wayy.pl\/sklep\/wp-json\/wp\/v2\/woo-feed-brand?post=5920"}],"curies":[{"name":"wp","href":"https:\/\/api.w.org\/{rel}","templated":true}]}}