{"id":6939,"date":"2021-11-04T00:30:10","date_gmt":"2021-11-03T23:30:10","guid":{"rendered":"https:\/\/wayy.pl\/sklep\/?post_type=product&#038;p=6939"},"modified":"2025-07-14T22:19:44","modified_gmt":"2025-07-14T20:19:44","slug":"podwojny-kanalowy-czujnik-temperatury-i-wilgotnosci-wths-202-du-zlacze-srubowe","status":"publish","type":"product","link":"https:\/\/wayy.pl\/sklep\/produkt\/podwojny-kanalowy-czujnik-temperatury-i-wilgotnosci-wths-202-du-zlacze-srubowe\/","title":{"rendered":"Podw\u00f3jny kana\u0142owy czujnik temperatury i wilgotno\u015bci wTHS.202.DU (z\u0142\u0105cze \u015brubowe)"},"content":{"rendered":"<div class=\"elementor-column elementor-col-100 elementor-inner-column elementor-element elementor-element-26a545b5\" data-id=\"26a545b5\" data-element_type=\"column\">\n<div class=\"elementor-column-wrap elementor-element-populated\">\n<div class=\"elementor-widget-wrap\">\n<div class=\"elementor-element elementor-element-43b9b5c2 elementor-widget elementor-widget-text-editor\" data-id=\"43b9b5c2\" data-element_type=\"widget\" data-widget_type=\"text-editor.default\">\n<div class=\"elementor-widget-container optml-bg-lazyloaded\">\n<div class=\"elementor-text-editor elementor-clearfix\">\n<p><span style=\"color: #000000;\">Kana\u0142owy czujnik temperatury i wilgotno\u015bci mo\u017ce by\u0107 zastosowany do kana\u0142\u00f3w powietrznych w instalacjach grzewczych, wentylacyjnych i klimatyzacyjnych. Czujnik jest kompatybilny z sensorami wTHS.101.DU.SENS i wTHS.201.DU.SENS.\u00a0<\/span><\/p>\n<p><span style=\"color: #000000;\">Czujnik dokonuje pomiaru temperatury i wilgotno\u015bci powietrza w kanale za pomoc\u0105 elementu pomiarowego, kt\u00f3rego sygna\u0142y wyj\u015bciowe zmieniaj\u0105 si\u0119 w funkcji temperatury i wilgotno\u015bci. Sygna\u0142y przetwarzane s\u0105 na warto\u015b\u0107 temperatury i wilgotno\u015bci i zapisywana w pami\u0119ci urz\u0105dzenia.\u00a0<\/span><\/p>\n<\/div>\n<ul>\n<li><span style=\"color: #000000;\">Aktywny czujnik do pomiaru temperatury i wilgotno\u015bci w kana\u0142ach powietrznych<\/span><\/li>\n<li><span style=\"color: #000000;\">Napi\u0119cie zasilania 22..26V DC<\/span><\/li>\n<li><span style=\"color: #000000;\">Modbus RTU Slave<\/span><\/li>\n<li><span style=\"color: #000000;\">Do 128 urz\u0105dze\u0144 na magistrali<\/span><\/li>\n<li><span style=\"color: #000000;\">Odporno\u015b\u0107 na warunki atmosferyczne IP 34 (stopie\u0144 ochrony IP 34 jest zapewniony tylko przy obudowie zamontowanej z\u0142\u0105czami \u015brubowymi skierowanymi w d\u00f3\u0142)<\/span><\/li>\n<\/ul>\n<p><span style=\"color: #000000;\"><strong>PARAMETRY CZUJNIKA TEMPERATURY:<\/strong><\/span><\/p>\n<ul>\n<li><span style=\"color: #000000;\">\u2007Zakres pomiarowy: -25,0\u2026+100,0 <sup>o<\/sup>C,<\/span><\/li>\n<li><span style=\"color: #000000;\">\u2007Rozdzielczo\u015b\u0107 pomiaru: 0,1 <sup>o<\/sup>C,<\/span><\/li>\n<li><span style=\"color: #000000;\">\u2007Dok\u0142adno\u015b\u0107 pomiaru (z o\ufb00set = 0,0 <sup>o<\/sup>C): \u00b10,6 <sup>o<\/sup>C,<\/span><\/li>\n<\/ul>\n<p><span style=\"color: #000000;\"><strong>PARAMETRY CZUJNIKA WILGOTNO\u015aCI WZGL\u0118DNEJ:<\/strong><\/span><\/p>\n<ul>\n<li><span style=\"color: #000000;\">\u2007Zakres pomiarowy: 0,0\u2026100,0 % r.h.,<\/span><\/li>\n<li><span style=\"color: #000000;\">\u2007Rozdzielczo\u015b\u0107 pomiaru: 0,1 % r.h.,<\/span><\/li>\n<li><span style=\"color: #000000;\">\u2007Dok\u0142adno\u015b\u0107 pomiaru (z o\ufb00set = 0,0 %) \u00b13%.<\/span><\/li>\n<\/ul>\n<p>Cena zawiera sam czujnik; nie zawiera sensor\u00f3w.<\/p>\n<p>&nbsp;<\/p>\n<hr \/>\n<\/div>\n<p><span style=\"color: #000000;\"><strong>Tego potrzebujesz do konfiguracji czujnika<\/strong><\/span><\/p>\n<p>&nbsp;<\/p>\n<p><a href=\"http:\/\/wayy.pl\/sklep\/produkt\/konwerter-usb-rs485-ch340-modbus-profibus-plc\/\"><img decoding=\"async\" class=\"alignnone size-full wp-image-5692 hvr-grow\" src=\"https:\/\/wayy.pl\/sklep\/wp-content\/uploads\/sites\/17\/2021\/03\/150px-konwerter-USB.jpg\" alt=\"\" width=\"150\" height=\"150\" srcset=\"https:\/\/wayy.pl\/sklep\/wp-content\/uploads\/sites\/17\/2021\/03\/150px-konwerter-USB.jpg 150w, https:\/\/wayy.pl\/sklep\/wp-content\/uploads\/sites\/17\/2021\/03\/150px-konwerter-USB-100x100.jpg 100w\" sizes=\"(max-width: 150px) 100vw, 150px\" \/><\/a><a href=\"http:\/\/wayy.pl\/sklep\/produkt\/zasilacz\/\"><img decoding=\"async\" class=\"alignnone size-full wp-image-5688 hvr-grow\" src=\"https:\/\/wayy.pl\/sklep\/wp-content\/uploads\/sites\/17\/2021\/03\/150px-zasilacz.jpg\" alt=\"\" width=\"150\" height=\"150\" srcset=\"https:\/\/wayy.pl\/sklep\/wp-content\/uploads\/sites\/17\/2021\/03\/150px-zasilacz.jpg 150w, https:\/\/wayy.pl\/sklep\/wp-content\/uploads\/sites\/17\/2021\/03\/150px-zasilacz-100x100.jpg 100w\" sizes=\"(max-width: 150px) 100vw, 150px\" \/><\/a> <a href=\"https:\/\/wayy.pl\/sklep\/produkt\/oprogramowanie-deviceconfigurator\/\"><img decoding=\"async\" class=\"alignnone size-full wp-image-5614 hvr-grow\" src=\"https:\/\/wayy.pl\/sklep\/wp-content\/uploads\/sites\/17\/2021\/03\/dc-150px.png\" alt=\"\" width=\"150\" height=\"150\" srcset=\"https:\/\/wayy.pl\/sklep\/wp-content\/uploads\/sites\/17\/2021\/03\/dc-150px.png 150w, https:\/\/wayy.pl\/sklep\/wp-content\/uploads\/sites\/17\/2021\/03\/dc-150px-100x100.png 100w\" sizes=\"(max-width: 150px) 100vw, 150px\" \/><\/a> <a href=\"https:\/\/wayy.pl\/sklep\/produkt\/przewod-zasilajaco-transmisyjny-bit-liycy-uv-2x2x05mm2-2\/\"><img loading=\"lazy\" decoding=\"async\" class=\"hvr-grow alignnone wp-image-5679 size-full\" src=\"https:\/\/wayy.pl\/sklep\/wp-content\/uploads\/sites\/17\/2021\/03\/150px-przewod-zas-trans.jpg\" alt=\"\" width=\"150\" height=\"150\" srcset=\"https:\/\/wayy.pl\/sklep\/wp-content\/uploads\/sites\/17\/2021\/03\/150px-przewod-zas-trans.jpg 150w, https:\/\/wayy.pl\/sklep\/wp-content\/uploads\/sites\/17\/2021\/03\/150px-przewod-zas-trans-100x100.jpg 100w\" sizes=\"(max-width: 150px) 100vw, 150px\" \/><\/a><\/p>\n<\/div>\n<div class=\"elementor-widget-container optml-bg-lazyloaded\">\n<p>&nbsp;<\/p>\n<hr \/>\n<\/div>\n<\/div>\n<\/div>\n<\/div>\n<p>&nbsp;<\/p>\n<p><img loading=\"lazy\" decoding=\"async\" class=\"alignnone wp-image-10156 size-full\" src=\"https:\/\/wayy.pl\/sklep\/wp-content\/uploads\/sites\/17\/2023\/05\/baner.jpg\" alt=\"\" width=\"1200\" height=\"300\" \/><\/p>\n","protected":false},"excerpt":{"rendered":"<ul>\n<li><strong>cena przy ilo\u015bci: 2+\u00a0 \u00a0\u00a0 323 PLN <\/strong>+ 23% VAT \/ szt.<\/li>\n<li><strong>cena przy ilo\u015bci: 6+\u00a0 \u00a0\u00a0 318 PLN <\/strong>+ 23% VAT \/ szt.<\/li>\n<li><strong>cena przy ilo\u015bci: 11+\u00a0\u00a0 301 PLN <\/strong>+ 23% VAT \/ szt.<\/li>\n<li><strong>cena przy ilo\u015bci: 21+\u00a0\u00a0 272 PLN <\/strong>+ 23% VAT \/ szt.<\/li>\n<\/ul>\n<p>Cena zawiera sam czujnik; nie zawiera sensor\u00f3w.<img decoding=\"async\" class=\"alignnone size-full wp-image-5782\" src=\"https:\/\/wayy.pl\/sklep\/wp-content\/uploads\/sites\/17\/2020\/11\/btn_ico-mniej-niz-minuta-1.svg\" alt=\"\" \/><\/p>\n","protected":false},"featured_media":9465,"template":"","meta":{"site-sidebar-layout":"default","site-content-layout":"default","ast-site-content-layout":"default","site-content-style":"default","site-sidebar-style":"default","ast-global-header-display":"","ast-banner-title-visibility":"","ast-main-header-display":"","ast-hfb-above-header-display":"","ast-hfb-below-header-display":"","ast-hfb-mobile-header-display":"","site-post-title":"","ast-breadcrumbs-content":"","ast-featured-img":"","footer-sml-layout":"","theme-transparent-header-meta":"default","adv-header-id-meta":"","stick-header-meta":"default","header-above-stick-meta":"","header-main-stick-meta":"","header-below-stick-meta":"","astra-migrate-meta-layouts":"set","ast-page-background-enabled":"default","ast-page-background-meta":{"desktop":{"background-color":"","background-image":"","background-repeat":"repeat","background-position":"center center","background-size":"auto","background-attachment":"scroll","background-type":"","background-media":"","overlay-type":"","overlay-color":"","overlay-opacity":"","overlay-gradient":""},"tablet":{"background-color":"","background-image":"","background-repeat":"repeat","background-position":"center center","background-size":"auto","background-attachment":"scroll","background-type":"","background-media":"","overlay-type":"","overlay-color":"","overlay-opacity":"","overlay-gradient":""},"mobile":{"background-color":"","background-image":"","background-repeat":"repeat","background-position":"center center","background-size":"auto","background-attachment":"scroll","background-type":"","background-media":"","overlay-type":"","overlay-color":"","overlay-opacity":"","overlay-gradient":""}},"ast-content-background-meta":{"desktop":{"background-color":"var(--ast-global-color-5)","background-image":"","background-repeat":"repeat","background-position":"center center","background-size":"auto","background-attachment":"scroll","background-type":"","background-media":"","overlay-type":"","overlay-color":"","overlay-opacity":"","overlay-gradient":""},"tablet":{"background-color":"var(--ast-global-color-5)","background-image":"","background-repeat":"repeat","background-position":"center center","background-size":"auto","background-attachment":"scroll","background-type":"","background-media":"","overlay-type":"","overlay-color":"","overlay-opacity":"","overlay-gradient":""},"mobile":{"background-color":"var(--ast-global-color-5)","background-image":"","background-repeat":"repeat","background-position":"center center","background-size":"auto","background-attachment":"scroll","background-type":"","background-media":"","overlay-type":"","overlay-color":"","overlay-opacity":"","overlay-gradient":""}}},"product_cat":[33,93,99],"product_tag":[43,71,46],"woo-feed-brand":[],"class_list":{"0":"post-6939","1":"product","2":"type-product","3":"status-publish","4":"has-post-thumbnail","6":"product_cat-czujniki","7":"product_cat-czujniki-temperatury","8":"product_cat-czujniki-temperatury-i-wilgotnosci","9":"product_tag-automatyka","10":"product_tag-czujnik-roznicy-cisnien","11":"product_tag-modbus","12":"product_shipping_class-torba_papierowa_mala","13":"desktop-align-left","14":"tablet-align-left","15":"mobile-align-left","16":"ast-product-gallery-layout-horizontal","17":"ast-magnify-disabled","18":"ast-product-tabs-layout-horizontal","20":"first","21":"instock","22":"featured","23":"taxable","24":"shipping-taxable","25":"purchasable","26":"product-type-simple"},"yoast_head":"<!-- This site is optimized with the Yoast SEO plugin v23.3 - https:\/\/yoast.com\/wordpress\/plugins\/seo\/ -->\n<title>Podw\u00f3jny kana\u0142owy czujnik temperatury i wilgotno\u015bci wTHS.202.DU (z\u0142\u0105cze \u015brubowe) - Sklep Wayy<\/title>\n<meta name=\"description\" content=\"Automatyka przemys\u0142owa Czujnik dokonuje pomiaru temperatury i wilgotno\u015bci powietrza w kanale za pomoc\u0105 elementu pomiarowego.\" \/>\n<meta name=\"robots\" content=\"index, follow, max-snippet:-1, max-image-preview:large, max-video-preview:-1\" \/>\n<link rel=\"canonical\" href=\"https:\/\/wayy.pl\/sklep\/produkt\/podwojny-kanalowy-czujnik-temperatury-i-wilgotnosci-wths-202-du-zlacze-srubowe\/\" \/>\n<meta property=\"og:locale\" content=\"pl_PL\" \/>\n<meta property=\"og:type\" content=\"article\" \/>\n<meta property=\"og:title\" content=\"Podw\u00f3jny kana\u0142owy czujnik temperatury i wilgotno\u015bci wTHS.202.DU (z\u0142\u0105cze \u015brubowe) - Sklep Wayy\" \/>\n<meta property=\"og:description\" content=\"Automatyka przemys\u0142owa Czujnik dokonuje pomiaru temperatury i wilgotno\u015bci powietrza w kanale za pomoc\u0105 elementu pomiarowego.\" \/>\n<meta property=\"og:url\" content=\"https:\/\/wayy.pl\/sklep\/produkt\/podwojny-kanalowy-czujnik-temperatury-i-wilgotnosci-wths-202-du-zlacze-srubowe\/\" \/>\n<meta property=\"og:site_name\" content=\"Sklep Wayy\" \/>\n<meta property=\"article:modified_time\" content=\"2025-07-14T20:19:44+00:00\" \/>\n<meta property=\"og:image\" content=\"https:\/\/wayy.pl\/sklep\/wp-content\/uploads\/sites\/17\/2023\/02\/wTHS.202.DU_.webp\" \/>\n\t<meta property=\"og:image:width\" content=\"600\" \/>\n\t<meta property=\"og:image:height\" content=\"600\" \/>\n\t<meta property=\"og:image:type\" content=\"image\/webp\" \/>\n<meta name=\"twitter:card\" content=\"summary_large_image\" \/>\n<meta name=\"twitter:label1\" content=\"Szacowany czas czytania\" \/>\n\t<meta name=\"twitter:data1\" content=\"2 minuty\" \/>\n<script type=\"application\/ld+json\" class=\"yoast-schema-graph\">{\"@context\":\"https:\/\/schema.org\",\"@graph\":[{\"@type\":\"WebPage\",\"@id\":\"https:\/\/wayy.pl\/sklep\/produkt\/podwojny-kanalowy-czujnik-temperatury-i-wilgotnosci-wths-202-du-zlacze-srubowe\/\",\"url\":\"https:\/\/wayy.pl\/sklep\/produkt\/podwojny-kanalowy-czujnik-temperatury-i-wilgotnosci-wths-202-du-zlacze-srubowe\/\",\"name\":\"Podw\u00f3jny kana\u0142owy czujnik temperatury i wilgotno\u015bci wTHS.202.DU (z\u0142\u0105cze \u015brubowe) - Sklep Wayy\",\"isPartOf\":{\"@id\":\"https:\/\/wayy.pl\/sklep\/#website\"},\"primaryImageOfPage\":{\"@id\":\"https:\/\/wayy.pl\/sklep\/produkt\/podwojny-kanalowy-czujnik-temperatury-i-wilgotnosci-wths-202-du-zlacze-srubowe\/#primaryimage\"},\"image\":{\"@id\":\"https:\/\/wayy.pl\/sklep\/produkt\/podwojny-kanalowy-czujnik-temperatury-i-wilgotnosci-wths-202-du-zlacze-srubowe\/#primaryimage\"},\"thumbnailUrl\":\"https:\/\/wayy.pl\/sklep\/wp-content\/uploads\/sites\/17\/2023\/02\/wTHS.202.DU_.webp\",\"datePublished\":\"2021-11-03T23:30:10+00:00\",\"dateModified\":\"2025-07-14T20:19:44+00:00\",\"description\":\"Automatyka przemys\u0142owa Czujnik dokonuje pomiaru temperatury i wilgotno\u015bci powietrza w kanale za pomoc\u0105 elementu pomiarowego.\",\"breadcrumb\":{\"@id\":\"https:\/\/wayy.pl\/sklep\/produkt\/podwojny-kanalowy-czujnik-temperatury-i-wilgotnosci-wths-202-du-zlacze-srubowe\/#breadcrumb\"},\"inLanguage\":\"pl-PL\",\"potentialAction\":[{\"@type\":\"ReadAction\",\"target\":[\"https:\/\/wayy.pl\/sklep\/produkt\/podwojny-kanalowy-czujnik-temperatury-i-wilgotnosci-wths-202-du-zlacze-srubowe\/\"]}]},{\"@type\":\"ImageObject\",\"inLanguage\":\"pl-PL\",\"@id\":\"https:\/\/wayy.pl\/sklep\/produkt\/podwojny-kanalowy-czujnik-temperatury-i-wilgotnosci-wths-202-du-zlacze-srubowe\/#primaryimage\",\"url\":\"https:\/\/wayy.pl\/sklep\/wp-content\/uploads\/sites\/17\/2023\/02\/wTHS.202.DU_.webp\",\"contentUrl\":\"https:\/\/wayy.pl\/sklep\/wp-content\/uploads\/sites\/17\/2023\/02\/wTHS.202.DU_.webp\",\"width\":600,\"height\":600,\"caption\":\"czujnik temperatury i wilgotno\u015bci\"},{\"@type\":\"BreadcrumbList\",\"@id\":\"https:\/\/wayy.pl\/sklep\/produkt\/podwojny-kanalowy-czujnik-temperatury-i-wilgotnosci-wths-202-du-zlacze-srubowe\/#breadcrumb\",\"itemListElement\":[{\"@type\":\"ListItem\",\"position\":1,\"name\":\"Automatyka przemys\u0142owa\",\"item\":\"https:\/\/wayy.pl\/sklep\/\"},{\"@type\":\"ListItem\",\"position\":2,\"name\":\"Produkty\",\"item\":\"https:\/\/wayy.pl\/sklep\/shop\/\"},{\"@type\":\"ListItem\",\"position\":3,\"name\":\"Czujniki\",\"item\":\"https:\/\/wayy.pl\/sklep\/kategoria-produktu\/czujniki\/\"},{\"@type\":\"ListItem\",\"position\":4,\"name\":\"Podw\u00f3jny kana\u0142owy czujnik temperatury i wilgotno\u015bci wTHS.202.DU (z\u0142\u0105cze \u015brubowe)\"}]},{\"@type\":\"WebSite\",\"@id\":\"https:\/\/wayy.pl\/sklep\/#website\",\"url\":\"https:\/\/wayy.pl\/sklep\/\",\"name\":\"Sklep Wayy\",\"description\":\"Automatyka przemys\u0142owa. 6 lat gwarancji.\",\"publisher\":{\"@id\":\"https:\/\/wayy.pl\/sklep\/#organization\"},\"potentialAction\":[{\"@type\":\"SearchAction\",\"target\":{\"@type\":\"EntryPoint\",\"urlTemplate\":\"https:\/\/wayy.pl\/sklep\/?s={search_term_string}\"},\"query-input\":\"required name=search_term_string\"}],\"inLanguage\":\"pl-PL\"},{\"@type\":\"Organization\",\"@id\":\"https:\/\/wayy.pl\/sklep\/#organization\",\"name\":\"Wayy - automatyka przemys\u0142owa\",\"url\":\"https:\/\/wayy.pl\/sklep\/\",\"logo\":{\"@type\":\"ImageObject\",\"inLanguage\":\"pl-PL\",\"@id\":\"https:\/\/wayy.pl\/sklep\/#\/schema\/logo\/image\/\",\"url\":\"https:\/\/wayy.pl\/sklep\/wp-content\/uploads\/sites\/17\/2021\/03\/wayy.png\",\"contentUrl\":\"https:\/\/wayy.pl\/sklep\/wp-content\/uploads\/sites\/17\/2021\/03\/wayy.png\",\"width\":1001,\"height\":352,\"caption\":\"Wayy - automatyka przemys\u0142owa\"},\"image\":{\"@id\":\"https:\/\/wayy.pl\/sklep\/#\/schema\/logo\/image\/\"},\"sameAs\":[\"https:\/\/www.linkedin.com\/company\/klimat-solec\",\"https:\/\/www.youtube.com\/user\/KlimatSolec\"]}]}<\/script>\n<!-- \/ Yoast SEO plugin. -->","yoast_head_json":{"title":"Podw\u00f3jny kana\u0142owy czujnik temperatury i wilgotno\u015bci wTHS.202.DU (z\u0142\u0105cze \u015brubowe) - Sklep Wayy","description":"Automatyka przemys\u0142owa Czujnik dokonuje pomiaru temperatury i wilgotno\u015bci powietrza w kanale za pomoc\u0105 elementu pomiarowego.","robots":{"index":"index","follow":"follow","max-snippet":"max-snippet:-1","max-image-preview":"max-image-preview:large","max-video-preview":"max-video-preview:-1"},"canonical":"https:\/\/wayy.pl\/sklep\/produkt\/podwojny-kanalowy-czujnik-temperatury-i-wilgotnosci-wths-202-du-zlacze-srubowe\/","og_locale":"pl_PL","og_type":"article","og_title":"Podw\u00f3jny kana\u0142owy czujnik temperatury i wilgotno\u015bci wTHS.202.DU (z\u0142\u0105cze \u015brubowe) - Sklep Wayy","og_description":"Automatyka przemys\u0142owa Czujnik dokonuje pomiaru temperatury i wilgotno\u015bci powietrza w kanale za pomoc\u0105 elementu pomiarowego.","og_url":"https:\/\/wayy.pl\/sklep\/produkt\/podwojny-kanalowy-czujnik-temperatury-i-wilgotnosci-wths-202-du-zlacze-srubowe\/","og_site_name":"Sklep Wayy","article_modified_time":"2025-07-14T20:19:44+00:00","og_image":[{"width":600,"height":600,"url":"https:\/\/wayy.pl\/sklep\/wp-content\/uploads\/sites\/17\/2023\/02\/wTHS.202.DU_.webp","type":"image\/webp"}],"twitter_card":"summary_large_image","twitter_misc":{"Szacowany czas czytania":"2 minuty"},"schema":{"@context":"https:\/\/schema.org","@graph":[{"@type":"WebPage","@id":"https:\/\/wayy.pl\/sklep\/produkt\/podwojny-kanalowy-czujnik-temperatury-i-wilgotnosci-wths-202-du-zlacze-srubowe\/","url":"https:\/\/wayy.pl\/sklep\/produkt\/podwojny-kanalowy-czujnik-temperatury-i-wilgotnosci-wths-202-du-zlacze-srubowe\/","name":"Podw\u00f3jny kana\u0142owy czujnik temperatury i wilgotno\u015bci wTHS.202.DU (z\u0142\u0105cze \u015brubowe) - Sklep Wayy","isPartOf":{"@id":"https:\/\/wayy.pl\/sklep\/#website"},"primaryImageOfPage":{"@id":"https:\/\/wayy.pl\/sklep\/produkt\/podwojny-kanalowy-czujnik-temperatury-i-wilgotnosci-wths-202-du-zlacze-srubowe\/#primaryimage"},"image":{"@id":"https:\/\/wayy.pl\/sklep\/produkt\/podwojny-kanalowy-czujnik-temperatury-i-wilgotnosci-wths-202-du-zlacze-srubowe\/#primaryimage"},"thumbnailUrl":"https:\/\/wayy.pl\/sklep\/wp-content\/uploads\/sites\/17\/2023\/02\/wTHS.202.DU_.webp","datePublished":"2021-11-03T23:30:10+00:00","dateModified":"2025-07-14T20:19:44+00:00","description":"Automatyka przemys\u0142owa Czujnik dokonuje pomiaru temperatury i wilgotno\u015bci powietrza w kanale za pomoc\u0105 elementu pomiarowego.","breadcrumb":{"@id":"https:\/\/wayy.pl\/sklep\/produkt\/podwojny-kanalowy-czujnik-temperatury-i-wilgotnosci-wths-202-du-zlacze-srubowe\/#breadcrumb"},"inLanguage":"pl-PL","potentialAction":[{"@type":"ReadAction","target":["https:\/\/wayy.pl\/sklep\/produkt\/podwojny-kanalowy-czujnik-temperatury-i-wilgotnosci-wths-202-du-zlacze-srubowe\/"]}]},{"@type":"ImageObject","inLanguage":"pl-PL","@id":"https:\/\/wayy.pl\/sklep\/produkt\/podwojny-kanalowy-czujnik-temperatury-i-wilgotnosci-wths-202-du-zlacze-srubowe\/#primaryimage","url":"https:\/\/wayy.pl\/sklep\/wp-content\/uploads\/sites\/17\/2023\/02\/wTHS.202.DU_.webp","contentUrl":"https:\/\/wayy.pl\/sklep\/wp-content\/uploads\/sites\/17\/2023\/02\/wTHS.202.DU_.webp","width":600,"height":600,"caption":"czujnik temperatury i wilgotno\u015bci"},{"@type":"BreadcrumbList","@id":"https:\/\/wayy.pl\/sklep\/produkt\/podwojny-kanalowy-czujnik-temperatury-i-wilgotnosci-wths-202-du-zlacze-srubowe\/#breadcrumb","itemListElement":[{"@type":"ListItem","position":1,"name":"Automatyka przemys\u0142owa","item":"https:\/\/wayy.pl\/sklep\/"},{"@type":"ListItem","position":2,"name":"Produkty","item":"https:\/\/wayy.pl\/sklep\/shop\/"},{"@type":"ListItem","position":3,"name":"Czujniki","item":"https:\/\/wayy.pl\/sklep\/kategoria-produktu\/czujniki\/"},{"@type":"ListItem","position":4,"name":"Podw\u00f3jny kana\u0142owy czujnik temperatury i wilgotno\u015bci wTHS.202.DU (z\u0142\u0105cze \u015brubowe)"}]},{"@type":"WebSite","@id":"https:\/\/wayy.pl\/sklep\/#website","url":"https:\/\/wayy.pl\/sklep\/","name":"Sklep Wayy","description":"Automatyka przemys\u0142owa. 6 lat gwarancji.","publisher":{"@id":"https:\/\/wayy.pl\/sklep\/#organization"},"potentialAction":[{"@type":"SearchAction","target":{"@type":"EntryPoint","urlTemplate":"https:\/\/wayy.pl\/sklep\/?s={search_term_string}"},"query-input":"required name=search_term_string"}],"inLanguage":"pl-PL"},{"@type":"Organization","@id":"https:\/\/wayy.pl\/sklep\/#organization","name":"Wayy - automatyka przemys\u0142owa","url":"https:\/\/wayy.pl\/sklep\/","logo":{"@type":"ImageObject","inLanguage":"pl-PL","@id":"https:\/\/wayy.pl\/sklep\/#\/schema\/logo\/image\/","url":"https:\/\/wayy.pl\/sklep\/wp-content\/uploads\/sites\/17\/2021\/03\/wayy.png","contentUrl":"https:\/\/wayy.pl\/sklep\/wp-content\/uploads\/sites\/17\/2021\/03\/wayy.png","width":1001,"height":352,"caption":"Wayy - automatyka przemys\u0142owa"},"image":{"@id":"https:\/\/wayy.pl\/sklep\/#\/schema\/logo\/image\/"},"sameAs":["https:\/\/www.linkedin.com\/company\/klimat-solec","https:\/\/www.youtube.com\/user\/KlimatSolec"]}]}},"tiered_pricing_type":"fixed","tiered_pricing_fixed_rules":[],"tiered_pricing_product_settings":{"layout":"default","base_unit_name":{"singular":null,"plural":null},"default_variation":null},"tiered_pricing_minimum_quantity":1,"tiered_pricing_roles_data":[],"tiered_pricing_percentage_rules":[],"_links":{"self":[{"href":"https:\/\/wayy.pl\/sklep\/wp-json\/wp\/v2\/product\/6939"}],"collection":[{"href":"https:\/\/wayy.pl\/sklep\/wp-json\/wp\/v2\/product"}],"about":[{"href":"https:\/\/wayy.pl\/sklep\/wp-json\/wp\/v2\/types\/product"}],"wp:featuredmedia":[{"embeddable":true,"href":"https:\/\/wayy.pl\/sklep\/wp-json\/wp\/v2\/media\/9465"}],"wp:attachment":[{"href":"https:\/\/wayy.pl\/sklep\/wp-json\/wp\/v2\/media?parent=6939"}],"wp:term":[{"taxonomy":"product_cat","embeddable":true,"href":"https:\/\/wayy.pl\/sklep\/wp-json\/wp\/v2\/product_cat?post=6939"},{"taxonomy":"product_tag","embeddable":true,"href":"https:\/\/wayy.pl\/sklep\/wp-json\/wp\/v2\/product_tag?post=6939"},{"taxonomy":"woo-feed-brand","embeddable":true,"href":"https:\/\/wayy.pl\/sklep\/wp-json\/wp\/v2\/woo-feed-brand?post=6939"}],"curies":[{"name":"wp","href":"https:\/\/api.w.org\/{rel}","templated":true}]}}