{"id":7721,"date":"2022-05-16T12:17:02","date_gmt":"2022-05-16T10:17:02","guid":{"rendered":"https:\/\/wayy.pl\/sklep\/?post_type=product&#038;p=7721"},"modified":"2025-07-14T22:04:30","modified_gmt":"2025-07-14T20:04:30","slug":"separator-magistrali-wrs-485-2","status":"publish","type":"product","link":"https:\/\/wayy.pl\/sklep\/produkt\/separator-magistrali-wrs-485-2\/","title":{"rendered":"Rozga\u0142\u0119\u017anik linii transmisyjnej wRS485EXTB.201"},"content":{"rendered":"<p>Rozga\u0142\u0119\u017anik linii RS-485 s\u0142u\u017cy do rozdzielenia dw\u00f3ch linii transmisyjnych pracuj\u0105cych w standardzie RS-485. Modu\u0142 regeneruje otrzymane na wej\u015bciu pakiety i rozsy\u0142a je w identycznej postaci na wyj\u015bcie. Umo\u017cliwia dwukrotne zwi\u0119kszenie d\u0142ugo\u015bci magistrali oraz zwi\u0119ksza liczb\u0119 obs\u0142ugiwanych urz\u0105dze\u0144. Wsp\u00f3\u0142pracuje ze wszystkimi systemami i urz\u0105dzeniami wyposa\u017conymi w interfejs RS-485. Rozga\u0142\u0119\u017anik mo\u017ce by\u0107 zastosowany w liniach transmisyjnych systemu automatyki przemys\u0142owej, w celu poprawy jako\u015bci transmisji, niwelowania zak\u0142\u00f3ce\u0144 i zwi\u0119kszenia odporno\u015bci na awarie sieci transmisyjnej.<\/p>\n<p>\u2022 Rozdzielenie linii transmisyjnej w standardzie RS-485,<br \/>\n\u2022 Napi\u0119cie zasilania 22..26V DC,<br \/>\n\u2022 Do 128 urz\u0105dze\u0144 na magistrali wyj\u015bciowej,<br \/>\n\u2022 Monta\u017c na szyn\u0119 DIN.<\/p>\n","protected":false},"excerpt":{"rendered":"<ul>\n<li><strong>cena przy ilo\u015bci: 2+\u00a0 \u00a0 \u00a0265 PLN <\/strong>+ 23% VAT \/ szt.<\/li>\n<li><strong>cena przy ilo\u015bci: 6+\u00a0 \u00a0 \u00a0250 PLN <\/strong>+ 23% VAT \/ szt.<\/li>\n<li><strong>cena przy ilo\u015bci: 11+\u00a0 \u00a0236 PLN <\/strong>+ 23% VAT \/ szt.<\/li>\n<li><strong>cena przy ilo\u015bci: 21+\u00a0 \u00a0223 PLN <\/strong>+ 23% VAT \/ szt.<\/li>\n<\/ul>\n<p><img decoding=\"async\" class=\"alignnone size-full wp-image-5311\" src=\"https:\/\/wayy.pl\/sklep\/wp-content\/uploads\/sites\/17\/2019\/07\/stronka_ikony.svg\" alt=\"\" \/><img decoding=\"async\" class=\"alignnone size-full wp-image-5782\" src=\"https:\/\/wayy.pl\/sklep\/wp-content\/uploads\/sites\/17\/2020\/11\/btn_ico-mniej-niz-minuta-1.svg\" alt=\"\" \/><\/p>\n<p>\u2022 Rozdzielenie linii transmisyjnej w standardzie RS-485<br \/>\n\u2022 Napi\u0119cie zasilania 22..26V DC<br \/>\n\u2022 Do 128 urz\u0105dze\u0144 na magistrali wyj\u015bciowej<br \/>\n\u2022 Monta\u017c na szyn\u0119 DIN.<\/p>\n","protected":false},"featured_media":9460,"template":"","meta":{"site-sidebar-layout":"default","site-content-layout":"default","ast-site-content-layout":"default","site-content-style":"default","site-sidebar-style":"default","ast-global-header-display":"","ast-banner-title-visibility":"","ast-main-header-display":"","ast-hfb-above-header-display":"","ast-hfb-below-header-display":"","ast-hfb-mobile-header-display":"","site-post-title":"","ast-breadcrumbs-content":"","ast-featured-img":"","footer-sml-layout":"","theme-transparent-header-meta":"default","adv-header-id-meta":"","stick-header-meta":"default","header-above-stick-meta":"","header-main-stick-meta":"","header-below-stick-meta":"","astra-migrate-meta-layouts":"set","ast-page-background-enabled":"default","ast-page-background-meta":{"desktop":{"background-color":"","background-image":"","background-repeat":"repeat","background-position":"center center","background-size":"auto","background-attachment":"scroll","background-type":"","background-media":"","overlay-type":"","overlay-color":"","overlay-opacity":"","overlay-gradient":""},"tablet":{"background-color":"","background-image":"","background-repeat":"repeat","background-position":"center center","background-size":"auto","background-attachment":"scroll","background-type":"","background-media":"","overlay-type":"","overlay-color":"","overlay-opacity":"","overlay-gradient":""},"mobile":{"background-color":"","background-image":"","background-repeat":"repeat","background-position":"center center","background-size":"auto","background-attachment":"scroll","background-type":"","background-media":"","overlay-type":"","overlay-color":"","overlay-opacity":"","overlay-gradient":""}},"ast-content-background-meta":{"desktop":{"background-color":"var(--ast-global-color-5)","background-image":"","background-repeat":"repeat","background-position":"center center","background-size":"auto","background-attachment":"scroll","background-type":"","background-media":"","overlay-type":"","overlay-color":"","overlay-opacity":"","overlay-gradient":""},"tablet":{"background-color":"var(--ast-global-color-5)","background-image":"","background-repeat":"repeat","background-position":"center center","background-size":"auto","background-attachment":"scroll","background-type":"","background-media":"","overlay-type":"","overlay-color":"","overlay-opacity":"","overlay-gradient":""},"mobile":{"background-color":"var(--ast-global-color-5)","background-image":"","background-repeat":"repeat","background-position":"center center","background-size":"auto","background-attachment":"scroll","background-type":"","background-media":"","overlay-type":"","overlay-color":"","overlay-opacity":"","overlay-gradient":""}}},"product_cat":[42],"product_tag":[43,63,64],"woo-feed-brand":[],"class_list":{"0":"post-7721","1":"product","2":"type-product","3":"status-publish","4":"has-post-thumbnail","6":"product_cat-akcesoria","7":"product_tag-automatyka","8":"product_tag-rozgaleznik-linii-transmisyjnej","9":"product_tag-separatol-magistrali","10":"product_shipping_class-torba_papierowa_mala","11":"desktop-align-left","12":"tablet-align-left","13":"mobile-align-left","14":"ast-product-gallery-layout-horizontal","15":"ast-product-gallery-with-no-image","16":"ast-magnify-disabled","17":"ast-product-tabs-layout-horizontal","19":"first","20":"instock","21":"taxable","22":"shipping-taxable","23":"purchasable","24":"product-type-simple"},"yoast_head":"<!-- This site is optimized with the Yoast SEO plugin v23.3 - https:\/\/yoast.com\/wordpress\/plugins\/seo\/ -->\n<title>Rozga\u0142\u0119\u017anik linii transmisyjnej wRS485EXTB.201 - Sklep Wayy<\/title>\n<meta name=\"description\" content=\"Rozga\u0142\u0119\u017anik linii transmisyjnej RS-485 s\u0142u\u017cy do rozdzielenia dw\u00f3ch linii transmisyjnych pracuj\u0105cych w standardzie RS-485. Modu\u0142 regeneruje otrzymane na wej\u015bciu pakiety i rozsy\u0142a je w identycznej postaci na wyj\u015bcie.\" \/>\n<meta name=\"robots\" content=\"index, follow, max-snippet:-1, max-image-preview:large, max-video-preview:-1\" \/>\n<link rel=\"canonical\" href=\"https:\/\/wayy.pl\/sklep\/produkt\/separator-magistrali-wrs-485-2\/\" \/>\n<meta property=\"og:locale\" content=\"pl_PL\" \/>\n<meta property=\"og:type\" content=\"article\" \/>\n<meta property=\"og:title\" content=\"Rozga\u0142\u0119\u017anik linii transmisyjnej wRS485EXTB.201 - Sklep Wayy\" \/>\n<meta property=\"og:description\" content=\"Rozga\u0142\u0119\u017anik linii transmisyjnej RS-485 s\u0142u\u017cy do rozdzielenia dw\u00f3ch linii transmisyjnych pracuj\u0105cych w standardzie RS-485. Modu\u0142 regeneruje otrzymane na wej\u015bciu pakiety i rozsy\u0142a je w identycznej postaci na wyj\u015bcie.\" \/>\n<meta property=\"og:url\" content=\"https:\/\/wayy.pl\/sklep\/produkt\/separator-magistrali-wrs-485-2\/\" \/>\n<meta property=\"og:site_name\" content=\"Sklep Wayy\" \/>\n<meta property=\"article:modified_time\" content=\"2025-07-14T20:04:30+00:00\" \/>\n<meta property=\"og:image\" content=\"https:\/\/wayy.pl\/sklep\/wp-content\/uploads\/sites\/17\/2023\/02\/wrs485EXTB201.webp\" \/>\n\t<meta property=\"og:image:width\" content=\"600\" \/>\n\t<meta property=\"og:image:height\" content=\"600\" \/>\n\t<meta property=\"og:image:type\" content=\"image\/webp\" \/>\n<meta name=\"twitter:card\" content=\"summary_large_image\" \/>\n<meta name=\"twitter:label1\" content=\"Szacowany czas czytania\" \/>\n\t<meta name=\"twitter:data1\" content=\"1 minuta\" \/>\n<script type=\"application\/ld+json\" class=\"yoast-schema-graph\">{\"@context\":\"https:\/\/schema.org\",\"@graph\":[{\"@type\":\"WebPage\",\"@id\":\"https:\/\/wayy.pl\/sklep\/produkt\/separator-magistrali-wrs-485-2\/\",\"url\":\"https:\/\/wayy.pl\/sklep\/produkt\/separator-magistrali-wrs-485-2\/\",\"name\":\"Rozga\u0142\u0119\u017anik linii transmisyjnej wRS485EXTB.201 - Sklep Wayy\",\"isPartOf\":{\"@id\":\"https:\/\/wayy.pl\/sklep\/#website\"},\"primaryImageOfPage\":{\"@id\":\"https:\/\/wayy.pl\/sklep\/produkt\/separator-magistrali-wrs-485-2\/#primaryimage\"},\"image\":{\"@id\":\"https:\/\/wayy.pl\/sklep\/produkt\/separator-magistrali-wrs-485-2\/#primaryimage\"},\"thumbnailUrl\":\"https:\/\/wayy.pl\/sklep\/wp-content\/uploads\/sites\/17\/2023\/02\/wrs485EXTB201.webp\",\"datePublished\":\"2022-05-16T10:17:02+00:00\",\"dateModified\":\"2025-07-14T20:04:30+00:00\",\"description\":\"Rozga\u0142\u0119\u017anik linii transmisyjnej RS-485 s\u0142u\u017cy do rozdzielenia dw\u00f3ch linii transmisyjnych pracuj\u0105cych w standardzie RS-485. Modu\u0142 regeneruje otrzymane na wej\u015bciu pakiety i rozsy\u0142a je w identycznej postaci na wyj\u015bcie.\",\"breadcrumb\":{\"@id\":\"https:\/\/wayy.pl\/sklep\/produkt\/separator-magistrali-wrs-485-2\/#breadcrumb\"},\"inLanguage\":\"pl-PL\",\"potentialAction\":[{\"@type\":\"ReadAction\",\"target\":[\"https:\/\/wayy.pl\/sklep\/produkt\/separator-magistrali-wrs-485-2\/\"]}]},{\"@type\":\"ImageObject\",\"inLanguage\":\"pl-PL\",\"@id\":\"https:\/\/wayy.pl\/sklep\/produkt\/separator-magistrali-wrs-485-2\/#primaryimage\",\"url\":\"https:\/\/wayy.pl\/sklep\/wp-content\/uploads\/sites\/17\/2023\/02\/wrs485EXTB201.webp\",\"contentUrl\":\"https:\/\/wayy.pl\/sklep\/wp-content\/uploads\/sites\/17\/2023\/02\/wrs485EXTB201.webp\",\"width\":600,\"height\":600,\"caption\":\"Rozga\u0142\u0119\u017anik magistrali\"},{\"@type\":\"BreadcrumbList\",\"@id\":\"https:\/\/wayy.pl\/sklep\/produkt\/separator-magistrali-wrs-485-2\/#breadcrumb\",\"itemListElement\":[{\"@type\":\"ListItem\",\"position\":1,\"name\":\"Automatyka przemys\u0142owa\",\"item\":\"https:\/\/wayy.pl\/sklep\/\"},{\"@type\":\"ListItem\",\"position\":2,\"name\":\"Produkty\",\"item\":\"https:\/\/wayy.pl\/sklep\/shop\/\"},{\"@type\":\"ListItem\",\"position\":3,\"name\":\"Akcesoria\",\"item\":\"https:\/\/wayy.pl\/sklep\/kategoria-produktu\/akcesoria\/\"},{\"@type\":\"ListItem\",\"position\":4,\"name\":\"Rozga\u0142\u0119\u017anik linii transmisyjnej wRS485EXTB.201\"}]},{\"@type\":\"WebSite\",\"@id\":\"https:\/\/wayy.pl\/sklep\/#website\",\"url\":\"https:\/\/wayy.pl\/sklep\/\",\"name\":\"Sklep Wayy\",\"description\":\"Automatyka przemys\u0142owa. 6 lat gwarancji.\",\"publisher\":{\"@id\":\"https:\/\/wayy.pl\/sklep\/#organization\"},\"potentialAction\":[{\"@type\":\"SearchAction\",\"target\":{\"@type\":\"EntryPoint\",\"urlTemplate\":\"https:\/\/wayy.pl\/sklep\/?s={search_term_string}\"},\"query-input\":\"required name=search_term_string\"}],\"inLanguage\":\"pl-PL\"},{\"@type\":\"Organization\",\"@id\":\"https:\/\/wayy.pl\/sklep\/#organization\",\"name\":\"Wayy - automatyka przemys\u0142owa\",\"url\":\"https:\/\/wayy.pl\/sklep\/\",\"logo\":{\"@type\":\"ImageObject\",\"inLanguage\":\"pl-PL\",\"@id\":\"https:\/\/wayy.pl\/sklep\/#\/schema\/logo\/image\/\",\"url\":\"https:\/\/wayy.pl\/sklep\/wp-content\/uploads\/sites\/17\/2021\/03\/wayy.png\",\"contentUrl\":\"https:\/\/wayy.pl\/sklep\/wp-content\/uploads\/sites\/17\/2021\/03\/wayy.png\",\"width\":1001,\"height\":352,\"caption\":\"Wayy - automatyka przemys\u0142owa\"},\"image\":{\"@id\":\"https:\/\/wayy.pl\/sklep\/#\/schema\/logo\/image\/\"},\"sameAs\":[\"https:\/\/www.linkedin.com\/company\/klimat-solec\",\"https:\/\/www.youtube.com\/user\/KlimatSolec\"]}]}<\/script>\n<!-- \/ Yoast SEO plugin. -->","yoast_head_json":{"title":"Rozga\u0142\u0119\u017anik linii transmisyjnej wRS485EXTB.201 - Sklep Wayy","description":"Rozga\u0142\u0119\u017anik linii transmisyjnej RS-485 s\u0142u\u017cy do rozdzielenia dw\u00f3ch linii transmisyjnych pracuj\u0105cych w standardzie RS-485. Modu\u0142 regeneruje otrzymane na wej\u015bciu pakiety i rozsy\u0142a je w identycznej postaci na wyj\u015bcie.","robots":{"index":"index","follow":"follow","max-snippet":"max-snippet:-1","max-image-preview":"max-image-preview:large","max-video-preview":"max-video-preview:-1"},"canonical":"https:\/\/wayy.pl\/sklep\/produkt\/separator-magistrali-wrs-485-2\/","og_locale":"pl_PL","og_type":"article","og_title":"Rozga\u0142\u0119\u017anik linii transmisyjnej wRS485EXTB.201 - Sklep Wayy","og_description":"Rozga\u0142\u0119\u017anik linii transmisyjnej RS-485 s\u0142u\u017cy do rozdzielenia dw\u00f3ch linii transmisyjnych pracuj\u0105cych w standardzie RS-485. Modu\u0142 regeneruje otrzymane na wej\u015bciu pakiety i rozsy\u0142a je w identycznej postaci na wyj\u015bcie.","og_url":"https:\/\/wayy.pl\/sklep\/produkt\/separator-magistrali-wrs-485-2\/","og_site_name":"Sklep Wayy","article_modified_time":"2025-07-14T20:04:30+00:00","og_image":[{"width":600,"height":600,"url":"https:\/\/wayy.pl\/sklep\/wp-content\/uploads\/sites\/17\/2023\/02\/wrs485EXTB201.webp","type":"image\/webp"}],"twitter_card":"summary_large_image","twitter_misc":{"Szacowany czas czytania":"1 minuta"},"schema":{"@context":"https:\/\/schema.org","@graph":[{"@type":"WebPage","@id":"https:\/\/wayy.pl\/sklep\/produkt\/separator-magistrali-wrs-485-2\/","url":"https:\/\/wayy.pl\/sklep\/produkt\/separator-magistrali-wrs-485-2\/","name":"Rozga\u0142\u0119\u017anik linii transmisyjnej wRS485EXTB.201 - Sklep Wayy","isPartOf":{"@id":"https:\/\/wayy.pl\/sklep\/#website"},"primaryImageOfPage":{"@id":"https:\/\/wayy.pl\/sklep\/produkt\/separator-magistrali-wrs-485-2\/#primaryimage"},"image":{"@id":"https:\/\/wayy.pl\/sklep\/produkt\/separator-magistrali-wrs-485-2\/#primaryimage"},"thumbnailUrl":"https:\/\/wayy.pl\/sklep\/wp-content\/uploads\/sites\/17\/2023\/02\/wrs485EXTB201.webp","datePublished":"2022-05-16T10:17:02+00:00","dateModified":"2025-07-14T20:04:30+00:00","description":"Rozga\u0142\u0119\u017anik linii transmisyjnej RS-485 s\u0142u\u017cy do rozdzielenia dw\u00f3ch linii transmisyjnych pracuj\u0105cych w standardzie RS-485. Modu\u0142 regeneruje otrzymane na wej\u015bciu pakiety i rozsy\u0142a je w identycznej postaci na wyj\u015bcie.","breadcrumb":{"@id":"https:\/\/wayy.pl\/sklep\/produkt\/separator-magistrali-wrs-485-2\/#breadcrumb"},"inLanguage":"pl-PL","potentialAction":[{"@type":"ReadAction","target":["https:\/\/wayy.pl\/sklep\/produkt\/separator-magistrali-wrs-485-2\/"]}]},{"@type":"ImageObject","inLanguage":"pl-PL","@id":"https:\/\/wayy.pl\/sklep\/produkt\/separator-magistrali-wrs-485-2\/#primaryimage","url":"https:\/\/wayy.pl\/sklep\/wp-content\/uploads\/sites\/17\/2023\/02\/wrs485EXTB201.webp","contentUrl":"https:\/\/wayy.pl\/sklep\/wp-content\/uploads\/sites\/17\/2023\/02\/wrs485EXTB201.webp","width":600,"height":600,"caption":"Rozga\u0142\u0119\u017anik magistrali"},{"@type":"BreadcrumbList","@id":"https:\/\/wayy.pl\/sklep\/produkt\/separator-magistrali-wrs-485-2\/#breadcrumb","itemListElement":[{"@type":"ListItem","position":1,"name":"Automatyka przemys\u0142owa","item":"https:\/\/wayy.pl\/sklep\/"},{"@type":"ListItem","position":2,"name":"Produkty","item":"https:\/\/wayy.pl\/sklep\/shop\/"},{"@type":"ListItem","position":3,"name":"Akcesoria","item":"https:\/\/wayy.pl\/sklep\/kategoria-produktu\/akcesoria\/"},{"@type":"ListItem","position":4,"name":"Rozga\u0142\u0119\u017anik linii transmisyjnej wRS485EXTB.201"}]},{"@type":"WebSite","@id":"https:\/\/wayy.pl\/sklep\/#website","url":"https:\/\/wayy.pl\/sklep\/","name":"Sklep Wayy","description":"Automatyka przemys\u0142owa. 6 lat gwarancji.","publisher":{"@id":"https:\/\/wayy.pl\/sklep\/#organization"},"potentialAction":[{"@type":"SearchAction","target":{"@type":"EntryPoint","urlTemplate":"https:\/\/wayy.pl\/sklep\/?s={search_term_string}"},"query-input":"required name=search_term_string"}],"inLanguage":"pl-PL"},{"@type":"Organization","@id":"https:\/\/wayy.pl\/sklep\/#organization","name":"Wayy - automatyka przemys\u0142owa","url":"https:\/\/wayy.pl\/sklep\/","logo":{"@type":"ImageObject","inLanguage":"pl-PL","@id":"https:\/\/wayy.pl\/sklep\/#\/schema\/logo\/image\/","url":"https:\/\/wayy.pl\/sklep\/wp-content\/uploads\/sites\/17\/2021\/03\/wayy.png","contentUrl":"https:\/\/wayy.pl\/sklep\/wp-content\/uploads\/sites\/17\/2021\/03\/wayy.png","width":1001,"height":352,"caption":"Wayy - automatyka przemys\u0142owa"},"image":{"@id":"https:\/\/wayy.pl\/sklep\/#\/schema\/logo\/image\/"},"sameAs":["https:\/\/www.linkedin.com\/company\/klimat-solec","https:\/\/www.youtube.com\/user\/KlimatSolec"]}]}},"tiered_pricing_type":"fixed","tiered_pricing_fixed_rules":[],"tiered_pricing_product_settings":{"layout":"default","base_unit_name":{"singular":null,"plural":null},"default_variation":null},"tiered_pricing_minimum_quantity":1,"tiered_pricing_roles_data":[],"tiered_pricing_percentage_rules":[],"_links":{"self":[{"href":"https:\/\/wayy.pl\/sklep\/wp-json\/wp\/v2\/product\/7721"}],"collection":[{"href":"https:\/\/wayy.pl\/sklep\/wp-json\/wp\/v2\/product"}],"about":[{"href":"https:\/\/wayy.pl\/sklep\/wp-json\/wp\/v2\/types\/product"}],"wp:featuredmedia":[{"embeddable":true,"href":"https:\/\/wayy.pl\/sklep\/wp-json\/wp\/v2\/media\/9460"}],"wp:attachment":[{"href":"https:\/\/wayy.pl\/sklep\/wp-json\/wp\/v2\/media?parent=7721"}],"wp:term":[{"taxonomy":"product_cat","embeddable":true,"href":"https:\/\/wayy.pl\/sklep\/wp-json\/wp\/v2\/product_cat?post=7721"},{"taxonomy":"product_tag","embeddable":true,"href":"https:\/\/wayy.pl\/sklep\/wp-json\/wp\/v2\/product_tag?post=7721"},{"taxonomy":"woo-feed-brand","embeddable":true,"href":"https:\/\/wayy.pl\/sklep\/wp-json\/wp\/v2\/woo-feed-brand?post=7721"}],"curies":[{"name":"wp","href":"https:\/\/api.w.org\/{rel}","templated":true}]}}