{"id":9149,"date":"2022-12-15T13:31:57","date_gmt":"2022-12-15T12:31:57","guid":{"rendered":"https:\/\/wayy.pl\/sklep\/?post_type=product&#038;p=9149"},"modified":"2026-03-03T10:32:17","modified_gmt":"2026-03-03T09:32:17","slug":"sterownik-swobodnie-programowalny-wplc-201","status":"publish","type":"product","link":"https:\/\/wayy.pl\/sklep\/produkt\/sterownik-swobodnie-programowalny-wplc-201\/","title":{"rendered":"Sterownik swobodnie programowalny wPLC.201 (8xDI, 8xDO, 4xTI, 4xAI, 4xAO). Sterownik PLC"},"content":{"rendered":"<div class=\"elementor-column elementor-col-100 elementor-inner-column elementor-element elementor-element-fb55ef8\" data-id=\"fb55ef8\" data-element_type=\"column\">\n<div class=\"elementor-column-wrap elementor-element-populated\">\n<div class=\"elementor-widget-wrap\">\n<div class=\"elementor-element elementor-element-4ee1714 elementor-widget elementor-widget-text-editor\" data-id=\"4ee1714\" data-element_type=\"widget\" data-widget_type=\"text-editor.default\">\n<div class=\"elementor-widget-container optml-bg-lazyloaded\">\n<div class=\"elementor-text-editor elementor-clearfix\" style=\"color: #000000\">\n<p><strong>Sterowniki swobodnie programowalne PLC s\u0105 \u00a0narz\u0119dziem umo\u017cliwiaj\u0105cym realizowanie aplikacji o r\u00f3\u017cnym stopniu zaawansowania<\/strong> algorytm\u00f3w sterowania. Zawarty program u\u017cytkowy kontroluje sygna\u0142y wej\u015bciowe i wp\u0142ywa na stany wyj\u015b\u0107. Programowanie w j\u0119zyku FBD (Function Block Diagram), bogata lista rozkaz\u00f3w, zintegrowane wej\u015bcia i wyj\u015bcia oraz porty komunikacyjne tworz\u0105 z niego elastyczne i skuteczne narz\u0119dzie kontrolno-steruj\u0105ce w r\u00f3\u017cnorodnych aplikacjach. <strong>Sterownik swobodnie programowalny wsp\u00f3\u0142pracuje ze wszystkimi systemami i urz\u0105dzeniami wyposa\u017conymi w<\/strong>: interfejs RS-485 obs\u0142uguj\u0105cymi protok\u00f3\u0142 Modbus RTU.<\/p>\n<h2>Sterowniki swobodnie programowalne \u2014 zasada dzia\u0142ania<\/h2>\n<p>Po wpisaniu programu u\u017cytkownika do <a href=\"https:\/\/wayy.pl\/sklep\/kategoria-produktu\/sterowniki\/\">sterownika PLC<\/a>, rozpoczyna on dzia\u0142anie wed\u0142ug wyznaczonego algorytmu. Odczytuje dane z lokalnych (umieszczonych fizycznie w sterowniku) i zdalnych wej\u015b\u0107, oraz zapisuje warto\u015bci lokalnych i zdalnych wyj\u015bciach. <strong>Sterownik swobodnie programowalny dokonuje pomiaru sygna\u0142\u00f3w wej\u015bciowych<\/strong>,<strong> a jego stan zostaje zapisany w pami\u0119ci urz\u0105dzenia<\/strong>. Aby ustawi\u0107 \u017c\u0105dan\u0105 warto\u015b\u0107 stanu wyj\u015bciowego przeka\u017anika, nale\u017cy dokona\u0107 wpisu pod odpowiedni adres pami\u0119ci urz\u0105dzenia.<\/p>\n<p><b>Sterownik PLC zawiera:<\/b><\/p>\n<ul>\n<li>8 wej\u015b\u0107 cyfrowych,<\/li>\n<li>8 wyj\u015b\u0107 przeka\u017anikowych,<\/li>\n<li>4 wej\u015bcia temperaturowe NTC 10k,<\/li>\n<li>4 wyj\u015bcia analogowe\u00a0 0-10V,<\/li>\n<li>4 wej\u015bcia analogowe,<\/li>\n<li>zasilanie 22&#8230;26 V DC,<\/li>\n<li>Modbus RTU Slave,<\/li>\n<li>Modbus RTU Master<\/li>\n<\/ul>\n<p><b>Dodatkowo w sk\u0142ad oferty wchodzi:<\/b><\/p>\n<ul>\n<li>oprogramowanie KIDE wraz z licencj\u0105,<\/li>\n<li>pe\u0142ne wsparcie techniczne,<\/li>\n<li>2 lata gwarancji.<\/li>\n<\/ul>\n<p>Dost\u0119pne mamy r\u00f3wnie\u017c podobne urz\u0105dzenia <a href=\"\/sklep\">automatyki przemys\u0142owej<\/a> mi\u0119dzy innymi <a href=\"\/sklep\/\/produkt\/sterownik-klimakonwektora-wfc-101-8xdi-8xro-4xti-4xai-4xao\/\">sterownik klimakonwektora<\/a> czy ca\u0142y<a href=\"\/sklep\/\/produkt\/zestaw-do-sterowania-klimakonwektorem-w-fci\/\"> zestaw do sterowania klimakonwektorem<\/a>. Zach\u0119camy do zapoznania si\u0119 z naszymi propozycjami!<\/p>\n<\/div>\n<\/div>\n<\/div>\n<\/div>\n<\/div>\n<\/div>\n<div class=\"elementor-column elementor-col-100 elementor-inner-column elementor-element elementor-element-d08f222\" data-id=\"d08f222\" data-element_type=\"column\">\n<div class=\"elementor-column-wrap elementor-element-populated\">\n<div class=\"elementor-widget-wrap\">\n<div class=\"elementor-element elementor-element-ce7bfe4 elementor-widget elementor-widget-text-editor\" data-id=\"ce7bfe4\" data-element_type=\"widget\" data-widget_type=\"text-editor.default\">\n<div class=\"elementor-widget-container optml-bg-lazyloaded\">\n<div class=\"elementor-text-editor elementor-clearfix\">\n<p>&nbsp;<\/p>\n<p><img fetchpriority=\"high\" decoding=\"async\" class=\"alignnone wp-image-10156 size-full\" src=\"https:\/\/wayy.pl\/sklep\/wp-content\/uploads\/sites\/17\/2023\/05\/baner.jpg\" alt=\"\" width=\"1200\" height=\"300\" \/><\/p>\n<p>&nbsp;<\/p>\n<hr \/>\n<p><span style=\"color: #000000\"><strong>Tego potrzebujesz do konfiguracji sterownika<\/strong><\/span><\/p>\n<p><a href=\"http:\/\/wayy.pl\/sklep\/produkt\/zasilacz\/\"><img decoding=\"async\" class=\"alignnone size-full wp-image-5688 hvr-grow\" src=\"https:\/\/wayy.pl\/sklep\/wp-content\/uploads\/sites\/17\/2021\/03\/150px-zasilacz.jpg\" alt=\"\" width=\"150\" height=\"150\" srcset=\"https:\/\/wayy.pl\/sklep\/wp-content\/uploads\/sites\/17\/2021\/03\/150px-zasilacz.jpg 150w, https:\/\/wayy.pl\/sklep\/wp-content\/uploads\/sites\/17\/2021\/03\/150px-zasilacz-100x100.jpg 100w\" sizes=\"(max-width: 150px) 100vw, 150px\" \/><\/a> <a href=\"http:\/\/wayy.pl\/sklep\/produkt\/wtyk-rj-45\/\"><img decoding=\"async\" class=\"alignnone size-full wp-image-5908 hvr-grow\" src=\"https:\/\/wayy.pl\/sklep\/wp-content\/uploads\/sites\/17\/2020\/11\/wtyk-rj-45-150x150-1.png\" alt=\"\" width=\"150\" height=\"150\" srcset=\"https:\/\/wayy.pl\/sklep\/wp-content\/uploads\/sites\/17\/2020\/11\/wtyk-rj-45-150x150-1.png 150w, https:\/\/wayy.pl\/sklep\/wp-content\/uploads\/sites\/17\/2020\/11\/wtyk-rj-45-150x150-1-100x100.png 100w\" sizes=\"(max-width: 150px) 100vw, 150px\" \/><\/a> <a href=\"http:\/\/wayy.pl\/sklep\/produkt\/oprogramowanie_kide\/\"><img loading=\"lazy\" decoding=\"async\" class=\"alignnone size-full wp-image-5907 hvr-grow\" src=\"https:\/\/wayy.pl\/sklep\/wp-content\/uploads\/sites\/17\/2020\/11\/kide-150x150-1.png\" alt=\"\" width=\"150\" height=\"150\" srcset=\"https:\/\/wayy.pl\/sklep\/wp-content\/uploads\/sites\/17\/2020\/11\/kide-150x150-1.png 150w, https:\/\/wayy.pl\/sklep\/wp-content\/uploads\/sites\/17\/2020\/11\/kide-150x150-1-100x100.png 100w\" sizes=\"(max-width: 150px) 100vw, 150px\" \/><\/a> <a href=\"http:\/\/wayy.pl\/sklep\/produkt\/przewod-ethernet\/\"><img loading=\"lazy\" decoding=\"async\" class=\"alignnone size-full wp-image-5906 hvr-grow\" src=\"https:\/\/wayy.pl\/sklep\/wp-content\/uploads\/sites\/17\/2020\/11\/ethernet-150x150-1.png\" alt=\"\" width=\"150\" height=\"150\" srcset=\"https:\/\/wayy.pl\/sklep\/wp-content\/uploads\/sites\/17\/2020\/11\/ethernet-150x150-1.png 150w, https:\/\/wayy.pl\/sklep\/wp-content\/uploads\/sites\/17\/2020\/11\/ethernet-150x150-1-100x100.png 100w\" sizes=\"(max-width: 150px) 100vw, 150px\" \/><\/a> <a href=\"http:\/\/wayy.pl\/sklep\/produkt\/przewod-zasilajaco-transmisyjny-bit-liycy-uv-2x2x05mm2-2\/\"><img loading=\"lazy\" decoding=\"async\" class=\"alignnone size-full wp-image-5679 hvr-grow\" src=\"https:\/\/wayy.pl\/sklep\/wp-content\/uploads\/sites\/17\/2021\/03\/150px-przewod-zas-trans.jpg\" alt=\"\" width=\"150\" height=\"150\" srcset=\"https:\/\/wayy.pl\/sklep\/wp-content\/uploads\/sites\/17\/2021\/03\/150px-przewod-zas-trans.jpg 150w, https:\/\/wayy.pl\/sklep\/wp-content\/uploads\/sites\/17\/2021\/03\/150px-przewod-zas-trans-100x100.jpg 100w\" sizes=\"(max-width: 150px) 100vw, 150px\" \/><\/a><a href=\"http:\/\/wayy.pl\/sklep\/produkt\/wtyk-rj-45\/\">\u00a0\u00a0\u00a0<\/a><\/p>\n<\/div>\n<\/div>\n<\/div>\n<\/div>\n<\/div>\n<\/div>\n","protected":false},"excerpt":{"rendered":"<p>&nbsp;<\/p>\n<ul>\n<li><strong>cena przy ilo\u015bci: 2+\u00a0 \u00a0 \u00a0666 PLN <\/strong>+ 23% VAT \/ szt.<\/li>\n<li><strong>cena przy ilo\u015bci: 6+\u00a0 \u00a0 \u00a0646 PLN <\/strong>+ 23% VAT \/ szt.<\/li>\n<li><strong>cena przy ilo\u015bci: 11+\u00a0 \u00a0628 PLN <\/strong>+ 23% VAT \/ szt.<\/li>\n<li><strong>cena przy ilo\u015bci: 21+\u00a0 \u00a0612 PLN <\/strong>+ 23% VAT \/ szt.<\/li>\n<\/ul>\n<ul>\n<li>8 wej\u015b\u0107 cyfrowych,<\/li>\n<li>8 wyj\u015b\u0107 przeka\u017anikowych,<\/li>\n<li>4 wej\u015bcia temperaturowe NTC 10k,<\/li>\n<li>4 wyj\u015bcia analogowe\u00a0 0-10V,<\/li>\n<li>zasilanie 22&#8230;26 V DC,<\/li>\n<li>Modbus RTU Slave,<\/li>\n<li>Modbus RTU Master,<\/li>\n<li>pe\u0142ne wsparcie techniczne,<\/li>\n<li>2 lata gwarancji.<\/li>\n<\/ul>\n<p><img loading=\"lazy\" decoding=\"async\" class=\"alignnone size-full wp-image-7471\" src=\"https:\/\/wayy.pl\/sklep\/wp-content\/uploads\/sites\/17\/2022\/02\/paypro-banerek.jpg\" alt=\"\" width=\"841\" height=\"86\" \/><\/p>\n","protected":false},"featured_media":9458,"template":"","meta":{"site-sidebar-layout":"default","site-content-layout":"default","ast-site-content-layout":"default","site-content-style":"default","site-sidebar-style":"default","ast-global-header-display":"","ast-banner-title-visibility":"","ast-main-header-display":"","ast-hfb-above-header-display":"","ast-hfb-below-header-display":"","ast-hfb-mobile-header-display":"","site-post-title":"","ast-breadcrumbs-content":"","ast-featured-img":"","footer-sml-layout":"","theme-transparent-header-meta":"default","adv-header-id-meta":"","stick-header-meta":"default","header-above-stick-meta":"","header-main-stick-meta":"","header-below-stick-meta":"","astra-migrate-meta-layouts":"set","ast-page-background-enabled":"default","ast-page-background-meta":{"desktop":{"background-color":"","background-image":"","background-repeat":"repeat","background-position":"center center","background-size":"auto","background-attachment":"scroll","background-type":"","background-media":"","overlay-type":"","overlay-color":"","overlay-opacity":"","overlay-gradient":""},"tablet":{"background-color":"","background-image":"","background-repeat":"repeat","background-position":"center center","background-size":"auto","background-attachment":"scroll","background-type":"","background-media":"","overlay-type":"","overlay-color":"","overlay-opacity":"","overlay-gradient":""},"mobile":{"background-color":"","background-image":"","background-repeat":"repeat","background-position":"center center","background-size":"auto","background-attachment":"scroll","background-type":"","background-media":"","overlay-type":"","overlay-color":"","overlay-opacity":"","overlay-gradient":""}},"ast-content-background-meta":{"desktop":{"background-color":"var(--ast-global-color-5)","background-image":"","background-repeat":"repeat","background-position":"center center","background-size":"auto","background-attachment":"scroll","background-type":"","background-media":"","overlay-type":"","overlay-color":"","overlay-opacity":"","overlay-gradient":""},"tablet":{"background-color":"var(--ast-global-color-5)","background-image":"","background-repeat":"repeat","background-position":"center center","background-size":"auto","background-attachment":"scroll","background-type":"","background-media":"","overlay-type":"","overlay-color":"","overlay-opacity":"","overlay-gradient":""},"mobile":{"background-color":"var(--ast-global-color-5)","background-image":"","background-repeat":"repeat","background-position":"center center","background-size":"auto","background-attachment":"scroll","background-type":"","background-media":"","overlay-type":"","overlay-color":"","overlay-opacity":"","overlay-gradient":""}}},"product_cat":[30],"product_tag":[43,84,83],"woo-feed-brand":[],"class_list":{"0":"post-9149","1":"product","2":"type-product","3":"status-publish","4":"has-post-thumbnail","6":"product_cat-sterowniki","7":"product_tag-automatyka","8":"product_tag-plc","9":"product_tag-sterownik-swobodnie-programowalny","10":"product_shipping_class-torba_papierowa_mala","11":"desktop-align-left","12":"tablet-align-left","13":"mobile-align-left","14":"ast-product-gallery-layout-horizontal","15":"ast-product-gallery-with-no-image","16":"ast-magnify-disabled","17":"ast-product-tabs-layout-horizontal","19":"first","20":"instock","21":"featured","22":"taxable","23":"shipping-taxable","24":"purchasable","25":"product-type-simple"},"yoast_head":"<!-- This site is optimized with the Yoast SEO plugin v23.3 - https:\/\/yoast.com\/wordpress\/plugins\/seo\/ -->\n<title>Sterownik Swobodnie Programowalny wPLC.201 (8xDI, 8xDO, 4xTI, 4xAI) - Najlepsza Cena w Sklep Wayy<\/title>\n<meta name=\"description\" content=\"Wayy.pl \u27a4 Tw\u00f3j sklep z automatyk\u0105 przemys\u0142ow\u0105 \u2714\ufe0f Sterownik swobodnie programowalny wPLC.201 \u2714\ufe0f Pe\u0142ne wsparcie techniczne i 6 lat gwarancji \u2714\ufe0f Zapraszamy!\" \/>\n<meta name=\"robots\" content=\"index, follow, max-snippet:-1, max-image-preview:large, max-video-preview:-1\" \/>\n<link rel=\"canonical\" href=\"https:\/\/wayy.pl\/sklep\/produkt\/sterownik-swobodnie-programowalny-wplc-201\/\" \/>\n<meta property=\"og:locale\" content=\"pl_PL\" \/>\n<meta property=\"og:type\" content=\"article\" \/>\n<meta property=\"og:title\" content=\"Sterownik Swobodnie Programowalny wPLC.201 (8xDI, 8xDO, 4xTI, 4xAI) - Najlepsza Cena w Sklep Wayy\" \/>\n<meta property=\"og:description\" content=\"Wayy.pl \u27a4 Tw\u00f3j sklep z automatyk\u0105 przemys\u0142ow\u0105 \u2714\ufe0f Sterownik swobodnie programowalny wPLC.201 \u2714\ufe0f Pe\u0142ne wsparcie techniczne i 6 lat gwarancji \u2714\ufe0f Zapraszamy!\" \/>\n<meta property=\"og:url\" content=\"https:\/\/wayy.pl\/sklep\/produkt\/sterownik-swobodnie-programowalny-wplc-201\/\" \/>\n<meta property=\"og:site_name\" content=\"Sklep Wayy\" \/>\n<meta property=\"article:modified_time\" content=\"2026-03-03T09:32:17+00:00\" \/>\n<meta property=\"og:image\" content=\"https:\/\/wayy.pl\/sklep\/wp-content\/uploads\/sites\/17\/2023\/02\/wPLC.201.webp\" \/>\n\t<meta property=\"og:image:width\" content=\"800\" \/>\n\t<meta property=\"og:image:height\" content=\"800\" \/>\n\t<meta property=\"og:image:type\" content=\"image\/webp\" \/>\n<meta name=\"twitter:card\" content=\"summary_large_image\" \/>\n<meta name=\"twitter:label1\" content=\"Szacowany czas czytania\" \/>\n\t<meta name=\"twitter:data1\" content=\"3 minuty\" \/>\n<script type=\"application\/ld+json\" class=\"yoast-schema-graph\">{\"@context\":\"https:\/\/schema.org\",\"@graph\":[{\"@type\":\"WebPage\",\"@id\":\"https:\/\/wayy.pl\/sklep\/produkt\/sterownik-swobodnie-programowalny-wplc-201\/\",\"url\":\"https:\/\/wayy.pl\/sklep\/produkt\/sterownik-swobodnie-programowalny-wplc-201\/\",\"name\":\"Sterownik Swobodnie Programowalny wPLC.201 (8xDI, 8xDO, 4xTI, 4xAI) - Najlepsza Cena w Sklep Wayy\",\"isPartOf\":{\"@id\":\"https:\/\/wayy.pl\/sklep\/#website\"},\"primaryImageOfPage\":{\"@id\":\"https:\/\/wayy.pl\/sklep\/produkt\/sterownik-swobodnie-programowalny-wplc-201\/#primaryimage\"},\"image\":{\"@id\":\"https:\/\/wayy.pl\/sklep\/produkt\/sterownik-swobodnie-programowalny-wplc-201\/#primaryimage\"},\"thumbnailUrl\":\"https:\/\/wayy.pl\/sklep\/wp-content\/uploads\/sites\/17\/2023\/02\/wPLC.201.webp\",\"datePublished\":\"2022-12-15T12:31:57+00:00\",\"dateModified\":\"2026-03-03T09:32:17+00:00\",\"description\":\"Wayy.pl \u27a4 Tw\u00f3j sklep z automatyk\u0105 przemys\u0142ow\u0105 \u2714\ufe0f Sterownik swobodnie programowalny wPLC.201 \u2714\ufe0f Pe\u0142ne wsparcie techniczne i 6 lat gwarancji \u2714\ufe0f Zapraszamy!\",\"breadcrumb\":{\"@id\":\"https:\/\/wayy.pl\/sklep\/produkt\/sterownik-swobodnie-programowalny-wplc-201\/#breadcrumb\"},\"inLanguage\":\"pl-PL\",\"potentialAction\":[{\"@type\":\"ReadAction\",\"target\":[\"https:\/\/wayy.pl\/sklep\/produkt\/sterownik-swobodnie-programowalny-wplc-201\/\"]}]},{\"@type\":\"ImageObject\",\"inLanguage\":\"pl-PL\",\"@id\":\"https:\/\/wayy.pl\/sklep\/produkt\/sterownik-swobodnie-programowalny-wplc-201\/#primaryimage\",\"url\":\"https:\/\/wayy.pl\/sklep\/wp-content\/uploads\/sites\/17\/2023\/02\/wPLC.201.webp\",\"contentUrl\":\"https:\/\/wayy.pl\/sklep\/wp-content\/uploads\/sites\/17\/2023\/02\/wPLC.201.webp\",\"width\":800,\"height\":800,\"caption\":\"Sterownik PLC\"},{\"@type\":\"BreadcrumbList\",\"@id\":\"https:\/\/wayy.pl\/sklep\/produkt\/sterownik-swobodnie-programowalny-wplc-201\/#breadcrumb\",\"itemListElement\":[{\"@type\":\"ListItem\",\"position\":1,\"name\":\"Automatyka przemys\u0142owa\",\"item\":\"https:\/\/wayy.pl\/sklep\/\"},{\"@type\":\"ListItem\",\"position\":2,\"name\":\"Produkty\",\"item\":\"https:\/\/wayy.pl\/sklep\/shop\/\"},{\"@type\":\"ListItem\",\"position\":3,\"name\":\"Sterowniki\",\"item\":\"https:\/\/wayy.pl\/sklep\/kategoria-produktu\/sterowniki\/\"},{\"@type\":\"ListItem\",\"position\":4,\"name\":\"Sterownik swobodnie programowalny wPLC.201 (8xDI, 8xDO, 4xTI, 4xAI, 4xAO). Sterownik PLC\"}]},{\"@type\":\"WebSite\",\"@id\":\"https:\/\/wayy.pl\/sklep\/#website\",\"url\":\"https:\/\/wayy.pl\/sklep\/\",\"name\":\"Sklep Wayy\",\"description\":\"Automatyka przemys\u0142owa. 6 lat gwarancji.\",\"publisher\":{\"@id\":\"https:\/\/wayy.pl\/sklep\/#organization\"},\"potentialAction\":[{\"@type\":\"SearchAction\",\"target\":{\"@type\":\"EntryPoint\",\"urlTemplate\":\"https:\/\/wayy.pl\/sklep\/?s={search_term_string}\"},\"query-input\":\"required name=search_term_string\"}],\"inLanguage\":\"pl-PL\"},{\"@type\":\"Organization\",\"@id\":\"https:\/\/wayy.pl\/sklep\/#organization\",\"name\":\"Wayy - automatyka przemys\u0142owa\",\"url\":\"https:\/\/wayy.pl\/sklep\/\",\"logo\":{\"@type\":\"ImageObject\",\"inLanguage\":\"pl-PL\",\"@id\":\"https:\/\/wayy.pl\/sklep\/#\/schema\/logo\/image\/\",\"url\":\"https:\/\/wayy.pl\/sklep\/wp-content\/uploads\/sites\/17\/2021\/03\/wayy.png\",\"contentUrl\":\"https:\/\/wayy.pl\/sklep\/wp-content\/uploads\/sites\/17\/2021\/03\/wayy.png\",\"width\":1001,\"height\":352,\"caption\":\"Wayy - automatyka przemys\u0142owa\"},\"image\":{\"@id\":\"https:\/\/wayy.pl\/sklep\/#\/schema\/logo\/image\/\"},\"sameAs\":[\"https:\/\/www.linkedin.com\/company\/klimat-solec\",\"https:\/\/www.youtube.com\/user\/KlimatSolec\"]}]}<\/script>\n<!-- \/ Yoast SEO plugin. -->","yoast_head_json":{"title":"Sterownik Swobodnie Programowalny wPLC.201 (8xDI, 8xDO, 4xTI, 4xAI) - Najlepsza Cena w Sklep Wayy","description":"Wayy.pl \u27a4 Tw\u00f3j sklep z automatyk\u0105 przemys\u0142ow\u0105 \u2714\ufe0f Sterownik swobodnie programowalny wPLC.201 \u2714\ufe0f Pe\u0142ne wsparcie techniczne i 6 lat gwarancji \u2714\ufe0f Zapraszamy!","robots":{"index":"index","follow":"follow","max-snippet":"max-snippet:-1","max-image-preview":"max-image-preview:large","max-video-preview":"max-video-preview:-1"},"canonical":"https:\/\/wayy.pl\/sklep\/produkt\/sterownik-swobodnie-programowalny-wplc-201\/","og_locale":"pl_PL","og_type":"article","og_title":"Sterownik Swobodnie Programowalny wPLC.201 (8xDI, 8xDO, 4xTI, 4xAI) - Najlepsza Cena w Sklep Wayy","og_description":"Wayy.pl \u27a4 Tw\u00f3j sklep z automatyk\u0105 przemys\u0142ow\u0105 \u2714\ufe0f Sterownik swobodnie programowalny wPLC.201 \u2714\ufe0f Pe\u0142ne wsparcie techniczne i 6 lat gwarancji \u2714\ufe0f Zapraszamy!","og_url":"https:\/\/wayy.pl\/sklep\/produkt\/sterownik-swobodnie-programowalny-wplc-201\/","og_site_name":"Sklep Wayy","article_modified_time":"2026-03-03T09:32:17+00:00","og_image":[{"width":800,"height":800,"url":"https:\/\/wayy.pl\/sklep\/wp-content\/uploads\/sites\/17\/2023\/02\/wPLC.201.webp","type":"image\/webp"}],"twitter_card":"summary_large_image","twitter_misc":{"Szacowany czas czytania":"3 minuty"},"schema":{"@context":"https:\/\/schema.org","@graph":[{"@type":"WebPage","@id":"https:\/\/wayy.pl\/sklep\/produkt\/sterownik-swobodnie-programowalny-wplc-201\/","url":"https:\/\/wayy.pl\/sklep\/produkt\/sterownik-swobodnie-programowalny-wplc-201\/","name":"Sterownik Swobodnie Programowalny wPLC.201 (8xDI, 8xDO, 4xTI, 4xAI) - Najlepsza Cena w Sklep Wayy","isPartOf":{"@id":"https:\/\/wayy.pl\/sklep\/#website"},"primaryImageOfPage":{"@id":"https:\/\/wayy.pl\/sklep\/produkt\/sterownik-swobodnie-programowalny-wplc-201\/#primaryimage"},"image":{"@id":"https:\/\/wayy.pl\/sklep\/produkt\/sterownik-swobodnie-programowalny-wplc-201\/#primaryimage"},"thumbnailUrl":"https:\/\/wayy.pl\/sklep\/wp-content\/uploads\/sites\/17\/2023\/02\/wPLC.201.webp","datePublished":"2022-12-15T12:31:57+00:00","dateModified":"2026-03-03T09:32:17+00:00","description":"Wayy.pl \u27a4 Tw\u00f3j sklep z automatyk\u0105 przemys\u0142ow\u0105 \u2714\ufe0f Sterownik swobodnie programowalny wPLC.201 \u2714\ufe0f Pe\u0142ne wsparcie techniczne i 6 lat gwarancji \u2714\ufe0f Zapraszamy!","breadcrumb":{"@id":"https:\/\/wayy.pl\/sklep\/produkt\/sterownik-swobodnie-programowalny-wplc-201\/#breadcrumb"},"inLanguage":"pl-PL","potentialAction":[{"@type":"ReadAction","target":["https:\/\/wayy.pl\/sklep\/produkt\/sterownik-swobodnie-programowalny-wplc-201\/"]}]},{"@type":"ImageObject","inLanguage":"pl-PL","@id":"https:\/\/wayy.pl\/sklep\/produkt\/sterownik-swobodnie-programowalny-wplc-201\/#primaryimage","url":"https:\/\/wayy.pl\/sklep\/wp-content\/uploads\/sites\/17\/2023\/02\/wPLC.201.webp","contentUrl":"https:\/\/wayy.pl\/sklep\/wp-content\/uploads\/sites\/17\/2023\/02\/wPLC.201.webp","width":800,"height":800,"caption":"Sterownik PLC"},{"@type":"BreadcrumbList","@id":"https:\/\/wayy.pl\/sklep\/produkt\/sterownik-swobodnie-programowalny-wplc-201\/#breadcrumb","itemListElement":[{"@type":"ListItem","position":1,"name":"Automatyka przemys\u0142owa","item":"https:\/\/wayy.pl\/sklep\/"},{"@type":"ListItem","position":2,"name":"Produkty","item":"https:\/\/wayy.pl\/sklep\/shop\/"},{"@type":"ListItem","position":3,"name":"Sterowniki","item":"https:\/\/wayy.pl\/sklep\/kategoria-produktu\/sterowniki\/"},{"@type":"ListItem","position":4,"name":"Sterownik swobodnie programowalny wPLC.201 (8xDI, 8xDO, 4xTI, 4xAI, 4xAO). Sterownik PLC"}]},{"@type":"WebSite","@id":"https:\/\/wayy.pl\/sklep\/#website","url":"https:\/\/wayy.pl\/sklep\/","name":"Sklep Wayy","description":"Automatyka przemys\u0142owa. 6 lat gwarancji.","publisher":{"@id":"https:\/\/wayy.pl\/sklep\/#organization"},"potentialAction":[{"@type":"SearchAction","target":{"@type":"EntryPoint","urlTemplate":"https:\/\/wayy.pl\/sklep\/?s={search_term_string}"},"query-input":"required name=search_term_string"}],"inLanguage":"pl-PL"},{"@type":"Organization","@id":"https:\/\/wayy.pl\/sklep\/#organization","name":"Wayy - automatyka przemys\u0142owa","url":"https:\/\/wayy.pl\/sklep\/","logo":{"@type":"ImageObject","inLanguage":"pl-PL","@id":"https:\/\/wayy.pl\/sklep\/#\/schema\/logo\/image\/","url":"https:\/\/wayy.pl\/sklep\/wp-content\/uploads\/sites\/17\/2021\/03\/wayy.png","contentUrl":"https:\/\/wayy.pl\/sklep\/wp-content\/uploads\/sites\/17\/2021\/03\/wayy.png","width":1001,"height":352,"caption":"Wayy - automatyka przemys\u0142owa"},"image":{"@id":"https:\/\/wayy.pl\/sklep\/#\/schema\/logo\/image\/"},"sameAs":["https:\/\/www.linkedin.com\/company\/klimat-solec","https:\/\/www.youtube.com\/user\/KlimatSolec"]}]}},"tiered_pricing_type":"fixed","tiered_pricing_fixed_rules":[],"tiered_pricing_product_settings":{"layout":"default","base_unit_name":{"singular":null,"plural":null},"default_variation":null},"tiered_pricing_minimum_quantity":1,"tiered_pricing_roles_data":[],"tiered_pricing_percentage_rules":[],"_links":{"self":[{"href":"https:\/\/wayy.pl\/sklep\/wp-json\/wp\/v2\/product\/9149"}],"collection":[{"href":"https:\/\/wayy.pl\/sklep\/wp-json\/wp\/v2\/product"}],"about":[{"href":"https:\/\/wayy.pl\/sklep\/wp-json\/wp\/v2\/types\/product"}],"wp:featuredmedia":[{"embeddable":true,"href":"https:\/\/wayy.pl\/sklep\/wp-json\/wp\/v2\/media\/9458"}],"wp:attachment":[{"href":"https:\/\/wayy.pl\/sklep\/wp-json\/wp\/v2\/media?parent=9149"}],"wp:term":[{"taxonomy":"product_cat","embeddable":true,"href":"https:\/\/wayy.pl\/sklep\/wp-json\/wp\/v2\/product_cat?post=9149"},{"taxonomy":"product_tag","embeddable":true,"href":"https:\/\/wayy.pl\/sklep\/wp-json\/wp\/v2\/product_tag?post=9149"},{"taxonomy":"woo-feed-brand","embeddable":true,"href":"https:\/\/wayy.pl\/sklep\/wp-json\/wp\/v2\/woo-feed-brand?post=9149"}],"curies":[{"name":"wp","href":"https:\/\/api.w.org\/{rel}","templated":true}]}}